{"id":356243,"date":"2024-11-21T14:11:45","date_gmt":"2024-11-21T13:11:45","guid":{"rendered":"https:\/\/medandbeauty.com\/zubni-odevy\/"},"modified":"2025-03-01T21:30:17","modified_gmt":"2025-03-01T20:30:17","slug":"zubni-odevy","status":"publish","type":"page","link":"https:\/\/medandbeauty.com\/cs\/zubni-odevy\/","title":{"rendered":"Zubn\u00ed od\u011bvy"},"content":{"rendered":"\n<p>Zdravotnick\u00e9 od\u011bvy jsou pro zdravotn\u00ed sestry ned\u00edlnou sou\u010d\u00e1st\u00ed jejich ka\u017edodenn\u00ed pr\u00e1ce. Oble\u010den\u00ed pro zdravotn\u00ed sestry mus\u00ed Zubn\u00ed od\u011bv je nejen vizu\u00e1ln\u00edm prvkem, ale p\u0159edev\u0161\u00edm n\u00e1strojem, kter\u00fd podporuje ka\u017edodenn\u00ed pr\u00e1ci zubn\u00edch l\u00e9ka\u0159\u016f, zubn\u00edch asistent\u016f a zdravotnick\u00e9ho person\u00e1lu. Pohodl\u00ed p\u0159i no\u0161en\u00ed, funk\u010dnost a estetika jsou kl\u00ed\u010dov\u00e9 vlastnosti, kter\u00e9 definuj\u00ed na\u0161i nab\u00eddku zdravotnick\u00fdch stomatologick\u00fdch od\u011bv\u016f. <strong>V\u00fdb\u011brem spr\u00e1vn\u00fdch stomatologick\u00fdch od\u011bv\u016f se zuba\u0159i a jejich t\u00fdmy mohou c\u00edtit pohodln\u011b,<\/strong> co\u017e m\u00e1 pozitivn\u00ed dopad na vztahy s pacienty a kvalitu prov\u00e1d\u011bn\u00fdch z\u00e1krok\u016f.  <\/p>\n\n<h2 class=\"wp-block-heading\">Zubn\u00ed z\u00e1st\u011bry &#8211; pohodl\u00ed a ochrana p\u0159i pr\u00e1ci<\/h2>\n\n<p>Na\u0161e zubn\u00ed z\u00e1st\u011bry jsou nezbytnou sou\u010d\u00e1st\u00ed ka\u017ed\u00e9 zubn\u00ed ordinace. Zubn\u00ed z\u00e1st\u011bry od spole\u010dnosti Med&amp;Beauty kombinuj\u00ed styl s pohodl\u00edm a umo\u017e\u0148uj\u00ed snadn\u00e9 p\u0159izp\u016fsoben\u00ed pracovn\u00edmu prost\u0159ed\u00ed. Jsou vyrobeny z materi\u00e1l\u016f nejvy\u0161\u0161\u00ed kvality a snadno se udr\u017euj\u00ed v \u010distot\u011b. <strong>R\u016fzn\u00e9 st\u0159ihy v\u00e1m umo\u017e\u0148uj\u00ed vybrat si zubn\u00ed z\u00e1st\u011bry, kter\u00e9 nejl\u00e9pe vyhovuj\u00ed va\u0161im individu\u00e1ln\u00edm pot\u0159eb\u00e1m<\/strong> &#8211; od klasick\u00fdch st\u0159ih\u016f a\u017e po modern\u00ed verze. Ka\u017ed\u00e1 z\u00e1st\u011bra je navr\u017eena tak, aby poskytovala dostate\u010dnou ochranu p\u0159ed vn\u011bj\u0161\u00edmi vlivy a z\u00e1rove\u0148 neomezovala volnost pohybu.   <\/p>\n\n<h2 class=\"wp-block-heading\">Zubn\u00ed uniformy &#8211; elegance a funk\u010dnost<\/h2>\n\n<p>Zubn\u00ed uniformy jsou z\u00e1kladem profesion\u00e1ln\u00edho vzhledu ka\u017ed\u00e9ho zubn\u00edho l\u00e9ka\u0159e a jeho asistenta. Na\u0161e <strong>oble\u010den\u00ed pro zuba\u0159e je vyrobeno z prody\u0161n\u00fdch tkanin, kter\u00e9 zaji\u0161\u0165uj\u00ed celodenn\u00ed pohodl\u00ed.<\/strong> D\u00edky kombinaci bavlny, nylonu a lycry (pr\u00e9miov\u00e1 \u0159ada) a polyesteru, visk\u00f3zy a lycry (z\u00e1kladn\u00ed \u0159ada) jsou od\u011bvy nejen p\u0159\u00edjemn\u00e9 na dotek, ale tak\u00e9 trvanliv\u00e9 a odoln\u00e9 v\u016f\u010di opakovan\u00e9mu pran\u00ed. To je nesm\u00edrn\u011b d\u016fle\u017eit\u00e9 v zubn\u00edm pr\u016fmyslu, kde hygiena hraje kl\u00ed\u010dovou roli.    <\/p>\n\n<h2 class=\"wp-block-heading\">Oble\u010den\u00ed pro zubn\u00ed asistentky &#8211; pohodl\u00ed a profesionalita<\/h2>\n\n<p>Zubn\u00ed asistentka hraje d\u016fle\u017eitou roli v ka\u017edodenn\u00ed pr\u00e1ci ordinace, a proto<strong> by oble\u010den\u00ed pro zubn\u00ed asistentku m\u011blo spojovat pohodl\u00ed, funk\u010dnost a eleganci<\/strong>. Na\u0161e nab\u00eddka zahrnuje \u0161irok\u00fd v\u00fdb\u011br kosmetick\u00fdch z\u00e1st\u011br, \u0161at\u016f a \u0161at\u016f, kter\u00e9 v\u00e1m umo\u017en\u00ed c\u00edtit se pohodln\u011b a profesion\u00e1ln\u011b. Mnoho model\u016f m\u00e1 funk\u010dn\u00ed kapsy, kter\u00e9 jsou velmi u\u017eite\u010dn\u00e9 pro ulo\u017een\u00ed nezbytn\u00fdch dopl\u0148k\u016f, jako jsou pera nebo pozn\u00e1mkov\u00e9 bloky.  <\/p>\n\n<h3 class=\"wp-block-heading\">Zubn\u00ed l\u00e9ka\u0159sk\u00e9 bl\u016fzy &#8211; ka\u017edodenn\u00ed pohodl\u00ed<\/h3>\n\n<p>L\u00e9ka\u0159sk\u00e9 stomatologick\u00e9 bl\u016fzy jsou ide\u00e1ln\u00edm \u0159e\u0161en\u00edm pro ty, kte\u0159\u00ed si cen\u00ed pohodl\u00ed a funk\u010dnosti. Na\u0161e bl\u016fzy jsou vyrobeny ze stre\u010dov\u00fdch materi\u00e1l\u016f, kter\u00e9 zaji\u0161\u0165uj\u00ed volnost pohybu p\u0159i pr\u00e1ci s pacienty. <strong>Nab\u00edz\u00edme r\u016fzn\u00e9 st\u0159ihy &#8211; od klasick\u00fdch rovn\u00fdch model\u016f a\u017e po vypasovan\u011bj\u0161\u00ed st\u0159ihy <\/strong>, kter\u00e9 zv\u00fdrazn\u00ed postavu. L\u00e9ka\u0159sk\u00e9 stomatologick\u00e9 halenky jsou k dispozici v \u0161irok\u00e9 \u0161k\u00e1le barev, co\u017e v\u00e1m umo\u017en\u00ed sladit oble\u010den\u00ed s image va\u0161\u00ed ordinace a preferencemi va\u0161ich zam\u011bstnanc\u016f.    <\/p>\n\n<h3 class=\"wp-block-heading\">L\u00e9ka\u0159sk\u00e9 zubn\u00ed kalhoty &#8211; pohodl\u00ed a funk\u010dnost<\/h3>\n\n<p>V ka\u017ed\u00e9m l\u00e9ka\u0159sk\u00e9m oboru, ale zejm\u00e9na ve stomatologii, jsou spr\u00e1vn\u011b padnouc\u00ed kalhoty z\u00e1sadn\u00ed pro pohodl\u00ed a bezpe\u010dnost p\u0159i pr\u00e1ci. Zdravotnick\u00e9 zuba\u0159sk\u00e9 kalhoty z na\u0161\u00ed nab\u00eddky kombinuj\u00ed modern\u00ed design s praktick\u00fdmi \u0159e\u0161en\u00edmi.   <strong>Jsou vyrobeny z pru\u017en\u00fdch a prody\u0161n\u00fdch tkanin a zaru\u010duj\u00ed maxim\u00e1ln\u00ed pohodl\u00ed i b\u011bhem dlouh\u00e9 pracovn\u00ed doby.<\/strong>  K dispozici jsou kalhoty r\u016fzn\u00fdch st\u0159ih\u016f, v\u010detn\u011b obl\u00edben\u00fdch jogger\u016f a kalhot s rovn\u00fdmi a \u0161irok\u00fdmi nohavicemi.  <\/p>\n\n<h2 class=\"wp-block-heading\">L\u00e9ka\u0159sk\u00e9 stomatologick\u00e9 od\u011bvy &#8211; kvalita a profesionalita<\/h2>\n\n<p><strong>Zubn\u00ed l\u00e9ka\u0159sk\u00e9 od\u011bvy dostupn\u00e9 v na\u0161em obchod\u011b kombinuj\u00ed nejkvalitn\u011bj\u0161\u00ed materi\u00e1ly <\/strong>s modern\u00edm designem. Personalizace od\u011bv\u016f &#8211; nap\u0159\u00edklad v\u00fd\u0161ivka jm\u00e9na nebo p\u0159\u00edjmen\u00ed &#8211; v\u00e1m umo\u017en\u00ed je\u0161t\u011b v\u00edce zd\u016fraznit va\u0161i profesionalitu a individu\u00e1ln\u00ed p\u0159\u00edstup k pacientovi. Prohl\u00e9dn\u011bte si na\u0161i nab\u00eddku zdravotnick\u00fdch od\u011bv\u016f pro zubn\u00ed l\u00e9ka\u0159e, kter\u00e1 kombinuje pohodl\u00ed, kvalitu a profesion\u00e1ln\u00ed vzhled a podpo\u0159\u00ed v\u00e1s v ka\u017edodenn\u00edch profesn\u00edch v\u00fdzv\u00e1ch.  <\/p>\n\n<p>N\u00e1\u0161 <a href=\"\/\">obchod se zdravotnick\u00fdm oble\u010den\u00edm<\/a> doporu\u010duje:<\/p>\n\n<ul class=\"wp-block-list\">\n<li><a href=\"https:\/\/medandbeauty.com\/sklep\/dla-niego\/\">Zdravotnick\u00e9 oble\u010den\u00ed pro mu\u017ee<\/a><\/li>\n\n\n\n<li><a href=\"https:\/\/medandbeauty.com\/sklep\/dla-niej\/\">D\u00e1msk\u00e9 zdravotnick\u00e9 oble\u010den\u00ed<\/a><\/li>\n\n\n\n<li><a href=\"https:\/\/medandbeauty.com\/rodzaj-ubrania\/bluzki-medyczne\/\">L\u00e9ka\u0159sk\u00e9 halenky<\/a><\/li>\n\n\n\n<li><a href=\"https:\/\/medandbeauty.com\/rodzaj-ubrania\/spodnie-medyczne\/\">Zdravotnick\u00e9 kalhoty<\/a><\/li>\n\n\n\n<li><a href=\"https:\/\/medandbeauty.com\/rodzaj-ubrania\/scrubsy\/\">L\u00e9ka\u0159sk\u00e9 pl\u00e1\u0161t\u011b<\/a><\/li>\n\n\n\n<li><a href=\"https:\/\/medandbeauty.com\/rodzaj-ubrania\/sukienki-medyczne\/\">Zdravotnick\u00e9 \u0161aty<\/a><\/li>\n\n\n\n<li><a href=\"https:\/\/medandbeauty.com\/rodzaj-ubrania\/fartuchy-medyczne\/\">Zdravotnick\u00e9 pl\u00e1\u0161t\u011b<\/a><\/li>\n\n\n\n<li><a href=\"https:\/\/medandbeauty.com\/rodzaj-ubrania\/tuniki-medyczne\/\">Zdravotnick\u00e9 tuniky<\/a><\/li>\n\n\n\n<li><a href=\"https:\/\/medandbeauty.com\/rodzaj-ubrania\/marynarki-medyczne\/\">Zdravotnick\u00e9 bundy<\/a><\/li>\n<\/ul>\n\n<p>Vyz\u00fdv\u00e1me v\u00e1s k objedn\u00e1vk\u00e1m.<\/p>\n","protected":false},"excerpt":{"rendered":"<p>Zdravotnick\u00e9 od\u011bvy jsou pro zdravotn\u00ed sestry ned\u00edlnou sou\u010d\u00e1st\u00ed jejich ka\u017edodenn\u00ed pr\u00e1ce. Oble\u010den\u00ed pro zdravotn\u00ed sestry mus\u00ed Zubn\u00ed od\u011bv je nejen vizu\u00e1ln\u00edm prvkem, ale p\u0159edev\u0161\u00edm n\u00e1strojem, kter\u00fd podporuje ka\u017edodenn\u00ed pr\u00e1ci zubn\u00edch l\u00e9ka\u0159\u016f, zubn\u00edch asistent\u016f a zdravotnick\u00e9ho person\u00e1lu. Pohodl\u00ed p\u0159i no\u0161en\u00ed, funk\u010dnost a estetika jsou kl\u00ed\u010dov\u00e9 vlastnosti, kter\u00e9 definuj\u00ed na\u0161i nab\u00eddku zdravotnick\u00fdch stomatologick\u00fdch od\u011bv\u016f. V\u00fdb\u011brem spr\u00e1vn\u00fdch stomatologick\u00fdch [&hellip;]<\/p>\n","protected":false},"author":28789,"featured_media":0,"parent":0,"menu_order":0,"comment_status":"closed","ping_status":"closed","template":"page.php","meta":{"_acf_changed":false,"inline_featured_image":false,"footnotes":""},"class_list":["post-356243","page","type-page","status-publish","hentry"],"acf":[],"_links":{"self":[{"href":"https:\/\/medandbeauty.com\/cs\/wp-json\/wp\/v2\/pages\/356243","targetHints":{"allow":["GET"]}}],"collection":[{"href":"https:\/\/medandbeauty.com\/cs\/wp-json\/wp\/v2\/pages"}],"about":[{"href":"https:\/\/medandbeauty.com\/cs\/wp-json\/wp\/v2\/types\/page"}],"author":[{"embeddable":true,"href":"https:\/\/medandbeauty.com\/cs\/wp-json\/wp\/v2\/users\/28789"}],"replies":[{"embeddable":true,"href":"https:\/\/medandbeauty.com\/cs\/wp-json\/wp\/v2\/comments?post=356243"}],"version-history":[{"count":1,"href":"https:\/\/medandbeauty.com\/cs\/wp-json\/wp\/v2\/pages\/356243\/revisions"}],"predecessor-version":[{"id":356249,"href":"https:\/\/medandbeauty.com\/cs\/wp-json\/wp\/v2\/pages\/356243\/revisions\/356249"}],"wp:attachment":[{"href":"https:\/\/medandbeauty.com\/cs\/wp-json\/wp\/v2\/media?parent=356243"}],"curies":[{"name":"wp","href":"https:\/\/api.w.org\/{rel}","templated":true}]}}