{"id":356305,"date":"2024-11-21T12:43:05","date_gmt":"2024-11-21T11:43:05","guid":{"rendered":"https:\/\/medandbeauty.com\/kosmeticke-uniformy\/"},"modified":"2025-03-01T22:57:19","modified_gmt":"2025-03-01T21:57:19","slug":"kosmeticke-uniformy","status":"publish","type":"page","link":"https:\/\/medandbeauty.com\/cs\/kosmeticke-uniformy\/","title":{"rendered":"Kosmetick\u00e9 uniformy"},"content":{"rendered":"\n<p>Kosmetick\u00e9 uniformy jsou nejen od\u011bvem, kter\u00fd chr\u00e1n\u00ed p\u0159ed zne\u010di\u0161t\u011bn\u00edm, ale p\u0159edev\u0161\u00edm prvkem, kter\u00fd podtrhuje profesionalitu a estetiku va\u0161\u00ed pr\u00e1ce. A\u0165 u\u017e jste<strong> kosmeti\u010dka, nehtov\u00e1 stylistka nebo specialistka na estetickou medic\u00ednu, spr\u00e1vn\u00e9 kosmetick\u00e9 oble\u010den\u00ed ovliv\u0148uje komfort<\/strong> a pohodl\u00ed b\u011bhem dlouh\u00fdch hodin pr\u00e1ce. Na\u0161e kolekce je kombinac\u00ed elegance, modern\u00edho designu a funk\u010dnosti, kter\u00e1 zaji\u0161\u0165uje spr\u00e1vn\u00fd vzhled, ani\u017e by to bylo na \u00fakor pohodl\u00ed.  <\/p>\n\n<h2 class=\"wp-block-heading\">Kosmetick\u00e9 z\u00e1st\u011bry &#8211; praktick\u00e9 a stylov\u00e9<\/h2>\n\n<p>Kosmetick\u00e9 z\u00e1st\u011bry jsou nepostradatelnou sou\u010d\u00e1st\u00ed \u0161atn\u00edku ka\u017ed\u00e9ho profesion\u00e1la. <strong>Pokud si vyberete na\u0161e lepen\u00e9 kosmetick\u00e9 z\u00e1st\u011bry, m\u016f\u017eete se spolehnout na optim\u00e1ln\u00ed p\u0159izp\u016fsoben\u00ed<\/strong>, kter\u00e9 je d\u016fle\u017eit\u00e9 zejm\u00e9na p\u0159i prov\u00e1d\u011bn\u00ed p\u0159esn\u00fdch z\u00e1krok\u016f. Na\u0161e kosmetick\u00e9 z\u00e1st\u011bry, kter\u00e9 jsou k dispozici v r\u016fzn\u00fdch st\u0159iz\u00edch, od klasick\u00fdch model\u016f a\u017e po l\u00e9ka\u0159sk\u00e9 kosmetick\u00e9 \u0161aty, jsou navr\u017eeny s ohledem na pohodl\u00ed a funk\u010dnost &#8211; ide\u00e1ln\u00ed pro ty, kte\u0159\u00ed si cen\u00ed pohodl\u00ed a profesion\u00e1ln\u00edho vzhledu. Kosmetick\u00e9 kimonov\u00e9 z\u00e1st\u011bry (kosmetick\u00e9 tuniky) si dynamicky z\u00edsk\u00e1vaj\u00ed oblibu d\u00edky sv\u00e9 univerz\u00e1lnosti a snadn\u00e9mu obl\u00e9k\u00e1n\u00ed.  <\/p>\n\n<h2 class=\"wp-block-heading\">Kosmetick\u00e9 uniformy &#8211; ka\u017edodenn\u00ed elegance<\/h2>\n\n<p>Kosmetick\u00e9 oble\u010den\u00ed od Med&amp;Beauty je ur\u010deno <strong>pro ty, kte\u0159\u00ed cht\u011bj\u00ed spojit pohodl\u00ed s elegantn\u00edm vzhledem.<\/strong> Ka\u017ed\u00e1 kosmetick\u00e1 uniforma je vyrobena z nejkvalitn\u011bj\u0161\u00edch materi\u00e1l\u016f, kter\u00e9 nema\u010dkaj\u00ed, jsou prody\u0161n\u00e9 a snadno se udr\u017euj\u00ed v \u010distot\u011b. Na\u0161e oble\u010den\u00ed pro kosmeti\u010dky kombinuje m\u00f3dn\u00ed design s ergonomi\u00ed, aby byl ka\u017ed\u00fd pracovn\u00ed den p\u0159\u00edjemn\u011bj\u0161\u00ed. <\/p>\n\n<h2 class=\"wp-block-heading\">Kosmetick\u00e9 peelingy &#8211; funk\u010dnost na prvn\u00edm m\u00edst\u011b<\/h2>\n\n<p><strong>Kosmetick\u00e9 \u0161krabo\u0161ky jsou ide\u00e1ln\u00ed volbou pro ty, kte\u0159\u00ed kladou d\u016fraz na maxim\u00e1ln\u00ed volnost pohybu a funk\u010dnost<\/strong> (praktick\u00e9 kapsy). D\u00edky elastick\u00fdm materi\u00e1l\u016fm se scrubs dokonale p\u0159izp\u016fsob\u00ed t\u011blu a poskytuj\u00ed pohodl\u00ed jak b\u011bhem intenzivn\u00ed pracovn\u00ed doby, tak b\u011bhem zaslou\u017een\u00fdch p\u0159est\u00e1vek na k\u00e1vu. D\u00edky jejich modern\u00edmu st\u0159ihu a dostupnosti v mnoha barv\u00e1ch je lze p\u0159izp\u016fsobit individu\u00e1ln\u00edm preferenc\u00edm a estetick\u00fdm po\u017eadavk\u016fm salonu.  <\/p>\n\n<h2 class=\"wp-block-heading\">Rozmanitost a personalizace &#8211; co nab\u00edz\u00edme?<\/h2>\n\n<p>V na\u0161\u00ed nab\u00eddce najdete \u0161irok\u00fd v\u00fdb\u011br kosmetick\u00fdch uniforem. <strong>D\u00edky mo\u017enosti personalizace lze ka\u017edou kosmetickou uniformu ozdobit logem nebo n\u00e1zvem firmy, co\u017e <\/strong>je\u0161t\u011b v\u00edce podtrhne profesionalitu salonu. Na\u0161e od\u011bvy jsou k dispozici v \u0161irok\u00e9 \u0161k\u00e1le velikost\u00ed, co\u017e umo\u017e\u0148uje dokonal\u00e9 p\u0159izp\u016fsoben\u00ed ka\u017ed\u00e9 postav\u011b a zaji\u0161\u0165uje maxim\u00e1ln\u00ed pohodl\u00ed p\u0159i celodenn\u00edm no\u0161en\u00ed. <\/p>\n\n<p>V\u0161echny na\u0161e kosmetick\u00e9 uniformy jsou vyrobeny z materi\u00e1l\u016f prvot\u0159\u00eddn\u00ed kvality, kter\u00e9 zaji\u0161\u0165uj\u00ed odolnost a pohodl\u00ed p\u0159i no\u0161en\u00ed. <strong>Bavln\u011bn\u00e1 z\u00e1st\u011bra s nylonem a lycrou z pr\u00e9miov\u00e9 \u0159ady<\/strong> zaji\u0161\u0165uje, \u017ee od\u011bv nejen dob\u0159e vypad\u00e1, ale je tak\u00e9 prody\u0161n\u00fd a odoln\u00fd. Kosmetick\u00e9 z\u00e1st\u011bry ze z\u00e1kladn\u00ed \u0159ady jsou naopak ide\u00e1ln\u00ed kombinac\u00ed polyesteru, visk\u00f3zy a lycry, kter\u00e1 zaji\u0161\u0165uje pohodl\u00ed a pru\u017enost. <\/p>\n\n<p>N\u00e1\u0161 <a href=\"https:\/\/medandbeauty.com\/cs\/\">obchod se zdravotnick\u00fdm a kosmetick\u00fdm oble\u010den\u00edm<\/a> nab\u00edz\u00ed:<\/p>\n\n<ul class=\"wp-block-list\">\n<li><a href=\"https:\/\/medandbeauty.com\/sklep\/dla-niego\/\">p\u00e1nsk\u00e9 l\u00e9ka\u0159sk\u00e9 oble\u010den\u00ed,<\/a><\/li>\n\n\n\n<li><a href=\"https:\/\/medandbeauty.com\/sklep\/dla-niej\/\">d\u00e1msk\u00e9 zdravotnick\u00e9 oble\u010den\u00ed,<\/a><\/li>\n\n\n\n<li><a href=\"https:\/\/medandbeauty.com\/rodzaj-ubrania\/bluzki-medyczne\/\">l\u00e9ka\u0159sk\u00e9 halenky,<\/a><\/li>\n\n\n\n<li><a href=\"https:\/\/medandbeauty.com\/rodzaj-ubrania\/spodnie-medyczne\/\">l\u00e9ka\u0159sk\u00e9 kalhoty,<\/a><\/li>\n\n\n\n<li><a href=\"https:\/\/medandbeauty.com\/rodzaj-ubrania\/scrubsy\/\">l\u00e9ka\u0159sk\u00e9 pl\u00e1\u0161t\u011b,<\/a><\/li>\n\n\n\n<li><a href=\"https:\/\/medandbeauty.com\/rodzaj-ubrania\/sukienki-medyczne\/\">l\u00e9ka\u0159sk\u00e9 \u0161aty,<\/a><\/li>\n\n\n\n<li><a href=\"https:\/\/medandbeauty.com\/rodzaj-ubrania\/fartuchy-medyczne\/\">l\u00e9ka\u0159sk\u00e9 pl\u00e1\u0161t\u011b,<\/a><\/li>\n\n\n\n<li><a href=\"https:\/\/medandbeauty.com\/rodzaj-ubrania\/tuniki-medyczne\/\">l\u00e9ka\u0159sk\u00e9 tuniky.<\/a><\/li>\n<\/ul>\n\n<p>Vyz\u00fdv\u00e1me v\u00e1s k objedn\u00e1vk\u00e1m.<\/p>\n","protected":false},"excerpt":{"rendered":"<p>Kosmetick\u00e9 uniformy jsou nejen od\u011bvem, kter\u00fd chr\u00e1n\u00ed p\u0159ed zne\u010di\u0161t\u011bn\u00edm, ale p\u0159edev\u0161\u00edm prvkem, kter\u00fd podtrhuje profesionalitu a estetiku va\u0161\u00ed pr\u00e1ce. A\u0165 u\u017e jste kosmeti\u010dka, nehtov\u00e1 stylistka nebo specialistka na estetickou medic\u00ednu, spr\u00e1vn\u00e9 kosmetick\u00e9 oble\u010den\u00ed ovliv\u0148uje komfort a pohodl\u00ed b\u011bhem dlouh\u00fdch hodin pr\u00e1ce. Na\u0161e kolekce je kombinac\u00ed elegance, modern\u00edho designu a funk\u010dnosti, kter\u00e1 zaji\u0161\u0165uje spr\u00e1vn\u00fd vzhled, ani\u017e [&hellip;]<\/p>\n","protected":false},"author":28789,"featured_media":0,"parent":0,"menu_order":0,"comment_status":"closed","ping_status":"closed","template":"page.php","meta":{"_acf_changed":false,"inline_featured_image":false,"footnotes":""},"class_list":["post-356305","page","type-page","status-publish","hentry"],"acf":[],"_links":{"self":[{"href":"https:\/\/medandbeauty.com\/cs\/wp-json\/wp\/v2\/pages\/356305","targetHints":{"allow":["GET"]}}],"collection":[{"href":"https:\/\/medandbeauty.com\/cs\/wp-json\/wp\/v2\/pages"}],"about":[{"href":"https:\/\/medandbeauty.com\/cs\/wp-json\/wp\/v2\/types\/page"}],"author":[{"embeddable":true,"href":"https:\/\/medandbeauty.com\/cs\/wp-json\/wp\/v2\/users\/28789"}],"replies":[{"embeddable":true,"href":"https:\/\/medandbeauty.com\/cs\/wp-json\/wp\/v2\/comments?post=356305"}],"version-history":[{"count":1,"href":"https:\/\/medandbeauty.com\/cs\/wp-json\/wp\/v2\/pages\/356305\/revisions"}],"predecessor-version":[{"id":356306,"href":"https:\/\/medandbeauty.com\/cs\/wp-json\/wp\/v2\/pages\/356305\/revisions\/356306"}],"wp:attachment":[{"href":"https:\/\/medandbeauty.com\/cs\/wp-json\/wp\/v2\/media?parent=356305"}],"curies":[{"name":"wp","href":"https:\/\/api.w.org\/{rel}","templated":true}]}}