{"id":356309,"date":"2024-11-21T12:50:54","date_gmt":"2024-11-21T11:50:54","guid":{"rendered":"https:\/\/medandbeauty.com\/obleceni-pro-poskytovatele-zdravotni-pece\/"},"modified":"2025-03-01T22:57:21","modified_gmt":"2025-03-01T21:57:21","slug":"obleceni-pro-poskytovatele-zdravotni-pece","status":"publish","type":"page","link":"https:\/\/medandbeauty.com\/cs\/obleceni-pro-poskytovatele-zdravotni-pece\/","title":{"rendered":"Oble\u010den\u00ed pro poskytovatele zdravotn\u00ed p\u00e9\u010de"},"content":{"rendered":"\n<p>Pr\u00e1ce zdravotnick\u00e9ho pracovn\u00edka vy\u017eaduje nejen velkou m\u00edru empatie a nasazen\u00ed, ale tak\u00e9 spr\u00e1vnou p\u0159\u00edpravu, pokud jde o oble\u010den\u00ed.<strong> Oble\u010den\u00ed zdravotnick\u00e9ho pracovn\u00edka je d\u016fle\u017eit\u00fdm prvkem, kter\u00fd m\u00e1 p\u0159\u00edm\u00fd vliv na pohodl\u00ed a kvalitu<\/strong> prov\u00e1d\u011bn\u00fdch \u00fakon\u016f. Po cel\u00fd den by se m\u011bl o\u0161et\u0159ovatel ve sv\u00e9m oble\u010den\u00ed c\u00edtit pohodln\u011b, a to bez ohledu na intenzitu vykon\u00e1van\u00e9 pr\u00e1ce nebo d\u00e9lku pracovn\u00ed pohotovosti. Proto n\u00e1\u0161 sortiment nenab\u00edz\u00ed pouze oble\u010den\u00ed pro zdravotnick\u00e9ho pe\u010dovatele, ale tak\u00e9 n\u00e1stroj, kter\u00fd v\u00e1m pom\u016f\u017ee p\u0159ekonat ka\u017edodenn\u00ed v\u00fdzvy.  <\/p>\n\n<h2 class=\"wp-block-heading\">Oble\u010den\u00ed pro zdravotnick\u00e9ho pracovn\u00edka &#8211; jak\u00e9 oble\u010den\u00ed zvolit?<\/h2>\n\n<p>Oble\u010den\u00ed zdravotnick\u00e9ho pracovn\u00edka by m\u011blo kombinovat n\u011bkolik kl\u00ed\u010dov\u00fdch vlastnost\u00ed &#8211; pohodl\u00ed, funk\u010dnost a estetiku. Pohodl\u00ed je absolutn\u00ed prioritou, a proto <strong>nab\u00edz\u00edme od\u011bvy pro zdravotnick\u00e9ho o\u0161et\u0159ovatele, kter\u00e9 jsou vyrobeny z m\u011bkk\u00fdch a prody\u0161n\u00fdch tkanin. <\/strong>P\u0159i pr\u00e1ci, kdy mus\u00edte b\u00fdt neust\u00e1le v pohybu, je tak d\u016fle\u017eit\u00e9, aby od\u011bv neomezoval v pohybu a umo\u017e\u0148oval naprostou volnost pohybu. Na\u0161e modely jsou nav\u00edc navr\u017eeny tak, aby poskytovaly ergonomick\u00e9 st\u0159ihy, kter\u00e9 podporuj\u00ed t\u011blo v jeho p\u0159irozen\u00fdch pohybech a minimalizuj\u00ed riziko \u00fanavy.  <\/p>\n\n<h2 class=\"wp-block-heading\">Oble\u010den\u00ed zdravotnick\u00e9ho person\u00e1lu &#8211; funk\u010dnost a praktick\u00e9 detaily<\/h2>\n\n<p>Ka\u017ed\u00fd zdravotn\u00edk si je dob\u0159e v\u011bdom d\u016fle\u017eitosti praktick\u00fdch detail\u016f v od\u00edv\u00e1n\u00ed. <strong>Na\u0161e od\u011bvy pro zdravotn\u00edky maj\u00ed mnoho kapes, do kter\u00fdch m\u016f\u017eete bezpe\u010dn\u011b ulo\u017eit nezbytn\u00e9 dopl\u0148ky <\/strong>&#8211; pera nebo drobn\u00e9 n\u00e1stroje pot\u0159ebn\u00e9 p\u0159i ka\u017edodenn\u00ed pr\u00e1ci. Jsou to detaily, kter\u00e9 maj\u00ed velk\u00fd v\u00fdznam, zejm\u00e9na kdy\u017e se p\u0159i pr\u00e1ci po\u010d\u00edt\u00e1 ka\u017ed\u00e1 vte\u0159ina.   <\/p>\n\n<h2 class=\"wp-block-heading\">Pohodln\u00e9 oble\u010den\u00ed pro pe\u010dovatele &#8211; kvalitn\u00ed materi\u00e1ly<\/h2>\n\n<p>Pohodln\u00e9 od\u011bvy pro pe\u010dovatele mus\u00ed b\u00fdt vyrobeny z materi\u00e1l\u016f, kter\u00e9 kombinuj\u00ed prody\u0161nost, pru\u017enost a odolnost. Proto v nab\u00eddce najdete od\u011bvy vyroben\u00e9 ze sm\u011bsi bavlny, nylonu a lycry (verze Premium) a polyesteru, visk\u00f3zy a lycry (verze Basic) &#8211; bavlna poskytuje pohodl\u00ed a p\u0159irozen\u00fd odvod vlhkosti, polyester zaji\u0161\u0165uje odolnost, nylon trvanlivost a lycra a visk\u00f3za dod\u00e1vaj\u00ed od\u011bvu pru\u017enost, kter\u00e1 je b\u011bhem dlouh\u00e9ho pracovn\u00edho dne neoceniteln\u00e1. D\u00edky t\u00e9to kombinaci <strong>zdravotnick\u00e9 pe\u010dovatelsk\u00e9 od\u011bvy Med&amp;Beauty nejen dob\u0159e vypadaj\u00ed, ale tak\u00e9 dlouhodob\u011b perfektn\u011b funguj\u00ed<\/strong>.  <\/p>\n\n<h2 class=\"wp-block-heading\">Stylov\u00fd vzhled a profesionalita<\/h2>\n\n<p>Oble\u010den\u00ed pe\u010dovatelky by tak\u00e9 m\u011blo odr\u00e1\u017eet profesionalitu osoby, kter\u00e1 ho nos\u00ed. <strong>Na\u0161e od\u011bvy kombinuj\u00ed klasick\u00e9 st\u0159ihy s modern\u00edmi prvky, tak\u017ee ka\u017ed\u00fd pe\u010dovatel se m\u016f\u017ee c\u00edtit jist\u011b,<\/strong> proto\u017ee v\u00ed, \u017ee jeho od\u011bv podporuje pozitivn\u00ed image mezi pacienty a kolegy. V na\u0161\u00ed nab\u00eddce najdete jak klasick\u00e9 st\u0159ihy, tak modern\u011bj\u0161\u00ed modely, co\u017e v\u00e1m umo\u017en\u00ed vybrat si oble\u010den\u00ed, kter\u00e9 dokonale vyhovuje va\u0161im osobn\u00edm preferenc\u00edm a pracovn\u00edmu stylu. <\/p>\n\n<h2 class=\"wp-block-heading\">P\u0159izp\u016fsoben\u00ed individu\u00e1ln\u00edm pot\u0159eb\u00e1m<\/h2>\n\n<p>Pe\u010dovatelsk\u00e9 od\u011bvy jsou k dispozici v \u0161irok\u00e9 \u0161k\u00e1le velikost\u00ed, tak\u017ee se dokonale p\u0159izp\u016fsob\u00ed va\u0161\u00ed postav\u011b. Nab\u00edz\u00edme tak\u00e9 <strong>mo\u017enost personalizace od\u011bv\u016f, od v\u00fdb\u011bru barev a\u017e po p\u0159id\u00e1n\u00ed v\u00fd\u0161ivky s n\u00e1zvem nebo logem za\u0159\u00edzen\u00ed.<\/strong> Tato mo\u017enost umo\u017e\u0148uje od\u011bvy je\u0161t\u011b v\u00edce p\u0159izp\u016fsobit pot\u0159eb\u00e1m t\u00fdmu a vytv\u00e1\u0159\u00ed jednotn\u00fd obraz, co\u017e je d\u016fle\u017eit\u00e9 zejm\u00e9na p\u0159i jedn\u00e1n\u00ed s pacienty. <\/p>\n\n<h2 class=\"wp-block-heading\">Pro\u010d si vybrat na\u0161e od\u011bvy pro zdravotn\u00edky?<\/h2>\n\n<p>Na\u0161e <strong>oble\u010den\u00ed pro zdravotnick\u00e9 pracovn\u00edky je v\u00fdsledkem dlouholet\u00fdch zku\u0161enost\u00ed a spolupr\u00e1ce s l\u00e9ka\u0159sk\u00fdmi odborn\u00edky<\/strong>. Zam\u011b\u0159ujeme se na kvalitu, pohodl\u00ed a funk\u010dnost. Na\u0161e v\u00fdrobky jsou vyrobeny z odoln\u00fdch materi\u00e1l\u016f, kter\u00e9 jsou odoln\u00e9 v\u016f\u010di opakovan\u00e9mu pran\u00ed, nema\u010dkaj\u00ed se a snadno se udr\u017euj\u00ed v \u010distot\u011b, co\u017e je v n\u00e1ro\u010dn\u00e9m pracovn\u00edm prost\u0159ed\u00ed z\u00e1sadn\u00ed. N\u00e1mi nab\u00edzen\u00e9 od\u011bvy jsou dokonalou kombinac\u00ed modern\u00edho designu, ergonomie a \u0161pi\u010dkov\u00e9 kvality, kter\u00e1 usnad\u0148uje a zp\u0159\u00edjem\u0148uje ka\u017ed\u00fd pracovn\u00ed den.   <\/p>\n\n<p>N\u00e1\u0161 <a href=\"https:\/\/medandbeauty.com\/cs\/\">obchod se zdravotnick\u00fdm oble\u010den\u00edm<\/a> doporu\u010duje:<\/p>\n\n<ul class=\"wp-block-list\">\n<li><a href=\"https:\/\/medandbeauty.com\/sklep\/dla-niej\/\">d\u00e1msk\u00e9 zdravotnick\u00e9 oble\u010den\u00ed<\/a>,<\/li>\n\n\n\n<li><a href=\"https:\/\/medandbeauty.com\/sklep\/dla-niego\/\">p\u00e1nsk\u00e9 l\u00e9ka\u0159sk\u00e9 oble\u010den\u00ed<\/a>,<\/li>\n\n\n\n<li><a href=\"https:\/\/medandbeauty.com\/rodzaj-ubrania\/bluzki-medyczne\/\">l\u00e9ka\u0159sk\u00e9 halenky<\/a>,<\/li>\n\n\n\n<li><a href=\"https:\/\/medandbeauty.com\/rodzaj-ubrania\/spodnie-medyczne\/\">l\u00e9ka\u0159sk\u00e9 kalhoty<\/a>,<\/li>\n\n\n\n<li><a href=\"https:\/\/medandbeauty.com\/rodzaj-ubrania\/scrubsy\/\">l\u00e9ka\u0159sk\u00e9 pl\u00e1\u0161t\u011b.<\/a><\/li>\n<\/ul>\n\n<p>Vyz\u00fdv\u00e1me v\u00e1s k objedn\u00e1vk\u00e1m.<\/p>\n","protected":false},"excerpt":{"rendered":"<p>Pr\u00e1ce zdravotnick\u00e9ho pracovn\u00edka vy\u017eaduje nejen velkou m\u00edru empatie a nasazen\u00ed, ale tak\u00e9 spr\u00e1vnou p\u0159\u00edpravu, pokud jde o oble\u010den\u00ed. Oble\u010den\u00ed zdravotnick\u00e9ho pracovn\u00edka je d\u016fle\u017eit\u00fdm prvkem, kter\u00fd m\u00e1 p\u0159\u00edm\u00fd vliv na pohodl\u00ed a kvalitu prov\u00e1d\u011bn\u00fdch \u00fakon\u016f. Po cel\u00fd den by se m\u011bl o\u0161et\u0159ovatel ve sv\u00e9m oble\u010den\u00ed c\u00edtit pohodln\u011b, a to bez ohledu na intenzitu vykon\u00e1van\u00e9 pr\u00e1ce nebo [&hellip;]<\/p>\n","protected":false},"author":28789,"featured_media":0,"parent":0,"menu_order":0,"comment_status":"closed","ping_status":"closed","template":"page.php","meta":{"_acf_changed":false,"inline_featured_image":false,"footnotes":""},"class_list":["post-356309","page","type-page","status-publish","hentry"],"acf":[],"_links":{"self":[{"href":"https:\/\/medandbeauty.com\/cs\/wp-json\/wp\/v2\/pages\/356309","targetHints":{"allow":["GET"]}}],"collection":[{"href":"https:\/\/medandbeauty.com\/cs\/wp-json\/wp\/v2\/pages"}],"about":[{"href":"https:\/\/medandbeauty.com\/cs\/wp-json\/wp\/v2\/types\/page"}],"author":[{"embeddable":true,"href":"https:\/\/medandbeauty.com\/cs\/wp-json\/wp\/v2\/users\/28789"}],"replies":[{"embeddable":true,"href":"https:\/\/medandbeauty.com\/cs\/wp-json\/wp\/v2\/comments?post=356309"}],"version-history":[{"count":1,"href":"https:\/\/medandbeauty.com\/cs\/wp-json\/wp\/v2\/pages\/356309\/revisions"}],"predecessor-version":[{"id":356311,"href":"https:\/\/medandbeauty.com\/cs\/wp-json\/wp\/v2\/pages\/356309\/revisions\/356311"}],"wp:attachment":[{"href":"https:\/\/medandbeauty.com\/cs\/wp-json\/wp\/v2\/media?parent=356309"}],"curies":[{"name":"wp","href":"https:\/\/api.w.org\/{rel}","templated":true}]}}