{"id":356335,"date":"2024-09-18T09:55:06","date_gmt":"2024-09-18T07:55:06","guid":{"rendered":"https:\/\/medandbeauty.com\/nabidka-byla-prijata\/"},"modified":"2025-03-01T22:58:26","modified_gmt":"2025-03-01T21:58:26","slug":"nabidka-byla-prijata","status":"publish","type":"page","link":"https:\/\/medandbeauty.com\/cs\/nabidka-byla-prijata\/","title":{"rendered":"Nab\u00eddka byla p\u0159ijata"},"content":{"rendered":"\n<p class=\"has-text-align-center\">D\u011bkujeme za p\u0159ijet\u00ed nab\u00eddky<\/p>\n","protected":false},"excerpt":{"rendered":"<p>D\u011bkujeme za p\u0159ijet\u00ed nab\u00eddky<\/p>\n","protected":false},"author":12009,"featured_media":0,"parent":0,"menu_order":0,"comment_status":"closed","ping_status":"closed","template":"","meta":{"_acf_changed":false,"inline_featured_image":false,"footnotes":""},"class_list":["post-356335","page","type-page","status-publish","hentry"],"acf":[],"_links":{"self":[{"href":"https:\/\/medandbeauty.com\/cs\/wp-json\/wp\/v2\/pages\/356335","targetHints":{"allow":["GET"]}}],"collection":[{"href":"https:\/\/medandbeauty.com\/cs\/wp-json\/wp\/v2\/pages"}],"about":[{"href":"https:\/\/medandbeauty.com\/cs\/wp-json\/wp\/v2\/types\/page"}],"author":[{"embeddable":true,"href":"https:\/\/medandbeauty.com\/cs\/wp-json\/wp\/v2\/users\/12009"}],"replies":[{"embeddable":true,"href":"https:\/\/medandbeauty.com\/cs\/wp-json\/wp\/v2\/comments?post=356335"}],"version-history":[{"count":1,"href":"https:\/\/medandbeauty.com\/cs\/wp-json\/wp\/v2\/pages\/356335\/revisions"}],"predecessor-version":[{"id":356338,"href":"https:\/\/medandbeauty.com\/cs\/wp-json\/wp\/v2\/pages\/356335\/revisions\/356338"}],"wp:attachment":[{"href":"https:\/\/medandbeauty.com\/cs\/wp-json\/wp\/v2\/media?parent=356335"}],"curies":[{"name":"wp","href":"https:\/\/api.w.org\/{rel}","templated":true}]}}