{"id":356337,"date":"2024-06-19T10:49:13","date_gmt":"2024-06-19T08:49:13","guid":{"rendered":"https:\/\/medandbeauty.com\/pravidla-studentskeho-programu\/"},"modified":"2025-11-07T14:12:47","modified_gmt":"2025-11-07T13:12:47","slug":"pravidla-studentskeho-programu","status":"publish","type":"page","link":"https:\/\/medandbeauty.com\/cs\/pravidla-studentskeho-programu\/","title":{"rendered":"Pravidla pro studentsk\u00e9 slevy"},"content":{"rendered":"\n<h2 class=\"wp-block-heading\">\u00a71. Obecn\u00e1 ustanoven\u00ed <\/h2>\n\n<p>(1) Syst\u00e9m studentsk\u00fdch slev (&#8222;studentsk\u00e1 sleva&#8220;) je ur\u010den v\u00fdhradn\u011b osob\u00e1m s platn\u00fdm statusem studenta, kter\u00fd se prokazuje studentsk\u00fdm pr\u016fkazem nebo jin\u00fdm dokladem o n\u00e1roku.<\/p>\n\n<p>2. Sleva pro studenty \u010din\u00ed 15 % a vztahuje se na cel\u00fd sortiment, s v\u00fdjimkou outletov\u00fdch produkt\u016f a d\u00e1rkov\u00fdch karet.<\/p>\n\n<p>3 Studentsk\u00e1 sleva plat\u00ed v internetov\u00e9m obchod\u011b i v kamenn\u00e9m obchod\u011b (po p\u0159edlo\u017een\u00ed statusu aktivn\u00edho studenta a studentsk\u00e9ho pr\u016fkazu).<\/p>\n\n<p><\/p>\n\n<h2 class=\"wp-block-heading\">\u00a72. Pravidla pro vyu\u017eit\u00ed slevy <\/h2>\n\n<p>1. Abyste mohli vyu\u017e\u00edt studentskou slevu v internetov\u00e9m obchod\u011b, mus\u00edte b\u00fdt p\u0159ihl\u00e1\u0161eni pomoc\u00ed \u00fa\u010dtu, ve kter\u00e9m byl \u00fasp\u011b\u0161n\u011b ov\u011b\u0159en v\u00e1\u0161 status studenta.<\/p>\n\n<p>2. Po \u00fasp\u011b\u0161n\u00e9m ov\u011b\u0159en\u00ed va\u0161eho statusu studenta se sleva automaticky vypo\u010d\u00edt\u00e1 u pokladny p\u0159i p\u0159id\u00e1v\u00e1n\u00ed produkt\u016f do ko\u0161\u00edku.<\/p>\n\n<p>(3) Ov\u011b\u0159en\u00fd status studenta je platn\u00fd po dobu jednoho akademick\u00e9ho semestru (podle dat platnosti pr\u016fkazu), pot\u00e9 je t\u0159eba n\u00e1rok znovu potvrdit.<\/p>\n\n<p>4 Studentsk\u00e1 sleva se nekombinuje s jin\u00fdmi slevami nebo akcemi.<\/p>\n\n<p>5 P\u0159i pou\u017eit\u00ed jin\u00e9ho slevov\u00e9ho k\u00f3du se studentsk\u00e1 sleva automaticky nahrad\u00ed novou slevou.<\/p>\n\n<h2 class=\"wp-block-heading\">\u00a73. Omezen\u00ed a zvl\u00e1\u0161tn\u00ed podm\u00ednky <\/h2>\n\n<p>1 Studentsk\u00e1 sleva je osobn\u00ed a lze ji vyu\u017e\u00edt pouze na n\u00e1kupy pro soukrom\u00e9, neobchodn\u00ed \u00fa\u010dely.<\/p>\n\n<p>(2) V p\u0159\u00edpad\u011b n\u00e1kupu s vyu\u017eit\u00edm studentsk\u00e9 slevy nen\u00ed mo\u017en\u00e9 vystavit fakturu s DI\u010c kupuj\u00edc\u00edho nebo fakturu dokl\u00e1daj\u00edc\u00ed n\u00e1kup na jm\u00e9no spole\u010dnosti.<\/p>\n\n<p>(3) Pokud si p\u0159ejete z\u00edskat fakturu na DPH pro svou spole\u010dnost, studentsk\u00e1 sleva se nepo\u010d\u00edt\u00e1.<\/p>\n\n<p>4 Z\u00e1kazn\u00edk m\u00e1 pr\u00e1vo volby:<\/p>\n\n<p>  a) prov\u00e9st n\u00e1kup s vyu\u017eit\u00edm studentsk\u00e9 slevy na individu\u00e1ln\u00edm z\u00e1klad\u011b (bez TIN), nebo<\/p>\n\n<p>  b) n\u00e1kup bez slevy s mo\u017enost\u00ed vystaven\u00ed faktury s DPH na spole\u010dnost.<\/p>\n\n<p>(5) Vyu\u017eit\u00ed studentsk\u00e9 slevy se rovn\u00e1 p\u0159ijet\u00ed t\u011bchto p\u0159edpis\u016f.<\/p>\n\n<h2 class=\"wp-block-heading\">\u00a74. Z\u00e1v\u011bre\u010dn\u00e1 ustanoven\u00ed <\/h2>\n\n<p>(1) Po\u0159adatel si vyhrazuje pr\u00e1vo kdykoli zm\u011bnit pravidla v souladu s platn\u00fdmi pr\u00e1vn\u00edmi p\u0159edpisy.<\/p>\n\n<p>2 Aktu\u00e1ln\u00ed obsah obchodn\u00edch podm\u00ednek je k dispozici na internetov\u00fdch str\u00e1nk\u00e1ch obchodu.<\/p>\n\n<p>(3) Ve v\u011bcech neupraven\u00fdch t\u00edmto \u0159\u00e1dem se pou\u017eij\u00ed ustanoven\u00ed ob\u010dansk\u00e9ho z\u00e1kon\u00edku a dal\u0161\u00edch platn\u00fdch pr\u00e1vn\u00edch p\u0159edpis\u016f.<\/p>\n","protected":false},"excerpt":{"rendered":"<p>\u00a71. Obecn\u00e1 ustanoven\u00ed (1) Syst\u00e9m studentsk\u00fdch slev (&#8222;studentsk\u00e1 sleva&#8220;) je ur\u010den v\u00fdhradn\u011b osob\u00e1m s platn\u00fdm statusem studenta, kter\u00fd se prokazuje studentsk\u00fdm pr\u016fkazem nebo jin\u00fdm dokladem o n\u00e1roku. 2. Sleva pro studenty \u010din\u00ed 15 % a vztahuje se na cel\u00fd sortiment, s v\u00fdjimkou outletov\u00fdch produkt\u016f a d\u00e1rkov\u00fdch karet. 3 Studentsk\u00e1 sleva plat\u00ed v internetov\u00e9m obchod\u011b i [&hellip;]<\/p>\n","protected":false},"author":18285,"featured_media":0,"parent":0,"menu_order":0,"comment_status":"closed","ping_status":"closed","template":"","meta":{"_acf_changed":false,"inline_featured_image":false,"footnotes":""},"class_list":["post-356337","page","type-page","status-publish","hentry"],"acf":[],"_links":{"self":[{"href":"https:\/\/medandbeauty.com\/cs\/wp-json\/wp\/v2\/pages\/356337","targetHints":{"allow":["GET"]}}],"collection":[{"href":"https:\/\/medandbeauty.com\/cs\/wp-json\/wp\/v2\/pages"}],"about":[{"href":"https:\/\/medandbeauty.com\/cs\/wp-json\/wp\/v2\/types\/page"}],"author":[{"embeddable":true,"href":"https:\/\/medandbeauty.com\/cs\/wp-json\/wp\/v2\/users\/18285"}],"replies":[{"embeddable":true,"href":"https:\/\/medandbeauty.com\/cs\/wp-json\/wp\/v2\/comments?post=356337"}],"version-history":[{"count":5,"href":"https:\/\/medandbeauty.com\/cs\/wp-json\/wp\/v2\/pages\/356337\/revisions"}],"predecessor-version":[{"id":584313,"href":"https:\/\/medandbeauty.com\/cs\/wp-json\/wp\/v2\/pages\/356337\/revisions\/584313"}],"wp:attachment":[{"href":"https:\/\/medandbeauty.com\/cs\/wp-json\/wp\/v2\/media?parent=356337"}],"curies":[{"name":"wp","href":"https:\/\/api.w.org\/{rel}","templated":true}]}}