{"id":356367,"date":"2024-03-12T15:27:55","date_gmt":"2024-03-12T14:27:55","guid":{"rendered":"https:\/\/medandbeauty.com\/ziskejte-10-slevu-na-prvni-objednavku\/odeslany-formular\/"},"modified":"2025-06-27T11:19:18","modified_gmt":"2025-06-27T09:19:18","slug":"odeslany-formular","status":"publish","type":"page","link":"https:\/\/medandbeauty.com\/cs\/ziskejte-10-slevu-na-prvni-objednavku\/odeslany-formular\/","title":{"rendered":"Odeslan\u00fd formul\u00e1\u0159"},"content":{"rendered":"","protected":false},"excerpt":{"rendered":"","protected":false},"author":1,"featured_media":0,"parent":356354,"menu_order":0,"comment_status":"closed","ping_status":"closed","template":"template-pages\/page-newsletter.php","meta":{"_acf_changed":false,"inline_featured_image":false,"footnotes":""},"class_list":["post-356367","page","type-page","status-publish","hentry"],"acf":[],"_links":{"self":[{"href":"https:\/\/medandbeauty.com\/cs\/wp-json\/wp\/v2\/pages\/356367","targetHints":{"allow":["GET"]}}],"collection":[{"href":"https:\/\/medandbeauty.com\/cs\/wp-json\/wp\/v2\/pages"}],"about":[{"href":"https:\/\/medandbeauty.com\/cs\/wp-json\/wp\/v2\/types\/page"}],"author":[{"embeddable":true,"href":"https:\/\/medandbeauty.com\/cs\/wp-json\/wp\/v2\/users\/1"}],"replies":[{"embeddable":true,"href":"https:\/\/medandbeauty.com\/cs\/wp-json\/wp\/v2\/comments?post=356367"}],"version-history":[{"count":1,"href":"https:\/\/medandbeauty.com\/cs\/wp-json\/wp\/v2\/pages\/356367\/revisions"}],"predecessor-version":[{"id":455167,"href":"https:\/\/medandbeauty.com\/cs\/wp-json\/wp\/v2\/pages\/356367\/revisions\/455167"}],"up":[{"embeddable":true,"href":"https:\/\/medandbeauty.com\/cs\/wp-json\/wp\/v2\/pages\/356354"}],"wp:attachment":[{"href":"https:\/\/medandbeauty.com\/cs\/wp-json\/wp\/v2\/media?parent=356367"}],"curies":[{"name":"wp","href":"https:\/\/api.w.org\/{rel}","templated":true}]}}