{"id":356382,"date":"2024-02-14T12:24:35","date_gmt":"2024-02-14T11:24:35","guid":{"rendered":"https:\/\/medandbeauty.com\/formular-stiznosti\/"},"modified":"2025-03-02T07:26:08","modified_gmt":"2025-03-02T06:26:08","slug":"formular-stiznosti","status":"publish","type":"page","link":"https:\/\/medandbeauty.com\/cs\/stiznosti\/formular-stiznosti\/","title":{"rendered":"Formul\u00e1\u0159 st\u00ed\u017enosti"},"content":{"rendered":"\n<script src=\"https:\/\/static.airtable.com\/js\/embed\/embed_snippet_v1.js\"><\/script><iframe loading=\"lazy\" class=\"airtable-embed airtable-dynamic-height\" src=\"https:\/\/airtable.com\/embed\/appxesVV7KTjYdeRs\/shrFMQWh1XZMvfm7o?backgroundColor=tealDusty\" frameborder=\"0\" onmousewheel=\"\" width=\"100%\" height=\"1210\" style=\"background: transparent; border: 1px solid #ccc;\"><\/iframe>\n","protected":false},"excerpt":{"rendered":"","protected":false},"author":1,"featured_media":0,"parent":356514,"menu_order":0,"comment_status":"closed","ping_status":"closed","template":"","meta":{"_acf_changed":false,"inline_featured_image":false,"footnotes":""},"class_list":["post-356382","page","type-page","status-publish","hentry"],"acf":[],"_links":{"self":[{"href":"https:\/\/medandbeauty.com\/cs\/wp-json\/wp\/v2\/pages\/356382","targetHints":{"allow":["GET"]}}],"collection":[{"href":"https:\/\/medandbeauty.com\/cs\/wp-json\/wp\/v2\/pages"}],"about":[{"href":"https:\/\/medandbeauty.com\/cs\/wp-json\/wp\/v2\/types\/page"}],"author":[{"embeddable":true,"href":"https:\/\/medandbeauty.com\/cs\/wp-json\/wp\/v2\/users\/1"}],"replies":[{"embeddable":true,"href":"https:\/\/medandbeauty.com\/cs\/wp-json\/wp\/v2\/comments?post=356382"}],"version-history":[{"count":1,"href":"https:\/\/medandbeauty.com\/cs\/wp-json\/wp\/v2\/pages\/356382\/revisions"}],"predecessor-version":[{"id":356405,"href":"https:\/\/medandbeauty.com\/cs\/wp-json\/wp\/v2\/pages\/356382\/revisions\/356405"}],"up":[{"embeddable":true,"href":"https:\/\/medandbeauty.com\/cs\/wp-json\/wp\/v2\/pages\/356514"}],"wp:attachment":[{"href":"https:\/\/medandbeauty.com\/cs\/wp-json\/wp\/v2\/media?parent=356382"}],"curies":[{"name":"wp","href":"https:\/\/api.w.org\/{rel}","templated":true}]}}