{"id":356460,"date":"2023-10-12T09:13:59","date_gmt":"2023-10-12T07:13:59","guid":{"rendered":"https:\/\/medandbeauty.com\/politika-uhrady-nakladu\/"},"modified":"2023-10-12T09:13:59","modified_gmt":"2023-10-12T07:13:59","slug":"politika-uhrady-nakladu","status":"publish","type":"page","link":"https:\/\/medandbeauty.com\/cs\/politika-uhrady-nakladu\/","title":{"rendered":"Politika \u00fahrady n\u00e1klad\u016f"},"content":{"rendered":"","protected":false},"excerpt":{"rendered":"","protected":false},"author":1,"featured_media":0,"parent":0,"menu_order":0,"comment_status":"closed","ping_status":"closed","template":"","meta":{"_acf_changed":false,"inline_featured_image":false,"footnotes":""},"class_list":["post-356460","page","type-page","status-publish","hentry"],"acf":[],"_links":{"self":[{"href":"https:\/\/medandbeauty.com\/cs\/wp-json\/wp\/v2\/pages\/356460","targetHints":{"allow":["GET"]}}],"collection":[{"href":"https:\/\/medandbeauty.com\/cs\/wp-json\/wp\/v2\/pages"}],"about":[{"href":"https:\/\/medandbeauty.com\/cs\/wp-json\/wp\/v2\/types\/page"}],"author":[{"embeddable":true,"href":"https:\/\/medandbeauty.com\/cs\/wp-json\/wp\/v2\/users\/1"}],"replies":[{"embeddable":true,"href":"https:\/\/medandbeauty.com\/cs\/wp-json\/wp\/v2\/comments?post=356460"}],"version-history":[{"count":0,"href":"https:\/\/medandbeauty.com\/cs\/wp-json\/wp\/v2\/pages\/356460\/revisions"}],"wp:attachment":[{"href":"https:\/\/medandbeauty.com\/cs\/wp-json\/wp\/v2\/media?parent=356460"}],"curies":[{"name":"wp","href":"https:\/\/api.w.org\/{rel}","templated":true}]}}