{"id":356522,"date":"2023-09-08T09:04:46","date_gmt":"2023-09-08T07:04:46","guid":{"rendered":"https:\/\/medandbeauty.com\/vymeny-vyrobku\/"},"modified":"2025-06-27T14:25:30","modified_gmt":"2025-06-27T12:25:30","slug":"vymeny-vyrobku","status":"publish","type":"page","link":"https:\/\/medandbeauty.com\/cs\/vymeny-vyrobku\/","title":{"rendered":"V\u00fdm\u011bny v\u00fdrobk\u016f"},"content":{"rendered":"","protected":false},"excerpt":{"rendered":"","protected":false},"author":1,"featured_media":0,"parent":0,"menu_order":0,"comment_status":"closed","ping_status":"closed","template":"template-pages\/page-about-us.php","meta":{"_acf_changed":false,"inline_featured_image":false,"footnotes":""},"class_list":["post-356522","page","type-page","status-publish","hentry"],"acf":[],"_links":{"self":[{"href":"https:\/\/medandbeauty.com\/cs\/wp-json\/wp\/v2\/pages\/356522","targetHints":{"allow":["GET"]}}],"collection":[{"href":"https:\/\/medandbeauty.com\/cs\/wp-json\/wp\/v2\/pages"}],"about":[{"href":"https:\/\/medandbeauty.com\/cs\/wp-json\/wp\/v2\/types\/page"}],"author":[{"embeddable":true,"href":"https:\/\/medandbeauty.com\/cs\/wp-json\/wp\/v2\/users\/1"}],"replies":[{"embeddable":true,"href":"https:\/\/medandbeauty.com\/cs\/wp-json\/wp\/v2\/comments?post=356522"}],"version-history":[{"count":1,"href":"https:\/\/medandbeauty.com\/cs\/wp-json\/wp\/v2\/pages\/356522\/revisions"}],"predecessor-version":[{"id":455485,"href":"https:\/\/medandbeauty.com\/cs\/wp-json\/wp\/v2\/pages\/356522\/revisions\/455485"}],"wp:attachment":[{"href":"https:\/\/medandbeauty.com\/cs\/wp-json\/wp\/v2\/media?parent=356522"}],"curies":[{"name":"wp","href":"https:\/\/api.w.org\/{rel}","templated":true}]}}