{"id":356857,"date":"2023-09-06T12:27:12","date_gmt":"2023-09-06T10:27:12","guid":{"rendered":"https:\/\/medandbeauty.com\/pravidla-pro-vraceni-zbozi\/"},"modified":"2025-03-02T07:26:57","modified_gmt":"2025-03-02T06:26:57","slug":"pravidla-pro-vraceni-zbozi","status":"publish","type":"page","link":"https:\/\/medandbeauty.com\/cs\/pravidla-pro-vraceni-zbozi\/","title":{"rendered":"Pravidla pro vracen\u00ed zbo\u017e\u00ed"},"content":{"rendered":"\n<p><b>Toto je uk\u00e1zkov\u00e1 str\u00e1nka.<\/b><\/p>\n\n<h3>Overview<\/h3>\n\n<p>Na\u0161e pravidla pro vr\u00e1cen\u00ed pen\u011bz a vr\u00e1cen\u00ed zbo\u017e\u00ed trvaj\u00ed 30 dn\u00ed. Pokud od n\u00e1kupu uplynulo 30 dn\u00ed, nem\u016f\u017eeme v\u00e1m nab\u00eddnout vr\u00e1cen\u00ed pen\u011bz v pln\u00e9 v\u00fd\u0161i nebo v\u00fdm\u011bnu. <\/p>\n\n<p>Abyste mohli zbo\u017e\u00ed vr\u00e1tit, mus\u00ed b\u00fdt nepou\u017eit\u00e9 a ve stejn\u00e9m stavu, v jak\u00e9m jste ho obdr\u017eeli. Mus\u00ed b\u00fdt tak\u00e9 v p\u016fvodn\u00edm obalu. <\/p>\n\n<p>N\u011bkter\u00e9 druhy zbo\u017e\u00ed jsou od vr\u00e1cen\u00ed osvobozeny. Nelze vr\u00e1tit zbo\u017e\u00ed podl\u00e9haj\u00edc\u00ed rychl\u00e9 zk\u00e1ze, jako jsou potraviny, kv\u011btiny, noviny nebo \u010dasopisy. Nep\u0159ij\u00edm\u00e1me ani v\u00fdrobky, kter\u00e9 jsou intimn\u00edm nebo hygienick\u00fdm zbo\u017e\u00edm, nebezpe\u010dn\u00e9 materi\u00e1ly nebo ho\u0159lav\u00e9 kapaliny \u010di plyny.  <\/p>\n\n<p>Dal\u0161\u00ed nevratn\u00e9 polo\u017eky:<\/p>\n\n<ul class=\"wp-block-list\">\n<li>D\u00e1rkov\u00e9 karty<\/li>\n<li>Softwarov\u00e9 produkty ke sta\u017een\u00ed<\/li>\n<li>N\u011bkter\u00e9 p\u0159edm\u011bty pro zdrav\u00ed a osobn\u00ed hygienu<\/li>\n<\/ul>\n\n<p>K dokon\u010den\u00ed vr\u00e1cen\u00ed zbo\u017e\u00ed pot\u0159ebujeme \u00fa\u010dtenku nebo doklad o n\u00e1kupu.<\/p>\n\n<p>Nepos\u00edlejte pros\u00edm sv\u016fj n\u00e1kup zp\u011bt v\u00fdrobci.<\/p>\n\n<p>V n\u011bkter\u00fdch situac\u00edch jsou poskytov\u00e1ny pouze \u010d\u00e1ste\u010dn\u00e9 n\u00e1hrady:<\/p>\n\n<ul class=\"wp-block-list\">\n<li>Kniha se zjevn\u00fdmi zn\u00e1mkami pou\u017e\u00edv\u00e1n\u00ed<\/li>\n<li>CD, DVD, VHS kazety, software, videohry, kazety nebo vinylov\u00e9 desky, kter\u00e9 byly otev\u0159eny.<\/li>\n<li>Jak\u00e9koli zbo\u017e\u00ed, kter\u00e9 nen\u00ed v p\u016fvodn\u00edm stavu, je po\u0161kozen\u00e9 nebo mu chyb\u00ed sou\u010d\u00e1stky z d\u016fvod\u016f, kter\u00e9 nebyly zp\u016fsobeny na\u0161\u00ed chybou.<\/li>\n<li>Jak\u00e9koli zbo\u017e\u00ed, kter\u00e9 je vr\u00e1ceno po v\u00edce ne\u017e 30 dnech od doru\u010den\u00ed.<\/li>\n<\/ul>\n\n<h2>N\u00e1hrady<\/h2>\n\n<p>Po obdr\u017een\u00ed a kontrole vr\u00e1cen\u00e9ho zbo\u017e\u00ed v\u00e1m za\u0161leme e-mail s ozn\u00e1men\u00edm, \u017ee jsme vr\u00e1cen\u00e9 zbo\u017e\u00ed obdr\u017eeli. Rovn\u011b\u017e v\u00e1s budeme informovat o schv\u00e1len\u00ed nebo zam\u00edtnut\u00ed vr\u00e1cen\u00ed pen\u011bz. <\/p>\n\n<p>Pokud v\u00e1m bude vr\u00e1cen\u00ed pen\u011bz schv\u00e1leno, bude do ur\u010dit\u00e9ho po\u010dtu dn\u00ed automaticky p\u0159ips\u00e1no na va\u0161i kreditn\u00ed kartu nebo p\u016fvodn\u00ed zp\u016fsob platby.<\/p>\n\n<b>Late or missing refunds<\/b>\n\n<p>Pokud jste dosud neobdr\u017eeli n\u00e1hradu, zkontrolujte nejprve znovu sv\u016fj bankovn\u00ed \u00fa\u010det.<\/p>\n\n<p>Pot\u00e9 se obra\u0165te na spole\u010dnost vyd\u00e1vaj\u00edc\u00ed va\u0161i kreditn\u00ed kartu, m\u016f\u017ee n\u011bjakou dobu trvat, ne\u017e bude vr\u00e1cen\u00ed pen\u011bz ofici\u00e1ln\u011b za\u00fa\u010dtov\u00e1no.<\/p>\n\n<p>Pot\u00e9 se obra\u0165te na svou banku. \u010casto trv\u00e1 n\u011bjakou dobu, ne\u017e je vr\u00e1cen\u00ed pen\u011bz za\u00fa\u010dtov\u00e1no. <\/p>\n\n<p>Pokud jste toto v\u0161echno ud\u011blali a dosud jste neobdr\u017eeli pen\u00edze zp\u011bt, kontaktujte n\u00e1s pros\u00edm na {emailov\u00e1 adresa}.<\/p>\n\n<b>Sale items<\/b>\n\n<p>Vr\u00e1tit lze pouze zbo\u017e\u00ed za b\u011b\u017enou cenu. V\u00fdprodejov\u00e9 polo\u017eky nelze vr\u00e1tit. <\/p>\n\n<h2>V\u00fdm\u011bny<\/h2>\n\n<p>Zbo\u017e\u00ed vym\u011b\u0148ujeme pouze v p\u0159\u00edpad\u011b, \u017ee je vadn\u00e9 nebo po\u0161kozen\u00e9. Pokud pot\u0159ebujete zbo\u017e\u00ed vym\u011bnit za stejn\u00e9, po\u0161lete n\u00e1m e-mail na adresu {emailov\u00e1 adresa} a zbo\u017e\u00ed za\u0161lete na adresu: Obra\u0165te se na n\u00e1s a za\u0161lete n\u00e1m z\u00e1silku na adresu: {fyzick\u00e1 adresa}. <\/p>\n\n<h2>D\u00e1rky<\/h2>\n\n<p>Pokud bylo zbo\u017e\u00ed p\u0159i n\u00e1kupu ozna\u010deno jako d\u00e1rek a odesl\u00e1no p\u0159\u00edmo v\u00e1m, obdr\u017e\u00edte kredit na hodnotu vr\u00e1cen\u00e9ho zbo\u017e\u00ed. Po obdr\u017een\u00ed vr\u00e1cen\u00e9 polo\u017eky v\u00e1m bude d\u00e1rkov\u00fd certifik\u00e1t zasl\u00e1n po\u0161tou. <\/p>\n\n<p>Pokud zbo\u017e\u00ed nebylo p\u0159i n\u00e1kupu ozna\u010deno jako d\u00e1rek nebo si d\u00e1rce nechal objedn\u00e1vku zaslat s\u00e1m, aby v\u00e1m ji pozd\u011bji p\u0159edal, za\u0161leme d\u00e1rci pen\u00edze zp\u011bt a on se dozv\u00ed o va\u0161em vr\u00e1cen\u00ed.<\/p>\n\n<h2>Vr\u00e1cen\u00ed z\u00e1silky<\/h2>\n\n<p>Chcete-li v\u00fdrobek vr\u00e1tit, za\u0161lete jej na adresu: Vr\u00e1cen\u00fd produkt: {fyzick\u00e1 adresa}.<\/p>\n\n<p>N\u00e1klady na dopravu p\u0159i vr\u00e1cen\u00ed zbo\u017e\u00ed si hrad\u00edte sami. N\u00e1klady na dopravu jsou nevratn\u00e9. Pokud v\u00e1m budou vr\u00e1ceny pen\u00edze, budou n\u00e1klady na zp\u011btn\u00e9 zasl\u00e1n\u00ed ode\u010dteny od vr\u00e1cen\u00fdch pen\u011bz.  <\/p>\n\n<p>V z\u00e1vislosti na m\u00edst\u011b, kde \u017eijete, se m\u016f\u017ee doba, za kterou se k v\u00e1m vym\u011bn\u011bn\u00fd v\u00fdrobek dostane, li\u0161it.<\/p>\n\n<p>Pokud vrac\u00edte dra\u017e\u0161\u00ed zbo\u017e\u00ed, m\u016f\u017eete zv\u00e1\u017eit vyu\u017eit\u00ed sledovateln\u00e9 p\u0159epravn\u00ed slu\u017eby nebo zakoupen\u00ed poji\u0161t\u011bn\u00ed p\u0159epravy. Nezaru\u010dujeme, \u017ee vr\u00e1cen\u00e9 zbo\u017e\u00ed obdr\u017e\u00edme. <\/p>\n\n<h2>Pot\u0159ebujete pomoc?<\/h2>\n\n<p>V p\u0159\u00edpad\u011b dotaz\u016f t\u00fdkaj\u00edc\u00edch se vr\u00e1cen\u00ed pen\u011bz a vr\u00e1cen\u00ed zbo\u017e\u00ed n\u00e1s kontaktujte na adrese {email}.<\/p>\n","protected":false},"excerpt":{"rendered":"<p>Toto je uk\u00e1zkov\u00e1 str\u00e1nka. Overview Na\u0161e pravidla pro vr\u00e1cen\u00ed pen\u011bz a vr\u00e1cen\u00ed zbo\u017e\u00ed trvaj\u00ed 30 dn\u00ed. Pokud od n\u00e1kupu uplynulo 30 dn\u00ed, nem\u016f\u017eeme v\u00e1m nab\u00eddnout vr\u00e1cen\u00ed pen\u011bz v pln\u00e9 v\u00fd\u0161i nebo v\u00fdm\u011bnu. Abyste mohli zbo\u017e\u00ed vr\u00e1tit, mus\u00ed b\u00fdt nepou\u017eit\u00e9 a ve stejn\u00e9m stavu, v jak\u00e9m jste ho obdr\u017eeli. Mus\u00ed b\u00fdt tak\u00e9 v p\u016fvodn\u00edm obalu. N\u011bkter\u00e9 [&hellip;]<\/p>\n","protected":false},"author":1,"featured_media":0,"parent":0,"menu_order":0,"comment_status":"closed","ping_status":"closed","template":"","meta":{"_acf_changed":false,"inline_featured_image":false,"footnotes":""},"class_list":["post-356857","page","type-page","status-publish","hentry"],"acf":[],"_links":{"self":[{"href":"https:\/\/medandbeauty.com\/cs\/wp-json\/wp\/v2\/pages\/356857","targetHints":{"allow":["GET"]}}],"collection":[{"href":"https:\/\/medandbeauty.com\/cs\/wp-json\/wp\/v2\/pages"}],"about":[{"href":"https:\/\/medandbeauty.com\/cs\/wp-json\/wp\/v2\/types\/page"}],"author":[{"embeddable":true,"href":"https:\/\/medandbeauty.com\/cs\/wp-json\/wp\/v2\/users\/1"}],"replies":[{"embeddable":true,"href":"https:\/\/medandbeauty.com\/cs\/wp-json\/wp\/v2\/comments?post=356857"}],"version-history":[{"count":1,"href":"https:\/\/medandbeauty.com\/cs\/wp-json\/wp\/v2\/pages\/356857\/revisions"}],"predecessor-version":[{"id":356862,"href":"https:\/\/medandbeauty.com\/cs\/wp-json\/wp\/v2\/pages\/356857\/revisions\/356862"}],"wp:attachment":[{"href":"https:\/\/medandbeauty.com\/cs\/wp-json\/wp\/v2\/media?parent=356857"}],"curies":[{"name":"wp","href":"https:\/\/api.w.org\/{rel}","templated":true}]}}