{"id":356872,"date":"2023-09-06T12:22:34","date_gmt":"2023-09-06T10:22:34","guid":{"rendered":"https:\/\/medandbeauty.com\/zasady-ochrany-osobnich-udaju\/"},"modified":"2025-05-28T13:20:07","modified_gmt":"2025-05-28T11:20:07","slug":"zasady-ochrany-osobnich-udaju","status":"publish","type":"page","link":"https:\/\/medandbeauty.com\/cs\/zasady-ochrany-osobnich-udaju\/","title":{"rendered":"Z\u00e1sady ochrany osobn\u00edch \u00fadaj\u016f"},"content":{"rendered":"<p>Obsah<br \/>&#8211; I. Spr\u00e1vce osobn\u00edch \u00fadaj\u016f<br \/>&#8211; II. Rozsah platnosti obchodn\u00edch podm\u00ednek, identifika\u010dn\u00ed \u00fadaje prod\u00e1vaj\u00edc\u00edho<br \/>&#8211; III. \u00da\u010del a d\u016fvody zpracov\u00e1n\u00ed osobn\u00edch \u00fadaj\u016f<br \/>&#8211; IV.   P\u0159\u00edjemci \u00fadaj\u016f. P\u0159ed\u00e1v\u00e1n\u00ed \u00fadaj\u016f do t\u0159et\u00edch zem\u00ed<br \/>&#8211; V. Doba uchov\u00e1v\u00e1n\u00ed osobn\u00edch \u00fadaj\u016f<br \/>&#8211; VI. Pr\u00e1va subjektu \u00fadaj\u016f<br \/>&#8211; VII.   Automatizovan\u00e9 rozhodov\u00e1n\u00ed. Profilov\u00e1n\u00ed<br \/>&#8211; VIII. Z\u00e1sady pou\u017e\u00edv\u00e1n\u00ed soubor\u016f cookie<br \/>I. Spr\u00e1vce osobn\u00edch \u00fadaj\u016f<br \/>1. Spr\u00e1vce informuje, \u017ee zpracov\u00e1n\u00edm osobn\u00edch \u00fadaj\u016f pov\u011b\u0159uje n\u00e1sleduj\u00edc\u00ed subjekty:<br \/>a) Edrone Sp.   z o.o., ul. Lekarska 1, 31-203 Krak\u00f3w, NIP: 676-248-20-64, KRS: 0000537197 &#8211; za pou\u017e\u00edv\u00e1n\u00ed po\u0161tovn\u00edho syst\u00e9mu edrone.me, kter\u00fd slou\u017e\u00ed k zas\u00edl\u00e1n\u00ed newsletteru,<br \/>b) USER.COM Sp. z o.o., ul. Grzybowska 87, 00-844 Var\u0161ava, NIP: 5272791969, KRS: 0000654981 &#8211; pro \u00fa\u010dely pou\u017e\u00edv\u00e1n\u00ed marketingov\u00e9ho automatiza\u010dn\u00edho a mailingov\u00e9ho syst\u00e9mu user.com pro zas\u00edl\u00e1n\u00ed newsletter\u016f, zpracov\u00e1n\u00ed komunikace se zna\u010dkou prost\u0159ednictv\u00edm e-mailu a SMS, sledov\u00e1n\u00ed aktivity u\u017eivatel\u016f na webov\u00fdch str\u00e1nk\u00e1ch<br \/>c) GRUPA ALTER REMIGIUSZ \u015aLIWKA ul. D\u0119bowa 6A 56-400 Spalice NIP: PL9111078576 (e-mail: kontakt@weblo.pl, tel. +48 571 201 007, URL: www.weblo.pl) &#8211; podpora webov\u00fdch str\u00e1nek, zodpov\u011bdnost za bezpe\u010dnost obchodu, zpracov\u00e1n\u00ed \u00fadaj\u016f pro \u00fa\u010dely \u00fadr\u017eby a spr\u00e1vy obchodu.    <\/p>\n<p>(2) Spr\u00e1vce informuje, \u017ee ke sledov\u00e1n\u00ed akc\u00ed prov\u00e1d\u011bn\u00fdch u\u017eivatelem\/z\u00e1kazn\u00edkem v r\u00e1mci webov\u00fdch str\u00e1nek obchodu pou\u017e\u00edv\u00e1 n\u00e1sleduj\u00edc\u00ed technologie:<br \/>a) sledovac\u00ed k\u00f3d user.com &#8211; umo\u017e\u0148uje shroma\u017e\u010fovat informace o u\u017eivateli, pohybu na webov\u00fdch str\u00e1nk\u00e1ch a interakc\u00edch s webov\u00fdmi str\u00e1nkami za \u00fa\u010delem personalizace komunikace s u\u017eivatelem a jej\u00edho p\u0159izp\u016fsoben\u00ed preferenc\u00edm u\u017eivatele.<br \/>3Spr\u00e1vce v souladu s \u010dl. 32 odst. 1 na\u0159\u00edzen\u00ed RODO dodr\u017euje z\u00e1sadu ochrany osobn\u00edch \u00fadaj\u016f a p\u0159ij\u00edm\u00e1 vhodn\u00e1 technick\u00e1 a organiza\u010dn\u00ed opat\u0159en\u00ed, aby nedo\u0161lo k n\u00e1hodn\u00e9mu nebo protipr\u00e1vn\u00edmu zni\u010den\u00ed, ztr\u00e1t\u011b, zm\u011bn\u011b, neopr\u00e1vn\u011bn\u00e9mu zve\u0159ejn\u011bn\u00ed nebo neopr\u00e1vn\u011bn\u00e9mu p\u0159\u00edstupu k osobn\u00edm \u00fadaj\u016fm zpracov\u00e1van\u00fdm v r\u00e1mci jeho \u010dinnosti.  <br \/>Poskytnut\u00ed osobn\u00edch \u00fadaj\u016f je dobrovoln\u00e9, ale je nezbytn\u00e9 pro pln\u011bn\u00ed Smlouvy v souladu s Provozn\u00edm \u0159\u00e1dem internetov\u00e9ho obchodu MED&amp;BEAUTY S.Grocholewski Sp\u00f3\u0142ka komandytowa (d\u0159\u00edve: MED&amp;BEAUTY &#8211; Grocholewski Sp\u00f3\u0142ka jawna) . kter\u00fd naleznete pod odkazem: www.medandbeauty\/regulaminy (d\u00e1le jen Provozn\u00ed \u0159\u00e1d).<br \/>(5) Z\u00e1kazn\u00edkem Obchodu se rozum\u00ed ka\u017ed\u00e1 osoba, kter\u00e1 vyu\u017e\u00edv\u00e1 Obchod zp\u016fsobem a v rozsahu uveden\u00e9m v Obchodn\u00edch podm\u00ednk\u00e1ch.<br \/>6 Spr\u00e1vce \u00fadaj\u016f zpracov\u00e1v\u00e1 n\u00e1sleduj\u00edc\u00ed osobn\u00ed \u00fadaje z\u00e1kazn\u00edk\u016f:<br \/>a) jm\u00e9no,<br \/>b) adresa bydli\u0161t\u011b,<br \/>c) doru\u010dovac\u00ed adresa,<br \/>d) e-mailov\u00e1 adresa,<br \/>e) telefonn\u00ed \u010d\u00edslo.<br \/>II. Oblast p\u016fsobnosti pravidel a p\u0159edpis\u016f, identifika\u010dn\u00ed \u00fadaje prod\u00e1vaj\u00edc\u00edho<br \/>1. Tyto obchodn\u00ed podm\u00ednky vymezuj\u00ed z\u00e1sady pou\u017e\u00edv\u00e1n\u00ed internetov\u00e9ho obchodu www.medandbeauty.com a zad\u00e1v\u00e1n\u00ed a vy\u0159izov\u00e1n\u00ed objedn\u00e1vek u\u010din\u011bn\u00fdch v r\u00e1mci internetov\u00e9ho obchodu MED&amp;BEAUTY S.Grocholewski Sp\u00f3\u0142ka komandytowa (d\u0159\u00edve: MED&amp;BEAUTY &#8211; Grocholewski Sp\u00f3\u0142ka jawna) . p\u016fsob\u00ed na n\u00e1sleduj\u00edc\u00ed adrese: www.medandbeauty.com<br \/>2. Prod\u00e1vaj\u00edc\u00edm a provozovatelem internetov\u00e9ho obchodu Med&amp;Beauty je MED&amp;BEAUTY S.Grocholewski Sp\u00f3\u0142ka komandytowa (d\u0159\u00edve: MED&amp;BEAUTY &#8211; Grocholewski Sp\u00f3\u0142ka jawna) KRS 0001169806 NIP 7882040978 REGON 527048220, kontaktn\u00ed e-mailov\u00e1 adresa: shop@medandbeauty.com, kontaktn\u00ed telefon \u010d.: : 736 630 825<br \/>III. \u00da\u010del a z\u00e1klad zpracov\u00e1n\u00ed osobn\u00edch \u00fadaj\u016f<br \/>1. \u00da\u010del a z\u00e1klad zpracov\u00e1n\u00ed osobn\u00edch \u00fadaj\u016f. Spr\u00e1vce zpracov\u00e1v\u00e1 osobn\u00ed \u00fadaje pro n\u00e1sleduj\u00edc\u00ed \u00fa\u010dely:<br \/>a) pro \u00fa\u010dely umo\u017en\u011bn\u00ed Z\u00e1kazn\u00edk\u016fm zad\u00e1vat Objedn\u00e1vky v souladu s Obchodn\u00edmi podm\u00ednkami,<br \/>b) pro \u00fa\u010dely vy\u0159izov\u00e1n\u00ed Objedn\u00e1vek v souladu s Obchodn\u00edmi podm\u00ednkami,<br \/>c) pro \u00fa\u010dely vy\u0159izov\u00e1n\u00ed reklamac\u00ed Z\u00e1kazn\u00edk\u016f,<br \/>d) pro da\u0148ov\u00e9 \u00fa\u010dely &#8211; pouze pro \u00fa\u010dely \u00fa\u010detn\u00edho vypo\u0159\u00e1d\u00e1n\u00ed v souladu se z\u00e1vazn\u00fdmi pr\u00e1vn\u00edmi p\u0159edpisy,<br \/>e) pro marketingov\u00e9 \u00fa\u010dely, tj. zas\u00edl\u00e1n\u00ed aktu\u00e1ln\u00edch informac\u00ed o \u010dinnosti Obchodu Z\u00e1kazn\u00edk\u016fm. Marketingov\u00fd souhlas je ud\u011blen dobrovoln\u011b a nen\u00ed podm\u00ednkou pro u\u017e\u00edv\u00e1n\u00ed Obchodu Z\u00e1kazn\u00edkem.<br \/>2. Spr\u00e1vce zpracov\u00e1v\u00e1 osobn\u00ed \u00fadaje Z\u00e1kazn\u00edk\u016f na z\u00e1klad\u011b jejich dobrovoln\u00e9ho souhlasu (\u010dl. 6 odst. 1 p\u00edsm. a) NOZ), za \u00fa\u010delem pln\u011bn\u00ed kupn\u00ed smlouvy na konkr\u00e9tn\u00ed v\u011bci (\u010dl. 6 odst. 1 p\u00edsm. b) NOZ) a v r\u00e1mci da\u0148ov\u00fdch povinnost\u00ed &#8211; pro pln\u011bn\u00ed povinnost\u00ed, kter\u00e9 m\u00e1 Spr\u00e1vce (\u010dl. 6 odst. 1 p\u00edsm. c) NOZ). Pokud jde o marketingov\u00fd souhlas, Spr\u00e1vce zpracov\u00e1v\u00e1 \u00fadaje pouze na z\u00e1klad\u011b dobrovoln\u00e9ho souhlasu Z\u00e1kazn\u00edka (\u010dl. 6 odst. 1 p\u00edsm. a) RODO).      <br \/>IV. P\u0159\u00edjemci \u00fadaj\u016f. P\u0159ed\u00e1v\u00e1n\u00ed \u00fadaj\u016f do t\u0159et\u00edch zem\u00ed<br \/>1. P\u0159\u00edjemci osobn\u00edch \u00fadaj\u016f zpracov\u00e1van\u00fdch spr\u00e1vcem \u00fadaj\u016f mohou b\u00fdt subjekty spolupracuj\u00edc\u00ed se spr\u00e1vcem \u00fadaj\u016f, pokud je to nezbytn\u00e9 pro pln\u011bn\u00ed smlouvy uzav\u0159en\u00e9 se subjektem \u00fadaj\u016f v souladu s obchodn\u00edmi podm\u00ednkami.  <br \/>2 P\u0159\u00edjemci osobn\u00edch \u00fadaj\u016f zpracov\u00e1van\u00fdch spr\u00e1vcem mohou b\u00fdt tak\u00e9 subdodavatel\u00e9 &#8211; subjekty, jejich\u017e slu\u017eeb spr\u00e1vce vyu\u017e\u00edv\u00e1 ke zpracov\u00e1n\u00ed \u00fadaj\u016f, nap\u0159. \u00fa\u010detn\u00ed kancel\u00e1\u0159e, advok\u00e1tn\u00ed kancel\u00e1\u0159e, subjekty poskytuj\u00edc\u00ed IT slu\u017eby (v\u010detn\u011b hostingov\u00fdch slu\u017eeb).<br \/>3. spr\u00e1vce m\u016f\u017ee b\u00fdt na z\u00e1klad\u011b platn\u00fdch pr\u00e1vn\u00edch p\u0159edpis\u016f povinen zp\u0159\u00edstupnit osobn\u00ed \u00fadaje, zejm\u00e9na zp\u0159\u00edstupnit osobn\u00ed \u00fadaje opr\u00e1vn\u011bn\u00fdm st\u00e1tn\u00edm org\u00e1n\u016fm nebo instituc\u00edm.<br \/>4. osobn\u00ed \u00fadaje nebudou p\u0159ed\u00e1v\u00e1ny subjekt\u016fm usazen\u00fdm mimo Evropsk\u00fd hospod\u00e1\u0159sk\u00fd prostor<br \/>V. Doba uchov\u00e1v\u00e1n\u00ed osobn\u00edch \u00fadaj\u016f<br \/>1. Spr\u00e1vce uchov\u00e1v\u00e1 osobn\u00ed \u00fadaje po dobu trv\u00e1n\u00ed smlouvy uzav\u0159en\u00e9 se subjektem \u00fadaj\u016f a po jej\u00edm ukon\u010den\u00ed pro \u00fa\u010dely souvisej\u00edc\u00ed s uplatn\u011bn\u00edm n\u00e1rok\u016f souvisej\u00edc\u00edch se smlouvou, pln\u011bn\u00edm povinnost\u00ed vypl\u00fdvaj\u00edc\u00edch z platn\u00fdch pr\u00e1vn\u00edch p\u0159edpis\u016f, nejd\u00e9le v\u0161ak po dobu proml\u010dec\u00ed lh\u016fty dle ustanoven\u00ed ob\u010dansk\u00e9ho z\u00e1kon\u00edku. V p\u0159\u00edpad\u011b Z\u00e1kazn\u00edka, kter\u00fd m\u00e1 z\u0159\u00edzen Z\u00e1kaznick\u00fd \u00fa\u010det ve smyslu Obchodn\u00edch podm\u00ednek, uchov\u00e1v\u00e1 Spr\u00e1vce jeho \u00fadaje po dobu uvedenou v p\u0159edchoz\u00ed v\u011bt\u011b nebo po dobu trv\u00e1n\u00ed \u00da\u010dtu, podle toho, kter\u00e1 z t\u011bchto dob nastane pozd\u011bji.<br \/>22. Spr\u00e1vce uchov\u00e1v\u00e1 osobn\u00ed \u00fadaje obsa\u017een\u00e9 ve faktura\u010dn\u00edch dokladech (nap\u0159. faktur\u00e1ch) po dobu uvedenou v ustanoven\u00edch z\u00e1kona o dani z p\u0159idan\u00e9 hodnoty a z\u00e1kona o \u00fa\u010detnictv\u00ed.<br \/>3. Spr\u00e1vce uchov\u00e1v\u00e1 osobn\u00ed \u00fadaje zpracov\u00e1van\u00e9 pro marketingov\u00e9 \u00fa\u010dely po dobu 10 let, nejd\u00e9le v\u0161ak do odvol\u00e1n\u00ed souhlasu se zpracov\u00e1n\u00edm \u00fadaj\u016f nebo vznesen\u00ed n\u00e1mitky proti zpracov\u00e1n\u00ed \u00fadaj\u016f.<br \/>VI. Pr\u00e1va subjektu \u00fadaj\u016f<br \/>1. Ka\u017ed\u00fd subjekt \u00fadaj\u016f m\u00e1 pr\u00e1vo:<br \/>a) na p\u0159\u00edstup k \u00fadaj\u016fm &#8211; z\u00edskat od spr\u00e1vce potvrzen\u00ed, zda jsou jeho osobn\u00ed \u00fadaje zpracov\u00e1v\u00e1ny.   Pokud jsou \u00fadaje o osob\u011b zpracov\u00e1v\u00e1ny, m\u00e1 pr\u00e1vo na p\u0159\u00edstup k n\u00e1sleduj\u00edc\u00edm informac\u00edm a na jejich z\u00edsk\u00e1n\u00ed: \u00fa\u010dely zpracov\u00e1n\u00ed, kategorie osobn\u00edch \u00fadaj\u016f, informace o p\u0159\u00edjemc\u00edch nebo kategori\u00edch p\u0159\u00edjemc\u016f, kter\u00fdm byly nebo budou \u00fadaje zp\u0159\u00edstupn\u011bny, doba uchov\u00e1v\u00e1n\u00ed \u00fadaj\u016f nebo krit\u00e9ria pro jej\u00ed ur\u010den\u00ed, pr\u00e1vo subjektu \u00fadaj\u016f po\u017eadovat opravu, v\u00fdmaz nebo omezen\u00ed zpracov\u00e1n\u00ed osobn\u00edch \u00fadaj\u016f a vzn\u00e9st n\u00e1mitku proti takov\u00e9mu zpracov\u00e1n\u00ed (\u010dl\u00e1nek 15 RODO);<br \/>(b) z\u00edskat kopii \u00fadaj\u016f &#8211; z\u00edskat kopii zpracov\u00e1van\u00fdch \u00fadaj\u016f, p\u0159i\u010dem\u017e prvn\u00ed kopie je bezplatn\u00e1 a za dal\u0161\u00ed kopie m\u016f\u017ee spr\u00e1vce \u00fa\u010dtovat p\u0159im\u011b\u0159en\u00fd poplatek na z\u00e1klad\u011b administrativn\u00edch n\u00e1klad\u016f (\u010dl. 15 odst. 3 RODO);<br \/>(c) na opravu &#8211; po\u017e\u00e1dat o opravu nep\u0159esn\u00fdch osobn\u00edch \u00fadaj\u016f, kter\u00e9 se ho t\u00fdkaj\u00ed, nebo o dopln\u011bn\u00ed ne\u00fapln\u00fdch \u00fadaj\u016f (\u010dl\u00e1nek 16 RODO);<br \/>(d) na v\u00fdmaz &#8211; po\u017e\u00e1dat o v\u00fdmaz sv\u00fdch osobn\u00edch \u00fadaj\u016f, pokud spr\u00e1vce ji\u017e nem\u00e1 pr\u00e1vn\u00ed z\u00e1klad pro zpracov\u00e1n\u00ed nebo pokud \u00fadaje ji\u017e nejsou pro \u00fa\u010dely zpracov\u00e1n\u00ed nezbytn\u00e9 (\u010dl\u00e1nek 17 RODO);<br \/>(e) omezit zpracov\u00e1n\u00ed &#8211; po\u017e\u00e1dat o omezen\u00ed zpracov\u00e1n\u00ed osobn\u00edch \u00fadaj\u016f (\u010dl\u00e1nek 18 RODO), pokud:<br \/>subjekt \u00fadaj\u016f zpochyb\u0148uje p\u0159esnost osobn\u00edch \u00fadaj\u016f &#8211; po dobu, po kterou m\u016f\u017ee spr\u00e1vce p\u0159esnost \u00fadaj\u016f ov\u011b\u0159it,<br \/>zpracov\u00e1n\u00ed je protipr\u00e1vn\u00ed a subjekt \u00fadaj\u016f vznese n\u00e1mitku proti v\u00fdmazu t\u00edm, \u017ee po\u017e\u00e1d\u00e1 o omezen\u00ed pou\u017e\u00edv\u00e1n\u00ed,<br \/>Spr\u00e1vce ji\u017e tyto \u00fadaje nepot\u0159ebuje, ale subjekt \u00fadaj\u016f je pot\u0159ebuje k uplatn\u011bn\u00ed, prosazen\u00ed nebo obhajob\u011b n\u00e1roku,<br \/>subjekt \u00fadaj\u016f vznesl n\u00e1mitku proti zpracov\u00e1n\u00ed &#8211; dokud se nezjist\u00ed, zda opr\u00e1vn\u011bn\u00e9 d\u016fvody na stran\u011b spr\u00e1vce p\u0159eva\u017euj\u00ed nad d\u016fvody n\u00e1mitky subjektu \u00fadaj\u016f;<br \/>(f) vzn\u00e9st n\u00e1mitku &#8211; vzn\u00e9st n\u00e1mitku proti zpracov\u00e1n\u00ed sv\u00fdch osobn\u00edch \u00fadaj\u016f pro opr\u00e1vn\u011bn\u00e9 \u00fa\u010dely spr\u00e1vce z d\u016fvod\u016f t\u00fdkaj\u00edc\u00edch se jeho konkr\u00e9tn\u00ed situace, v\u010detn\u011b profilov\u00e1n\u00ed. Spr\u00e1vce pak posoud\u00ed existenci platn\u00fdch opr\u00e1vn\u011bn\u00fdch d\u016fvod\u016f pro zpracov\u00e1n\u00ed, kter\u00e9 p\u0159eva\u017euj\u00ed nad z\u00e1jmy, pr\u00e1vy a svobodami subjektu \u00fadaj\u016f, nebo d\u016fvod\u016f pro ur\u010den\u00ed, uplatn\u011bn\u00ed nebo obhajobu n\u00e1rok\u016f. Pokud podle posouzen\u00ed p\u0159eva\u017euj\u00ed z\u00e1jmy subjektu \u00fadaj\u016f nad z\u00e1jmy spr\u00e1vce, je spr\u00e1vce povinen zpracov\u00e1n\u00ed pro tyto \u00fa\u010dely ukon\u010dit (\u010dl. 21 RODO).<br \/>2. Za \u00fa\u010delem uplatn\u011bn\u00ed v\u00fd\u0161e uveden\u00fdch pr\u00e1v se subjekt \u00fadaj\u016f obr\u00e1t\u00ed na spr\u00e1vce prost\u0159ednictv\u00edm poskytnut\u00fdch kontaktn\u00edch \u00fadaj\u016f a informuje ho o tom, jak\u00e9 pr\u00e1vo a v jak\u00e9m rozsahu chce uplatnit.<br \/>3. Spr\u00e1vce se m\u016f\u017ee obr\u00e1tit na subjekt \u00fadaj\u016f, kter\u00fd m\u00e1 pr\u00e1vo na ochranu osobn\u00edch \u00fadaj\u016f.Subjekt \u00fadaj\u016f m\u00e1 pr\u00e1vo podat st\u00ed\u017enost u dozorov\u00e9ho \u00fa\u0159adu, kter\u00fdm je p\u0159edseda \u00da\u0159adu pro ochranu osobn\u00edch \u00fadaj\u016f, Stawki 2, Var\u0161ava.<br \/>VII.    Automatizovan\u00e9 rozhodov\u00e1n\u00ed. Profilov\u00e1n\u00ed<br \/>&#8211; Osobn\u00ed \u00fadaje nebudou zpracov\u00e1v\u00e1ny automatizovan\u00fdmi prost\u0159edky, v\u010detn\u011b profilov\u00e1n\u00ed.<br \/>VIII. Z\u00e1sady pou\u017e\u00edv\u00e1n\u00ed soubor\u016f cookie<br \/>1. Obchod neshroma\u017e\u010fuje \u017e\u00e1dn\u00e9 informace automatick\u00fdmi prost\u0159edky, s v\u00fdjimkou informac\u00ed obsa\u017een\u00fdch v souborech cookie.<br \/>2. Soubory cookie (tzv. &#8222;cookies&#8220;) jsou data informa\u010dn\u00edch technologi\u00ed, zejm\u00e9na textov\u00e9 soubory, kter\u00e9 jsou ulo\u017eeny v koncov\u00e9m za\u0159\u00edzen\u00ed z\u00e1kazn\u00edka a jsou ur\u010deny pro pou\u017e\u00edv\u00e1n\u00ed webov\u00fdch str\u00e1nek obchodu. Cookies obvykle obsahuj\u00ed n\u00e1zev webov\u00e9 str\u00e1nky, ze kter\u00e9 poch\u00e1zej\u00ed, dobu, po kterou jsou ulo\u017eeny v koncov\u00e9m za\u0159\u00edzen\u00ed, a jedine\u010dn\u00e9 \u010d\u00edslo.   <br \/>(3) Spr\u00e1vce obchodu je subjekt, kter\u00fd umis\u0165uje soubory cookie do koncov\u00e9ho za\u0159\u00edzen\u00ed z\u00e1kazn\u00edka a p\u0159istupuje k nim.<br \/>4 Soubory cookie se pou\u017e\u00edvaj\u00ed pro:<br \/>a) p\u0159izp\u016fsoben\u00ed obsahu webov\u00fdch str\u00e1nek Obchodu preferenc\u00edm Z\u00e1kazn\u00edka a optimalizaci pou\u017e\u00edv\u00e1n\u00ed webov\u00fdch str\u00e1nek; tyto soubory umo\u017e\u0148uj\u00ed zejm\u00e9na rozpozn\u00e1n\u00ed za\u0159\u00edzen\u00ed Z\u00e1kazn\u00edka a vhodn\u00e9 zobrazen\u00ed webov\u00fdch str\u00e1nek p\u0159izp\u016fsoben\u00e9 jeho individu\u00e1ln\u00edm pot\u0159eb\u00e1m;<br \/>b) vytv\u00e1\u0159en\u00ed statistik, kter\u00e9 pom\u00e1haj\u00ed pochopit, jak Z\u00e1kazn\u00edci pou\u017e\u00edvaj\u00ed webov\u00e9 str\u00e1nky, co\u017e umo\u017e\u0148uje zlep\u0161ovat jejich strukturu a obsah;<br \/>c) udr\u017eov\u00e1n\u00ed relace Z\u00e1kazn\u00edka.<br \/>(5) V r\u00e1mci obchodu se pou\u017e\u00edvaj\u00ed n\u00e1sleduj\u00edc\u00ed typy soubor\u016f cookie:<br \/>a) &#8222;session&#8220; soubory cookie a &#8222;persistent&#8220; soubory cookie. &#8222;Rela\u010dn\u00ed&#8220; soubory cookie jsou do\u010dasn\u00e9 soubory, kter\u00e9 se ukl\u00e1daj\u00ed v koncov\u00e9m za\u0159\u00edzen\u00ed z\u00e1kazn\u00edka, dokud se z\u00e1kazn\u00edk neodhl\u00e1s\u00ed, neopust\u00ed webov\u00e9 str\u00e1nky nebo nevypne software (webov\u00fd prohl\u00ed\u017ee\u010d). &#8222;Trval\u00e9&#8220; soubory cookie se ukl\u00e1daj\u00ed v koncov\u00e9m za\u0159\u00edzen\u00ed Z\u00e1kazn\u00edka po dobu uvedenou v parametrech soubor\u016f cookie nebo do doby, ne\u017e je Z\u00e1kazn\u00edk vyma\u017ee;  <br \/>b) &#8222;nezbytn\u00e9&#8220; soubory cookie, kter\u00e9 umo\u017e\u0148uj\u00ed vyu\u017e\u00edvat slu\u017eby dostupn\u00e9 v Obchod\u011b, nap\u0159. autentiza\u010dn\u00ed soubory cookie pou\u017e\u00edvan\u00e9 pro slu\u017eby, kter\u00e9 vy\u017eaduj\u00ed autentizaci v Obchod\u011b;<br \/>c) soubory cookie pou\u017e\u00edvan\u00e9 k zaji\u0161t\u011bn\u00ed bezpe\u010dnosti, nap\u0159. pou\u017e\u00edvan\u00e9 pro odhalov\u00e1n\u00ed zneu\u017eit\u00ed autentizace v Obchod\u011b. slou\u017e\u00edc\u00ed k odhalen\u00ed zneu\u017eit\u00ed autentizace v r\u00e1mci Obchodu;<br \/>d) &#8222;v\u00fdkonnostn\u00ed&#8220; soubory cookie, umo\u017e\u0148uj\u00edc\u00ed shroma\u017e\u010fovat informace o zp\u016fsobu pou\u017e\u00edv\u00e1n\u00ed webov\u00fdch str\u00e1nek Obchodu;<br \/>e) &#8222;funk\u010dn\u00ed&#8220; soubory cookie, umo\u017e\u0148uj\u00edc\u00ed &#8222;zapamatovat si&#8220; nastaven\u00ed zvolen\u00e9 Z\u00e1kazn\u00edkem a personalizovat rozhran\u00ed Z\u00e1kazn\u00edka, nap\u0159. s ohledem na zvolen\u00fd jazyk nebo region, ze kter\u00e9ho Z\u00e1kazn\u00edk poch\u00e1z\u00ed, velikost p\u00edsma, vzhled webov\u00fdch str\u00e1nek apod.<br \/>f) &#8222;reklamn\u00ed&#8220; soubory cookie, umo\u017e\u0148uj\u00edc\u00ed poskytovat reklamn\u00ed obsah v\u00edce odpov\u00eddaj\u00edc\u00ed z\u00e1jm\u016fm Z\u00e1kazn\u00edka.<br \/>(6) V mnoha p\u0159\u00edpadech software pro prohl\u00ed\u017een\u00ed webov\u00fdch str\u00e1nek (webov\u00fd prohl\u00ed\u017ee\u010d) standardn\u011b umo\u017e\u0148uje ukl\u00e1d\u00e1n\u00ed soubor\u016f cookie na koncov\u00e9m za\u0159\u00edzen\u00ed z\u00e1kazn\u00edka. Z\u00e1kazn\u00edci mohou nastaven\u00ed soubor\u016f cookie kdykoli zm\u011bnit. Tato nastaven\u00ed lze zm\u011bnit zejm\u00e9na tak, \u017ee se v nastaven\u00ed webov\u00e9ho prohl\u00ed\u017ee\u010de zablokuje automatick\u00e9 nakl\u00e1d\u00e1n\u00ed se soubory cookie nebo se poka\u017ed\u00e9 informuje o jejich um\u00edst\u011bn\u00ed v za\u0159\u00edzen\u00ed Klienta. Podrobn\u00e9 informace o mo\u017enostech a zp\u016fsobech pou\u017e\u00edv\u00e1n\u00ed cookies jsou k dispozici v nastaven\u00ed softwaru (webov\u00e9ho prohl\u00ed\u017ee\u010de).<br \/>7. Spr\u00e1vce upozor\u0148uje, \u017ee omezen\u00ed pou\u017e\u00edv\u00e1n\u00ed cookies m\u016f\u017ee m\u00edt vliv na n\u011bkter\u00e9 funkce dostupn\u00e9 v Obchod\u011b.   <\/p>\n\n<script id=\"CookieDeclaration\" src=\"https:\/\/consent.cookiebot.com\/0017215b-cfe1-4ff7-909a-fe2399bd0be9\/cd.js\" type=\"text\/javascript\"><\/script>\n","protected":false},"excerpt":{"rendered":"<p>Obsah&#8211; I. Spr\u00e1vce osobn\u00edch \u00fadaj\u016f&#8211; II. Rozsah platnosti obchodn\u00edch podm\u00ednek, identifika\u010dn\u00ed \u00fadaje prod\u00e1vaj\u00edc\u00edho&#8211; III. \u00da\u010del a d\u016fvody zpracov\u00e1n\u00ed osobn\u00edch \u00fadaj\u016f&#8211; IV. P\u0159\u00edjemci \u00fadaj\u016f. P\u0159ed\u00e1v\u00e1n\u00ed \u00fadaj\u016f do t\u0159et\u00edch zem\u00ed&#8211; V. Doba uchov\u00e1v\u00e1n\u00ed osobn\u00edch \u00fadaj\u016f&#8211; VI. Pr\u00e1va subjektu \u00fadaj\u016f&#8211; VII. Automatizovan\u00e9 rozhodov\u00e1n\u00ed. Profilov\u00e1n\u00ed&#8211; VIII. Z\u00e1sady pou\u017e\u00edv\u00e1n\u00ed soubor\u016f cookieI. Spr\u00e1vce osobn\u00edch \u00fadaj\u016f1. Spr\u00e1vce informuje, \u017ee zpracov\u00e1n\u00edm osobn\u00edch \u00fadaj\u016f [&hellip;]<\/p>\n","protected":false},"author":1,"featured_media":0,"parent":0,"menu_order":0,"comment_status":"closed","ping_status":"closed","template":"","meta":{"_acf_changed":false,"inline_featured_image":false,"footnotes":""},"class_list":["post-356872","page","type-page","status-publish","hentry"],"acf":[],"_links":{"self":[{"href":"https:\/\/medandbeauty.com\/cs\/wp-json\/wp\/v2\/pages\/356872","targetHints":{"allow":["GET"]}}],"collection":[{"href":"https:\/\/medandbeauty.com\/cs\/wp-json\/wp\/v2\/pages"}],"about":[{"href":"https:\/\/medandbeauty.com\/cs\/wp-json\/wp\/v2\/types\/page"}],"author":[{"embeddable":true,"href":"https:\/\/medandbeauty.com\/cs\/wp-json\/wp\/v2\/users\/1"}],"replies":[{"embeddable":true,"href":"https:\/\/medandbeauty.com\/cs\/wp-json\/wp\/v2\/comments?post=356872"}],"version-history":[{"count":2,"href":"https:\/\/medandbeauty.com\/cs\/wp-json\/wp\/v2\/pages\/356872\/revisions"}],"predecessor-version":[{"id":431462,"href":"https:\/\/medandbeauty.com\/cs\/wp-json\/wp\/v2\/pages\/356872\/revisions\/431462"}],"wp:attachment":[{"href":"https:\/\/medandbeauty.com\/cs\/wp-json\/wp\/v2\/media?parent=356872"}],"curies":[{"name":"wp","href":"https:\/\/api.w.org\/{rel}","templated":true}]}}