{"id":382825,"date":"2025-03-25T14:12:29","date_gmt":"2025-03-25T13:12:29","guid":{"rendered":"https:\/\/medandbeauty.com\/registrace-zajemcu-o-ucast-na-zasedani\/"},"modified":"2025-03-25T14:46:48","modified_gmt":"2025-03-25T13:46:48","slug":"registrace-zajemcu-o-ucast-na-zasedani","status":"publish","type":"page","link":"https:\/\/medandbeauty.com\/cs\/registrace-zajemcu-o-ucast-na-zasedani\/","title":{"rendered":"Registrace z\u00e1jemc\u016f o \u00fa\u010dast na zased\u00e1n\u00ed"},"content":{"rendered":"\n\n<div class=\"wpcf7 no-js\" id=\"wpcf7-f382687-o1\" lang=\"cs-CZ\" dir=\"ltr\" data-wpcf7-id=\"382687\">\n<div class=\"screen-reader-response\"><p role=\"status\" aria-live=\"polite\" aria-atomic=\"true\"><\/p> <ul><\/ul><\/div>\n<form action=\"\/cs\/wp-json\/wp\/v2\/pages\/382825#wpcf7-f382687-o1\" method=\"post\" class=\"wpcf7-form init\" aria-label=\"Kontaktn\u00ed formul\u00e1\u0159\" novalidate=\"novalidate\" data-status=\"init\">\n<fieldset class=\"hidden-fields-container\"><input type=\"hidden\" name=\"_wpcf7\" value=\"382687\" \/><input type=\"hidden\" name=\"_wpcf7_version\" value=\"6.1.5\" \/><input type=\"hidden\" name=\"_wpcf7_locale\" value=\"cs_CZ\" \/><input type=\"hidden\" name=\"_wpcf7_unit_tag\" value=\"wpcf7-f382687-o1\" \/><input type=\"hidden\" name=\"_wpcf7_container_post\" value=\"0\" \/><input type=\"hidden\" name=\"_wpcf7_posted_data_hash\" value=\"\" \/><input type=\"hidden\" name=\"_wpcf7_recaptcha_response\" value=\"\" \/>\n<\/fieldset>\n<div class=\"form-section\">\n\t<div class=\"form-row\">\n\t\t<p>N\u00e1zev <label> <span class=\"requied\">*<\/span><\/label><br \/>\n<span class=\"wpcf7-form-control-wrap\" data-name=\"full_name\"><input size=\"40\" maxlength=\"400\" minlength=\"2\" class=\"wpcf7-form-control wpcf7-text wpcf7-validates-as-required full_name\" aria-required=\"true\" aria-invalid=\"false\" placeholder=\"N\u00e1zev\" value=\"\" type=\"text\" name=\"full_name\" \/><\/span>\n\t\t<\/p>\n\t<\/div>\n\t<div class=\"form-row\">\n\t\t<p><label> Jste n\u00e1\u0161 z\u00e1kazn\u00edk? <span class=\"requied\">*<\/span><\/label><br \/>\n<span class=\"wpcf7-form-control-wrap\" data-name=\"client\"><span class=\"wpcf7-form-control wpcf7-radio client\"><span class=\"wpcf7-list-item first\"><label><input type=\"radio\" name=\"client\" value=\"Ano\" \/><span class=\"wpcf7-list-item-label\">Ano<\/span><\/label><\/span><span class=\"wpcf7-list-item last\"><label><input type=\"radio\" name=\"client\" value=\"Ne\" \/><span class=\"wpcf7-list-item-label\">Ne<\/span><\/label><\/span><\/span><\/span>\n\t\t<\/p>\n\t<\/div>\n\t<div class=\"form-row\">\n\t\t<p><label> Co d\u011bl\u00e1te profesion\u00e1ln\u011b? <span class=\"requied\">*<\/span><\/label><br \/>\n<span class=\"wpcf7-form-control-wrap\" data-name=\"work\"><input size=\"40\" maxlength=\"400\" minlength=\"2\" class=\"wpcf7-form-control wpcf7-text wpcf7-validates-as-required work\" aria-required=\"true\" aria-invalid=\"false\" placeholder=\"Co d\u011bl\u00e1te profesion\u00e1ln\u011b?\" value=\"\" type=\"text\" name=\"work\" \/><\/span>\n\t\t<\/p>\n\t<\/div>\n\t<div class=\"form-row\">\n\t\t<p><label> Kontaktn\u00ed e-mail <span class=\"requied\">*<\/span><\/label><br \/>\n<span class=\"wpcf7-form-control-wrap\" data-name=\"mail\"><input size=\"40\" maxlength=\"400\" minlength=\"2\" class=\"wpcf7-form-control wpcf7-email wpcf7-validates-as-required wpcf7-text wpcf7-validates-as-email mail\" aria-required=\"true\" aria-invalid=\"false\" placeholder=\"Kontaktn\u00ed e-mail\" value=\"\" type=\"email\" name=\"mail\" \/><\/span>\n\t\t<\/p>\n\t<\/div>\n\t<div class=\"form-row\">\n\t\t<p><label> Telefonn\u00ed \u010d\u00edslo <span class=\"requied\">*<\/span><\/label><br \/>\n<span class=\"wpcf7-form-control-wrap\" data-name=\"phone_nubmer\"><input size=\"40\" maxlength=\"400\" minlength=\"9\" class=\"wpcf7-form-control wpcf7-tel wpcf7-validates-as-required wpcf7-text wpcf7-validates-as-tel phone_nubmer\" aria-required=\"true\" aria-invalid=\"false\" placeholder=\"500600700\" value=\"\" type=\"tel\" name=\"phone_nubmer\" \/><\/span>\n\t\t<\/p>\n\t<\/div>\n\t<div class=\"form-row\">\n\t\t<p><span class=\"wpcf7-form-control-wrap\" data-name=\"acceptance-1\"><span class=\"wpcf7-form-control wpcf7-acceptance optional\"><span class=\"wpcf7-list-item\"><label><input type=\"checkbox\" name=\"acceptance-1\" value=\"1\" class=\"acceptance-1\" aria-invalid=\"false\" \/><span class=\"wpcf7-list-item-label\">Souhlas\u00edte se sd\u00edlen\u00edm va\u0161\u00ed podobizny na na\u0161ich soci\u00e1ln\u00edch s\u00edt\u00edch?- zpr\u00e1va ze sch\u016fzky<\/span><\/label><\/span><\/span><\/span>\n\t\t<\/p>\n\t<\/div>\n\t<div class=\"form-row\">\n\t\t<p><label> Pro\u010d se chcete sch\u016fzky z\u00fa\u010dastnit? <span class=\"requied\">*<\/span><\/label><br \/>\n<span class=\"wpcf7-form-control-wrap\" data-name=\"why\"><input size=\"40\" maxlength=\"400\" minlength=\"2\" class=\"wpcf7-form-control wpcf7-text wpcf7-validates-as-required why\" autocomplete=\"name\" aria-required=\"true\" aria-invalid=\"false\" placeholder=\"Pro\u010d se chcete z\u00fa\u010dastnit?\" value=\"\" type=\"text\" name=\"why\" \/><\/span>\n\t\t<\/p>\n\t<\/div>\n\t<div class=\"form-row\">\n\t\t<p><span class=\"wpcf7-form-control-wrap\" data-name=\"acceptance-2\"><span class=\"wpcf7-form-control wpcf7-acceptance optional\"><span class=\"wpcf7-list-item\"><label><input type=\"checkbox\" name=\"acceptance-2\" value=\"1\" class=\"acceptance-1\" aria-invalid=\"false\" \/><span class=\"wpcf7-list-item-label\">Souhlas\u00edte se sd\u00edlen\u00edm va\u0161\u00ed podobizny na na\u0161ich soci\u00e1ln\u00edch s\u00edt\u00edch?- zpr\u00e1va ze sch\u016fzky<\/span><\/label><\/span><\/span><\/span><br \/>\n<span class=\"wpcf7-form-control-wrap\" data-name=\"acceptance-2\"><span class=\"wpcf7-form-control wpcf7-acceptance\"><span class=\"wpcf7-list-item\"><label><input type=\"checkbox\" name=\"acceptance-2\" value=\"1\" class=\"acceptance-2\" aria-invalid=\"false\" \/><span class=\"wpcf7-list-item-label\">Souhlas\u00edm se zpracov\u00e1n\u00edm sv\u00fdch osobn\u00edch \u00fadaj\u016f, v\u010detn\u011b jm\u00e9na, e-mailov\u00e9 adresy, telefonn\u00edho \u010d\u00edsla, spole\u010dnost\u00ed MED&BEAUTY - GROCHOLEWSKI ; ul.27 Grudnia 15A, 64-330 Opalenica, Polsko za \u00fa\u010delem zas\u00edl\u00e1n\u00ed propaga\u010dn\u00edch informac\u00ed. D\u00e1le prohla\u0161uji, \u017ee jsem byl\/a informov\u00e1n\/a o tom, \u017ee sv\u016fj souhlas mohu kdykoli odvolat a \u017ee jeho odvol\u00e1n\u00ed nem\u00e1 vliv na z\u00e1konnost zpracov\u00e1n\u00ed, kter\u00e9 bylo provedeno na z\u00e1klad\u011b souhlasu p\u0159ed jeho odvol\u00e1n\u00edm.<\/span><\/label><\/span><\/span><\/span>\n\t\t<\/p>\n\t<\/div>\n<\/div>\n<p><input class=\"wpcf7-form-control wpcf7-submit has-spinner send-btn btn\" id=\"send-btn\" type=\"submit\" value=\"Odeslat\" \/>\n<\/p><div class=\"wpcf7-response-output\" aria-hidden=\"true\"><\/div>\n<\/form>\n<\/div>\n\n<p>\n<script>$(document).ready(function() {console.log('test123')\n    if ($('.wpc_form_registration').length) {<\/p>\n<p>        if ($('.acceptance_more_info_btn').length &amp;&amp; $('.acceptance_more_info_hidden').length) {\n            $('.acceptance_more_info_btn').on('click', function() {\n                $('.acceptance_more_info').removeClass('acceptance_more_info_hidden');\n            });\n        }\n    }\n});<\/scirpt><\/script><\/p>\n","protected":false},"excerpt":{"rendered":"","protected":false},"author":1,"featured_media":0,"parent":0,"menu_order":0,"comment_status":"closed","ping_status":"closed","template":"template-pages\/page_form_register.php","meta":{"_acf_changed":false,"inline_featured_image":false,"footnotes":""},"class_list":["post-382825","page","type-page","status-publish","hentry"],"acf":[],"_links":{"self":[{"href":"https:\/\/medandbeauty.com\/cs\/wp-json\/wp\/v2\/pages\/382825","targetHints":{"allow":["GET"]}}],"collection":[{"href":"https:\/\/medandbeauty.com\/cs\/wp-json\/wp\/v2\/pages"}],"about":[{"href":"https:\/\/medandbeauty.com\/cs\/wp-json\/wp\/v2\/types\/page"}],"author":[{"embeddable":true,"href":"https:\/\/medandbeauty.com\/cs\/wp-json\/wp\/v2\/users\/1"}],"replies":[{"embeddable":true,"href":"https:\/\/medandbeauty.com\/cs\/wp-json\/wp\/v2\/comments?post=382825"}],"version-history":[{"count":1,"href":"https:\/\/medandbeauty.com\/cs\/wp-json\/wp\/v2\/pages\/382825\/revisions"}],"predecessor-version":[{"id":382826,"href":"https:\/\/medandbeauty.com\/cs\/wp-json\/wp\/v2\/pages\/382825\/revisions\/382826"}],"wp:attachment":[{"href":"https:\/\/medandbeauty.com\/cs\/wp-json\/wp\/v2\/media?parent=382825"}],"curies":[{"name":"wp","href":"https:\/\/api.w.org\/{rel}","templated":true}]}}