{"id":521523,"date":"2025-11-27T12:32:24","date_gmt":"2025-11-27T11:32:24","guid":{"rendered":"https:\/\/medandbeauty.com\/?page_id=521523"},"modified":"2025-11-27T12:34:17","modified_gmt":"2025-11-27T11:34:17","slug":"zdravotnicke-odevy-varsava-2","status":"publish","type":"page","link":"https:\/\/medandbeauty.com\/cs\/zdravotnicke-odevy-varsava-2\/","title":{"rendered":"Zdravotnick\u00e9 oble\u010den\u00ed Pozna\u0148"},"content":{"rendered":"\n<p>Udr\u017een\u00ed pln\u00e9 koncentrace po mnoho hodin z\u00e1vis\u00ed nejen na pracovn\u00edch podm\u00ednk\u00e1ch, ale tak\u00e9 na tom, co m\u00e1te na sob\u011b. Materi\u00e1l, kter\u00fd nezp\u016fsobuje nepohodl\u00ed, m\u016f\u017ee \u00fa\u010dinn\u011b zm\u00edrnit z\u00e1t\u011b\u017e va\u0161eho t\u011bla b\u011bhem n\u00e1ro\u010dn\u00e9ho dne. V na\u0161ich kolekc\u00edch jsou k dispozici dv\u011b \u00farovn\u011b pohodl\u00ed &#8211; z\u00e1kladn\u00ed a pr\u00e9miov\u00e1 verze. Ka\u017ed\u00e1 z nich byla p\u0159ipravena s ohledem na r\u016fzn\u00e9 pot\u0159eby.   <\/p>\n\n<p>Modely z\u00e1kladn\u00ed kolekce jsou vyrobeny z tkaniny, kter\u00e1 kombinuje odolnost a pru\u017enost. Jejich slo\u017een\u00ed je zalo\u017eeno na syntetick\u00fdch vl\u00e1knech a visk\u00f3ze. Tato kombinace umo\u017e\u0148uje zachovat strukturu tkaniny a z\u00e1rove\u0148 zajistit lehkost a pohodl\u00ed. Pr\u00e9miov\u00e1 kolekce je n\u00e1vrhem, kter\u00fd je zalo\u017een na p\u0159\u00edrodn\u00ed bavln\u011b s p\u0159\u00eddavkem technick\u00fdch vl\u00e1ken. D\u00edky tomu je tkanina m\u011bkk\u00e1, pru\u017en\u00e1 a m\u00e9n\u011b n\u00e1chyln\u00e1 k ma\u010dk\u00e1n\u00ed. Ob\u011b verze byly vyvinuty v reakci na pot\u0159eby lid\u00ed, kte\u0159\u00ed tr\u00e1v\u00ed mnoho hodin v pohybu, \u010dasto v prom\u011bnliv\u00fdch podm\u00ednk\u00e1ch. <strong>Zdravotnick\u00e9 oble\u010den\u00ed dostupn\u00e9 s dopravou do Poznan\u011b bylo<\/strong> vytvo\u0159eno tak, aby v\u00e1s podpo\u0159ilo za v\u0161ech podm\u00ednek.     <\/p>\n\n<h2 class=\"wp-block-heading\">Zdravotnick\u00e9 od\u011bvy z Poznan\u011b se vyzna\u010duj\u00ed rafinovan\u00fdmi st\u0159ihy, kter\u00e9 zd\u016frazn\u00ed va\u0161i profesionalitu.<\/h2>\n\n<p>\u010cist\u00fd a estetick\u00fd vzhled \u010dasto vypov\u00edd\u00e1 o va\u0161em p\u0159\u00edstupu k pr\u00e1ci. Profesion\u00e1ln\u00ed oble\u010den\u00ed pom\u00e1h\u00e1 vzbudit d\u016fv\u011bru u pacient\u016f nebo klient\u016f &#8211; a to je\u0161t\u011b p\u0159edt\u00edm, ne\u017e za\u010dne konverzace. P\u0159i pr\u00e1ci, kde je oble\u010den\u00ed vystaveno p\u016fsoben\u00ed p\u0159\u00edpravk\u016f, vody nebo vybaven\u00ed, je d\u016fle\u017eit\u00e1 nejen odolnost, ale tak\u00e9 funk\u010dnost. V\u0161echny modely dostupn\u00e9 v na\u0161em internetov\u00e9m obchod\u011b jsou navr\u017eeny tak, aby vypadaly dob\u0159e i po mnoha hodin\u00e1ch.   <\/p>\n\n<p>Materi\u00e1l se nema\u010dk\u00e1 a nevy\u017eaduje zdlouhav\u00e9 \u017eehlen\u00ed. \u00dadr\u017eba je proste, proto\u017ee od\u011bvy p\u0159i pran\u00ed neztr\u00e1cej\u00ed tvar a dlouho si zachov\u00e1vaj\u00ed sv\u00e9 barvy. St\u0159ihy se p\u0159izp\u016fsob\u00ed r\u016fzn\u00fdm siluet\u00e1m, tak\u017ee nen\u00ed t\u0159eba je p\u0159i pohybu upravovat. To je d\u016fle\u017eit\u00e9 pro pracovn\u00edky v kosmetice, rehabilitaci nebo o\u0161et\u0159ovatelstv\u00ed, kde jsou dynamick\u00e9 zm\u011bny polohy na denn\u00edm po\u0159\u00e1dku. Zdravotnick\u00e9 od\u011bvy dostupn\u00e9 v Poznani spojuj\u00ed estetiku s praktick\u00fdm p\u0159\u00edstupem ke ka\u017edodenn\u00edm povinnostem.    <\/p>\n\n<h2 class=\"wp-block-heading\">M\u00edstn\u00ed v\u00fdroba, kter\u00e9 m\u016f\u017eete d\u016fv\u011b\u0159ovat &#8211; zdravotnick\u00e9 od\u011bvy vyroben\u00e9 v Polsku Pozna\u0148<\/h2>\n\n<p>V\u00fdb\u011brem m\u00edstn\u011b vyr\u00e1b\u011bn\u00fdch od\u011bv\u016f podporujete kvalitn\u00ed \u0159emesln\u00e9 zpracov\u00e1n\u00ed a transparentn\u00ed tv\u016fr\u010d\u00ed proces. Ka\u017ed\u00fd krok p\u0159i \u0161it\u00ed zdravotnick\u00fdch od\u011bv\u016f dostupn\u00fdch v Poznani &#8211; od konstrukce st\u0159ihu a\u017e po pe\u010dliv\u00e9 dokon\u010den\u00ed &#8211; prob\u00edh\u00e1 pod na\u0161\u00edm dohledem. To n\u00e1m umo\u017e\u0148uje zajistit kvalitu a konzistenci zpracov\u00e1n\u00ed v ka\u017ed\u00e9 kolekci.  <\/p>\n\n<p>\u0160vy jsou pevn\u00e9 a povrchov\u00e9 \u00fapravy pe\u010dliv\u011b propracovan\u00e9. Materi\u00e1ly jsou pe\u010dliv\u011b vybr\u00e1ny pro dlouhodob\u00e9 a intenzivn\u00ed pou\u017e\u00edv\u00e1n\u00ed. Ka\u017ed\u00fd kus proch\u00e1z\u00ed kontrolou kvality. D\u00edky tomu je zaji\u0161t\u011bno, \u017ee se od\u011bv ani po n\u011bkolika vypr\u00e1n\u00edch nevytah\u00e1 a neztrat\u00ed sv\u016fj tvar. \u0160it\u00ed prob\u00edh\u00e1 v osv\u011bd\u010den\u00fdch \u0161ic\u00edch d\u00edln\u00e1ch, se kter\u00fdmi spolupracujeme ji\u017e \u0159adu let.    <\/p>\n\n<h2 class=\"wp-block-heading\">Zdravotnick\u00e9 oble\u010den\u00ed Pozna\u0148 &#8211; vyberte si barvy, kter\u00e9 vyhovuj\u00ed va\u0161emu stylu a pracovn\u00edmu prost\u0159ed\u00ed<\/h2>\n\n<p>Jednotn\u00e9 barevn\u00e9 sch\u00e9ma pom\u00e1h\u00e1 vytvo\u0159it na pracovi\u0161ti pocit po\u0159\u00e1dku a estetiky. Spr\u00e1vn\u00fd odst\u00edn oble\u010den\u00ed m\u016f\u017ee zlep\u0161it atmosf\u00e9ru kancel\u00e1\u0159e a ovlivnit vn\u00edm\u00e1n\u00ed cel\u00e9ho t\u00fdmu. Barevn\u00e1 paleta, kterou nab\u00edz\u00edme, byla vytvo\u0159ena s ohledem na r\u016fzn\u00e9 profesn\u00ed prostory. Oble\u010den\u00ed v tlumen\u00fdch barv\u00e1ch bude dob\u0159e fungovat ve form\u00e1ln\u011bj\u0161\u00edm prost\u0159ed\u00ed. Oble\u010den\u00ed v intenzivn\u011bj\u0161\u00edch barv\u00e1ch naopak p\u0159itahuje pozornost, tak\u017ee je ide\u00e1ln\u00ed nap\u0159\u00edklad pro d\u011btsk\u00e1 odd\u011blen\u00ed.    <\/p>\n\n<p>Ka\u017ed\u00fd kus oble\u010den\u00ed je k dispozici v \u0159ad\u011b odst\u00edn\u016f, kter\u00e9 odpov\u00eddaj\u00ed identit\u011b zna\u010dky nebo va\u0161im vlastn\u00edm preferenc\u00edm. Tkaniny neztr\u00e1cej\u00ed barvu p\u0159i pran\u00ed, neblednou na sv\u011btle a zachov\u00e1vaj\u00ed si svou hloubku i po mnoha prac\u00edch cyklech. Na\u0161e zdravotnick\u00e9 od\u011bvy dostupn\u00e9 v Poznani spojuj\u00ed prakti\u010dnost s estetikou, aby vyhovovaly va\u0161\u00ed profesi i ka\u017edodenn\u00edmu prost\u0159ed\u00ed. Chcete se v pr\u00e1ci c\u00edtit dob\u0159e a vypadat profesion\u00e1ln\u011b? To je mo\u017en\u00e9, pokud si vyberete osv\u011bd\u010den\u00e9 oble\u010den\u00ed. Prohl\u00e9dn\u011bte si na\u0161i kolekci a poc\u00edt\u00edte rozd\u00edl od prvn\u00edho dne!     <\/p>\n","protected":false},"excerpt":{"rendered":"<p>Udr\u017een\u00ed pln\u00e9 koncentrace po mnoho hodin z\u00e1vis\u00ed nejen na pracovn\u00edch podm\u00ednk\u00e1ch, ale tak\u00e9 na tom, co m\u00e1te na sob\u011b. Materi\u00e1l, kter\u00fd nezp\u016fsobuje nepohodl\u00ed, m\u016f\u017ee \u00fa\u010dinn\u011b zm\u00edrnit z\u00e1t\u011b\u017e va\u0161eho t\u011bla b\u011bhem n\u00e1ro\u010dn\u00e9ho dne. V na\u0161ich kolekc\u00edch jsou k dispozici dv\u011b \u00farovn\u011b pohodl\u00ed &#8211; z\u00e1kladn\u00ed a pr\u00e9miov\u00e1 verze. Ka\u017ed\u00e1 z nich byla p\u0159ipravena s ohledem na r\u016fzn\u00e9 [&hellip;]<\/p>\n","protected":false},"author":43705,"featured_media":0,"parent":0,"menu_order":0,"comment_status":"closed","ping_status":"closed","template":"page.php","meta":{"_acf_changed":false,"inline_featured_image":false,"footnotes":""},"class_list":["post-521523","page","type-page","status-publish","hentry"],"acf":[],"_links":{"self":[{"href":"https:\/\/medandbeauty.com\/cs\/wp-json\/wp\/v2\/pages\/521523","targetHints":{"allow":["GET"]}}],"collection":[{"href":"https:\/\/medandbeauty.com\/cs\/wp-json\/wp\/v2\/pages"}],"about":[{"href":"https:\/\/medandbeauty.com\/cs\/wp-json\/wp\/v2\/types\/page"}],"author":[{"embeddable":true,"href":"https:\/\/medandbeauty.com\/cs\/wp-json\/wp\/v2\/users\/43705"}],"replies":[{"embeddable":true,"href":"https:\/\/medandbeauty.com\/cs\/wp-json\/wp\/v2\/comments?post=521523"}],"version-history":[{"count":3,"href":"https:\/\/medandbeauty.com\/cs\/wp-json\/wp\/v2\/pages\/521523\/revisions"}],"predecessor-version":[{"id":624114,"href":"https:\/\/medandbeauty.com\/cs\/wp-json\/wp\/v2\/pages\/521523\/revisions\/624114"}],"wp:attachment":[{"href":"https:\/\/medandbeauty.com\/cs\/wp-json\/wp\/v2\/media?parent=521523"}],"curies":[{"name":"wp","href":"https:\/\/api.w.org\/{rel}","templated":true}]}}