{"id":358369,"date":"2025-02-28T11:02:49","date_gmt":"2025-02-28T10:02:49","guid":{"rendered":"https:\/\/medandbeauty.com\/product\/zdravotnicka-brasna-life-saver\/"},"modified":"2025-11-18T11:42:47","modified_gmt":"2025-11-18T10:42:47","slug":"zdravotnicka-brasna-life-saver","status":"publish","type":"product","link":"https:\/\/medandbeauty.com\/cs\/product\/zdravotnicka-brasna-life-saver\/","title":{"rendered":"Zdravotnick\u00e1 bra\u0161na Life Saver"},"content":{"rendered":"<p><strong>NOVINKA v na\u0161\u00ed nab\u00eddce<\/strong> &#8211; objemn\u00e9 bavln\u011bn\u00e9 zdravotnick\u00e9 ta\u0161ky s n\u00e1pisy, kter\u00e9 zd\u016frazn\u00ed v\u00e1\u0161e\u0148 pro va\u0161i profesi!<\/p>\n<p>Jste zdravotn\u00ed sestra nebo l\u00e9ka\u0159? Zd\u016frazn\u011bte svou l\u00e9ka\u0159skou p\u0159\u00edslu\u0161nost<strong> l\u00e9ka\u0159skou ta\u0161kou s n\u00e1pisem: Z\u00e1chran\u00e1\u0159!<\/strong> <\/p>\n<p><span style=\"font-weight: 400;\">Kdy\u017e tr\u00e1v\u00edte v pr\u00e1ci dlouh\u00e9 a intenzivn\u00ed hodiny, pot\u0159ebujete nejen<strong> l\u00e9ka\u0159sk\u00e9 oble\u010den\u00ed, <\/strong>kter\u00e9 v\u00e1m poskytne maxim\u00e1ln\u00ed pohodl\u00ed, ale tak\u00e9 prostornou<strong> l\u00e9ka\u0159skou bra\u0161nu na<\/strong> v\u0161echny dopl\u0148ky, kter\u00e9 v pr\u00e1ci pot\u0159ebujete!<\/span><\/p>\n<p><b>Zdravotnick\u00e1 ta\u0161ka s n\u00e1pisem: Life Saver <\/b>byla vyrobena ze 100% bavlny.<\/p>\n<p style=\"font-weight: 400;\"><strong>Ta\u0161ka<\/strong> je vybavena dv\u011bma p\u00e1ry dr\u017eadel, tak\u017ee ji m\u016f\u017eete nosit v ruce nebo p\u0159ehozenou p\u0159es rameno.<\/p>\n<p>Uvnit\u0159  <strong>l\u00e9ka\u0159sk\u00e9 bra\u0161ny<\/strong>  Zahrnuli jsme dal\u0161\u00ed kapsu na men\u0161\u00ed p\u0159edm\u011bty. Krom\u011b toho je ta\u0161ka vybavena zap\u00edn\u00e1n\u00edm, tak\u017ee ji m\u016f\u017eete bezpe\u010dn\u011b uzav\u0159\u00edt. <\/p>\n<p>N\u00e1pisy um\u00edst\u011bn\u00e9 na<strong> l\u00e9ka\u0159sk\u00fdch ta\u0161k\u00e1ch<\/strong> zd\u016frazn\u00ed va\u0161i profesionalitu a l\u00e1sku k v\u00fdkonu povol\u00e1n\u00ed.<\/p>\n<p>Zajist\u011bte si maxim\u00e1ln\u00ed pohodl\u00ed p\u0159i pr\u00e1ci se<strong> zdravotnickou bra\u0161nou s n\u00e1pisem: S bra\u0161nou s n\u00e1pisem Life Saver!<\/strong><\/p>\n<ul>\n<li>D\u00e9lka: 53,5 cm, \u0161\u00ed\u0159ka: 33 cm<\/li>\n<li>Kr\u00e1tk\u00e9 ucho: Dlouh\u00e9 ucho: 27 cm, dlouh\u00e9 ucho: 59 cm.<\/li>\n<li style=\"font-weight: 400;\">100% bavlna<\/li>\n<li>Jedine\u010dn\u00fd design<\/li>\n<li>Dv\u011b d\u00e9lky ucha<\/li>\n<li>N\u00e1pisy zd\u016fraz\u0148uj\u00edc\u00ed profesi<\/li>\n<\/ul>\n<p><strong>Dal\u0161\u00ed informace:<\/strong><\/p>\n<p>Odst\u00edn s\u00e1\u010dk\u016f na fotografi\u00edch se m\u016f\u017ee li\u0161it od skute\u010dnosti &#8211; to je zp\u016fsobeno r\u016fznorodost\u00ed dostupn\u00fdch elektronick\u00fdch za\u0159\u00edzen\u00ed a jejich individu\u00e1ln\u00edm nastaven\u00edm.<\/p>\n","protected":false},"excerpt":{"rendered":"<p>NOVINKA v na\u0161\u00ed nab\u00eddce &#8211; objemn\u00e9 bavln\u011bn\u00e9 zdravotnick\u00e9 ta\u0161ky s n\u00e1pisy, kter\u00e9 zd\u016frazn\u00ed v\u00e1\u0161e\u0148 pro va\u0161i profesi! Jste zdravotn\u00ed sestra nebo l\u00e9ka\u0159? Zd\u016frazn\u011bte svou l\u00e9ka\u0159skou p\u0159\u00edslu\u0161nost l\u00e9ka\u0159skou ta\u0161kou s n\u00e1pisem: Z\u00e1chran\u00e1\u0159! Kdy\u017e tr\u00e1v\u00edte v pr\u00e1ci dlouh\u00e9 a intenzivn\u00ed hodiny, pot\u0159ebujete nejen l\u00e9ka\u0159sk\u00e9 oble\u010den\u00ed, kter\u00e9 v\u00e1m poskytne maxim\u00e1ln\u00ed pohodl\u00ed, ale tak\u00e9 prostornou l\u00e9ka\u0159skou bra\u0161nu na v\u0161echny [&hellip;]<\/p>\n","protected":false},"featured_media":358370,"comment_status":"open","ping_status":"closed","template":"","meta":{"_acf_changed":false,"inline_featured_image":false},"kolor":[1028],"rodzaj-ubrania":[],"ubranie":[1032],"product_brand":[],"product_cat":[1031,1029,1030],"product_tag":[],"class_list":{"0":"post-358369","1":"product","2":"type-product","3":"status-publish","4":"has-post-thumbnail","6":"kolor-beiges-cs","7":"ubranie-zdravotnicka-taska","8":"product_cat-prislusenstvi","9":"product_cat-pro-ni","10":"product_cat-zpravy","12":"first","13":"instock","14":"taxable","15":"shipping-taxable","16":"purchasable","17":"product-type-simple"},"acf":[],"_links":{"self":[{"href":"https:\/\/medandbeauty.com\/cs\/wp-json\/wp\/v2\/product\/358369","targetHints":{"allow":["GET"]}}],"collection":[{"href":"https:\/\/medandbeauty.com\/cs\/wp-json\/wp\/v2\/product"}],"about":[{"href":"https:\/\/medandbeauty.com\/cs\/wp-json\/wp\/v2\/types\/product"}],"replies":[{"embeddable":true,"href":"https:\/\/medandbeauty.com\/cs\/wp-json\/wp\/v2\/comments?post=358369"}],"wp:featuredmedia":[{"embeddable":true,"href":"https:\/\/medandbeauty.com\/cs\/wp-json\/wp\/v2\/media\/358370"}],"wp:attachment":[{"href":"https:\/\/medandbeauty.com\/cs\/wp-json\/wp\/v2\/media?parent=358369"}],"wp:term":[{"taxonomy":"kolor","embeddable":true,"href":"https:\/\/medandbeauty.com\/cs\/wp-json\/wp\/v2\/kolor?post=358369"},{"taxonomy":"rodzaj-ubrania","embeddable":true,"href":"https:\/\/medandbeauty.com\/cs\/wp-json\/wp\/v2\/rodzaj-ubrania?post=358369"},{"taxonomy":"ubranie","embeddable":true,"href":"https:\/\/medandbeauty.com\/cs\/wp-json\/wp\/v2\/ubranie?post=358369"},{"taxonomy":"product_brand","embeddable":true,"href":"https:\/\/medandbeauty.com\/cs\/wp-json\/wp\/v2\/product_brand?post=358369"},{"taxonomy":"product_cat","embeddable":true,"href":"https:\/\/medandbeauty.com\/cs\/wp-json\/wp\/v2\/product_cat?post=358369"},{"taxonomy":"product_tag","embeddable":true,"href":"https:\/\/medandbeauty.com\/cs\/wp-json\/wp\/v2\/product_tag?post=358369"}],"curies":[{"name":"wp","href":"https:\/\/api.w.org\/{rel}","templated":true}]}}