{"id":358646,"date":"2025-02-24T08:03:36","date_gmt":"2025-02-24T07:03:36","guid":{"rendered":"https:\/\/medandbeauty.com\/product\/zdravotnicke-kalhoty-panske-joggers-scrubs-basic-cappuccino\/"},"modified":"2026-03-24T17:05:09","modified_gmt":"2026-03-24T16:05:09","slug":"zdravotnicke-kalhoty-panske-joggers-scrubs-basic-cappuccino","status":"publish","type":"product","link":"https:\/\/medandbeauty.com\/cs\/product\/zdravotnicke-kalhoty-panske-joggers-scrubs-basic-cappuccino\/","title":{"rendered":"Zdravotnick\u00e9 kalhoty p\u00e1nsk\u00e9 joggers scrubs Basic CAPPUCCINO"},"content":{"rendered":"<p>Hled\u00e1te ide\u00e1ln\u00ed<strong> l\u00e9ka\u0159sk\u00e9 b\u011b\u017eeck\u00e9 boty<\/strong> pro ka\u017edodenn\u00ed pr\u00e1ci?<\/p>\n<p>Na\u0161e<a href=\"https:\/\/medandbeauty.com\/cs\/shop\/pro-nej\/zakladni-kolekce-cs\/\" target=\"_blank\" rel=\"noopener\"> <strong>z\u00e1kladn\u00ed k\u0159ov\u00ed<\/strong><\/a> spln\u00ed v\u0161echna va\u0161e o\u010dek\u00e1v\u00e1n\u00ed!<\/p>\n<p>Pokud si cen\u00edte <strong>zdravotnick\u00fdch od\u011bv\u016f<\/strong> z nejkvalitn\u011bj\u0161\u00edch materi\u00e1l\u016f, kter\u00e9 poskytuj\u00ed maxim\u00e1ln\u00ed pohodl\u00ed &#8211; <strong>p\u00e1nsk\u00e9 zdravotn\u00ed tepl\u00e1ky Med &amp; Beauty Basic<\/strong> <strong>v barv\u011b cappuccino<\/strong> mus\u00edte m\u00edt ve sv\u00e9m \u0161atn\u00edku.<\/p>\n<p><strong>P\u00e1nsk\u00e9 zdravotnick\u00e9 kalhoty typu jogger Scrubs Basic cappuccino<\/strong> jsou vyrobeny z tkaniny p\u0159\u00edjemn\u00e9 na dotek a pohodln\u00e9 na no\u0161en\u00ed, tak\u017ee zaru\u010duj\u00ed naprost\u00fd komfort p\u0159i no\u0161en\u00ed a neomezuj\u00ed v pohybu. Kombinace polyesteru, visk\u00f3zy a lycry znamen\u00e1, \u017ee se tkanina dokonale p\u0159izp\u016fsob\u00ed p\u00e1nsk\u00e9 siluet\u011b a z\u00e1rove\u0148 je mimo\u0159\u00e1dn\u011b odoln\u00e1 a vysoce prody\u0161n\u00e1. <\/p>\n<p>Stoprocentn\u00ed pohodl\u00ed v\u00e1m zaru\u010d\u00ed m\u00edrn\u011b zv\u00fd\u0161en\u00fd horn\u00ed d\u00edl a \u0161irok\u00fd a pru\u017en\u00fd pas obohacen\u00fd \u0161\u0148\u016frkou pro snadn\u00e9 nastaven\u00ed velikosti. <strong>P\u00e1nsk\u00e9 zdravotn\u00ed tepl\u00e1ky z <a href=\"https:\/\/medandbeauty.com\/cs\/shop\/pro-nej\/zakladni-kolekce-cs\/\" target=\"_blank\" rel=\"noopener\">kolekce Med &amp; Beauty Basic<\/a><\/strong> neomezuj\u00ed v pohybu ani p\u0159i dlouhodob\u00e9m no\u0161en\u00ed.<\/p>\n<p><strong>Zdravotnick\u00e9 tepl\u00e1ky v barv\u011b cappuccina<\/strong> jsou vybaveny \u0161esti prostorn\u00fdmi a funk\u010dn\u00edmi kapsami, kter\u00e9 v\u00e1m umo\u017en\u00ed m\u00edt po ruce v\u0161echny pracovn\u00ed pot\u0159eby a n\u00e1stroje.<\/p>\n<p>Bavln\u011bn\u00e9 stahovac\u00ed \u0161\u0148\u016frky ve spodn\u00ed \u010d\u00e1sti nohavic zabra\u0148uj\u00ed vyhrnov\u00e1n\u00ed kalhot p\u0159i intenzivn\u00ed pr\u00e1ci a dokonce i p\u0159i prudk\u00fdch pohybech.<\/p>\n<p>Vytvo\u0159te si dokonalou <strong>sadu zdravotnick\u00e9ho oble\u010den\u00ed<\/strong> tak, \u017ee slad\u00edte <strong>p\u00e1nsk\u00e9 zdravotnick\u00e9 tepl\u00e1ky v barv\u011b cappuccina se zdravotnickou bl\u016fzou<\/strong> ze stejn\u00e9ho materi\u00e1lu.<\/p>\n<ul>\n<li>\u0160est funk\u010dn\u00edch a prostorn\u00fdch kapes<\/li>\n<li><span style=\"font-family: inherit;\">Elastick\u00fd pas se stahovac\u00ed \u0161\u0148\u016frkou pro nastaven\u00ed velikosti<\/span><\/li>\n<li><span style=\"font-family: inherit;\">Bavln\u011bn\u00e1 \u017eebra na nohavic\u00edch<\/span><\/li>\n<li><span style=\"font-family: inherit;\">Klasick\u00fd, sportovn\u00ed st\u0159ih<\/span><\/li>\n<\/ul>\n<p>&nbsp;<\/p>\n<p><strong>Dal\u0161\u00ed informace:<\/strong><\/p>\n<p>Modelka na fotografi\u00edch m\u00e1 na sob\u011b velikost L a je vysok\u00e1 186 cm.<\/p>\n<p>Pokud si nev\u00edte rady s v\u00fdb\u011brem velikosti, pod\u00edvejte se na tabulku velikost\u00ed. Pokud m\u00e1te dal\u0161\u00ed pochybnosti &#8211; po\u0161lete n\u00e1m sv\u00e9 m\u00edry a my v\u00e1m je p\u0159izp\u016fsob\u00edme. <\/p>\n<p>Barvy od\u011bv\u016f v <a href=\"https:\/\/medandbeauty.com\/cs\/shop\/pro-nej\/zakladni-kolekce-cs\/\" target=\"_blank\" rel=\"noopener\">kolekci Basic<\/a> neodpov\u00eddaj\u00ed barv\u00e1m od\u011bv\u016f v <a href=\"https:\/\/medandbeauty.com\/cs\/shop\/pro-nej\/kolekce-premium-cs\/\" target=\"_blank\" rel=\"noopener\">kolekci Premium<\/a> &#8211; jsou vyrobeny z jin\u00fdch materi\u00e1l\u016f.<\/p>\n<p>Odst\u00edny jednotliv\u00fdch od\u011bv\u016f na fotografi\u00edch se mohou li\u0161it od skute\u010dn\u00fdch &#8211; to je zp\u016fsobeno r\u016fznorodost\u00ed dostupn\u00fdch elektronick\u00fdch za\u0159\u00edzen\u00ed a jejich individu\u00e1ln\u00edm nastaven\u00edm.<\/p>\n","protected":false},"excerpt":{"rendered":"<p>Hled\u00e1te ide\u00e1ln\u00ed l\u00e9ka\u0159sk\u00e9 b\u011b\u017eeck\u00e9 boty pro ka\u017edodenn\u00ed pr\u00e1ci? Na\u0161e z\u00e1kladn\u00ed k\u0159ov\u00ed spln\u00ed v\u0161echna va\u0161e o\u010dek\u00e1v\u00e1n\u00ed! Pokud si cen\u00edte zdravotnick\u00fdch od\u011bv\u016f z nejkvalitn\u011bj\u0161\u00edch materi\u00e1l\u016f, kter\u00e9 poskytuj\u00ed maxim\u00e1ln\u00ed pohodl\u00ed &#8211; p\u00e1nsk\u00e9 zdravotn\u00ed tepl\u00e1ky Med &amp; Beauty Basic v barv\u011b cappuccino mus\u00edte m\u00edt ve sv\u00e9m \u0161atn\u00edku. P\u00e1nsk\u00e9 zdravotnick\u00e9 kalhoty typu jogger Scrubs Basic cappuccino jsou vyrobeny z tkaniny [&hellip;]<\/p>\n","protected":false},"featured_media":358671,"comment_status":"open","ping_status":"closed","template":"","meta":{"_acf_changed":false,"inline_featured_image":false},"kolor":[1028],"rodzaj-ubrania":[1051,1052],"ubranie":[1121],"product_brand":[],"product_cat":[1104,1108,1105,1120,1106],"product_tag":[1338,1367],"class_list":{"0":"post-358646","1":"product","2":"type-product","3":"status-publish","4":"has-post-thumbnail","6":"kolor-beiges-cs","7":"rodzaj-ubrania-scrubs-cs","8":"rodzaj-ubrania-zdravotnicke-kalhoty","9":"ubranie-panske-lekarske-kalhoty-joggers-scrubs-basic","10":"product_cat-pro-nej","11":"product_cat-scrubs-cs","12":"product_cat-zakladni-kolekce-cs","13":"product_cat-zdravotnicke-kalhoty-cs","14":"product_cat-zpravy-cs","15":"product_tag-panske-zdravotni-bezecke-kalhoty","16":"product_tag-zdravotnicke-obleceni-pro-studenty","18":"first","19":"instock","20":"taxable","21":"shipping-taxable","22":"purchasable","23":"product-type-variable"},"acf":[],"_links":{"self":[{"href":"https:\/\/medandbeauty.com\/cs\/wp-json\/wp\/v2\/product\/358646","targetHints":{"allow":["GET"]}}],"collection":[{"href":"https:\/\/medandbeauty.com\/cs\/wp-json\/wp\/v2\/product"}],"about":[{"href":"https:\/\/medandbeauty.com\/cs\/wp-json\/wp\/v2\/types\/product"}],"replies":[{"embeddable":true,"href":"https:\/\/medandbeauty.com\/cs\/wp-json\/wp\/v2\/comments?post=358646"}],"wp:featuredmedia":[{"embeddable":true,"href":"https:\/\/medandbeauty.com\/cs\/wp-json\/wp\/v2\/media\/358671"}],"wp:attachment":[{"href":"https:\/\/medandbeauty.com\/cs\/wp-json\/wp\/v2\/media?parent=358646"}],"wp:term":[{"taxonomy":"kolor","embeddable":true,"href":"https:\/\/medandbeauty.com\/cs\/wp-json\/wp\/v2\/kolor?post=358646"},{"taxonomy":"rodzaj-ubrania","embeddable":true,"href":"https:\/\/medandbeauty.com\/cs\/wp-json\/wp\/v2\/rodzaj-ubrania?post=358646"},{"taxonomy":"ubranie","embeddable":true,"href":"https:\/\/medandbeauty.com\/cs\/wp-json\/wp\/v2\/ubranie?post=358646"},{"taxonomy":"product_brand","embeddable":true,"href":"https:\/\/medandbeauty.com\/cs\/wp-json\/wp\/v2\/product_brand?post=358646"},{"taxonomy":"product_cat","embeddable":true,"href":"https:\/\/medandbeauty.com\/cs\/wp-json\/wp\/v2\/product_cat?post=358646"},{"taxonomy":"product_tag","embeddable":true,"href":"https:\/\/medandbeauty.com\/cs\/wp-json\/wp\/v2\/product_tag?post=358646"}],"curies":[{"name":"wp","href":"https:\/\/api.w.org\/{rel}","templated":true}]}}