{"id":368716,"date":"2024-10-04T17:28:38","date_gmt":"2024-10-04T15:28:38","guid":{"rendered":"https:\/\/medandbeauty.com\/product\/damske-lekarske-kalhoty-wide-scrubs-basic-baby-shark\/"},"modified":"2025-12-31T22:28:10","modified_gmt":"2025-12-31T21:28:10","slug":"damske-lekarske-kalhoty-wide-scrubs-basic-baby-shark","status":"publish","type":"product","link":"https:\/\/medandbeauty.com\/cs\/product\/damske-lekarske-kalhoty-wide-scrubs-basic-baby-shark\/","title":{"rendered":"D\u00e1msk\u00e9 l\u00e9ka\u0159sk\u00e9 kalhoty WIDE scrubs Basic BABY SHARK"},"content":{"rendered":"<p>Nyn\u00ed jsou k dispozici na\u0161e nejprod\u00e1van\u011bj\u0161\u00ed <strong>l\u00e9ka\u0159sk\u00e9 kalhoty<\/strong> v \u0161irok\u00e9m proveden\u00ed!<\/p>\n<p><span style=\"color: #000000;\">Pokud chcete l\u00e9ka\u0159sk\u00e9 od\u011bvy vyroben\u00e9 z nejkvalitn\u011bj\u0161\u00edch materi\u00e1l\u016f pro maxim\u00e1ln\u00ed pohodl\u00ed &#8211; na\u0161e<strong> \u0161irok\u00e9 spektrum<\/strong> <\/span><strong><span style=\"color: #000000;\">Z\u00e1kladn\u00ed l\u00e9ka\u0159sk\u00e9 kalhoty v barv\u011b baby shark<\/span><\/strong><span style=\"color: #000000;\"> jsou nezbytnou sou\u010d\u00e1st\u00ed va\u0161eho \u0161atn\u00edku.<\/span><\/p>\n<p style=\"color: #000000;\"><strong>D\u00e1msk\u00e9 l\u00e9ka\u0159sk\u00e9 kalhoty se \u0161irok\u00fdmi nohavicemi Scrubs Basic baby sharkz byly<\/strong>u\u0161ity z m\u011bkk\u00e9 na dotek a na no\u0161en\u00ed velmi p\u0159\u00edjemn\u00e9 tkaniny, kter\u00e1 zaji\u0161\u0165uje maxim\u00e1ln\u00ed pohodl\u00ed p\u0159i no\u0161en\u00ed a zachov\u00e1n\u00ed pln\u00e9ho rozsahu pohybu.<\/p>\n<p style=\"color: #000000;\">D\u00edky kombinaci polyesteru, visk\u00f3zy a lycry je tkanina dokonale p\u0159izp\u016fsoben\u00e1 \u017eensk\u00e9 postav\u011b, je mimo\u0159\u00e1dn\u011b odoln\u00e1 a velmi prody\u0161n\u00e1.<\/p>\n<p style=\"color: #000000;\">Stoprocentn\u00ed pohodl\u00ed zaru\u010duje m\u00edrn\u011b zv\u00fd\u0161en\u00fd horn\u00ed d\u00edl a \u0161irok\u00fd a pru\u017en\u00fd pas se \u0161\u0148\u016frkou pro snadn\u00e9 nastaven\u00ed velikosti.<strong>. Med &amp; Beauty \u0161irok\u00e9 l\u00e9ka\u0159sk\u00e9 kalhoty<\/strong>  neomezuj\u00ed v pohybu ani p\u0159i dlouhodob\u00e9m no\u0161en\u00ed.<\/p>\n<p style=\"color: #000000;\"><strong>\u0160irok\u00e9 l\u00e9ka\u0159sk\u00e9 kalhoty v barv\u011b baby shark <\/strong>se budou hodit ke ka\u017ed\u00e9mu oble\u010den\u00ed a d\u00edky \u0161esti prostorn\u00fdm a praktick\u00fdm kaps\u00e1m budete m\u00edt v\u0161echny pracovn\u00ed pot\u0159eby a n\u00e1\u0159ad\u00ed po ruce.<\/p>\n<p style=\"color: #000000;\">Sestavte si vysn\u011bnou sadu <strong>l\u00e9ka\u0159sk\u00e9ho oble\u010den\u00ed<\/strong> tak, \u017ee slad\u00edte<strong> d\u00e1msk\u00e9 \u0161irok\u00e9 l\u00e9ka\u0159sk\u00e9 kalhoty baby shark s l\u00e9ka\u0159skou halenkou se dv\u011bma kapsami nebo l\u00e9ka\u0159skou halenkou s jednou kapsou<\/strong> ze stejn\u00e9ho materi\u00e1lu.<\/p>\n<p style=\"color: #000000;\">Voln\u011b kombinujte barvy a vytv\u00e1\u0159ejte jedine\u010dn\u00e9 vzhledy nebo zvolte klasick\u00fd a nad\u010dasov\u00fd jednobarevn\u00fd vzhled.<\/p>\n<ul style=\"color: #000000;\">\n<li>Elastick\u00fd pas se stahovac\u00ed \u0161\u0148\u016frkou<\/li>\n<li><span style=\"font-family: inherit;\">6 praktick\u00fdch a prostorn\u00fdch kapes<\/span><\/li>\n<li><span style=\"font-family: inherit;\">\u0160irok\u00e9 nohy<\/span><\/li>\n<li><span style=\"font-family: inherit;\">Obj\u00edmaj\u00edc\u00ed stoup\u00e1n\u00ed<\/span><\/li>\n<\/ul>\n<p style=\"color: #000000;\"><strong> <\/strong><\/p>\n<p style=\"color: #000000;\"><strong>Dal\u0161\u00ed informace:<\/strong><br \/>\nModelky na fotografi\u00edch maj\u00ed na sob\u011b velikost S a jsou vysok\u00e9 170-174 cm.<\/p>\n<p style=\"color: #000000;\">Pokud si nev\u00edte rady s v\u00fdb\u011brem velikosti, pod\u00edvejte se na tabulku velikost\u00ed. Pokud m\u00e1te dal\u0161\u00ed pochybnosti &#8211; po\u0161lete n\u00e1m sv\u00e9 m\u00edry a my v\u00e1m je p\u0159izp\u016fsob\u00edme. <\/p>\n<p style=\"color: #000000;\">Barvy od\u011bv\u016f v<a href=\"https:\/\/medandbeauty.com\/cs\/shop\/pro-ni\/zakladni-kolekce\/\" target=\"_blank\" rel=\"noopener\"> kolekci Basic<\/a> neodpov\u00eddaj\u00ed barv\u00e1m od\u011bv\u016f v <a href=\"https:\/\/medandbeauty.com\/cs\/shop\/pro-ni\/kolekce-premium\/\" target=\"_blank\" rel=\"noopener\">kolekci Premium<\/a> &#8211; jsou vyrobeny z jin\u00fdch materi\u00e1l\u016f.<\/p>\n<p style=\"color: #000000;\">Odst\u00edny jednotliv\u00fdch od\u011bv\u016f na fotografi\u00edch se mohou li\u0161it od skute\u010dn\u00fdch &#8211; to je zp\u016fsobeno r\u016fznorodost\u00ed dostupn\u00fdch elektronick\u00fdch za\u0159\u00edzen\u00ed a jejich individu\u00e1ln\u00edm nastaven\u00edm.<\/p>\n","protected":false},"excerpt":{"rendered":"<p>Nyn\u00ed jsou k dispozici na\u0161e nejprod\u00e1van\u011bj\u0161\u00ed l\u00e9ka\u0159sk\u00e9 kalhoty v \u0161irok\u00e9m proveden\u00ed! Pokud chcete l\u00e9ka\u0159sk\u00e9 od\u011bvy vyroben\u00e9 z nejkvalitn\u011bj\u0161\u00edch materi\u00e1l\u016f pro maxim\u00e1ln\u00ed pohodl\u00ed &#8211; na\u0161e \u0161irok\u00e9 spektrum Z\u00e1kladn\u00ed l\u00e9ka\u0159sk\u00e9 kalhoty v barv\u011b baby shark jsou nezbytnou sou\u010d\u00e1st\u00ed va\u0161eho \u0161atn\u00edku. D\u00e1msk\u00e9 l\u00e9ka\u0159sk\u00e9 kalhoty se \u0161irok\u00fdmi nohavicemi Scrubs Basic baby sharkz bylyu\u0161ity z m\u011bkk\u00e9 na dotek a na [&hellip;]<\/p>\n","protected":false},"featured_media":368717,"comment_status":"open","ping_status":"closed","template":"","meta":{"_acf_changed":false,"inline_featured_image":false},"kolor":[1151],"rodzaj-ubrania":[1051,1052],"ubranie":[1056],"product_brand":[],"product_cat":[1029,1049,1048,1050,1030],"product_tag":[1362,1397],"class_list":{"0":"post-368716","1":"product","2":"type-product","3":"status-publish","4":"has-post-thumbnail","6":"kolor-greys-cs","7":"rodzaj-ubrania-scrubs-cs","8":"rodzaj-ubrania-zdravotnicke-kalhoty","9":"ubranie-damske-lekarske-kalhoty-siroke-scrubs-basic","10":"product_cat-pro-ni","11":"product_cat-scrubs","12":"product_cat-zakladni-kolekce","13":"product_cat-zdravotnicke-kalhoty","14":"product_cat-zpravy","15":"product_tag-damske-lekarske-kalhoty-s-sirokymi-nohavicemi","16":"product_tag-obleceni-pro-porodni-asistentky","18":"first","19":"instock","20":"taxable","21":"shipping-taxable","22":"purchasable","23":"product-type-variable"},"acf":[],"_links":{"self":[{"href":"https:\/\/medandbeauty.com\/cs\/wp-json\/wp\/v2\/product\/368716","targetHints":{"allow":["GET"]}}],"collection":[{"href":"https:\/\/medandbeauty.com\/cs\/wp-json\/wp\/v2\/product"}],"about":[{"href":"https:\/\/medandbeauty.com\/cs\/wp-json\/wp\/v2\/types\/product"}],"replies":[{"embeddable":true,"href":"https:\/\/medandbeauty.com\/cs\/wp-json\/wp\/v2\/comments?post=368716"}],"wp:featuredmedia":[{"embeddable":true,"href":"https:\/\/medandbeauty.com\/cs\/wp-json\/wp\/v2\/media\/368717"}],"wp:attachment":[{"href":"https:\/\/medandbeauty.com\/cs\/wp-json\/wp\/v2\/media?parent=368716"}],"wp:term":[{"taxonomy":"kolor","embeddable":true,"href":"https:\/\/medandbeauty.com\/cs\/wp-json\/wp\/v2\/kolor?post=368716"},{"taxonomy":"rodzaj-ubrania","embeddable":true,"href":"https:\/\/medandbeauty.com\/cs\/wp-json\/wp\/v2\/rodzaj-ubrania?post=368716"},{"taxonomy":"ubranie","embeddable":true,"href":"https:\/\/medandbeauty.com\/cs\/wp-json\/wp\/v2\/ubranie?post=368716"},{"taxonomy":"product_brand","embeddable":true,"href":"https:\/\/medandbeauty.com\/cs\/wp-json\/wp\/v2\/product_brand?post=368716"},{"taxonomy":"product_cat","embeddable":true,"href":"https:\/\/medandbeauty.com\/cs\/wp-json\/wp\/v2\/product_cat?post=368716"},{"taxonomy":"product_tag","embeddable":true,"href":"https:\/\/medandbeauty.com\/cs\/wp-json\/wp\/v2\/product_tag?post=368716"}],"curies":[{"name":"wp","href":"https:\/\/api.w.org\/{rel}","templated":true}]}}