{"id":368884,"date":"2024-10-11T16:40:05","date_gmt":"2024-10-11T14:40:05","guid":{"rendered":"https:\/\/medandbeauty.com\/product\/panske-lekarske-kalhoty-proste-scrubs-basic-baby-shark\/"},"modified":"2026-03-24T17:07:33","modified_gmt":"2026-03-24T16:07:33","slug":"panske-lekarske-kalhoty-proste-scrubs-basic-baby-shark","status":"publish","type":"product","link":"https:\/\/medandbeauty.com\/cs\/product\/panske-lekarske-kalhoty-proste-scrubs-basic-baby-shark\/","title":{"rendered":"P\u00e1nsk\u00e9 l\u00e9ka\u0159sk\u00e9 kalhoty PROSTE scrubs Basic BABY SHARK"},"content":{"rendered":"<p style=\"font-weight: 400;\">Chcete se p\u0159i pr\u00e1ci c\u00edtit pohodln\u011b a dob\u0159e vypadat?<\/p>\n<p style=\"font-weight: 400;\">Na\u0161e <strong>jednoduch\u00e9 zdravotn\u00ed kalhoty z <a href=\"https:\/\/medandbeauty.com\/cs\/shop\/pro-nej\/zakladni-kolekce-cs\/\" target=\"_blank\" rel=\"noopener\">kolekce Basic<\/a> v barv\u011b baby shark<\/strong> spln\u00ed v\u0161echna va\u0161e o\u010dek\u00e1v\u00e1n\u00ed!<\/p>\n<p style=\"font-weight: 400;\">Pokud si cen\u00edte <strong>zdravotnick\u00fdch od\u011bv\u016f<\/strong> z nejkvalitn\u011bj\u0161\u00edch materi\u00e1l\u016f, kter\u00e9 poskytuj\u00ed maxim\u00e1ln\u00ed pohodl\u00ed &#8211; <strong>p\u00e1nsk\u00e9 rovn\u00e9 zdravotnick\u00e9 kalhoty <a href=\"https:\/\/medandbeauty.com\/cs\/shop\/pro-nej\/zakladni-kolekce-cs\/\" target=\"_blank\" rel=\"noopener\">Med &amp; Beauty Basic<\/a><\/strong> <strong>v barv\u011b baby shark <\/strong>nesm\u00ed chyb\u011bt ve va\u0161em \u0161atn\u00edku.<\/p>\n<p style=\"font-weight: 400;\"><strong>P\u00e1nsk\u00e9 zdravotnick\u00e9 kalhoty Basic v barv\u011b baby shark <\/strong> jsou vyrobeny z tkaniny p\u0159\u00edjemn\u00e9 na dotek, tak\u017ee zaru\u010duj\u00ed naprost\u00e9 pohodl\u00ed p\u0159i no\u0161en\u00ed a neomezuj\u00ed v pohybu.<\/p>\n<p style=\"font-weight: 400;\">D\u00edky kombinaci polyesteru, visk\u00f3zy a lycry je tkanina dokonale p\u0159izp\u016fsoben\u00e1 mu\u017esk\u00e9 postav\u011b a z\u00e1rove\u0148 je velmi odoln\u00e1 a prody\u0161n\u00e1.<\/p>\n<p style=\"font-weight: 400;\">Stoprocentn\u00ed pohodl\u00ed v\u00e1m zaru\u010d\u00ed m\u00edrn\u011b zv\u00fd\u0161en\u00fd pas a \u0161irok\u00fd a pru\u017en\u00fd p\u00e1s. <strong>P\u00e1nsk\u00e9 rovn\u00e9 zdravotn\u00ed kalhoty Med &amp; Beauty v barv\u011b baby shark <\/strong>neomezuj\u00ed v pohybu ani p\u0159i dlouhodob\u00e9m no\u0161en\u00ed.<\/p>\n<p style=\"font-weight: 400;\"><strong>P\u00e1nsk\u00e9 rovn\u00e9 l\u00e9ka\u0159sk\u00e9 kalhoty v barv\u011b baby shark <\/strong>jsou vybaveny \u0161esti prostorn\u00fdmi a funk\u010dn\u00edmi kapsami, abyste m\u011bli v\u0161echny pracovn\u00ed pot\u0159eby a n\u00e1\u0159ad\u00ed po ruce.<\/p>\n<p style=\"font-weight: 400;\">Vytvo\u0159te si dokonalou <strong>sadu zdravotnick\u00e9ho oble\u010den\u00ed<\/strong> tak, \u017ee slad\u00edte <strong>p\u00e1nsk\u00e9 zdravotnick\u00e9 tepl\u00e1ky v barv\u011b d\u011btsk\u00e9ho \u017eraloka<\/strong> se <strong> <a href=\"https:\/\/medandbeauty.com\/sk\/product\/panske-lekarske-bluzy-basic-baby-shark\/\" target=\"_blank\" rel=\"noopener\">zdravotnickou bl\u016fzou<\/a><\/strong> ze stejn\u00e9ho materi\u00e1lu.<\/p>\n<ul>\n<li style=\"font-weight: 400;\">\u0160est funk\u010dn\u00edch a prostorn\u00fdch kapes<\/li>\n<li style=\"font-weight: 400;\"><span style=\"font-family: inherit;\">Elastick\u00fd p\u00e1s<\/span><\/li>\n<li style=\"font-weight: 400;\"><span style=\"font-family: inherit;\">Rovn\u00e9, elegantn\u00ed nohy<\/span><\/li>\n<li style=\"font-weight: 400;\"><span style=\"font-family: inherit;\">Klasick\u00fd, sportovn\u00ed st\u0159ih<\/span><\/li>\n<\/ul>\n<p>&nbsp;<\/p>\n<p style=\"font-weight: 400;\"><strong>Dal\u0161\u00ed informace:<\/strong><\/p>\n<p style=\"font-weight: 400;\">Modelka na fotografi\u00edch m\u00e1 na sob\u011b velikost L a je vysok\u00e1 186 cm.<\/p>\n<p style=\"font-weight: 400;\">Pokud si nev\u00edte rady s v\u00fdb\u011brem velikosti, pod\u00edvejte se na tabulku velikost\u00ed. Pokud m\u00e1te dal\u0161\u00ed pochybnosti &#8211; po\u0161lete n\u00e1m sv\u00e9 m\u00edry a my v\u00e1m je p\u0159izp\u016fsob\u00edme. <\/p>\n<p style=\"font-weight: 400;\">Barvy od\u011bv\u016f v <a href=\"https:\/\/medandbeauty.com\/cs\/shop\/pro-nej\/zakladni-kolekce-cs\/\" target=\"_blank\" rel=\"noopener\">kolekci Basic<\/a> neodpov\u00eddaj\u00ed barv\u00e1m od\u011bv\u016f v <a href=\"https:\/\/medandbeauty.com\/cs\/shop\/pro-nej\/kolekce-premium-cs\/\" target=\"_blank\" rel=\"noopener\">kolekci Premium<\/a> &#8211; jsou vyrobeny z jin\u00fdch materi\u00e1l\u016f.<\/p>\n<p style=\"font-weight: 400;\">Odst\u00edny jednotliv\u00fdch od\u011bv\u016f na fotografi\u00edch se mohou li\u0161it od skute\u010dn\u00fdch &#8211; to je zp\u016fsobeno r\u016fznorodost\u00ed dostupn\u00fdch elektronick\u00fdch za\u0159\u00edzen\u00ed a jejich individu\u00e1ln\u00edm nastaven\u00edm.<\/p>\n","protected":false},"excerpt":{"rendered":"<p>Chcete se p\u0159i pr\u00e1ci c\u00edtit pohodln\u011b a dob\u0159e vypadat? Na\u0161e jednoduch\u00e9 zdravotn\u00ed kalhoty z kolekce Basic v barv\u011b baby shark spln\u00ed v\u0161echna va\u0161e o\u010dek\u00e1v\u00e1n\u00ed! Pokud si cen\u00edte zdravotnick\u00fdch od\u011bv\u016f z nejkvalitn\u011bj\u0161\u00edch materi\u00e1l\u016f, kter\u00e9 poskytuj\u00ed maxim\u00e1ln\u00ed pohodl\u00ed &#8211; p\u00e1nsk\u00e9 rovn\u00e9 zdravotnick\u00e9 kalhoty Med &amp; Beauty Basic v barv\u011b baby shark nesm\u00ed chyb\u011bt ve va\u0161em \u0161atn\u00edku. P\u00e1nsk\u00e9 [&hellip;]<\/p>\n","protected":false},"featured_media":368885,"comment_status":"open","ping_status":"closed","template":"","meta":{"_acf_changed":false,"inline_featured_image":false},"kolor":[1151],"rodzaj-ubrania":[1051,1052],"ubranie":[1122],"product_brand":[],"product_cat":[1104,1108,1105,1120],"product_tag":[1336,1367],"class_list":{"0":"post-368884","1":"product","2":"type-product","3":"status-publish","4":"has-post-thumbnail","6":"kolor-greys-cs","7":"rodzaj-ubrania-scrubs-cs","8":"rodzaj-ubrania-zdravotnicke-kalhoty","9":"ubranie-panske-lekarske-kalhoty-rovne-scrubs-basic","10":"product_cat-pro-nej","11":"product_cat-scrubs-cs","12":"product_cat-zakladni-kolekce-cs","13":"product_cat-zdravotnicke-kalhoty-cs","14":"product_tag-panske-lekarske-kalhoty-s-rovnou-nohavici","15":"product_tag-zdravotnicke-obleceni-pro-studenty","17":"first","18":"instock","19":"taxable","20":"shipping-taxable","21":"purchasable","22":"product-type-variable"},"acf":[],"_links":{"self":[{"href":"https:\/\/medandbeauty.com\/cs\/wp-json\/wp\/v2\/product\/368884","targetHints":{"allow":["GET"]}}],"collection":[{"href":"https:\/\/medandbeauty.com\/cs\/wp-json\/wp\/v2\/product"}],"about":[{"href":"https:\/\/medandbeauty.com\/cs\/wp-json\/wp\/v2\/types\/product"}],"replies":[{"embeddable":true,"href":"https:\/\/medandbeauty.com\/cs\/wp-json\/wp\/v2\/comments?post=368884"}],"wp:featuredmedia":[{"embeddable":true,"href":"https:\/\/medandbeauty.com\/cs\/wp-json\/wp\/v2\/media\/368885"}],"wp:attachment":[{"href":"https:\/\/medandbeauty.com\/cs\/wp-json\/wp\/v2\/media?parent=368884"}],"wp:term":[{"taxonomy":"kolor","embeddable":true,"href":"https:\/\/medandbeauty.com\/cs\/wp-json\/wp\/v2\/kolor?post=368884"},{"taxonomy":"rodzaj-ubrania","embeddable":true,"href":"https:\/\/medandbeauty.com\/cs\/wp-json\/wp\/v2\/rodzaj-ubrania?post=368884"},{"taxonomy":"ubranie","embeddable":true,"href":"https:\/\/medandbeauty.com\/cs\/wp-json\/wp\/v2\/ubranie?post=368884"},{"taxonomy":"product_brand","embeddable":true,"href":"https:\/\/medandbeauty.com\/cs\/wp-json\/wp\/v2\/product_brand?post=368884"},{"taxonomy":"product_cat","embeddable":true,"href":"https:\/\/medandbeauty.com\/cs\/wp-json\/wp\/v2\/product_cat?post=368884"},{"taxonomy":"product_tag","embeddable":true,"href":"https:\/\/medandbeauty.com\/cs\/wp-json\/wp\/v2\/product_tag?post=368884"}],"curies":[{"name":"wp","href":"https:\/\/api.w.org\/{rel}","templated":true}]}}