{"id":369031,"date":"2024-09-16T21:12:30","date_gmt":"2024-09-16T19:12:30","guid":{"rendered":"https:\/\/medandbeauty.com\/product\/damske-lekarske-kalhoty-wide-scrubs-basic-crystal-blue\/"},"modified":"2026-02-15T20:01:47","modified_gmt":"2026-02-15T19:01:47","slug":"damske-lekarske-kalhoty-wide-scrubs-basic-crystal-blue","status":"publish","type":"product","link":"https:\/\/medandbeauty.com\/cs\/product\/damske-lekarske-kalhoty-wide-scrubs-basic-crystal-blue\/","title":{"rendered":"D\u00e1msk\u00e9 l\u00e9ka\u0159sk\u00e9 kalhoty WIDE scrubs Basic CRYSTAL BLUE"},"content":{"rendered":"<p>Nyn\u00ed jsou k dispozici na\u0161e nejprod\u00e1van\u011bj\u0161\u00ed <strong>l\u00e9ka\u0159sk\u00e9 kalhoty<\/strong> v \u0161irok\u00e9m proveden\u00ed!<\/p>\n<p><span style=\"color: #000000;\"><span style=\"caret-color: #000000;\">Pokud chcete l\u00e9ka\u0159sk\u00e9 od\u011bvy z nejkvalitn\u011bj\u0161\u00edch materi\u00e1l\u016f pro maxim\u00e1ln\u00ed pohodl\u00ed &#8211; na\u0161e<strong> \u0161irok\u00e9 spektrum<\/strong> <\/span><\/span><strong><span style=\"color: #000000;\"><span style=\"caret-color: #000000;\">l\u00e9ka\u0159sk\u00e9 kalhoty Basic v k\u0159i\u0161\u0165\u00e1lov\u011b modr\u00e9 barv\u011b<\/span><\/span><\/strong><span style=\"color: #000000;\"><span style=\"caret-color: #000000;\"> jsou nezbytnou sou\u010d\u00e1st\u00ed va\u0161eho \u0161atn\u00edku.<\/span><\/span><\/p>\n<p><strong><span style=\"color: #000000;\"><span style=\"caret-color: #000000;\">D\u00e1msk\u00e9 l\u00e9ka\u0159sk\u00e9 \u0161irok\u00e9 kalhoty scrubs basic crystal blue<\/span><\/span><\/strong><span style=\"color: #000000;\"><span style=\"caret-color: #000000;\"> byly u\u0161ity z m\u011bkk\u00e9 na dotek a na no\u0161en\u00ed mimo\u0159\u00e1dn\u011b p\u0159\u00edjemn\u00e9 tkaniny, kter\u00e1 zaji\u0161\u0165uje maxim\u00e1ln\u00ed pohodl\u00ed p\u0159i no\u0161en\u00ed a zachov\u00e1n\u00ed pln\u00e9ho rozsahu pohybu.<\/span><\/span><\/p>\n<p style=\"caret-color: #000000; color: #000000;\">D\u00edky kombinaci polyesteru, visk\u00f3zy a lycry je tkanina dokonale p\u0159izp\u016fsoben\u00e1 \u017eensk\u00e9 postav\u011b, je mimo\u0159\u00e1dn\u011b odoln\u00e1 a velmi prody\u0161n\u00e1.<\/p>\n<p style=\"caret-color: #000000; color: #000000;\">Stoprocentn\u00ed pohodl\u00ed zaru\u010duje m\u00edrn\u011b zv\u00fd\u0161en\u00fd horn\u00ed d\u00edl a \u0161irok\u00fd a pru\u017en\u00fd pas se \u0161\u0148\u016frkou pro snadn\u00e9 nastaven\u00ed velikosti.<strong>. Med &amp; Beauty \u0161irok\u00e9 l\u00e9ka\u0159sk\u00e9 kalhoty<\/strong>  neomezuj\u00ed v pohybu ani p\u0159i dlouhodob\u00e9m no\u0161en\u00ed.<\/p>\n<p><strong><span style=\"color: #000000;\"><span style=\"caret-color: #000000;\">\u0160irok\u00e9 l\u00e9ka\u0159sk\u00e9 kalhoty v k\u0159i\u0161\u0165\u00e1lov\u011b modr\u00e9 barv\u011b <\/span><\/span><\/strong><span style=\"color: #000000;\"><span style=\"caret-color: #000000;\">se budou hodit ke ka\u017ed\u00e9mu oble\u010den\u00ed a d\u00edky \u0161esti prostorn\u00fdm a praktick\u00fdm kaps\u00e1m budete m\u00edt v\u0161echny pracovn\u00ed pot\u0159eby a n\u00e1\u0159ad\u00ed po ruce.<\/span><\/span><\/p>\n<p><span style=\"color: #000000;\"><span style=\"caret-color: #000000;\">Sestavte si sadu sn\u016f <\/span><\/span><strong style=\"caret-color: #000000; color: #000000;\">zdravotnick\u00e9ho oble\u010den\u00ed<\/strong><span style=\"color: #000000;\"><span style=\"caret-color: #000000;\">slad\u011bn\u00edm<\/span><\/span><strong><span style=\"color: #000000;\"><span style=\"caret-color: #000000;\"> d\u00e1msk\u00e9 \u0161irok\u00e9 l\u00e9ka\u0159sk\u00e9 kalhoty Crystal blue <\/span><\/span><a href=\"https:\/\/medandbeauty.com\/cs\/product\/damska-lekarska-bluza-basic-crystal-blue\/\" target=\"_blank\" rel=\"noopener\">l\u00e9ka\u0159sk\u00e1 halenka se dv\u011bma kapsami<\/a> <span style=\"color: #000000;\"><span style=\"caret-color: #000000;\">nebo<\/span><\/span> <a href=\"https:\/\/medandbeauty.com\/cs\/product\/damska-lekarska-bluza-basic-one-pocket-crystal-blue\/\" target=\"_blank\" rel=\"noopener\">l\u00e9ka\u0159sk\u00e1 halenka s jednou kapsou<\/a><\/strong><span style=\"color: #000000;\"><span style=\"caret-color: #000000;\"> ze stejn\u00e9ho materi\u00e1lu.<\/span><\/span><\/p>\n<p style=\"caret-color: #000000; color: #000000;\">Voln\u011b kombinujte barvy a vytv\u00e1\u0159ejte jedine\u010dn\u00e9 vzhledy nebo zvolte klasick\u00fd a nad\u010dasov\u00fd jednobarevn\u00fd vzhled.<\/p>\n<p>Nezapome\u0148te si prohl\u00e9dnout tak\u00e9 n\u00e1\u0161 h\u0159ejiv\u00fd fleece  <a href=\"https:\/\/medandbeauty.com\/cs\/shop\/pro-ni\/zakladni-kolekce\/lekarske-halenky-cs-2\/\" target=\"_blank\" rel=\"noopener\">l\u00e9ka\u0159sk\u00e9 halenky<\/a>  z certifikovan\u00e9ho prody\u0161n\u00e9ho materi\u00e1lu!<\/p>\n<ul style=\"caret-color: #000000; color: #000000;\">\n<li>Elastick\u00fd pas se stahovac\u00ed \u0161\u0148\u016frkou<\/li>\n<li><span style=\"font-family: inherit;\">6 praktick\u00fdch a prostorn\u00fdch kapes<\/span><\/li>\n<li><span style=\"font-family: inherit;\">\u0160irok\u00e9 nohy<\/span><\/li>\n<li><span style=\"font-family: inherit;\">Obj\u00edmaj\u00edc\u00ed stoup\u00e1n\u00ed<\/span><\/li>\n<\/ul>\n<p style=\"caret-color: #000000; color: #000000;\"><strong> <\/strong><\/p>\n<p style=\"caret-color: #000000; color: #000000;\"><strong>Dal\u0161\u00ed informace:<\/strong><br \/>\nModelky na fotografi\u00edch maj\u00ed na sob\u011b velikost S a jsou vysok\u00e9 170-174 cm.<\/p>\n<p style=\"caret-color: #000000; color: #000000;\">Pokud si nev\u00edte rady s v\u00fdb\u011brem velikosti, pod\u00edvejte se na tabulku velikost\u00ed. Pokud m\u00e1te dal\u0161\u00ed pochybnosti &#8211; po\u0161lete n\u00e1m sv\u00e9 m\u00edry a my v\u00e1m je p\u0159izp\u016fsob\u00edme. <\/p>\n<p style=\"caret-color: #000000; color: #000000;\">Barvy od\u011bv\u016f v<a href=\"https:\/\/medandbeauty.com\/cs\/shop\/pro-ni\/zakladni-kolekce\/\" target=\"_blank\" rel=\"noopener\"> kolekci Basic<\/a> neodpov\u00eddaj\u00ed barv\u00e1m od\u011bv\u016f v <a href=\"https:\/\/medandbeauty.com\/cs\/shop\/pro-ni\/kolekce-premium\/\" target=\"_blank\" rel=\"noopener\">kolekci Premium<\/a> &#8211; jsou vyrobeny z jin\u00fdch materi\u00e1l\u016f.<\/p>\n<p style=\"caret-color: #000000; color: #000000;\">Odst\u00edny jednotliv\u00fdch od\u011bv\u016f na fotografi\u00edch se mohou li\u0161it od skute\u010dn\u00fdch &#8211; to je zp\u016fsobeno r\u016fznorodost\u00ed dostupn\u00fdch elektronick\u00fdch za\u0159\u00edzen\u00ed a jejich individu\u00e1ln\u00edm nastaven\u00edm.<\/p>\n","protected":false},"excerpt":{"rendered":"<p>Nyn\u00ed jsou k dispozici na\u0161e nejprod\u00e1van\u011bj\u0161\u00ed l\u00e9ka\u0159sk\u00e9 kalhoty v \u0161irok\u00e9m proveden\u00ed! Pokud chcete l\u00e9ka\u0159sk\u00e9 od\u011bvy z nejkvalitn\u011bj\u0161\u00edch materi\u00e1l\u016f pro maxim\u00e1ln\u00ed pohodl\u00ed &#8211; na\u0161e \u0161irok\u00e9 spektrum l\u00e9ka\u0159sk\u00e9 kalhoty Basic v k\u0159i\u0161\u0165\u00e1lov\u011b modr\u00e9 barv\u011b jsou nezbytnou sou\u010d\u00e1st\u00ed va\u0161eho \u0161atn\u00edku. D\u00e1msk\u00e9 l\u00e9ka\u0159sk\u00e9 \u0161irok\u00e9 kalhoty scrubs basic crystal blue byly u\u0161ity z m\u011bkk\u00e9 na dotek a na no\u0161en\u00ed mimo\u0159\u00e1dn\u011b [&hellip;]<\/p>\n","protected":false},"featured_media":369042,"comment_status":"open","ping_status":"closed","template":"","meta":{"_acf_changed":false,"inline_featured_image":false},"kolor":[1144],"rodzaj-ubrania":[1051,1052],"ubranie":[1056],"product_brand":[],"product_cat":[1029,1049,1048,1050,1030],"product_tag":[1362],"class_list":{"0":"post-369031","1":"product","2":"type-product","3":"status-publish","4":"has-post-thumbnail","6":"kolor-modra-cs","7":"rodzaj-ubrania-scrubs-cs","8":"rodzaj-ubrania-zdravotnicke-kalhoty","9":"ubranie-damske-lekarske-kalhoty-siroke-scrubs-basic","10":"product_cat-pro-ni","11":"product_cat-scrubs","12":"product_cat-zakladni-kolekce","13":"product_cat-zdravotnicke-kalhoty","14":"product_cat-zpravy","15":"product_tag-damske-lekarske-kalhoty-s-sirokymi-nohavicemi","17":"first","18":"instock","19":"taxable","20":"shipping-taxable","21":"purchasable","22":"product-type-variable"},"acf":[],"_links":{"self":[{"href":"https:\/\/medandbeauty.com\/cs\/wp-json\/wp\/v2\/product\/369031","targetHints":{"allow":["GET"]}}],"collection":[{"href":"https:\/\/medandbeauty.com\/cs\/wp-json\/wp\/v2\/product"}],"about":[{"href":"https:\/\/medandbeauty.com\/cs\/wp-json\/wp\/v2\/types\/product"}],"replies":[{"embeddable":true,"href":"https:\/\/medandbeauty.com\/cs\/wp-json\/wp\/v2\/comments?post=369031"}],"wp:featuredmedia":[{"embeddable":true,"href":"https:\/\/medandbeauty.com\/cs\/wp-json\/wp\/v2\/media\/369042"}],"wp:attachment":[{"href":"https:\/\/medandbeauty.com\/cs\/wp-json\/wp\/v2\/media?parent=369031"}],"wp:term":[{"taxonomy":"kolor","embeddable":true,"href":"https:\/\/medandbeauty.com\/cs\/wp-json\/wp\/v2\/kolor?post=369031"},{"taxonomy":"rodzaj-ubrania","embeddable":true,"href":"https:\/\/medandbeauty.com\/cs\/wp-json\/wp\/v2\/rodzaj-ubrania?post=369031"},{"taxonomy":"ubranie","embeddable":true,"href":"https:\/\/medandbeauty.com\/cs\/wp-json\/wp\/v2\/ubranie?post=369031"},{"taxonomy":"product_brand","embeddable":true,"href":"https:\/\/medandbeauty.com\/cs\/wp-json\/wp\/v2\/product_brand?post=369031"},{"taxonomy":"product_cat","embeddable":true,"href":"https:\/\/medandbeauty.com\/cs\/wp-json\/wp\/v2\/product_cat?post=369031"},{"taxonomy":"product_tag","embeddable":true,"href":"https:\/\/medandbeauty.com\/cs\/wp-json\/wp\/v2\/product_tag?post=369031"}],"curies":[{"name":"wp","href":"https:\/\/api.w.org\/{rel}","templated":true}]}}