{"id":369550,"date":"2025-02-05T12:17:44","date_gmt":"2025-02-05T11:17:44","guid":{"rendered":"https:\/\/medandbeauty.com\/product\/zdravotni-ponozky-nurse-squad\/"},"modified":"2025-11-18T11:40:52","modified_gmt":"2025-11-18T10:40:52","slug":"zdravotni-ponozky-nurse-squad","status":"publish","type":"product","link":"https:\/\/medandbeauty.com\/cs\/product\/zdravotni-ponozky-nurse-squad\/","title":{"rendered":"Zdravotn\u00ed pono\u017eky NURSE SQUAD"},"content":{"rendered":"<p><strong>NOVINKA v na\u0161\u00ed nab\u00eddce<\/strong> &#8211; mimo\u0159\u00e1dn\u011b pohodln\u00e9 <strong>l\u00e9ka\u0159sk\u00e9 pono\u017eky, kter\u00e9<\/strong> podtrhnou v\u00e1\u0161e\u0148 pro va\u0161i profesi!<\/p>\n<p>Jste zdravotn\u00ed sestra? Zv\u00fdrazn\u011bte svou p\u0159\u00edslu\u0161nost ke<strong> zdravotnick\u00fdm pono\u017ek\u00e1m Nurse Squad slovy: Pono\u017eky s n\u00e1pisem: Nurse Squad!<\/strong> <\/p>\n<p><span style=\"font-weight: 400;\">P\u0159i dlouh\u00fdch a intenzivn\u00edch hodin\u00e1ch str\u00e1ven\u00fdch v pr\u00e1ci pot\u0159ebujete nejen<strong> l\u00e9ka\u0159sk\u00e9 oble\u010den\u00ed, <\/strong>kter\u00e9 poskytuje maxim\u00e1ln\u00ed pohodl\u00ed, ale tak\u00e9 pohodln\u00e9 a prody\u0161n\u00e9 <strong>l\u00e9ka\u0159sk\u00e9 pono\u017eky<\/strong>!<\/span><\/p>\n<p><b>R\u016f\u017eov\u00e9 zdravotn\u00ed pono\u017eky Nurse Squad <\/b>jsou vyrobeny z 80 % z vysoce kvalitn\u00ed bavlny v kombinaci se 17 % polyamidu a 3 % elastanu.<\/p>\n<p style=\"font-weight: 400;\">D\u00edky t\u00e9to sm\u011bsi vl\u00e1ken v tkanin\u011b je materi\u00e1l velmi odoln\u00fd, m\u011bkk\u00fd, p\u0159\u00edjemn\u00fd na dotek, p\u0159izp\u016fsob\u00ed se chodidlu, neomezuje v pohybu a, co\u017e je pro <strong>zdravotn\u00ed pono\u017eky<\/strong> nesm\u00edrn\u011b d\u016fle\u017eit\u00e9, je tak\u00e9 prody\u0161n\u00fd a prody\u0161n\u00fd.<\/p>\n<p>P\u00e1sky na\u0161ich zdravotn\u00edch pono\u017eek jsou elastick\u00e9, tak\u017ee b\u011bhem pou\u017e\u00edv\u00e1n\u00ed netla\u010d\u00ed na kotn\u00edk.<\/p>\n<p>N\u00e1pisy um\u00edst\u011bn\u00e9 na l\u00e9ka\u0159sk\u00fdch pono\u017ek\u00e1ch zd\u016frazn\u00ed va\u0161i profesionalitu a l\u00e1sku k va\u0161emu povol\u00e1n\u00ed.<\/p>\n<p>Zajist\u011bte si maxim\u00e1ln\u00ed pohodl\u00ed a komfort p\u0159i pr\u00e1ci se<strong> zdravotnick\u00fdmi pono\u017ekami Nurse Squad!<\/strong><\/p>\n<ul>\n<li style=\"font-weight: 400;\">Vzdu\u0161n\u00fd, prody\u0161n\u00fd a pru\u017en\u00fd materi\u00e1l<\/li>\n<li>Jedine\u010dn\u00fd design<\/li>\n<li>Elastick\u00e9 \u0161vy<\/li>\n<li>N\u00e1pisy zd\u016fraz\u0148uj\u00edc\u00ed profesi<\/li>\n<\/ul>\n<p><strong>Dal\u0161\u00ed informace:<\/strong><\/p>\n<p>Odst\u00edn pono\u017eek na obr\u00e1zc\u00edch se m\u016f\u017ee li\u0161it od skute\u010dn\u00e9ho odst\u00ednu &#8211; to je zp\u016fsobeno r\u016fznorodost\u00ed dostupn\u00fdch elektronick\u00fdch za\u0159\u00edzen\u00ed a jejich individu\u00e1ln\u00edm nastaven\u00edm.<\/p>\n","protected":false},"excerpt":{"rendered":"<p>NOVINKA v na\u0161\u00ed nab\u00eddce &#8211; mimo\u0159\u00e1dn\u011b pohodln\u00e9 l\u00e9ka\u0159sk\u00e9 pono\u017eky, kter\u00e9 podtrhnou v\u00e1\u0161e\u0148 pro va\u0161i profesi! Jste zdravotn\u00ed sestra? Zv\u00fdrazn\u011bte svou p\u0159\u00edslu\u0161nost ke zdravotnick\u00fdm pono\u017ek\u00e1m Nurse Squad slovy: Pono\u017eky s n\u00e1pisem: Nurse Squad! P\u0159i dlouh\u00fdch a intenzivn\u00edch hodin\u00e1ch str\u00e1ven\u00fdch v pr\u00e1ci pot\u0159ebujete nejen l\u00e9ka\u0159sk\u00e9 oble\u010den\u00ed, kter\u00e9 poskytuje maxim\u00e1ln\u00ed pohodl\u00ed, ale tak\u00e9 pohodln\u00e9 a prody\u0161n\u00e9 l\u00e9ka\u0159sk\u00e9 pono\u017eky! [&hellip;]<\/p>\n","protected":false},"featured_media":369552,"comment_status":"open","ping_status":"closed","template":"","meta":{"_acf_changed":false,"inline_featured_image":false},"kolor":[1039],"rodzaj-ubrania":[],"ubranie":[1068],"product_brand":[],"product_cat":[1031,1029],"product_tag":[],"class_list":{"0":"post-369550","1":"product","2":"type-product","3":"status-publish","4":"has-post-thumbnail","6":"kolor-ruze","7":"ubranie-zdravotni-ponozky","8":"product_cat-prislusenstvi","9":"product_cat-pro-ni","11":"first","12":"outofstock","13":"taxable","14":"shipping-taxable","15":"purchasable","16":"product-type-variable"},"acf":[],"_links":{"self":[{"href":"https:\/\/medandbeauty.com\/cs\/wp-json\/wp\/v2\/product\/369550","targetHints":{"allow":["GET"]}}],"collection":[{"href":"https:\/\/medandbeauty.com\/cs\/wp-json\/wp\/v2\/product"}],"about":[{"href":"https:\/\/medandbeauty.com\/cs\/wp-json\/wp\/v2\/types\/product"}],"replies":[{"embeddable":true,"href":"https:\/\/medandbeauty.com\/cs\/wp-json\/wp\/v2\/comments?post=369550"}],"wp:featuredmedia":[{"embeddable":true,"href":"https:\/\/medandbeauty.com\/cs\/wp-json\/wp\/v2\/media\/369552"}],"wp:attachment":[{"href":"https:\/\/medandbeauty.com\/cs\/wp-json\/wp\/v2\/media?parent=369550"}],"wp:term":[{"taxonomy":"kolor","embeddable":true,"href":"https:\/\/medandbeauty.com\/cs\/wp-json\/wp\/v2\/kolor?post=369550"},{"taxonomy":"rodzaj-ubrania","embeddable":true,"href":"https:\/\/medandbeauty.com\/cs\/wp-json\/wp\/v2\/rodzaj-ubrania?post=369550"},{"taxonomy":"ubranie","embeddable":true,"href":"https:\/\/medandbeauty.com\/cs\/wp-json\/wp\/v2\/ubranie?post=369550"},{"taxonomy":"product_brand","embeddable":true,"href":"https:\/\/medandbeauty.com\/cs\/wp-json\/wp\/v2\/product_brand?post=369550"},{"taxonomy":"product_cat","embeddable":true,"href":"https:\/\/medandbeauty.com\/cs\/wp-json\/wp\/v2\/product_cat?post=369550"},{"taxonomy":"product_tag","embeddable":true,"href":"https:\/\/medandbeauty.com\/cs\/wp-json\/wp\/v2\/product_tag?post=369550"}],"curies":[{"name":"wp","href":"https:\/\/api.w.org\/{rel}","templated":true}]}}