{"id":369684,"date":"2025-02-05T13:58:30","date_gmt":"2025-02-05T12:58:30","guid":{"rendered":"https:\/\/medandbeauty.com\/product\/damske-lekarske-halenky-basic-magenta\/"},"modified":"2026-03-25T14:48:04","modified_gmt":"2026-03-25T13:48:04","slug":"damske-lekarske-halenky-basic-magenta","status":"publish","type":"product","link":"https:\/\/medandbeauty.com\/cs\/product\/damske-lekarske-halenky-basic-magenta\/","title":{"rendered":"D\u00e1msk\u00e9 l\u00e9ka\u0159sk\u00e9 halenky Basic MAGENTA"},"content":{"rendered":"<p style=\"font-weight: 400;\">Objevte nad\u010dasov\u00e9 a spolehliv\u00e9 <strong><a href=\"https:\/\/medandbeauty.com\/cs\/shop\/pro-ni\/zakladni-kolekce\/\" target=\"_blank\" rel=\"noopener\">k\u0159oviny Basic, kter\u00e9<\/a><\/strong> si zamilovaly tis\u00edce na\u0161ich z\u00e1kazn\u00edk\u016f!<\/p>\n<p style=\"font-weight: 400;\">P\u0159i intenzivn\u00edm pracovn\u00edm nasazen\u00ed pot\u0159ebujete<strong> zdravotn\u00ed od\u011bv, kter\u00fd <\/strong>v\u00e1m poskytne maxim\u00e1ln\u00ed pohodl\u00ed. <strong>D\u00e1msk\u00e1 l\u00e9ka\u0159sk\u00e1 bl\u016fza Scrubs Basic Magenta je vyrobena z<\/strong> nejkvalitn\u011bj\u0161\u00ed tkaniny.<\/p>\n<p style=\"font-weight: 400;\">D\u00edky kombinaci polyesteru, visk\u00f3zy a lycry je materi\u00e1l velmi m\u011bkk\u00fd, odoln\u00fd, p\u0159\u00edjemn\u00fd na dotek, p\u0159izp\u016fsobiv\u00fd v\u0161em typ\u016fm postavy, neomezuje v pohybu a, co\u017e je u zdravotnick\u00fdch od\u011bv\u016f mimo\u0159\u00e1dn\u011b d\u016fle\u017eit\u00e9, je tak\u00e9 <strong>prody\u0161n\u00fd.<\/strong> <\/p>\n<p style=\"font-weight: 400;\"><strong>D\u00e1msk\u00e1 l\u00e9ka\u0159sk\u00e1 bl\u016fza Scrubs basic magenta je ide\u00e1ln\u00edm z\u00e1kladem <\/strong>pro spolehliv\u00fd a nad\u010dasov\u00fd <strong>\u0161atn\u00edk<\/strong> l\u00e9ka\u0159sk\u00e9ho <strong>oble\u010den\u00ed<\/strong>.<\/p>\n<p style=\"font-weight: 400;\">Je vybavena dv\u011bma praktick\u00fdmi a mimo\u0159\u00e1dn\u011b prostorn\u00fdmi kapsami pro ulo\u017een\u00ed ve\u0161ker\u00e9ho p\u0159\u00edslu\u0161enstv\u00ed pot\u0159ebn\u00e9ho p\u0159i pr\u00e1ci.<\/p>\n<p style=\"font-weight: 400;\">Klasick\u00fd v\u00e9\u010dkov\u00fd v\u00fdst\u0159ih opticky prodlu\u017euje siluetu, z\u00fa\u017een\u00fd st\u0159ih v pase zd\u016fraz\u0148uje p\u0159ednosti ka\u017ed\u00e9ho typu \u017eensk\u00e9 postavy a d\u00e9lka ruk\u00e1v\u016f (sahaj\u00edc\u00ed t\u00e9m\u011b\u0159 k lokti) poskytuje ochranu ramen a z\u00e1rove\u0148 neomezuje v pohybu.<\/p>\n<p style=\"font-weight: 400;\"><strong>D\u00e1msk\u00e9 zdravotnick\u00e9 \u00fabory Basic v purpurov\u00e9 barv\u011b<\/strong> m\u016f\u017eete kombinovat <strong>se zdravotnick\u00fdmi<\/strong> <strong>kalhotami nebo klasick\u00fdmi <\/strong>proste <strong>zdravotnick\u00fdmi kalhotami ve stejn\u00e9 barv\u011b<\/strong>, nebo si vybrat jin\u00fd odst\u00edn z mnoha dostupn\u00fdch v nab\u00eddce. <a href=\"https:\/\/medandbeauty.com\/cs\/shop\/pro-ni\/zakladni-kolekce\/\" target=\"_blank\" rel=\"noopener\"><strong>kolekce Med &amp; Beauty Basic<\/strong><\/a>.<\/p>\n<p style=\"font-weight: 400;\">Zajist\u011bte si maxim\u00e1ln\u00ed pohodl\u00ed a profesion\u00e1ln\u00ed vzhled p\u0159i pr\u00e1ci s<strong> l\u00e9ka\u0159sk\u00fdmi \u0161\u00e1tky<\/strong> <strong>Med &amp; Beauty Basic<\/strong>.<\/p>\n<p>Nezapome\u0148te si prohl\u00e9dnout tak\u00e9 n\u00e1\u0161 h\u0159ejiv\u00fd fleece  <a href=\"https:\/\/medandbeauty.com\/cs\/shop\/pro-ni\/zakladni-kolekce\/lekarske-halenky-cs-2\/\" target=\"_blank\" rel=\"noopener\">l\u00e9ka\u0159sk\u00e9 halenky<\/a>  z certifikovan\u00e9ho prody\u0161n\u00e9ho materi\u00e1lu!<\/p>\n<ul>\n<li style=\"font-weight: 400;\">Dv\u011b velk\u00e9, praktick\u00e9 a prostorn\u00e9 kapsy<\/li>\n<li style=\"font-weight: 400;\"><span style=\"font-family: inherit;\">Tvarovan\u00fd pas<\/span><\/li>\n<li style=\"font-weight: 400;\"><span style=\"font-family: inherit;\">Klasick\u00fd v\u00fdst\u0159ih do V<\/span><\/li>\n<li style=\"font-weight: 400;\"><span style=\"font-family: inherit;\">Pohodln\u00fd, kr\u00e1tk\u00fd ruk\u00e1v<\/span><\/li>\n<\/ul>\n<p>&nbsp;<\/p>\n<p style=\"font-weight: 400;\"><strong>Dal\u0161\u00ed informace:<\/strong><br \/>\nModelky na fotografi\u00edch maj\u00ed na sob\u011b velikost S a jsou vysok\u00e9 170-174 cm.<\/p>\n<p style=\"font-weight: 400;\">Pokud si nev\u00edte rady s v\u00fdb\u011brem velikosti, pod\u00edvejte se na tabulku velikost\u00ed. Pokud m\u00e1te dal\u0161\u00ed pochybnosti &#8211; po\u0161lete n\u00e1m sv\u00e9 m\u00edry a my v\u00e1m je p\u0159izp\u016fsob\u00edme. <\/p>\n<p style=\"font-weight: 400;\">Barvy od\u011bv\u016f v <a href=\"https:\/\/medandbeauty.com\/cs\/shop\/pro-ni\/zakladni-kolekce\/\" target=\"_blank\" rel=\"noopener\">kolekci Basic<\/a> neodpov\u00eddaj\u00ed barv\u00e1m od\u011bv\u016f v <a href=\"https:\/\/medandbeauty.com\/cs\/shop\/pro-ni\/kolekce-premium\/\" target=\"_blank\" rel=\"noopener\">kolekci Premium<\/a> &#8211; jsou vyrobeny z jin\u00fdch materi\u00e1l\u016f.<\/p>\n<p style=\"font-weight: 400;\">Odst\u00edny jednotliv\u00fdch od\u011bv\u016f na fotografi\u00edch se mohou li\u0161it od skute\u010dn\u00fdch &#8211; to je zp\u016fsobeno r\u016fznorodost\u00ed dostupn\u00fdch elektronick\u00fdch za\u0159\u00edzen\u00ed a jejich individu\u00e1ln\u00edm nastaven\u00edm.<\/p>\n","protected":false},"excerpt":{"rendered":"<p>Objevte nad\u010dasov\u00e9 a spolehliv\u00e9 k\u0159oviny Basic, kter\u00e9 si zamilovaly tis\u00edce na\u0161ich z\u00e1kazn\u00edk\u016f! P\u0159i intenzivn\u00edm pracovn\u00edm nasazen\u00ed pot\u0159ebujete zdravotn\u00ed od\u011bv, kter\u00fd v\u00e1m poskytne maxim\u00e1ln\u00ed pohodl\u00ed. D\u00e1msk\u00e1 l\u00e9ka\u0159sk\u00e1 bl\u016fza Scrubs Basic Magenta je vyrobena z nejkvalitn\u011bj\u0161\u00ed tkaniny. D\u00edky kombinaci polyesteru, visk\u00f3zy a lycry je materi\u00e1l velmi m\u011bkk\u00fd, odoln\u00fd, p\u0159\u00edjemn\u00fd na dotek, p\u0159izp\u016fsobiv\u00fd v\u0161em typ\u016fm postavy, neomezuje v [&hellip;]<\/p>\n","protected":false},"featured_media":369685,"comment_status":"open","ping_status":"closed","template":"","meta":{"_acf_changed":false,"inline_featured_image":false},"kolor":[1039],"rodzaj-ubrania":[1087,1051],"ubranie":[1090],"product_brand":[],"product_cat":[1086,1029,1049,1048],"product_tag":[1367],"class_list":{"0":"post-369684","1":"product","2":"type-product","3":"status-publish","4":"has-post-thumbnail","6":"kolor-ruze","7":"rodzaj-ubrania-lekarske-halenky","8":"rodzaj-ubrania-scrubs-cs","9":"ubranie-damske-lekarske-halenky-basic","10":"product_cat-lekarske-halenky","11":"product_cat-pro-ni","12":"product_cat-scrubs","13":"product_cat-zakladni-kolekce","14":"product_tag-zdravotnicke-obleceni-pro-studenty","16":"first","17":"instock","18":"taxable","19":"shipping-taxable","20":"purchasable","21":"product-type-variable"},"acf":[],"_links":{"self":[{"href":"https:\/\/medandbeauty.com\/cs\/wp-json\/wp\/v2\/product\/369684","targetHints":{"allow":["GET"]}}],"collection":[{"href":"https:\/\/medandbeauty.com\/cs\/wp-json\/wp\/v2\/product"}],"about":[{"href":"https:\/\/medandbeauty.com\/cs\/wp-json\/wp\/v2\/types\/product"}],"replies":[{"embeddable":true,"href":"https:\/\/medandbeauty.com\/cs\/wp-json\/wp\/v2\/comments?post=369684"}],"wp:featuredmedia":[{"embeddable":true,"href":"https:\/\/medandbeauty.com\/cs\/wp-json\/wp\/v2\/media\/369685"}],"wp:attachment":[{"href":"https:\/\/medandbeauty.com\/cs\/wp-json\/wp\/v2\/media?parent=369684"}],"wp:term":[{"taxonomy":"kolor","embeddable":true,"href":"https:\/\/medandbeauty.com\/cs\/wp-json\/wp\/v2\/kolor?post=369684"},{"taxonomy":"rodzaj-ubrania","embeddable":true,"href":"https:\/\/medandbeauty.com\/cs\/wp-json\/wp\/v2\/rodzaj-ubrania?post=369684"},{"taxonomy":"ubranie","embeddable":true,"href":"https:\/\/medandbeauty.com\/cs\/wp-json\/wp\/v2\/ubranie?post=369684"},{"taxonomy":"product_brand","embeddable":true,"href":"https:\/\/medandbeauty.com\/cs\/wp-json\/wp\/v2\/product_brand?post=369684"},{"taxonomy":"product_cat","embeddable":true,"href":"https:\/\/medandbeauty.com\/cs\/wp-json\/wp\/v2\/product_cat?post=369684"},{"taxonomy":"product_tag","embeddable":true,"href":"https:\/\/medandbeauty.com\/cs\/wp-json\/wp\/v2\/product_tag?post=369684"}],"curies":[{"name":"wp","href":"https:\/\/api.w.org\/{rel}","templated":true}]}}