{"id":369696,"date":"2024-10-04T17:29:03","date_gmt":"2024-10-04T15:29:03","guid":{"rendered":"https:\/\/medandbeauty.com\/product\/damske-zdravotni-kalhoty-proste-scrubs-basic-baby-shark\/"},"modified":"2025-12-23T12:12:57","modified_gmt":"2025-12-23T11:12:57","slug":"damske-zdravotni-kalhoty-proste-scrubs-basic-baby-shark","status":"publish","type":"product","link":"https:\/\/medandbeauty.com\/cs\/product\/damske-zdravotni-kalhoty-proste-scrubs-basic-baby-shark\/","title":{"rendered":"D\u00e1msk\u00e9 zdravotn\u00ed kalhoty PROSTE SCRUBS Basic BABY SHARK"},"content":{"rendered":"<p style=\"font-weight: 400;\">V\u0161ichni milovn\u00edci nad\u010dasov\u00e9 elegance budou tento klasick\u00fd a pohodln\u00fd model zbo\u017e\u0148ovat!<\/p>\n<p style=\"font-weight: 400;\">Chcete si p\u0159i pr\u00e1ci udr\u017eet dokonal\u00fd vzhled a c\u00edtit se senza\u010dn\u011b ve zdravotnick\u00e9m oble\u010den\u00ed, kter\u00e9 nos\u00edte?<\/p>\n<p><strong>Zdravotnick\u00e9 rovn\u00e9 kalhoty z <a style=\"font-weight: 400;\" href=\"https:\/\/medandbeauty.com\/cs\/shop\/pro-ni\/zakladni-kolekce\/\" target=\"_blank\" rel=\"noopener\">kolekce Med &amp; Beauty Basic<\/a> v barv\u011b baby shark<\/strong> jsou ide\u00e1ln\u00ed volbou pro v\u0161echny \u017eeny, kter\u00e9 si cen\u00ed profesionality a pohodl\u00ed b\u011bhem dlouh\u00fdch hodin v pr\u00e1ci.<\/p>\n<p style=\"font-weight: 400;\"><strong>D\u00e1msk\u00e9 zdravotnick\u00e9 kalhoty Scrubs Basic v barv\u011b baby shark<\/strong> jsou u\u0161ity z m\u011bkk\u00e9ho materi\u00e1lu p\u0159\u00edjemn\u00e9ho na dotek, tak\u017ee poskytuj\u00ed vysok\u00fd komfort p\u0159i no\u0161en\u00ed a plnou volnost pohybu.<\/p>\n<p style=\"font-weight: 400;\">Kombinace polyesteru, visk\u00f3zy a lycry zaji\u0161\u0165uje, \u017ee tkanina dokonale padne ka\u017ed\u00e9mu typu \u017eensk\u00e9 postavy a z\u00e1rove\u0148 je velmi odoln\u00e1 a prody\u0161n\u00e1.<\/p>\n<p style=\"font-weight: 400;\"><strong>D\u00e1msk\u00e9 rovn\u00e9 zdravotnick\u00e9 kalhoty Scrubs z <a href=\"https:\/\/medandbeauty.com\/cs\/shop\/pro-ni\/zakladni-kolekce\/\" target=\"_blank\" rel=\"noopener\">kolekce Basic<\/a><\/strong> jsou vybaveny \u010dty\u0159mi funk\u010dn\u00edmi kapsami (dv\u011b vzadu a dv\u011b vp\u0159edu), do kter\u00fdch si m\u016f\u017eete d\u00e1t ve\u0161ker\u00e9 p\u0159\u00edslu\u0161enstv\u00ed, kter\u00e9 v pr\u00e1ci pot\u0159ebujete.<\/p>\n<p style=\"font-weight: 400;\">M\u00edrn\u011b z\u00fa\u017een\u00fd st\u0159ih a vysok\u00fd pas kalhot zv\u00fdrazn\u00ed ka\u017edou postavu, zat\u00edmco elastick\u00fd pas poskytuje pln\u00e9 pohodl\u00ed a volnost pohybu.<\/p>\n<p style=\"font-weight: 400;\">Zkombinujte <strong>z\u00e1kladn\u00ed d\u011btsk\u00e9 rovn\u00e9 l\u00e9ka\u0159sk\u00e9 kalhoty s kalhotami <\/strong><strong><a href=\"https:\/\/medandbeauty.com\/cs\/product\/damska-lekarska-halenka-scrubs-basic-baby-shark\/\" target=\"_blank\" rel=\"noopener\">l\u00e9ka\u0159skou halenkou se dv\u011bma kapsami<\/a> <\/strong>ve stejn\u00e9 barv\u011b, nebo je zkombinujte s jin\u00fdm odst\u00ednem z na\u0161\u00ed nab\u00eddky.<a href=\"https:\/\/medandbeauty.com\/cs\/shop\/pro-ni\/zakladni-kolekce\/\" target=\"_blank\" rel=\"noopener\"> <strong>kolekce<\/strong><\/a> a vytvo\u0159te si jedine\u010dnou soupravu!<\/p>\n<p>Nezapome\u0148te si prohl\u00e9dnout tak\u00e9 n\u00e1\u0161 h\u0159ejiv\u00fd fleece  <a href=\"https:\/\/medandbeauty.com\/cs\/shop\/pro-ni\/zakladni-kolekce\/lekarske-halenky-cs-2\/\" target=\"_blank\" rel=\"noopener\">l\u00e9ka\u0159sk\u00e9 halenky<\/a>  z certifikovan\u00e9ho prody\u0161n\u00e9ho materi\u00e1lu!<\/p>\n<ul>\n<li style=\"font-weight: 400;\">Elastick\u00fd p\u00e1s<\/li>\n<li style=\"font-weight: 400;\"><span style=\"font-family: inherit;\">4 praktick\u00e9 a prostorn\u00e9 kapsy<\/span><\/li>\n<li style=\"font-weight: 400;\"><span style=\"font-family: inherit;\">M\u00edrn\u011b z\u00fa\u017een\u00e1 spodn\u00ed \u010d\u00e1st<\/span><\/li>\n<li style=\"font-weight: 400;\"><span style=\"font-family: inherit;\">Obj\u00edmaj\u00edc\u00ed stoup\u00e1n\u00ed<\/span><strong style=\"font-family: inherit;\"> <\/strong><\/li>\n<\/ul>\n<p>&nbsp;<\/p>\n<p style=\"font-weight: 400;\"><strong>Dal\u0161\u00ed informace:<\/strong><br \/>\nModelky na fotografi\u00edch maj\u00ed na sob\u011b velikost S a jsou vysok\u00e9 170-174 cm.<\/p>\n<p style=\"font-weight: 400;\">Pokud si nev\u00edte rady s v\u00fdb\u011brem velikosti, pod\u00edvejte se na tabulku velikost\u00ed. Pokud m\u00e1te dal\u0161\u00ed pochybnosti &#8211; po\u0161lete n\u00e1m sv\u00e9 m\u00edry a my v\u00e1m je p\u0159izp\u016fsob\u00edme. <\/p>\n<p style=\"font-weight: 400;\">Barvy od\u011bv\u016f v kolekci Basic neodpov\u00eddaj\u00ed barv\u00e1m od\u011bv\u016f v <a href=\"https:\/\/medandbeauty.com\/cs\/shop\/pro-ni\/kolekce-premium\/\" target=\"_blank\" rel=\"noopener\">kolekci Premium<\/a> &#8211; jsou vyrobeny z jin\u00fdch materi\u00e1l\u016f.<\/p>\n<p style=\"font-weight: 400;\">Odst\u00edny jednotliv\u00fdch od\u011bv\u016f na fotografi\u00edch se mohou li\u0161it od skute\u010dn\u00fdch &#8211; to je zp\u016fsobeno r\u016fznorodost\u00ed dostupn\u00fdch elektronick\u00fdch za\u0159\u00edzen\u00ed a jejich individu\u00e1ln\u00edm nastaven\u00edm.<\/p>\n","protected":false},"excerpt":{"rendered":"<p>V\u0161ichni milovn\u00edci nad\u010dasov\u00e9 elegance budou tento klasick\u00fd a pohodln\u00fd model zbo\u017e\u0148ovat! Chcete si p\u0159i pr\u00e1ci udr\u017eet dokonal\u00fd vzhled a c\u00edtit se senza\u010dn\u011b ve zdravotnick\u00e9m oble\u010den\u00ed, kter\u00e9 nos\u00edte? Zdravotnick\u00e9 rovn\u00e9 kalhoty z kolekce Med &amp; Beauty Basic v barv\u011b baby shark jsou ide\u00e1ln\u00ed volbou pro v\u0161echny \u017eeny, kter\u00e9 si cen\u00ed profesionality a pohodl\u00ed b\u011bhem dlouh\u00fdch hodin [&hellip;]<\/p>\n","protected":false},"featured_media":369697,"comment_status":"open","ping_status":"closed","template":"","meta":{"_acf_changed":false,"inline_featured_image":false},"kolor":[1151],"rodzaj-ubrania":[1051,1052],"ubranie":[1053],"product_brand":[],"product_cat":[1029,1049,1048,1050,1030],"product_tag":[],"class_list":{"0":"post-369696","1":"product","2":"type-product","3":"status-publish","4":"has-post-thumbnail","6":"kolor-greys-cs","7":"rodzaj-ubrania-scrubs-cs","8":"rodzaj-ubrania-zdravotnicke-kalhoty","9":"ubranie-damske-lekarske-kalhoty-rovne-scrubs-basic","10":"product_cat-pro-ni","11":"product_cat-scrubs","12":"product_cat-zakladni-kolekce","13":"product_cat-zdravotnicke-kalhoty","14":"product_cat-zpravy","16":"first","17":"instock","18":"taxable","19":"shipping-taxable","20":"purchasable","21":"product-type-variable"},"acf":[],"_links":{"self":[{"href":"https:\/\/medandbeauty.com\/cs\/wp-json\/wp\/v2\/product\/369696","targetHints":{"allow":["GET"]}}],"collection":[{"href":"https:\/\/medandbeauty.com\/cs\/wp-json\/wp\/v2\/product"}],"about":[{"href":"https:\/\/medandbeauty.com\/cs\/wp-json\/wp\/v2\/types\/product"}],"replies":[{"embeddable":true,"href":"https:\/\/medandbeauty.com\/cs\/wp-json\/wp\/v2\/comments?post=369696"}],"wp:featuredmedia":[{"embeddable":true,"href":"https:\/\/medandbeauty.com\/cs\/wp-json\/wp\/v2\/media\/369697"}],"wp:attachment":[{"href":"https:\/\/medandbeauty.com\/cs\/wp-json\/wp\/v2\/media?parent=369696"}],"wp:term":[{"taxonomy":"kolor","embeddable":true,"href":"https:\/\/medandbeauty.com\/cs\/wp-json\/wp\/v2\/kolor?post=369696"},{"taxonomy":"rodzaj-ubrania","embeddable":true,"href":"https:\/\/medandbeauty.com\/cs\/wp-json\/wp\/v2\/rodzaj-ubrania?post=369696"},{"taxonomy":"ubranie","embeddable":true,"href":"https:\/\/medandbeauty.com\/cs\/wp-json\/wp\/v2\/ubranie?post=369696"},{"taxonomy":"product_brand","embeddable":true,"href":"https:\/\/medandbeauty.com\/cs\/wp-json\/wp\/v2\/product_brand?post=369696"},{"taxonomy":"product_cat","embeddable":true,"href":"https:\/\/medandbeauty.com\/cs\/wp-json\/wp\/v2\/product_cat?post=369696"},{"taxonomy":"product_tag","embeddable":true,"href":"https:\/\/medandbeauty.com\/cs\/wp-json\/wp\/v2\/product_tag?post=369696"}],"curies":[{"name":"wp","href":"https:\/\/api.w.org\/{rel}","templated":true}]}}