{"id":373309,"date":"2024-04-25T14:59:58","date_gmt":"2024-04-25T12:59:58","guid":{"rendered":"https:\/\/medandbeauty.com\/product\/panske-lekarske-bluzy-basic-rubin\/"},"modified":"2026-03-24T17:11:12","modified_gmt":"2026-03-24T16:11:12","slug":"panske-lekarske-bluzy-basic-rubin","status":"publish","type":"product","link":"https:\/\/medandbeauty.com\/cs\/product\/panske-lekarske-bluzy-basic-rubin\/","title":{"rendered":"P\u00e1nsk\u00e9 l\u00e9ka\u0159sk\u00e9 bl\u016fzy Basic RUBIN"},"content":{"rendered":"<p style=\"font-weight: 400;\">Seznamte se s klasikou, <a href=\"https:\/\/medandbeauty.com\/cs\/shop\/pro-nej\/zakladni-kolekce-cs\/\" target=\"_blank\" rel=\"noopener\"><strong>p\u00e1nsk\u00e9 pracovn\u00ed od\u011bvy Basic<\/strong><\/a> obl\u00edben\u00e9 na\u0161imi z\u00e1kazn\u00edky!<\/p>\n<p style=\"font-weight: 400;\">Kdy\u017e tr\u00e1v\u00edte dlouh\u00e9 hodiny v pr\u00e1ci, pot\u0159ebujete <strong>zdravotn\u00ed od\u011bv,<\/strong> kter\u00fd v\u00e1m poskytne maxim\u00e1ln\u00ed pohodl\u00ed. <strong>P\u00e1nsk\u00e1 l\u00e9ka\u0159sk\u00e1 bl\u016fza Scrubs Basic v rub\u00ednov\u00e9 bar<\/strong> v\u011b byla vyrobena z t\u011bch nejkvalitn\u011bj\u0161\u00edch materi\u00e1l\u016f.<\/p>\n<p style=\"font-weight: 400;\">D\u00edky kombinaci polyesteru, visk\u00f3zy a lycry je materi\u00e1l m\u011bkk\u00fd, velmi odoln\u00fd, p\u0159izp\u016fsob\u00ed se jak\u00e9mukoli tvaru t\u011bla, neomezuje v pohybu a, co\u017e je u zdravotnick\u00fdch od\u011bv\u016f nesm\u00edrn\u011b d\u016fle\u017eit\u00e9, je prody\u0161n\u00fd a prody\u0161n\u00fd.<\/p>\n<p style=\"font-weight: 400;\"><strong>P\u00e1nsk\u00e1 l\u00e9ka\u0159sk\u00e1 bl\u016fza Scrubs basic ruby<\/strong> je dokonal\u00fdm z\u00e1kladem klasick\u00e9ho a velmi praktick\u00e9ho <strong>p\u00e1nsk\u00e9ho l\u00e9ka\u0159sk\u00e9ho \u0161atn\u00edku<\/strong>.<\/p>\n<p style=\"font-weight: 400;\"><strong>P\u00e1nsk\u00e1 l\u00e9ka\u0159sk\u00e1 bl\u016fza Scrubs Basic ruby<\/strong> je vybavena dv\u011bma prostorn\u00fdmi a praktick\u00fdmi kapsami pro ulo\u017een\u00ed v\u0161ech n\u00e1stroj\u016f a dopl\u0148k\u016f pot\u0159ebn\u00fdch p\u0159i pr\u00e1ci. Krom\u011b toho byla na hrudi um\u00edst\u011bna funk\u010dn\u00ed kapsa na pr\u016fkaz toto\u017enosti. <\/p>\n<p style=\"font-weight: 400;\">Klasick\u00fd v\u00e9\u010dkov\u00fd v\u00fdst\u0159ih vizu\u00e1ln\u011b podtrhuje eleganci tohoto modelu, zat\u00edmco d\u00e9lka ruk\u00e1v\u016f (sahaj\u00edc\u00ed t\u00e9m\u011b\u0159 k lokti) poskytuje ochranu ramen a z\u00e1rove\u0148 neomezuje rozsah pohybu.<\/p>\n<p style=\"font-weight: 400;\"><strong>P\u00e1nsk\u00e9 pracovn\u00ed od\u011bvy Basic medical blouse v rub\u00ednov\u00e9 barv\u011b<\/strong> m\u016f\u017eete kombinovat s <strong>l\u00e9ka\u0159skou halenkou<\/strong> <a href=\"https:\/\/medandbeauty.com\/en\/product\/mens-jogger-scrub-basic-pants-black-kopia\/\" target=\"_blank\" rel=\"noopener\"> <strong>l\u00e9ka\u0159sk\u00fdmi b\u011b\u017eeck\u00fdmi kalhotami<\/strong> <\/a>nebo <strong>klasick\u00fdmi <a href=\"https:\/\/medandbeauty.com\/en\/product\/mens-straight-scrub-basic-pants-black-kopia\/\" target=\"_blank\" rel=\"noopener\">rovn\u00fdmi zdravotnick\u00fdmi kalhotami<\/a><\/strong> ve stejn\u00e9 barv\u011b, p\u0159\u00edpadn\u011b si vyberte jin\u00fd odst\u00edn z t\u011bch, kter\u00e9 jsou k dispozici v nab\u00eddce. <a href=\"https:\/\/medandbeauty.com\/cs\/shop\/pro-nej\/zakladni-kolekce-cs\/\" target=\"_blank\" rel=\"noopener\"><strong>kolekce Med &amp; Beauty Basic<\/strong><\/a>.<\/p>\n<p style=\"font-weight: 400;\">Zajist\u011bte si maxim\u00e1ln\u00ed pohodl\u00ed a profesion\u00e1ln\u00ed vzhled p\u0159i pr\u00e1ci pomoc\u00ed<a href=\"https:\/\/medandbeauty.com\/cs\/shop\/pro-nej\/zakladni-kolekce-cs\/\" target=\"_blank\" rel=\"noopener\"><strong> Med &amp; Beauty Z\u00e1kladn\u00ed l\u00e9ka\u0159sk\u00e9 \u0161\u00e1tky<\/strong><\/a>.<\/p>\n<ul>\n<li style=\"font-weight: 400;\">Dv\u011b velk\u00e9 prostorn\u00e9 p\u0159edn\u00ed kapsy a dal\u0161\u00ed n\u00e1prsn\u00ed kapsa.<\/li>\n<li style=\"font-weight: 400;\"><span style=\"font-family: inherit;\">Elegantn\u00ed, rovn\u00fd st\u0159ih<\/span><\/li>\n<li style=\"font-weight: 400;\"><span style=\"font-family: inherit;\">Klasick\u00fd v\u00fdst\u0159ih do V<\/span><\/li>\n<li style=\"font-weight: 400;\"><span style=\"font-family: inherit;\">Pohodln\u00fd, kr\u00e1tk\u00fd ruk\u00e1v<\/span><\/li>\n<\/ul>\n<p>&nbsp;<\/p>\n<p style=\"font-weight: 400;\"><strong>Dal\u0161\u00ed informace:<\/strong><\/p>\n<p style=\"font-weight: 400;\">Modelka na fotografi\u00edch m\u00e1 na sob\u011b velikost L a je vysok\u00e1 186 cm.<\/p>\n<p style=\"font-weight: 400;\">Pokud si nev\u00edte rady s v\u00fdb\u011brem velikosti, pod\u00edvejte se na tabulku velikost\u00ed. Pokud m\u00e1te dal\u0161\u00ed pochybnosti &#8211; po\u0161lete n\u00e1m sv\u00e9 m\u00edry a my v\u00e1m je p\u0159izp\u016fsob\u00edme. <\/p>\n<p style=\"font-weight: 400;\">Barvy od\u011bv\u016f v <a href=\"https:\/\/medandbeauty.com\/cs\/shop\/pro-nej\/zakladni-kolekce-cs\/\" target=\"_blank\" rel=\"noopener\">kolekci Basic<\/a> neodpov\u00eddaj\u00ed barv\u00e1m od\u011bv\u016f v <a href=\"https:\/\/medandbeauty.com\/cs\/shop\/pro-nej\/kolekce-premium-cs\/\" target=\"_blank\" rel=\"noopener\">kolekci Premium<\/a> &#8211; jsou vyrobeny z jin\u00fdch materi\u00e1l\u016f.<\/p>\n<p style=\"font-weight: 400;\">Odst\u00edny jednotliv\u00fdch od\u011bv\u016f na fotografi\u00edch se mohou li\u0161it od skute\u010dn\u00fdch &#8211; to je zp\u016fsobeno r\u016fznorodost\u00ed dostupn\u00fdch elektronick\u00fdch za\u0159\u00edzen\u00ed a jejich individu\u00e1ln\u00edm nastaven\u00edm.<\/p>\n","protected":false},"excerpt":{"rendered":"<p>Seznamte se s klasikou, p\u00e1nsk\u00e9 pracovn\u00ed od\u011bvy Basic obl\u00edben\u00e9 na\u0161imi z\u00e1kazn\u00edky! Kdy\u017e tr\u00e1v\u00edte dlouh\u00e9 hodiny v pr\u00e1ci, pot\u0159ebujete zdravotn\u00ed od\u011bv, kter\u00fd v\u00e1m poskytne maxim\u00e1ln\u00ed pohodl\u00ed. P\u00e1nsk\u00e1 l\u00e9ka\u0159sk\u00e1 bl\u016fza Scrubs Basic v rub\u00ednov\u00e9 bar v\u011b byla vyrobena z t\u011bch nejkvalitn\u011bj\u0161\u00edch materi\u00e1l\u016f. D\u00edky kombinaci polyesteru, visk\u00f3zy a lycry je materi\u00e1l m\u011bkk\u00fd, velmi odoln\u00fd, p\u0159izp\u016fsob\u00ed se jak\u00e9mukoli tvaru [&hellip;]<\/p>\n","protected":false},"featured_media":373311,"comment_status":"open","ping_status":"closed","template":"","meta":{"_acf_changed":false,"inline_featured_image":false},"kolor":[1187],"rodzaj-ubrania":[1087,1051],"ubranie":[1109],"product_brand":[],"product_cat":[1107,1104,1108,1105],"product_tag":[],"class_list":{"0":"post-373309","1":"product","2":"type-product","3":"status-publish","4":"has-post-thumbnail","6":"kolor-fialky-cs","7":"rodzaj-ubrania-lekarske-halenky","8":"rodzaj-ubrania-scrubs-cs","9":"ubranie-panske-lekarske-bluzy-scrubs-basic-cs","10":"product_cat-lekarske-halenky-cs","11":"product_cat-pro-nej","12":"product_cat-scrubs-cs","13":"product_cat-zakladni-kolekce-cs","15":"first","16":"instock","17":"taxable","18":"shipping-taxable","19":"purchasable","20":"product-type-variable"},"acf":[],"_links":{"self":[{"href":"https:\/\/medandbeauty.com\/cs\/wp-json\/wp\/v2\/product\/373309","targetHints":{"allow":["GET"]}}],"collection":[{"href":"https:\/\/medandbeauty.com\/cs\/wp-json\/wp\/v2\/product"}],"about":[{"href":"https:\/\/medandbeauty.com\/cs\/wp-json\/wp\/v2\/types\/product"}],"replies":[{"embeddable":true,"href":"https:\/\/medandbeauty.com\/cs\/wp-json\/wp\/v2\/comments?post=373309"}],"wp:featuredmedia":[{"embeddable":true,"href":"https:\/\/medandbeauty.com\/cs\/wp-json\/wp\/v2\/media\/373311"}],"wp:attachment":[{"href":"https:\/\/medandbeauty.com\/cs\/wp-json\/wp\/v2\/media?parent=373309"}],"wp:term":[{"taxonomy":"kolor","embeddable":true,"href":"https:\/\/medandbeauty.com\/cs\/wp-json\/wp\/v2\/kolor?post=373309"},{"taxonomy":"rodzaj-ubrania","embeddable":true,"href":"https:\/\/medandbeauty.com\/cs\/wp-json\/wp\/v2\/rodzaj-ubrania?post=373309"},{"taxonomy":"ubranie","embeddable":true,"href":"https:\/\/medandbeauty.com\/cs\/wp-json\/wp\/v2\/ubranie?post=373309"},{"taxonomy":"product_brand","embeddable":true,"href":"https:\/\/medandbeauty.com\/cs\/wp-json\/wp\/v2\/product_brand?post=373309"},{"taxonomy":"product_cat","embeddable":true,"href":"https:\/\/medandbeauty.com\/cs\/wp-json\/wp\/v2\/product_cat?post=373309"},{"taxonomy":"product_tag","embeddable":true,"href":"https:\/\/medandbeauty.com\/cs\/wp-json\/wp\/v2\/product_tag?post=373309"}],"curies":[{"name":"wp","href":"https:\/\/api.w.org\/{rel}","templated":true}]}}