{"id":375252,"date":"2024-01-10T22:25:20","date_gmt":"2024-01-10T22:25:20","guid":{"rendered":"https:\/\/medandbeauty.com\/product\/damske-lekarske-kalhoty-proste-scrubs-basic-english-pink\/"},"modified":"2025-12-23T12:02:16","modified_gmt":"2025-12-23T11:02:16","slug":"damske-lekarske-kalhoty-proste-scrubs-basic-english-pink","status":"publish","type":"product","link":"https:\/\/medandbeauty.com\/cs\/product\/damske-lekarske-kalhoty-proste-scrubs-basic-english-pink\/","title":{"rendered":"D\u00e1msk\u00e9 l\u00e9ka\u0159sk\u00e9 kalhoty PROSTE scrubs basic ENGLISH pink"},"content":{"rendered":"<p style=\"font-weight: 400;\">V\u0161ichni milovn\u00edci nad\u010dasov\u00e9 elegance budou tento klasick\u00fd a pohodln\u00fd model zbo\u017e\u0148ovat!<\/p>\n<p style=\"font-weight: 400;\">Chcete se p\u0159i pr\u00e1ci c\u00edtit senza\u010dn\u011b a vypadat bezvadn\u011b?<\/p>\n<p style=\"font-weight: 400;\"><strong>Zdravotnick\u00e9 rovn\u00e9 kalhoty z<a href=\"https:\/\/medandbeauty.com\/cs\/shop\/pro-ni\/zakladni-kolekce\/\" target=\"_blank\" rel=\"noopener\"> kolekce Med &amp; Beauty Basic<\/a> v anglick\u00e9 r\u016f\u017eov\u00e9 barv\u011b<\/strong> jsou ide\u00e1ln\u00ed volbou pro \u017eeny, kter\u00e9 si cen\u00ed profesionality a pohodl\u00ed b\u011bhem dlouh\u00fdch hodin v pr\u00e1ci.<\/p>\n<p style=\"font-weight: 400;\"><strong>D\u00e1msk\u00e9 l\u00e9ka\u0159sk\u00e9 rovn\u00e9 kalhoty Scrubs Basic v anglick\u00e9 r\u016f\u017eov\u00e9 barv\u011b<\/strong> jsou u\u0161ity z m\u011bkk\u00e9 a na dotek p\u0159\u00edjemn\u00e9 tkaniny pro naprostou volnost pohybu a vysok\u00fd komfort p\u0159i no\u0161en\u00ed.<\/p>\n<p style=\"font-weight: 400;\">Kombinace polyesteru, visk\u00f3zy a lycry zaji\u0161\u0165uje, \u017ee tkanina dokonale padne ka\u017ed\u00e9mu typu \u017eensk\u00e9 postavy a z\u00e1rove\u0148 je velmi odoln\u00e1 a prody\u0161n\u00e1.<\/p>\n<p style=\"font-weight: 400;\"><strong>D\u00e1msk\u00e9 rovn\u00e9 zdravotnick\u00e9 kalhoty Scrubs z kolekce Basic<\/strong> jsou vybaveny \u010dty\u0159mi funk\u010dn\u00edmi kapsami (dv\u011b vzadu a dv\u011b vp\u0159edu), do kter\u00fdch si m\u016f\u017eete d\u00e1t ve\u0161ker\u00e9 p\u0159\u00edslu\u0161enstv\u00ed, kter\u00e9 v pr\u00e1ci pot\u0159ebujete.<\/p>\n<p style=\"font-weight: 400;\">M\u00edrn\u011b z\u00fa\u017een\u00fd st\u0159ih a vysok\u00fd pas kalhot zv\u00fdrazn\u00ed p\u0159ednosti ka\u017ed\u00e9 postavy a elastick\u00fd pas zajist\u00ed pln\u00e9 pohodl\u00ed a volnost pohybu.<\/p>\n<p style=\"font-weight: 400;\"><strong>Jednoduch\u00e9 l\u00e9ka\u0159sk\u00e9 k\u0159ov\u00ed Basic pink English kalhoty<\/strong> sp\u00e1rujte s <a href=\"https:\/\/medandbeauty.com\/it\/product\/camicetta-medica-da-donna-scrubs-basic-inglese-rosa\/\" target=\"_blank\" rel=\"noopener\"><strong>klasick\u00fdmi<\/strong> <\/a><strong>l\u00e9ka\u0159skou halenkou nebo <a href=\"https:\/\/medandbeauty.com\/it\/product\/camicetta-medica-da-donna-basic-one-pocket-inglese-rosa\/\" target=\"_blank\" rel=\"noopener\">l\u00e9ka\u0159skou halenkou s jednou kapsou<\/a><\/strong> ve stejn\u00e9 barv\u011b nebo je sla\u010fte s jin\u00fdm odst\u00ednem z na\u0161\u00ed kolekce. <a href=\"https:\/\/medandbeauty.com\/cs\/shop\/pro-ni\/zakladni-kolekce\/\" target=\"_blank\" rel=\"noopener\"><strong>kolekce<\/strong><\/a> a vytvo\u0159te si jedine\u010dn\u00fd komplet!<\/p>\n<p>Nezapome\u0148te si prohl\u00e9dnout tak\u00e9 n\u00e1\u0161 h\u0159ejiv\u00fd fleece  <a href=\"https:\/\/medandbeauty.com\/cs\/shop\/pro-ni\/zakladni-kolekce\/lekarske-halenky-cs-2\/\" target=\"_blank\" rel=\"noopener\">l\u00e9ka\u0159sk\u00e9 halenky<\/a>  z certifikovan\u00e9ho prody\u0161n\u00e9ho materi\u00e1lu!<\/p>\n<ul>\n<li style=\"font-weight: 400;\">Elastick\u00fd p\u00e1s<\/li>\n<li style=\"font-weight: 400;\"><span style=\"font-family: inherit;\">4 praktick\u00e9 a prostorn\u00e9 kapsy<\/span><\/li>\n<li style=\"font-weight: 400;\"><span style=\"font-family: inherit;\">M\u00edrn\u011b z\u00fa\u017een\u00e1 spodn\u00ed \u010d\u00e1st<\/span><\/li>\n<li style=\"font-weight: 400;\"><span style=\"font-family: inherit;\">Obj\u00edmaj\u00edc\u00ed stoup\u00e1n\u00ed<\/span><strong style=\"font-family: inherit;\"> <\/strong><\/li>\n<\/ul>\n<p>&nbsp;<\/p>\n<p style=\"font-weight: 400;\"><strong>Dal\u0161\u00ed informace:<\/strong><br \/>\nModelky na fotografi\u00edch maj\u00ed na sob\u011b velikost S a jsou vysok\u00e9 170-174 cm.<\/p>\n<p style=\"font-weight: 400;\">Pokud si nev\u00edte rady s v\u00fdb\u011brem velikosti, pod\u00edvejte se na tabulku velikost\u00ed. Pokud m\u00e1te dal\u0161\u00ed pochybnosti &#8211; po\u0161lete n\u00e1m sv\u00e9 m\u00edry a my v\u00e1m je p\u0159izp\u016fsob\u00edme. <\/p>\n<p style=\"font-weight: 400;\">Barvy od\u011bv\u016f v<a href=\"https:\/\/medandbeauty.com\/cs\/shop\/pro-ni\/zakladni-kolekce\/\" target=\"_blank\" rel=\"noopener\"> kolekci Basic<\/a> neodpov\u00eddaj\u00ed barv\u00e1m od\u011bv\u016f v <a href=\"https:\/\/medandbeauty.com\/cs\/shop\/pro-ni\/kolekce-premium\/\" target=\"_blank\" rel=\"noopener\">kolekci Premium<\/a> &#8211; jsou vyrobeny z jin\u00fdch materi\u00e1l\u016f.<\/p>\n<p style=\"font-weight: 400;\">Odst\u00edny jednotliv\u00fdch od\u011bv\u016f na fotografi\u00edch se mohou li\u0161it od skute\u010dn\u00fdch &#8211; to je zp\u016fsobeno r\u016fznorodost\u00ed dostupn\u00fdch elektronick\u00fdch za\u0159\u00edzen\u00ed a jejich individu\u00e1ln\u00edm nastaven\u00edm.<\/p>\n","protected":false},"excerpt":{"rendered":"<p>V\u0161ichni milovn\u00edci nad\u010dasov\u00e9 elegance budou tento klasick\u00fd a pohodln\u00fd model zbo\u017e\u0148ovat! Chcete se p\u0159i pr\u00e1ci c\u00edtit senza\u010dn\u011b a vypadat bezvadn\u011b? Zdravotnick\u00e9 rovn\u00e9 kalhoty z kolekce Med &amp; Beauty Basic v anglick\u00e9 r\u016f\u017eov\u00e9 barv\u011b jsou ide\u00e1ln\u00ed volbou pro \u017eeny, kter\u00e9 si cen\u00ed profesionality a pohodl\u00ed b\u011bhem dlouh\u00fdch hodin v pr\u00e1ci. D\u00e1msk\u00e9 l\u00e9ka\u0159sk\u00e9 rovn\u00e9 kalhoty Scrubs Basic [&hellip;]<\/p>\n","protected":false},"featured_media":673413,"comment_status":"open","ping_status":"closed","template":"","meta":{"_acf_changed":false,"inline_featured_image":false},"kolor":[1039],"rodzaj-ubrania":[1051,1052],"ubranie":[1053],"product_brand":[],"product_cat":[1029,1049,1048,1050],"product_tag":[1397],"class_list":{"0":"post-375252","1":"product","2":"type-product","3":"status-publish","4":"has-post-thumbnail","6":"kolor-ruze","7":"rodzaj-ubrania-scrubs-cs","8":"rodzaj-ubrania-zdravotnicke-kalhoty","9":"ubranie-damske-lekarske-kalhoty-rovne-scrubs-basic","10":"product_cat-pro-ni","11":"product_cat-scrubs","12":"product_cat-zakladni-kolekce","13":"product_cat-zdravotnicke-kalhoty","14":"product_tag-obleceni-pro-porodni-asistentky","16":"first","17":"instock","18":"taxable","19":"shipping-taxable","20":"purchasable","21":"product-type-variable"},"acf":[],"_links":{"self":[{"href":"https:\/\/medandbeauty.com\/cs\/wp-json\/wp\/v2\/product\/375252","targetHints":{"allow":["GET"]}}],"collection":[{"href":"https:\/\/medandbeauty.com\/cs\/wp-json\/wp\/v2\/product"}],"about":[{"href":"https:\/\/medandbeauty.com\/cs\/wp-json\/wp\/v2\/types\/product"}],"replies":[{"embeddable":true,"href":"https:\/\/medandbeauty.com\/cs\/wp-json\/wp\/v2\/comments?post=375252"}],"wp:featuredmedia":[{"embeddable":true,"href":"https:\/\/medandbeauty.com\/cs\/wp-json\/wp\/v2\/media\/673413"}],"wp:attachment":[{"href":"https:\/\/medandbeauty.com\/cs\/wp-json\/wp\/v2\/media?parent=375252"}],"wp:term":[{"taxonomy":"kolor","embeddable":true,"href":"https:\/\/medandbeauty.com\/cs\/wp-json\/wp\/v2\/kolor?post=375252"},{"taxonomy":"rodzaj-ubrania","embeddable":true,"href":"https:\/\/medandbeauty.com\/cs\/wp-json\/wp\/v2\/rodzaj-ubrania?post=375252"},{"taxonomy":"ubranie","embeddable":true,"href":"https:\/\/medandbeauty.com\/cs\/wp-json\/wp\/v2\/ubranie?post=375252"},{"taxonomy":"product_brand","embeddable":true,"href":"https:\/\/medandbeauty.com\/cs\/wp-json\/wp\/v2\/product_brand?post=375252"},{"taxonomy":"product_cat","embeddable":true,"href":"https:\/\/medandbeauty.com\/cs\/wp-json\/wp\/v2\/product_cat?post=375252"},{"taxonomy":"product_tag","embeddable":true,"href":"https:\/\/medandbeauty.com\/cs\/wp-json\/wp\/v2\/product_tag?post=375252"}],"curies":[{"name":"wp","href":"https:\/\/api.w.org\/{rel}","templated":true}]}}