{"id":375499,"date":"2024-02-04T22:40:51","date_gmt":"2024-02-04T22:40:51","guid":{"rendered":"https:\/\/medandbeauty.com\/product\/zdravotnicke-kalhoty-damske-joggers-scrubs-basic-chocolate\/"},"modified":"2026-02-13T11:01:23","modified_gmt":"2026-02-13T10:01:23","slug":"zdravotnicke-kalhoty-damske-joggers-scrubs-basic-chocolate","status":"publish","type":"product","link":"https:\/\/medandbeauty.com\/cs\/product\/zdravotnicke-kalhoty-damske-joggers-scrubs-basic-chocolate\/","title":{"rendered":"Zdravotnick\u00e9 kalhoty d\u00e1msk\u00e9 joggers scrubs Basic CHOCOLATE"},"content":{"rendered":"<p style=\"caret-color: #000000; color: #000000;\">Hled\u00e1te mimo\u0159\u00e1dn\u011b pohodln\u00e9 <strong>zdravotn\u00ed b\u011b\u017eeck\u00e9 kalhoty<\/strong> pro ka\u017edodenn\u00ed no\u0161en\u00ed?<\/p>\n<p style=\"caret-color: #000000; color: #000000;\">Na\u0161e <a href=\"https:\/\/medandbeauty.com\/cs\/shop\/pro-ni\/zakladni-kolekce\/\" target=\"_blank\" rel=\"noopener\"><strong>z\u00e1kladn\u00ed k\u0159ov\u00ed<\/strong> <\/a>jist\u011b spln\u00ed v\u0161echna va\u0161e o\u010dek\u00e1v\u00e1n\u00ed!<\/p>\n<p><span style=\"color: #000000;\"><span style=\"caret-color: #000000;\">Pokud chcete l\u00e9ka\u0159sk\u00e9 oble\u010den\u00ed z nejkvalitn\u011bj\u0161\u00edch materi\u00e1l\u016f pro maxim\u00e1ln\u00ed pohodl\u00ed &#8211; na\u0161e <\/span><\/span><strong><span style=\"color: #000000;\"><span style=\"caret-color: #000000;\">Z\u00e1kladn\u00ed l\u00e9ka\u0159sk\u00e9 b\u011b\u017eeck\u00e9 kalhoty v \u010dokol\u00e1dov\u00e9 barv\u011b<\/span><\/span><\/strong><span style=\"color: #000000;\"><span style=\"caret-color: #000000;\"> jsou nezbytnou sou\u010d\u00e1st\u00ed va\u0161eho \u0161atn\u00edku.<\/span><\/span><\/p>\n<p><strong><span style=\"color: #000000;\"><span style=\"caret-color: #000000;\">D\u00e1msk\u00e9 l\u00e9ka\u0159sk\u00e9 kalhoty jogger scrubs basic chocolate<\/span><\/span><\/strong><span style=\"color: #000000;\"><span style=\"caret-color: #000000;\">  jsou vyrobeny z na dotek m\u011bkk\u00e9 a na no\u0161en\u00ed velmi p\u0159\u00edjemn\u00e9 tkaniny, kter\u00e1 poskytuje maxim\u00e1ln\u00ed pohodl\u00ed p\u0159i no\u0161en\u00ed a zachov\u00e1n\u00ed pln\u00e9ho rozsahu pohybu. D\u00edky kombinaci polyesteru, visk\u00f3zy a lycry se tkanina dokonale p\u0159izp\u016fsob\u00ed jak\u00e9mukoli typu \u017eensk\u00e9 postavy a z\u00e1rove\u0148 je mimo\u0159\u00e1dn\u011b odoln\u00e1 a prody\u0161n\u00e1. <\/span><\/span><\/p>\n<p style=\"caret-color: #000000; color: #000000;\">Stoprocentn\u00ed pohodl\u00ed zaru\u010duje m\u00edrn\u011b zv\u00fd\u0161en\u00fd horn\u00ed d\u00edl a \u0161irok\u00fd a pru\u017en\u00fd pas se \u0161\u0148\u016frkou pro snadn\u00e9 nastaven\u00ed velikosti.<strong>. Zdravotnick\u00e9 b\u011b\u017eeck\u00e9 kalhoty z <a href=\"https:\/\/medandbeauty.com\/cs\/shop\/pro-ni\/zakladni-kolekce\/\" target=\"_blank\" rel=\"noopener\">kolekce Med &amp; Beauty Basic<\/a><\/strong>  neomezuj\u00ed v pohybu ani p\u0159i dlouhodob\u00e9m no\u0161en\u00ed.<\/p>\n<p><strong><span style=\"color: #000000;\"><span style=\"caret-color: #000000;\">L\u00e9ka\u0159sk\u00e9 joggery \u010dokol\u00e1da <\/span><\/span><\/strong><span style=\"color: #000000;\"><span style=\"caret-color: #000000;\">se hod\u00ed k jak\u00e9mukoli oble\u010den\u00ed a \u0161est prostorn\u00fdch, praktick\u00fdch a spolehliv\u00fdch kapes v\u00e1m umo\u017en\u00ed m\u00edt v\u0161echny pracovn\u00ed pot\u0159eby a n\u00e1stroje po ruce.<\/span><\/span><\/p>\n<p style=\"caret-color: #000000; color: #000000;\"><strong>D\u00e1msk\u00e9 pracovn\u00ed od\u011bvy Basic medical joggers<\/strong> jsme vybavili bavln\u011bn\u00fdm \u017eebrov\u00e1n\u00edm ve spodn\u00ed \u010d\u00e1sti nohavic, kter\u00e9 zabra\u0148uje vyhrnov\u00e1n\u00ed kalhot b\u011bhem intenzivn\u00ed pracovn\u00ed doby.<\/p>\n<p><span style=\"color: #000000;\"><span style=\"caret-color: #000000;\">Sestavte si sadu sn\u016f <\/span><\/span><strong style=\"caret-color: #000000; color: #000000;\">zdravotnick\u00e9ho oble\u010den\u00ed<\/strong><span style=\"color: #000000;\"><span style=\"caret-color: #000000;\">slad\u011bn\u00edm<\/span><\/span><strong><span style=\"color: #000000;\"><span style=\"caret-color: #000000;\"> d\u00e1msk\u00e9 l\u00e9ka\u0159sk\u00e9 tepl\u00e1ky \u010dokol\u00e1dov\u00e9 <a href=\"https:\/\/medandbeauty.com\/it\/product\/camicetta-medica-da-donna-basic-chocolate\/\" target=\"_blank\" rel=\"noopener\">l\u00e9ka\u0159sk\u00e9 halenky<\/a><\/span><\/span><\/strong><span style=\"color: #000000;\"><span style=\"caret-color: #000000;\"> ze stejn\u00e9ho materi\u00e1lu.<\/span><\/span><\/p>\n<p style=\"caret-color: #000000; color: #000000;\">Barvy m\u016f\u017eete libovoln\u011b kombinovat a vytv\u00e1\u0159et tak jedine\u010dn\u00e9 vzhledy, nebo se rozhodnout pro jednobarevn\u00fd klasick\u00fd vzhled.<\/p>\n<p>Nezapome\u0148te si prohl\u00e9dnout tak\u00e9 n\u00e1\u0161 h\u0159ejiv\u00fd fleece  <a href=\"https:\/\/medandbeauty.com\/cs\/shop\/pro-ni\/zakladni-kolekce\/lekarske-halenky-cs-2\/\" target=\"_blank\" rel=\"noopener\">l\u00e9ka\u0159sk\u00e9 halenky<\/a>  z certifikovan\u00e9ho prody\u0161n\u00e9ho materi\u00e1lu!<\/p>\n<ul style=\"caret-color: #000000; color: #000000;\">\n<li>Elastick\u00fd pas se stahovac\u00ed \u0161\u0148\u016frkou<\/li>\n<li><span style=\"font-family: inherit;\">6 praktick\u00fdch a prostorn\u00fdch kapes<\/span><\/li>\n<li><span style=\"font-family: inherit;\">Bavln\u011bn\u00e1 \u017eebra na nohavic\u00edch<\/span><\/li>\n<li><span style=\"font-family: inherit;\">Obj\u00edmaj\u00edc\u00ed stoup\u00e1n\u00ed<\/span><\/li>\n<\/ul>\n<p style=\"caret-color: #000000; color: #000000;\"><strong> <\/strong><\/p>\n<p style=\"caret-color: #000000; color: #000000;\"><strong>Dal\u0161\u00ed informace:<\/strong><br \/>\nModelky na fotografi\u00edch maj\u00ed na sob\u011b velikost S a jsou vysok\u00e9 170-174 cm.<\/p>\n<p style=\"caret-color: #000000; color: #000000;\">Pokud si nev\u00edte rady s v\u00fdb\u011brem velikosti, pod\u00edvejte se na tabulku velikost\u00ed. Pokud m\u00e1te dal\u0161\u00ed pochybnosti &#8211; po\u0161lete n\u00e1m sv\u00e9 m\u00edry a my v\u00e1m je p\u0159izp\u016fsob\u00edme. <\/p>\n<p style=\"caret-color: #000000; color: #000000;\">Barvy od\u011bv\u016f v <a href=\"https:\/\/medandbeauty.com\/cs\/shop\/pro-ni\/zakladni-kolekce\/\" target=\"_blank\" rel=\"noopener\">kolekci Basic<\/a> neodpov\u00eddaj\u00ed barv\u00e1m od\u011bv\u016f v <a href=\"https:\/\/medandbeauty.com\/cs\/shop\/pro-ni\/kolekce-premium\/\" target=\"_blank\" rel=\"noopener\">kolekci Premium<\/a> &#8211; jsou vyrobeny z jin\u00fdch materi\u00e1l\u016f.<\/p>\n<p style=\"caret-color: #000000; color: #000000;\">Odst\u00edny jednotliv\u00fdch od\u011bv\u016f na fotografi\u00edch se mohou li\u0161it od skute\u010dn\u00fdch &#8211; to je zp\u016fsobeno r\u016fznorodost\u00ed dostupn\u00fdch elektronick\u00fdch za\u0159\u00edzen\u00ed a jejich individu\u00e1ln\u00edm nastaven\u00edm.<\/p>\n<p><strong>16.04.2025 &#8211; nov\u00e1 dod\u00e1vka materi\u00e1lu. Barva v\u00fdrobk\u016f z objedn\u00e1vek uskute\u010dn\u011bn\u00fdch p\u0159ed t\u00edmto datem se m\u016f\u017ee m\u00edrn\u011b li\u0161it od aktu\u00e1ln\u00edho odst\u00ednu. <\/strong><\/p>\n","protected":false},"excerpt":{"rendered":"<p>Hled\u00e1te mimo\u0159\u00e1dn\u011b pohodln\u00e9 zdravotn\u00ed b\u011b\u017eeck\u00e9 kalhoty pro ka\u017edodenn\u00ed no\u0161en\u00ed? Na\u0161e z\u00e1kladn\u00ed k\u0159ov\u00ed jist\u011b spln\u00ed v\u0161echna va\u0161e o\u010dek\u00e1v\u00e1n\u00ed! Pokud chcete l\u00e9ka\u0159sk\u00e9 oble\u010den\u00ed z nejkvalitn\u011bj\u0161\u00edch materi\u00e1l\u016f pro maxim\u00e1ln\u00ed pohodl\u00ed &#8211; na\u0161e Z\u00e1kladn\u00ed l\u00e9ka\u0159sk\u00e9 b\u011b\u017eeck\u00e9 kalhoty v \u010dokol\u00e1dov\u00e9 barv\u011b jsou nezbytnou sou\u010d\u00e1st\u00ed va\u0161eho \u0161atn\u00edku. D\u00e1msk\u00e9 l\u00e9ka\u0159sk\u00e9 kalhoty jogger scrubs basic chocolate jsou vyrobeny z na dotek m\u011bkk\u00e9 a [&hellip;]<\/p>\n","protected":false},"featured_media":401997,"comment_status":"open","ping_status":"closed","template":"","meta":{"_acf_changed":false,"inline_featured_image":false},"kolor":[1203],"rodzaj-ubrania":[1051,1052],"ubranie":[1117],"product_brand":[],"product_cat":[1029,1049,1048,1050],"product_tag":[],"class_list":{"0":"post-375499","1":"product","2":"type-product","3":"status-publish","4":"has-post-thumbnail","6":"kolor-browns-cs","7":"rodzaj-ubrania-scrubs-cs","8":"rodzaj-ubrania-zdravotnicke-kalhoty","9":"ubranie-damske-lekarske-kalhoty-jogger-scrubs-basic","10":"product_cat-pro-ni","11":"product_cat-scrubs","12":"product_cat-zakladni-kolekce","13":"product_cat-zdravotnicke-kalhoty","15":"first","16":"instock","17":"taxable","18":"shipping-taxable","19":"purchasable","20":"product-type-variable"},"acf":[],"_links":{"self":[{"href":"https:\/\/medandbeauty.com\/cs\/wp-json\/wp\/v2\/product\/375499","targetHints":{"allow":["GET"]}}],"collection":[{"href":"https:\/\/medandbeauty.com\/cs\/wp-json\/wp\/v2\/product"}],"about":[{"href":"https:\/\/medandbeauty.com\/cs\/wp-json\/wp\/v2\/types\/product"}],"replies":[{"embeddable":true,"href":"https:\/\/medandbeauty.com\/cs\/wp-json\/wp\/v2\/comments?post=375499"}],"wp:featuredmedia":[{"embeddable":true,"href":"https:\/\/medandbeauty.com\/cs\/wp-json\/wp\/v2\/media\/401997"}],"wp:attachment":[{"href":"https:\/\/medandbeauty.com\/cs\/wp-json\/wp\/v2\/media?parent=375499"}],"wp:term":[{"taxonomy":"kolor","embeddable":true,"href":"https:\/\/medandbeauty.com\/cs\/wp-json\/wp\/v2\/kolor?post=375499"},{"taxonomy":"rodzaj-ubrania","embeddable":true,"href":"https:\/\/medandbeauty.com\/cs\/wp-json\/wp\/v2\/rodzaj-ubrania?post=375499"},{"taxonomy":"ubranie","embeddable":true,"href":"https:\/\/medandbeauty.com\/cs\/wp-json\/wp\/v2\/ubranie?post=375499"},{"taxonomy":"product_brand","embeddable":true,"href":"https:\/\/medandbeauty.com\/cs\/wp-json\/wp\/v2\/product_brand?post=375499"},{"taxonomy":"product_cat","embeddable":true,"href":"https:\/\/medandbeauty.com\/cs\/wp-json\/wp\/v2\/product_cat?post=375499"},{"taxonomy":"product_tag","embeddable":true,"href":"https:\/\/medandbeauty.com\/cs\/wp-json\/wp\/v2\/product_tag?post=375499"}],"curies":[{"name":"wp","href":"https:\/\/api.w.org\/{rel}","templated":true}]}}