{"id":375851,"date":"2024-02-04T23:43:13","date_gmt":"2024-02-04T23:43:13","guid":{"rendered":"https:\/\/medandbeauty.com\/product\/darkova-karta\/"},"modified":"2025-08-13T12:37:47","modified_gmt":"2025-08-13T10:37:47","slug":"darkova-karta","status":"publish","type":"product","link":"https:\/\/medandbeauty.com\/cs\/product\/darkova-karta\/","title":{"rendered":"D\u00e1rkov\u00e1 karta"},"content":{"rendered":"<p>Po n\u00e1kupu obdr\u017e\u00edte d\u00e1rkovou kartu ve v\u00e1mi zvolen\u00e9 hodnot\u011b.<\/p>\n<p>D\u00e1rkov\u00e1 karta je platn\u00e1 po cel\u00fd rok a lze ji pou\u017e\u00edt k n\u00e1kupu jak\u00e9hokoli v\u00fdrobku dostupn\u00e9ho v internetov\u00e9m obchod\u011b a v kamenn\u00fdch prodejn\u00e1ch.<\/p>\n<p><strong>Upozor\u0148ujeme, \u017ee d\u00e1rkovou kartu nelze kombinovat s jin\u00fdmi d\u00e1rkov\u00fdmi kartami nebo slevov\u00fdmi k\u00f3dy. D\u00e1rkov\u00e9 karty nelze vym\u011bnit ani vr\u00e1tit. <\/strong><\/p>\n<p>&nbsp;<\/p>\n","protected":false},"excerpt":{"rendered":"<p>Chcete obdarovat n\u011bkoho bl\u00edzk\u00e9ho, kdo pracuje ve zdravotnictv\u00ed nebo kosmetick\u00e9m pr\u016fmyslu, speci\u00e1ln\u00edm d\u00e1rkem?<\/p>\n<p>Na\u0161e d\u00e1rkov\u00e1 karta je ide\u00e1ln\u00edm d\u00e1rkem pro ka\u017edou p\u0159\u00edle\u017eitost!<\/p>\n","protected":false},"featured_media":375860,"comment_status":"closed","ping_status":"closed","template":"","meta":{"_acf_changed":false,"inline_featured_image":false},"kolor":[],"rodzaj-ubrania":[],"ubranie":[],"product_brand":[],"product_cat":[1300],"product_tag":[],"class_list":{"0":"post-375851","1":"product","2":"type-product","3":"status-publish","4":"has-post-thumbnail","6":"product_cat-darkove-karty","8":"first","9":"instock","10":"taxable","11":"shipping-taxable","12":"purchasable","13":"product-type-variable"},"acf":[],"_links":{"self":[{"href":"https:\/\/medandbeauty.com\/cs\/wp-json\/wp\/v2\/product\/375851","targetHints":{"allow":["GET"]}}],"collection":[{"href":"https:\/\/medandbeauty.com\/cs\/wp-json\/wp\/v2\/product"}],"about":[{"href":"https:\/\/medandbeauty.com\/cs\/wp-json\/wp\/v2\/types\/product"}],"replies":[{"embeddable":true,"href":"https:\/\/medandbeauty.com\/cs\/wp-json\/wp\/v2\/comments?post=375851"}],"wp:featuredmedia":[{"embeddable":true,"href":"https:\/\/medandbeauty.com\/cs\/wp-json\/wp\/v2\/media\/375860"}],"wp:attachment":[{"href":"https:\/\/medandbeauty.com\/cs\/wp-json\/wp\/v2\/media?parent=375851"}],"wp:term":[{"taxonomy":"kolor","embeddable":true,"href":"https:\/\/medandbeauty.com\/cs\/wp-json\/wp\/v2\/kolor?post=375851"},{"taxonomy":"rodzaj-ubrania","embeddable":true,"href":"https:\/\/medandbeauty.com\/cs\/wp-json\/wp\/v2\/rodzaj-ubrania?post=375851"},{"taxonomy":"ubranie","embeddable":true,"href":"https:\/\/medandbeauty.com\/cs\/wp-json\/wp\/v2\/ubranie?post=375851"},{"taxonomy":"product_brand","embeddable":true,"href":"https:\/\/medandbeauty.com\/cs\/wp-json\/wp\/v2\/product_brand?post=375851"},{"taxonomy":"product_cat","embeddable":true,"href":"https:\/\/medandbeauty.com\/cs\/wp-json\/wp\/v2\/product_cat?post=375851"},{"taxonomy":"product_tag","embeddable":true,"href":"https:\/\/medandbeauty.com\/cs\/wp-json\/wp\/v2\/product_tag?post=375851"}],"curies":[{"name":"wp","href":"https:\/\/api.w.org\/{rel}","templated":true}]}}