{"id":389180,"date":"2024-01-10T23:36:00","date_gmt":"2024-01-10T23:36:00","guid":{"rendered":"https:\/\/medandbeauty.com\/product\/panska-lekarska-bluza-scrubs-basic-navy-blue\/"},"modified":"2026-03-24T16:59:00","modified_gmt":"2026-03-24T15:59:00","slug":"panska-lekarska-bluza-scrubs-basic-navy-blue","status":"publish","type":"product","link":"https:\/\/medandbeauty.com\/cs\/product\/panska-lekarska-bluza-scrubs-basic-navy-blue\/","title":{"rendered":"P\u00e1nsk\u00e1 l\u00e9ka\u0159sk\u00e1 bl\u016fza scrubs basic navy blue"},"content":{"rendered":"<p style=\"font-weight: 400;\">Seznamte se s klasikou, <a href=\"https:\/\/medandbeauty.com\/cs\/shop\/pro-nej\/zakladni-kolekce-cs\/\" target=\"_blank\" rel=\"noopener\"><strong>p\u00e1nsk\u00e9 pracovn\u00ed od\u011bvy Basic<\/strong><\/a> obl\u00edben\u00e9 na\u0161imi z\u00e1kazn\u00edky!<\/p>\n<p style=\"font-weight: 400;\">P\u0159i dlouh\u00fdch hodin\u00e1ch str\u00e1ven\u00fdch v pr\u00e1ci pot\u0159ebujete <strong>zdravotn\u00ed od\u011bv,<\/strong> kter\u00fd v\u00e1m poskytne maxim\u00e1ln\u00ed pohodl\u00ed. <strong>P\u00e1nsk\u00e1 l\u00e9ka\u0159sk\u00e1 bl\u016fza Scrubs Basic v tmav\u011b modr\u00e9 barv\u011b<\/strong> byla vyrobena z t\u011bch nejkvalitn\u011bj\u0161\u00edch materi\u00e1l\u016f.<\/p>\n<p style=\"font-weight: 400;\">D\u00edky kombinaci polyesteru, visk\u00f3zy a lycry je materi\u00e1l m\u011bkk\u00fd, velmi odoln\u00fd, p\u0159izp\u016fsob\u00ed se jak\u00e9mukoli tvaru t\u011bla, neomezuje v pohybu a, co\u017e je u zdravotnick\u00fdch od\u011bv\u016f nesm\u00edrn\u011b d\u016fle\u017eit\u00e9, je prody\u0161n\u00fd a prody\u0161n\u00fd.<\/p>\n<p style=\"font-weight: 400;\"><strong>P\u00e1nsk\u00e1 tmav\u011b modr\u00e1 l\u00e9ka\u0159sk\u00e1 bl\u016fza Scrubs Basic<\/strong> je dokonal\u00fdm z\u00e1kladem klasick\u00e9ho a velmi praktick\u00e9ho <strong>p\u00e1nsk\u00e9ho l\u00e9ka\u0159sk\u00e9ho \u0161atn\u00edku<\/strong>.<\/p>\n<p style=\"font-weight: 400;\"><strong>P\u00e1nsk\u00e1 tmav\u011b modr\u00e1 l\u00e9ka\u0159sk\u00e1 bl\u016fza Scrubs Basic<\/strong> je vybavena dv\u011bma prostorn\u00fdmi a praktick\u00fdmi kapsami, do kter\u00fdch lze ulo\u017eit v\u0161echny n\u00e1stroje a dopl\u0148ky pot\u0159ebn\u00e9 p\u0159i pr\u00e1ci. Krom\u011b toho byla na hrudi um\u00edst\u011bna funk\u010dn\u00ed kapsa na pr\u016fkaz toto\u017enosti. <\/p>\n<p style=\"font-weight: 400;\">Klasick\u00fd v\u00e9\u010dkov\u00fd v\u00fdst\u0159ih vizu\u00e1ln\u011b podtrhuje eleganci tohoto modelu, zat\u00edmco d\u00e9lka ruk\u00e1v\u016f (sahaj\u00edc\u00ed t\u00e9m\u011b\u0159 k lokti) poskytuje ochranu ramen a z\u00e1rove\u0148 neomezuje rozsah pohybu.<\/p>\n<p style=\"font-weight: 400;\"><strong>P\u00e1nsk\u00e9 pracovn\u00ed od\u011bvy Basic medical blouse v tmav\u011b modr\u00e9 barv\u011b<\/strong> m\u016f\u017eete kombinovat s <strong>l\u00e9ka\u0159skou bl\u016fzou<\/strong> <a href=\"https:\/\/medandbeauty.com\/cs\/product\/panske-lekarske-kalhoty-joggers-scrubs-basic-navy-blue\/\" target=\"_blank\" rel=\"noopener\"> <strong>l\u00e9ka\u0159sk\u00fdmi tepl\u00e1ky<\/strong> <\/a>nebo <a href=\"https:\/\/medandbeauty.com\/cs\/product\/panske-lekarske-kalhoty-proste-scrubs-basic-navy-blue\/\" target=\"_blank\" rel=\"noopener\"><strong>klasick\u00fdmi rovn\u00fdmi l\u00e9ka\u0159sk\u00fdmi kalhotami<\/strong> <\/a>ve stejn\u00e9 barv\u011b, nebo si vyberte jin\u00fd odst\u00edn z nab\u00eddky<a href=\"https:\/\/medandbeauty.com\/cs\/shop\/pro-nej\/zakladni-kolekce-cs\/\" target=\"_blank\" rel=\"noopener\"> <strong>kolekce Med &amp; Beauty Basic<\/strong><\/a>.<\/p>\n<p style=\"font-weight: 400;\">Zajist\u011bte si maxim\u00e1ln\u00ed pohodl\u00ed a profesion\u00e1ln\u00ed vzhled p\u0159i pr\u00e1ci s<strong> l\u00e9ka\u0159sk\u00fdmi \u0161\u00e1tky <a href=\"https:\/\/medandbeauty.com\/cs\/shop\/pro-nej\/zakladni-kolekce-cs\/\" target=\"_blank\" rel=\"noopener\">Med &amp; Beauty Basic<\/a><\/strong>.<\/p>\n<ul>\n<li style=\"font-weight: 400;\">Dv\u011b velk\u00e9 prostorn\u00e9 p\u0159edn\u00ed kapsy a dal\u0161\u00ed n\u00e1prsn\u00ed kapsa.<\/li>\n<li style=\"font-weight: 400;\"><span style=\"font-family: inherit;\">Elegantn\u00ed, rovn\u00fd st\u0159ih<\/span><\/li>\n<li style=\"font-weight: 400;\"><span style=\"font-family: inherit;\">Klasick\u00fd v\u00fdst\u0159ih do V<\/span><\/li>\n<li style=\"font-weight: 400;\"><span style=\"font-family: inherit;\">Pohodln\u00fd, kr\u00e1tk\u00fd ruk\u00e1v<\/span><\/li>\n<\/ul>\n<p>&nbsp;<\/p>\n<p style=\"font-weight: 400;\"><strong>Dal\u0161\u00ed informace:<\/strong><\/p>\n<p style=\"font-weight: 400;\">Modelka na fotografi\u00edch m\u00e1 na sob\u011b velikost L a je vysok\u00e1 186 cm.<\/p>\n<p style=\"font-weight: 400;\">Pokud si nev\u00edte rady s v\u00fdb\u011brem velikosti, pod\u00edvejte se na tabulku velikost\u00ed. Pokud m\u00e1te dal\u0161\u00ed pochybnosti &#8211; po\u0161lete n\u00e1m sv\u00e9 m\u00edry a my v\u00e1m je p\u0159izp\u016fsob\u00edme. <\/p>\n<p style=\"font-weight: 400;\">Barvy od\u011bv\u016f v <a href=\"https:\/\/medandbeauty.com\/cs\/shop\/pro-nej\/zakladni-kolekce-cs\/\" target=\"_blank\" rel=\"noopener\">kolekci Basic<\/a> neodpov\u00eddaj\u00ed barv\u00e1m od\u011bv\u016f v <a href=\"https:\/\/medandbeauty.com\/cs\/shop\/pro-nej\/kolekce-premium-cs\/\" target=\"_blank\" rel=\"noopener\">kolekci Premium<\/a> &#8211; jsou vyrobeny z jin\u00fdch materi\u00e1l\u016f.<\/p>\n<p style=\"font-weight: 400;\">Odst\u00edny jednotliv\u00fdch od\u011bv\u016f na fotografi\u00edch se mohou li\u0161it od skute\u010dn\u00fdch &#8211; to je zp\u016fsobeno r\u016fznorodost\u00ed dostupn\u00fdch elektronick\u00fdch za\u0159\u00edzen\u00ed a jejich individu\u00e1ln\u00edm nastaven\u00edm.<\/p>\n","protected":false},"excerpt":{"rendered":"<p>Seznamte se s klasikou, p\u00e1nsk\u00e9 pracovn\u00ed od\u011bvy Basic obl\u00edben\u00e9 na\u0161imi z\u00e1kazn\u00edky! P\u0159i dlouh\u00fdch hodin\u00e1ch str\u00e1ven\u00fdch v pr\u00e1ci pot\u0159ebujete zdravotn\u00ed od\u011bv, kter\u00fd v\u00e1m poskytne maxim\u00e1ln\u00ed pohodl\u00ed. P\u00e1nsk\u00e1 l\u00e9ka\u0159sk\u00e1 bl\u016fza Scrubs Basic v tmav\u011b modr\u00e9 barv\u011b byla vyrobena z t\u011bch nejkvalitn\u011bj\u0161\u00edch materi\u00e1l\u016f. D\u00edky kombinaci polyesteru, visk\u00f3zy a lycry je materi\u00e1l m\u011bkk\u00fd, velmi odoln\u00fd, p\u0159izp\u016fsob\u00ed se jak\u00e9mukoli tvaru [&hellip;]<\/p>\n","protected":false},"featured_media":389181,"comment_status":"open","ping_status":"closed","template":"","meta":{"_acf_changed":false,"inline_featured_image":false},"kolor":[1144],"rodzaj-ubrania":[1087,1051],"ubranie":[1109],"product_brand":[],"product_cat":[1335,1107,1104,1108,1105],"product_tag":[1367],"class_list":{"0":"post-389180","1":"product","2":"type-product","3":"status-publish","4":"has-post-thumbnail","6":"kolor-modra-cs","7":"rodzaj-ubrania-lekarske-halenky","8":"rodzaj-ubrania-scrubs-cs","9":"ubranie-panske-lekarske-bluzy-scrubs-basic-cs","10":"product_cat-bestsellery-cs-2","11":"product_cat-lekarske-halenky-cs","12":"product_cat-pro-nej","13":"product_cat-scrubs-cs","14":"product_cat-zakladni-kolekce-cs","15":"product_tag-zdravotnicke-obleceni-pro-studenty","17":"first","18":"outofstock","19":"taxable","20":"shipping-taxable","21":"purchasable","22":"product-type-variable"},"acf":[],"_links":{"self":[{"href":"https:\/\/medandbeauty.com\/cs\/wp-json\/wp\/v2\/product\/389180","targetHints":{"allow":["GET"]}}],"collection":[{"href":"https:\/\/medandbeauty.com\/cs\/wp-json\/wp\/v2\/product"}],"about":[{"href":"https:\/\/medandbeauty.com\/cs\/wp-json\/wp\/v2\/types\/product"}],"replies":[{"embeddable":true,"href":"https:\/\/medandbeauty.com\/cs\/wp-json\/wp\/v2\/comments?post=389180"}],"wp:featuredmedia":[{"embeddable":true,"href":"https:\/\/medandbeauty.com\/cs\/wp-json\/wp\/v2\/media\/389181"}],"wp:attachment":[{"href":"https:\/\/medandbeauty.com\/cs\/wp-json\/wp\/v2\/media?parent=389180"}],"wp:term":[{"taxonomy":"kolor","embeddable":true,"href":"https:\/\/medandbeauty.com\/cs\/wp-json\/wp\/v2\/kolor?post=389180"},{"taxonomy":"rodzaj-ubrania","embeddable":true,"href":"https:\/\/medandbeauty.com\/cs\/wp-json\/wp\/v2\/rodzaj-ubrania?post=389180"},{"taxonomy":"ubranie","embeddable":true,"href":"https:\/\/medandbeauty.com\/cs\/wp-json\/wp\/v2\/ubranie?post=389180"},{"taxonomy":"product_brand","embeddable":true,"href":"https:\/\/medandbeauty.com\/cs\/wp-json\/wp\/v2\/product_brand?post=389180"},{"taxonomy":"product_cat","embeddable":true,"href":"https:\/\/medandbeauty.com\/cs\/wp-json\/wp\/v2\/product_cat?post=389180"},{"taxonomy":"product_tag","embeddable":true,"href":"https:\/\/medandbeauty.com\/cs\/wp-json\/wp\/v2\/product_tag?post=389180"}],"curies":[{"name":"wp","href":"https:\/\/api.w.org\/{rel}","templated":true}]}}