{"id":389209,"date":"2024-01-05T19:34:00","date_gmt":"2024-01-05T19:34:00","guid":{"rendered":"https:\/\/medandbeauty.com\/product\/damske-lekarske-kalhoty-proste-scrubs-premium-black\/"},"modified":"2026-03-14T20:41:11","modified_gmt":"2026-03-14T19:41:11","slug":"damske-lekarske-kalhoty-proste-scrubs-premium-black","status":"publish","type":"product","link":"https:\/\/medandbeauty.com\/cs\/product\/damske-lekarske-kalhoty-proste-scrubs-premium-black\/","title":{"rendered":"D\u00e1msk\u00e9 l\u00e9ka\u0159sk\u00e9 kalhoty PROSTE scrubs premium BLACK"},"content":{"rendered":"<p style=\"font-weight: 400;\">Tento pohodln\u00fd a nad\u010dasov\u00fd model jist\u011b ocen\u00ed v\u0161ichni milovn\u00edci klasick\u00fdch a elegantn\u00edch st\u0159ih\u016f!<\/p>\n<p style=\"font-weight: 400;\">Chcete p\u0159i pr\u00e1ci vypadat a c\u00edtit se senza\u010dn\u011b?<\/p>\n<p style=\"font-weight: 400;\"><strong>\u010cern\u00e9 rovn\u00e9 l\u00e9ka\u0159sk\u00e9 kalhoty z <a href=\"https:\/\/medandbeauty.com\/cs\/shop\/pro-ni\/kolekce-premium\/\" target=\"_blank\" rel=\"noopener\">kolekce Med &amp; Beauty Premium<\/a><\/strong> jsou ide\u00e1ln\u00ed volbou pro \u017eeny, kter\u00e9 si cen\u00ed profesionality a pohodl\u00ed b\u011bhem dlouh\u00fdch hodin v pr\u00e1ci.<\/p>\n<p style=\"font-weight: 400;\"><strong>D\u00e1msk\u00e9 rovn\u00e9 zdravotnick\u00e9 kalhoty Scrubs Premium v \u010dern\u00e9 barv\u011b<\/strong> jsou u\u0161ity z p\u0159\u00edjemn\u00e9ho, m\u011bkk\u00e9ho materi\u00e1lu, kter\u00fd umo\u017e\u0148uje plnou volnost pohybu a maxim\u00e1ln\u00ed pohodl\u00ed p\u0159i no\u0161en\u00ed.<\/p>\n<p style=\"font-weight: 400;\">D\u00edky kombinaci 80 % vysoce kvalitn\u00ed bavlny s nylonem a lycrou tkanina dokonale padne a je odoln\u00e1 a prody\u0161n\u00e1.<\/p>\n<p style=\"font-weight: 400;\"><strong>D\u00e1msk\u00e9 rovn\u00e9 zdravotn\u00ed kalhoty z <a href=\"https:\/\/medandbeauty.com\/cs\/shop\/pro-ni\/kolekce-premium\/\" target=\"_blank\" rel=\"noopener\">kolekce Premium<\/a><\/strong> jsou vybaveny \u010dty\u0159mi praktick\u00fdmi kapsami (dv\u011bma p\u0159edn\u00edmi a dv\u011bma zadn\u00edmi), do kter\u00fdch se vejdou v\u0161echny ka\u017edodenn\u00ed nezbytnosti.<\/p>\n<p style=\"font-weight: 400;\">M\u00edrn\u011b z\u00fa\u017een\u00fd tvar a vysok\u00fd st\u0159ih kalhot zd\u016frazn\u00ed p\u0159ednosti ka\u017ed\u00e9 postavy, zat\u00edmco elastick\u00fd pas zajist\u00ed pln\u00e9 pohodl\u00ed a volnost pohybu.<\/p>\n<p style=\"font-weight: 400;\"><strong>\u010cern\u00e9 rovn\u00e9 l\u00e9ka\u0159sk\u00e9 kalhoty Premium Scrubs<\/strong> m\u016f\u017eete kombinovat s kalhotami <a href=\"https:\/\/medandbeauty.com\/produkt\/bluzka-medyczna-damska-scrubs-premium-czarna\/\" target=\"_blank\" rel=\"noopener\"><strong>l\u00e9ka\u0159skou halenkou<\/strong><\/a> ve stejn\u00e9 barv\u011b nebo je zkombinujte s jin\u00fdm odst\u00ednem z na\u0161\u00ed kolekce <strong>Scrubs Premium<\/strong> a vytvo\u0159te jedine\u010dn\u00fd komplet!<\/p>\n<ul>\n<li style=\"font-weight: 400;\">Celkem 4 prostorn\u00e9 kapsy &#8211; dv\u011b p\u0159edn\u00ed a dv\u011b zadn\u00ed.<\/li>\n<li style=\"font-weight: 400;\"><span style=\"font-family: inherit;\">Rovn\u00e9, m\u00edrn\u011b z\u00fa\u017een\u00e9 nohy<\/span><\/li>\n<li style=\"font-weight: 400;\"><span style=\"font-family: inherit;\">Vysok\u00fd n\u00e1rt se \u0161irok\u00fdm elastick\u00fdm pasem<\/span><\/li>\n<li style=\"font-weight: 400;\"><span style=\"font-family: inherit;\">Elegantn\u00ed a jemn\u00e9 rozparky na nohavic\u00edch<\/span><\/li>\n<\/ul>\n<p>&nbsp;<\/p>\n<p style=\"font-weight: 400;\"><strong>Dal\u0161\u00ed informace:<\/strong><br \/>\nModelky na fotografi\u00edch maj\u00ed na sob\u011b velikost S a jsou vysok\u00e9 170-174 cm.<\/p>\n<p style=\"font-weight: 400;\">Pokud si nev\u00edte rady s v\u00fdb\u011brem velikosti, pod\u00edvejte se na tabulku velikost\u00ed. Pokud m\u00e1te dal\u0161\u00ed pochybnosti &#8211; po\u0161lete n\u00e1m sv\u00e9 m\u00edry a my v\u00e1m je p\u0159izp\u016fsob\u00edme. <\/p>\n<p style=\"font-weight: 400;\">Barvy od\u011bv\u016f v <a href=\"https:\/\/medandbeauty.com\/cs\/shop\/pro-ni\/kolekce-premium\/\" target=\"_blank\" rel=\"noopener\">kolekci Premium<\/a> neodpov\u00eddaj\u00ed barv\u00e1m od\u011bv\u016f v <a href=\"https:\/\/medandbeauty.com\/cs\/shop\/pro-ni\/zakladni-kolekce\/\" target=\"_blank\" rel=\"noopener\">kolekci Basic<\/a> &#8211; jsou vyrobeny z jin\u00fdch materi\u00e1l\u016f.<\/p>\n<p style=\"font-weight: 400;\">Odst\u00edny jednotliv\u00fdch od\u011bv\u016f na fotografi\u00edch se mohou li\u0161it od skute\u010dn\u00fdch &#8211; to je zp\u016fsobeno r\u016fznorodost\u00ed dostupn\u00fdch elektronick\u00fdch za\u0159\u00edzen\u00ed a jejich individu\u00e1ln\u00edm nastaven\u00edm.<\/p>\n","protected":false},"excerpt":{"rendered":"<p>Tento pohodln\u00fd a nad\u010dasov\u00fd model jist\u011b ocen\u00ed v\u0161ichni milovn\u00edci klasick\u00fdch a elegantn\u00edch st\u0159ih\u016f! Chcete p\u0159i pr\u00e1ci vypadat a c\u00edtit se senza\u010dn\u011b? \u010cern\u00e9 rovn\u00e9 l\u00e9ka\u0159sk\u00e9 kalhoty z kolekce Med &amp; Beauty Premium jsou ide\u00e1ln\u00ed volbou pro \u017eeny, kter\u00e9 si cen\u00ed profesionality a pohodl\u00ed b\u011bhem dlouh\u00fdch hodin v pr\u00e1ci. D\u00e1msk\u00e9 rovn\u00e9 zdravotnick\u00e9 kalhoty Scrubs Premium v \u010dern\u00e9 [&hellip;]<\/p>\n","protected":false},"featured_media":389210,"comment_status":"open","ping_status":"closed","template":"","meta":{"_acf_changed":false,"inline_featured_image":false},"kolor":[1172],"rodzaj-ubrania":[1051,1052],"ubranie":[1374],"product_brand":[],"product_cat":[1159,1029,1373,1247],"product_tag":[1366],"class_list":{"0":"post-389209","1":"product","2":"type-product","3":"status-publish","4":"has-post-thumbnail","6":"kolor-czernie-cs","7":"rodzaj-ubrania-scrubs-cs","8":"rodzaj-ubrania-zdravotnicke-kalhoty","9":"ubranie-damske-lekarske-rovne-kalhoty-scrubs-premium","10":"product_cat-kolekce-premium","11":"product_cat-pro-ni","12":"product_cat-scrubs-cs-2","13":"product_cat-zdravotnicke-kalhoty-cs-2","14":"product_tag-kosmeticke-kalhoty","16":"first","17":"instock","18":"taxable","19":"shipping-taxable","20":"purchasable","21":"product-type-variable"},"acf":[],"_links":{"self":[{"href":"https:\/\/medandbeauty.com\/cs\/wp-json\/wp\/v2\/product\/389209","targetHints":{"allow":["GET"]}}],"collection":[{"href":"https:\/\/medandbeauty.com\/cs\/wp-json\/wp\/v2\/product"}],"about":[{"href":"https:\/\/medandbeauty.com\/cs\/wp-json\/wp\/v2\/types\/product"}],"replies":[{"embeddable":true,"href":"https:\/\/medandbeauty.com\/cs\/wp-json\/wp\/v2\/comments?post=389209"}],"wp:featuredmedia":[{"embeddable":true,"href":"https:\/\/medandbeauty.com\/cs\/wp-json\/wp\/v2\/media\/389210"}],"wp:attachment":[{"href":"https:\/\/medandbeauty.com\/cs\/wp-json\/wp\/v2\/media?parent=389209"}],"wp:term":[{"taxonomy":"kolor","embeddable":true,"href":"https:\/\/medandbeauty.com\/cs\/wp-json\/wp\/v2\/kolor?post=389209"},{"taxonomy":"rodzaj-ubrania","embeddable":true,"href":"https:\/\/medandbeauty.com\/cs\/wp-json\/wp\/v2\/rodzaj-ubrania?post=389209"},{"taxonomy":"ubranie","embeddable":true,"href":"https:\/\/medandbeauty.com\/cs\/wp-json\/wp\/v2\/ubranie?post=389209"},{"taxonomy":"product_brand","embeddable":true,"href":"https:\/\/medandbeauty.com\/cs\/wp-json\/wp\/v2\/product_brand?post=389209"},{"taxonomy":"product_cat","embeddable":true,"href":"https:\/\/medandbeauty.com\/cs\/wp-json\/wp\/v2\/product_cat?post=389209"},{"taxonomy":"product_tag","embeddable":true,"href":"https:\/\/medandbeauty.com\/cs\/wp-json\/wp\/v2\/product_tag?post=389209"}],"curies":[{"name":"wp","href":"https:\/\/api.w.org\/{rel}","templated":true}]}}