{"id":389575,"date":"2024-01-05T21:48:23","date_gmt":"2024-01-05T21:48:23","guid":{"rendered":"https:\/\/medandbeauty.com\/product\/damsky-lekarsky-plast-s-premiovym-limcem-bily\/"},"modified":"2026-03-08T08:26:31","modified_gmt":"2026-03-08T07:26:31","slug":"damsky-lekarsky-plast-s-premiovym-limcem-bily","status":"publish","type":"product","link":"https:\/\/medandbeauty.com\/cs\/product\/damsky-lekarsky-plast-s-premiovym-limcem-bily\/","title":{"rendered":"D\u00e1msk\u00fd l\u00e9ka\u0159sk\u00fd pl\u00e1\u0161\u0165 s pr\u00e9miov\u00fdm l\u00edmcem B\u00cdL\u00dd"},"content":{"rendered":"<p style=\"font-weight: 400;\">Objevte jeden z nejklasi\u010dt\u011bj\u0161\u00edch model\u016f v na\u0161\u00ed <a href=\"https:\/\/medandbeauty.com\/cs\/shop\/pro-ni\/kolekce-premium\/\" target=\"_blank\" rel=\"noopener\"><strong>kolekce<\/strong> <strong>Med &amp; Beauty Premium<\/strong><\/a>.<\/p>\n<p style=\"font-weight: 400;\">Pokud si v pr\u00e1ci cen\u00edte profesion\u00e1ln\u00edho vzhledu, ale nechcete se vzd\u00e1t pohodl\u00ed a naprost\u00e9 volnosti pohybu, je tento st\u0159ih pro v\u00e1s jako stvo\u0159en\u00fd.<\/p>\n<p style=\"font-weight: 400;\"><strong>Zdravotnick\u00e1 z\u00e1st\u011bra s l\u00edmcem v b\u00edl\u00e9 barv\u011b <\/strong>byla vyrobena z nejkvalitn\u011bj\u0161\u00ed bavlny se sm\u011bs\u00ed lycry a nylonu. D\u00edky t\u00e9to kombinaci vl\u00e1ken v materi\u00e1lu se z\u00e1st\u011bra nema\u010dk\u00e1, je velmi p\u0159\u00edjemn\u00e1 na no\u0161en\u00ed a prody\u0161n\u00e1 a vzdu\u0161n\u00e1. <\/p>\n<p style=\"font-weight: 400;\">V\u0161echny zdravotn\u00ed od\u011bvy z \u0159ady <strong>Med &amp; Beauty<\/strong> jsou \u0161it\u00e9 s d\u016frazem na nejmen\u0161\u00ed detaily. Elegantn\u00ed z\u00e1\u0161evky na prsou pou\u017eit\u00e9 u <strong>b\u00edl\u00e9 l\u00e9ka\u0159sk\u00e9 z\u00e1st\u011bry s l\u00edme\u010dkem<\/strong> zaru\u010duj\u00ed dokonal\u00e9 p\u0159izp\u016fsoben\u00ed ka\u017ed\u00e9mu typu \u017eensk\u00e9 postavy. <\/p>\n<p style=\"font-weight: 400;\"><strong>B\u00edl\u00e1 l\u00e9ka\u0159sk\u00e1 z\u00e1st\u011bra s l\u00edme\u010dkem<\/strong> se z\u00fa\u017een\u00fdm pasem a p\u00e1skem zv\u00fdrazn\u00ed v\u0161echny typy postavy, zat\u00edmco zabudovan\u00fd klasick\u00fd v\u00fdst\u0159ih opticky prodlou\u017e\u00ed postavu.<\/p>\n<p style=\"font-weight: 400;\">Vysok\u00fd l\u00edmec dod\u00e1 ka\u017ed\u00e9mu oble\u010den\u00ed elegantn\u00ed n\u00e1dech a co je velmi d\u016fle\u017eit\u00e9, je tvarov\u00e1n tak, aby v\u00e1m nep\u0159ek\u00e1\u017eel v pohybu.<\/p>\n<p style=\"font-weight: 400;\">D\u00edky dv\u011bma skryt\u00fdm, prostorn\u00fdm kaps\u00e1m si s sebou budete moci vz\u00edt ve\u0161ker\u00e9 p\u0159\u00edslu\u0161enstv\u00ed a drobn\u00e9 p\u0159edm\u011bty, kter\u00e9 pot\u0159ebujete do pr\u00e1ce, zat\u00edmco \u00be ruk\u00e1vy zajist\u00ed, \u017ee va\u0161e ramena budou chr\u00e1n\u011bna a z\u00e1rove\u0148 z\u016fstanou pln\u011b mobiln\u00ed.<\/p>\n<p style=\"font-weight: 400;\"><strong>L\u00e9ka\u0159skou z\u00e1st\u011bru s b\u00edl\u00fdm l\u00edmcem<\/strong> m\u016f\u017eete sladit <strong>s <a href=\"https:\/\/medandbeauty.com\/cs\/shop\/pro-ni\/kolekce-premium\/?rodzaj-ubrania=spodnie-medyczne\" target=\"_blank\" rel=\"noopener\">l\u00e9ka\u0159sk\u00fdmi kalhotami<\/a><\/strong> ve stejn\u00e9 barv\u011b nebo libovoln\u011b kombinovat r\u016fzn\u00e9 odst\u00edny a vytv\u00e1\u0159et tak jedine\u010dn\u00e9 soupravy.<\/p>\n<ul>\n<li style=\"font-weight: 400;\">Dv\u011b funk\u010dn\u00ed skryt\u00e9 bo\u010dn\u00ed kapsy<\/li>\n<li style=\"font-weight: 400;\"><span style=\"font-family: inherit;\">Hlubok\u00fd v\u00fdst\u0159ih s elegantn\u00edm tvarovan\u00fdm l\u00edmcem<\/span><\/li>\n<li style=\"font-weight: 400;\"><span style=\"font-family: inherit;\">P\u00e1sek v pase pro zv\u00fdrazn\u011bn\u00ed postavy<\/span><\/li>\n<li style=\"font-weight: 400;\"><span style=\"font-family: inherit;\">3\/4 ruk\u00e1vy<\/span><\/li>\n<li style=\"font-weight: 400;\"><span style=\"font-family: inherit;\">Lze p\u0159izp\u016fsobit v\u00fd\u0161ivkou<\/span><\/li>\n<\/ul>\n<p>&nbsp;<\/p>\n<p style=\"font-weight: 400;\"><strong>Dal\u0161\u00ed informace:<\/strong><br \/>\nModelky na fotografi\u00edch maj\u00ed na sob\u011b velikost S a jsou vysok\u00e9 170-174 cm.<\/p>\n<p style=\"font-weight: 400;\">Pokud si nev\u00edte rady s v\u00fdb\u011brem velikosti, pod\u00edvejte se na tabulku velikost\u00ed. Pokud m\u00e1te dal\u0161\u00ed pochybnosti &#8211; po\u0161lete n\u00e1m sv\u00e9 m\u00edry a my v\u00e1m je p\u0159izp\u016fsob\u00edme. <\/p>\n<p style=\"font-weight: 400;\">Barvy od\u011bv\u016f v <a href=\"https:\/\/medandbeauty.com\/cs\/shop\/pro-ni\/kolekce-premium\/\" target=\"_blank\" rel=\"noopener\">kolekci Premium<\/a> neodpov\u00eddaj\u00ed barv\u00e1m od\u011bv\u016f v <a href=\"https:\/\/medandbeauty.com\/cs\/shop\/pro-ni\/zakladni-kolekce\/\" target=\"_blank\" rel=\"noopener\">kolekci Basic<\/a> &#8211; jsou vyrobeny z jin\u00fdch materi\u00e1l\u016f.<\/p>\n<p style=\"font-weight: 400;\">Odst\u00edny jednotliv\u00fdch od\u011bv\u016f na fotografi\u00edch se mohou li\u0161it od skute\u010dn\u00fdch &#8211; to je zp\u016fsobeno r\u016fznorodost\u00ed dostupn\u00fdch elektronick\u00fdch za\u0159\u00edzen\u00ed a jejich individu\u00e1ln\u00edm nastaven\u00edm.<\/p>\n","protected":false},"excerpt":{"rendered":"<p>Objevte jeden z nejklasi\u010dt\u011bj\u0161\u00edch model\u016f v na\u0161\u00ed kolekce Med &amp; Beauty Premium. Pokud si v pr\u00e1ci cen\u00edte profesion\u00e1ln\u00edho vzhledu, ale nechcete se vzd\u00e1t pohodl\u00ed a naprost\u00e9 volnosti pohybu, je tento st\u0159ih pro v\u00e1s jako stvo\u0159en\u00fd. Zdravotnick\u00e1 z\u00e1st\u011bra s l\u00edmcem v b\u00edl\u00e9 barv\u011b byla vyrobena z nejkvalitn\u011bj\u0161\u00ed bavlny se sm\u011bs\u00ed lycry a nylonu. D\u00edky t\u00e9to kombinaci [&hellip;]<\/p>\n","protected":false},"featured_media":389576,"comment_status":"open","ping_status":"closed","template":"","meta":{"_acf_changed":false,"inline_featured_image":false},"kolor":[1066],"rodzaj-ubrania":[1318],"ubranie":[1319],"product_brand":[],"product_cat":[1159,1029,1317],"product_tag":[1392],"class_list":{"0":"post-389575","1":"product","2":"type-product","3":"status-publish","4":"has-post-thumbnail","6":"kolor-bile","7":"rodzaj-ubrania-zdravotnicke-plaste","8":"ubranie-damsky-lekarsky-plast-s-limcem-premium","9":"product_cat-kolekce-premium","10":"product_cat-pro-ni","11":"product_cat-zdravotnicke-plaste","12":"product_tag-kosmeticke-zastery","14":"first","15":"instock","16":"taxable","17":"shipping-taxable","18":"purchasable","19":"product-type-variable"},"acf":[],"_links":{"self":[{"href":"https:\/\/medandbeauty.com\/cs\/wp-json\/wp\/v2\/product\/389575","targetHints":{"allow":["GET"]}}],"collection":[{"href":"https:\/\/medandbeauty.com\/cs\/wp-json\/wp\/v2\/product"}],"about":[{"href":"https:\/\/medandbeauty.com\/cs\/wp-json\/wp\/v2\/types\/product"}],"replies":[{"embeddable":true,"href":"https:\/\/medandbeauty.com\/cs\/wp-json\/wp\/v2\/comments?post=389575"}],"wp:featuredmedia":[{"embeddable":true,"href":"https:\/\/medandbeauty.com\/cs\/wp-json\/wp\/v2\/media\/389576"}],"wp:attachment":[{"href":"https:\/\/medandbeauty.com\/cs\/wp-json\/wp\/v2\/media?parent=389575"}],"wp:term":[{"taxonomy":"kolor","embeddable":true,"href":"https:\/\/medandbeauty.com\/cs\/wp-json\/wp\/v2\/kolor?post=389575"},{"taxonomy":"rodzaj-ubrania","embeddable":true,"href":"https:\/\/medandbeauty.com\/cs\/wp-json\/wp\/v2\/rodzaj-ubrania?post=389575"},{"taxonomy":"ubranie","embeddable":true,"href":"https:\/\/medandbeauty.com\/cs\/wp-json\/wp\/v2\/ubranie?post=389575"},{"taxonomy":"product_brand","embeddable":true,"href":"https:\/\/medandbeauty.com\/cs\/wp-json\/wp\/v2\/product_brand?post=389575"},{"taxonomy":"product_cat","embeddable":true,"href":"https:\/\/medandbeauty.com\/cs\/wp-json\/wp\/v2\/product_cat?post=389575"},{"taxonomy":"product_tag","embeddable":true,"href":"https:\/\/medandbeauty.com\/cs\/wp-json\/wp\/v2\/product_tag?post=389575"}],"curies":[{"name":"wp","href":"https:\/\/api.w.org\/{rel}","templated":true}]}}