{"id":389655,"date":"2024-01-05T23:26:34","date_gmt":"2024-01-05T23:26:34","guid":{"rendered":"https:\/\/medandbeauty.com\/product\/lekarske-obalkove-saty-s-kratkym-rukavem-premium-black\/"},"modified":"2025-12-23T11:47:26","modified_gmt":"2025-12-23T10:47:26","slug":"lekarske-obalkove-saty-s-kratkym-rukavem-premium-black","status":"publish","type":"product","link":"https:\/\/medandbeauty.com\/cs\/product\/lekarske-obalkove-saty-s-kratkym-rukavem-premium-black\/","title":{"rendered":"L\u00e9ka\u0159sk\u00e9 ob\u00e1lkov\u00e9 \u0161aty s kr\u00e1tk\u00fdm ruk\u00e1vem Premium BLACK"},"content":{"rendered":"<p style=\"font-weight: 400;\">D\u00edky na\u0161im nejprod\u00e1van\u011bj\u0161\u00edm <strong>ob\u00e1lkov\u00fdm \u0161at\u016fm<\/strong> m\u011bn\u00edme image l\u00e9ka\u0159sk\u00e9ho a kosmetick\u00e9ho pr\u016fmyslu!<\/p>\n<p style=\"font-weight: 400;\">Zapome\u0148te na klasick\u00e9 <strong>l\u00e9ka\u0159sk\u00e9 uniformy<\/strong> &#8211; je \u010das na mimo\u0159\u00e1dn\u011b pohodln\u00e9 a elegantn\u00ed <strong>l\u00e9ka\u0159sk\u00e9 ob\u00e1lkov\u00e9 \u0161aty s kr\u00e1tk\u00fdm ruk\u00e1vem<\/strong>.<\/p>\n<p style=\"font-weight: 400;\">V\u011bd\u011bli jste, \u017ee pacienti a klienti st\u00e1le v\u00edce dbaj\u00ed na to, jak jste p\u0159i sv\u00e9 pr\u00e1ci oble\u010deni?<\/p>\n<p style=\"font-weight: 400;\">\u00dahledn\u00fdm <strong>l\u00e9ka\u0159sk\u00fdm oble\u010den\u00edm<\/strong>, kter\u00e9 podtrhuje va\u0161i profesionalitu, si nejen zlep\u0161\u00edte sv\u016fj dobr\u00fd pocit, ale tak\u00e9 z\u00edsk\u00e1te v o\u010d\u00edch pacient\u016f a klient\u016f.<\/p>\n<p style=\"font-weight: 400;\"><strong>\u010cern\u00e9 l\u00e9ka\u0159sk\u00e9 \u0161aty s kr\u00e1tk\u00fdmi ruk\u00e1vy z<\/strong><a href=\"https:\/\/medandbeauty.com\/cs\/shop\/pro-ni\/kolekce-premium\/\" target=\"_blank\" rel=\"noopener\"> kolekce Premium byly<\/a> u\u0161ity z 80 % kvalitn\u00ed bavlny v kombinaci s nylonem a lycrou. D\u00edky t\u00e9to kombinaci vl\u00e1ken v l\u00e1tce je m\u011bkk\u00e1, prody\u0161n\u00e1, kr\u00e1sn\u011b sed\u00ed na postav\u011b a nema\u010dk\u00e1 se.<\/p>\n<p style=\"font-weight: 400;\">Ve v\u00fdst\u0159ihu <strong>\u010dern\u00fdch l\u00e9ka\u0159sk\u00fdch \u0161at\u016f s kr\u00e1tk\u00fdmi ruk\u00e1vy<\/strong> jsme um\u00edstili skryt\u00e9 zap\u00edn\u00e1n\u00ed, kter\u00e9 zaji\u0161\u0165uje v\u00fdst\u0159ih a zaru\u010duje \u00faplnou volnost pohybu i b\u011bhem n\u00e1ro\u010dn\u00e9 pracovn\u00ed doby.<\/p>\n<p style=\"font-weight: 400;\">Jsme si dob\u0159e v\u011bdomi toho, \u017ee je d\u016fle\u017eit\u00e9 m\u00edt po ruce pracovn\u00ed pot\u0159eby a drobnosti, a proto jsou <strong>\u010dern\u00e9 l\u00e9ka\u0159sk\u00e9 ob\u00e1lkov\u00e9 \u0161aty s kr\u00e1tk\u00fdm ruk\u00e1vem<\/strong> vybaveny dv\u011bma funk\u010dn\u00edmi kapsami.<\/p>\n<p style=\"font-weight: 400;\"><strong>\u010cern\u00e9 l\u00e9ka\u0159sk\u00e9 ob\u00e1lkov\u00e9 \u0161aty s kr\u00e1tk\u00fdmi ruk\u00e1vy<\/strong> a elegantn\u00edmi z\u00e1\u0161evky v oblasti prsou a p\u00e1skem v pase dokonale <strong>padnou<\/strong> ka\u017ed\u00e9mu typu \u017eensk\u00e9 postavy.<\/p>\n<ul>\n<li style=\"font-weight: 400;\">Dv\u011b velk\u00e9 prostorn\u00e9 kapsy<\/li>\n<li style=\"font-weight: 400;\"><span style=\"font-family: inherit;\">P\u00e1sek pro dokonal\u00e9 p\u0159izp\u016fsoben\u00ed ka\u017ed\u00e9 siluet\u011b<\/span><\/li>\n<li style=\"font-weight: 400;\"><span style=\"font-family: inherit;\">D\u00e9lka p\u0159ed kolenem<\/span><\/li>\n<li style=\"font-weight: 400;\"><span style=\"font-family: inherit;\">Praktick\u00fd knofl\u00edk u v\u00fdst\u0159ihu pro naprost\u00e9 pohodl\u00ed<\/span><\/li>\n<li style=\"font-weight: 400;\"><span style=\"font-family: inherit;\">Lze p\u0159izp\u016fsobit v\u00fd\u0161ivkou<\/span><\/li>\n<\/ul>\n<p>&nbsp;<\/p>\n<p style=\"font-weight: 400;\"><strong>Dal\u0161\u00ed informace:<\/strong><br \/>\nModelky na fotografi\u00edch maj\u00ed na sob\u011b velikost S a jsou vysok\u00e9 170-174 cm.<\/p>\n<p style=\"font-weight: 400;\">Pokud si nev\u00edte rady s v\u00fdb\u011brem velikosti, pod\u00edvejte se na tabulku velikost\u00ed. Pokud m\u00e1te dal\u0161\u00ed pochybnosti &#8211; po\u0161lete n\u00e1m sv\u00e9 m\u00edry a my v\u00e1m je p\u0159izp\u016fsob\u00edme. <\/p>\n<p style=\"font-weight: 400;\">Barvy od\u011bv\u016f v <a href=\"https:\/\/medandbeauty.com\/cs\/shop\/pro-ni\/kolekce-premium\/\" target=\"_blank\" rel=\"noopener\">kolekci Premium<\/a> neodpov\u00eddaj\u00ed barv\u00e1m od\u011bv\u016f v <a href=\"https:\/\/medandbeauty.com\/cs\/shop\/pro-ni\/zakladni-kolekce\/\" target=\"_blank\" rel=\"noopener\">kolekci Basic<\/a> &#8211; jsou vyrobeny z jin\u00fdch materi\u00e1l\u016f.<\/p>\n<p style=\"font-weight: 400;\">Odst\u00edny jednotliv\u00fdch od\u011bv\u016f na fotografi\u00edch se mohou li\u0161it od skute\u010dn\u00fdch &#8211; to je zp\u016fsobeno r\u016fznorodost\u00ed dostupn\u00fdch elektronick\u00fdch za\u0159\u00edzen\u00ed a jejich individu\u00e1ln\u00edm nastaven\u00edm.<\/p>\n","protected":false},"excerpt":{"rendered":"<p>D\u00edky na\u0161im nejprod\u00e1van\u011bj\u0161\u00edm ob\u00e1lkov\u00fdm \u0161at\u016fm m\u011bn\u00edme image l\u00e9ka\u0159sk\u00e9ho a kosmetick\u00e9ho pr\u016fmyslu! Zapome\u0148te na klasick\u00e9 l\u00e9ka\u0159sk\u00e9 uniformy &#8211; je \u010das na mimo\u0159\u00e1dn\u011b pohodln\u00e9 a elegantn\u00ed l\u00e9ka\u0159sk\u00e9 ob\u00e1lkov\u00e9 \u0161aty s kr\u00e1tk\u00fdm ruk\u00e1vem. V\u011bd\u011bli jste, \u017ee pacienti a klienti st\u00e1le v\u00edce dbaj\u00ed na to, jak jste p\u0159i sv\u00e9 pr\u00e1ci oble\u010deni? \u00dahledn\u00fdm l\u00e9ka\u0159sk\u00fdm oble\u010den\u00edm, kter\u00e9 podtrhuje va\u0161i profesionalitu, si [&hellip;]<\/p>\n","protected":false},"featured_media":389657,"comment_status":"open","ping_status":"closed","template":"","meta":{"_acf_changed":false,"inline_featured_image":false},"kolor":[1172],"rodzaj-ubrania":[1161],"ubranie":[1212],"product_brand":[],"product_cat":[1159,1029,1160],"product_tag":[1357],"class_list":{"0":"post-389655","1":"product","2":"type-product","3":"status-publish","4":"has-post-thumbnail","6":"kolor-czernie-cs","7":"rodzaj-ubrania-zdravotnicke-saty","8":"ubranie-lekarske-obalkove-saty-s-kratkymi-rukavy-premium","9":"product_cat-kolekce-premium","10":"product_cat-pro-ni","11":"product_cat-zdravotnicke-saty","12":"product_tag-kosmeticke-saty","14":"first","15":"instock","16":"taxable","17":"shipping-taxable","18":"purchasable","19":"product-type-variable"},"acf":[],"_links":{"self":[{"href":"https:\/\/medandbeauty.com\/cs\/wp-json\/wp\/v2\/product\/389655","targetHints":{"allow":["GET"]}}],"collection":[{"href":"https:\/\/medandbeauty.com\/cs\/wp-json\/wp\/v2\/product"}],"about":[{"href":"https:\/\/medandbeauty.com\/cs\/wp-json\/wp\/v2\/types\/product"}],"replies":[{"embeddable":true,"href":"https:\/\/medandbeauty.com\/cs\/wp-json\/wp\/v2\/comments?post=389655"}],"wp:featuredmedia":[{"embeddable":true,"href":"https:\/\/medandbeauty.com\/cs\/wp-json\/wp\/v2\/media\/389657"}],"wp:attachment":[{"href":"https:\/\/medandbeauty.com\/cs\/wp-json\/wp\/v2\/media?parent=389655"}],"wp:term":[{"taxonomy":"kolor","embeddable":true,"href":"https:\/\/medandbeauty.com\/cs\/wp-json\/wp\/v2\/kolor?post=389655"},{"taxonomy":"rodzaj-ubrania","embeddable":true,"href":"https:\/\/medandbeauty.com\/cs\/wp-json\/wp\/v2\/rodzaj-ubrania?post=389655"},{"taxonomy":"ubranie","embeddable":true,"href":"https:\/\/medandbeauty.com\/cs\/wp-json\/wp\/v2\/ubranie?post=389655"},{"taxonomy":"product_brand","embeddable":true,"href":"https:\/\/medandbeauty.com\/cs\/wp-json\/wp\/v2\/product_brand?post=389655"},{"taxonomy":"product_cat","embeddable":true,"href":"https:\/\/medandbeauty.com\/cs\/wp-json\/wp\/v2\/product_cat?post=389655"},{"taxonomy":"product_tag","embeddable":true,"href":"https:\/\/medandbeauty.com\/cs\/wp-json\/wp\/v2\/product_tag?post=389655"}],"curies":[{"name":"wp","href":"https:\/\/api.w.org\/{rel}","templated":true}]}}