{"id":389799,"date":"2024-01-05T23:08:08","date_gmt":"2024-01-05T23:08:08","guid":{"rendered":"https:\/\/medandbeauty.com\/product\/damske-zdravotni-kalhoty-premium-slavia\/"},"modified":"2026-01-21T09:52:43","modified_gmt":"2026-01-21T08:52:43","slug":"damske-zdravotni-kalhoty-premium-slavia","status":"publish","type":"product","link":"https:\/\/medandbeauty.com\/cs\/product\/damske-zdravotni-kalhoty-premium-slavia\/","title":{"rendered":"D\u00e1msk\u00e9 zdravotn\u00ed kalhoty Premium SLAVIA"},"content":{"rendered":"<p style=\"font-weight: 400;\">NS Hled\u00e1te perfektn\u00ed <strong>p\u0159il\u00e9hav\u00e9 l\u00e9ka\u0159sk\u00e9 kalhoty, kter\u00e9<\/strong> v\u00e1s budou prov\u00e1zet dlouhou pracovn\u00ed dobou?<\/p>\n<p style=\"font-weight: 400;\">D\u00e1msk\u00e9 p\u0159il\u00e9hav\u00e9 zdravotn\u00ed kalhoty z <a href=\"https:\/\/medandbeauty.com\/cs\/shop\/pro-ni\/kolekce-premium\/\" target=\"_blank\" rel=\"noopener\">kolekce Premium<\/a> spln\u00ed sv\u016fj \u00fa\u010del!<\/p>\n<p style=\"font-weight: 400;\">Pokud u zdravotnick\u00e9ho oble\u010den\u00ed hled\u00e1te pohodl\u00ed p\u0159i no\u0161en\u00ed a prvot\u0159\u00eddn\u00ed kvalitu materi\u00e1l\u016f, na\u0161e <strong>zdravotnick\u00e9 kalhoty Sage Premium<\/strong> v\u00e1s jist\u011b oslov\u00ed!<\/p>\n<p style=\"font-weight: 400;\"><strong>D\u00e1msk\u00e9 zdravotnick\u00e9 kalhoty Sage Premium Adjacent <\/strong>jsou u\u0161ity z m\u011bkk\u00e9 a prody\u0161n\u00e9 tkaniny, tak\u017ee neomezuj\u00ed v pohybu a poskytuj\u00ed naprost\u00e9 pohodl\u00ed p\u0159i no\u0161en\u00ed. D\u00edky 80% pod\u00edlu vysoce kvalitn\u00ed bavlny se sm\u011bs\u00ed lycry a nylonu tkanina dokonale padne ka\u017ed\u00e9mu typu \u017eensk\u00e9 postavy a z\u00e1rove\u0148 je odoln\u00e1 a prody\u0161n\u00e1. <\/p>\n<p style=\"font-weight: 400;\">M\u00edrn\u011b zv\u00fd\u0161en\u00fd pas s \u0161irok\u00fdm elastick\u00fdm pasem znamen\u00e1, \u017ee zkr\u00e1cen\u00e9 kalhoty neomezuj\u00ed v pohybu, a jsou proto velmi pohodln\u00e9 i p\u0159i dlouh\u00e9m no\u0161en\u00ed.<\/p>\n<p style=\"font-weight: 400;\">Klasick\u00e1 a nad\u010dasov\u00e1 barva <strong>p\u0159il\u00e9hav\u00fdch zdravotnick\u00fdch kalhot<\/strong> se hod\u00ed ke ka\u017ed\u00e9mu oble\u010den\u00ed a d\u00edky absenci kapes se budete c\u00edtit jako v t\u011bch nejpohodln\u011bj\u0161\u00edch leg\u00edn\u00e1ch!<\/p>\n<p style=\"font-weight: 400;\"><strong>D\u00e1msk\u00e9 zdravotnick\u00e9 lepic\u00ed kalhoty Premium Sage <\/strong>maj\u00ed v pase \u0161\u0148\u016frku pro dokonal\u00e9 p\u0159izp\u016fsoben\u00ed.<\/p>\n<p style=\"font-weight: 400;\">Vytvo\u0159te si vysn\u011bnou sadu <strong>l\u00e9ka\u0159sk\u00e9ho oble\u010den\u00ed<\/strong>, kdy\u017e slad\u00edte <strong>p\u0159il\u00e9hav\u00e9 l\u00e9ka\u0159sk\u00e9 kalhoty \u0161alv\u011bjov\u00e9 barvy s kalhotami l\u00e9ka\u0159sk\u00fdmi.<\/strong> <strong><a href=\"https:\/\/medandbeauty.com\/cs\/product\/damska-lekarska-obalkova-tunika-premium-slavia\/\" target=\"_blank\" rel=\"noopener\">l\u00e9ka\u0159skou tunikou<\/a> <\/strong>ze stejn\u00e9ho materi\u00e1lu.<\/p>\n<p style=\"font-weight: 400;\">Voln\u011b kombinujte odst\u00edny a vytv\u00e1\u0159ejte jedine\u010dn\u00e9 vzhledy nebo si vyberte jednobarevn\u00fd vzhled.<strong><br \/>\n<\/strong><\/p>\n<ul>\n<li style=\"font-weight: 400;\">\u017d\u00e1dn\u00e9 kapsy<\/li>\n<li style=\"font-weight: 400;\"><span style=\"font-family: inherit;\">\u0160irok\u00fd, pohodln\u00fd elastick\u00fd p\u00e1s<\/span><\/li>\n<li style=\"font-weight: 400;\"><span style=\"font-family: inherit;\">\u00dazk\u00fd st\u0159ih &#8211; z\u00fa\u017een\u00e9 nohy<\/span><\/li>\n<li style=\"font-weight: 400;\"><span style=\"font-family: inherit;\">Pru\u017en\u00e1, elastick\u00e1 tkanina<\/span><\/li>\n<\/ul>\n<p>&nbsp;<\/p>\n<p style=\"font-weight: 400;\"><strong>Dal\u0161\u00ed informace:<\/strong><br \/>\nModelky na fotografi\u00edch maj\u00ed na sob\u011b velikost S a jsou vysok\u00e9 170-174 cm.<\/p>\n<p style=\"font-weight: 400;\">Pokud si nev\u00edte rady s v\u00fdb\u011brem velikosti, pod\u00edvejte se na tabulku velikost\u00ed. Pokud m\u00e1te dal\u0161\u00ed pochybnosti &#8211; po\u0161lete n\u00e1m sv\u00e9 m\u00edry a my v\u00e1m je p\u0159izp\u016fsob\u00edme. <\/p>\n<p style=\"font-weight: 400;\">Barvy od\u011bv\u016f v <a href=\"https:\/\/medandbeauty.com\/cs\/shop\/pro-ni\/kolekce-premium\/\" target=\"_blank\" rel=\"noopener\">kolekci Premium<\/a> neodpov\u00eddaj\u00ed barv\u00e1m od\u011bv\u016f v <a href=\"https:\/\/medandbeauty.com\/cs\/shop\/pro-ni\/zakladni-kolekce\/\" target=\"_blank\" rel=\"noopener\">kolekci Basic<\/a> &#8211; jsou vyrobeny z jin\u00fdch materi\u00e1l\u016f.<\/p>\n<p style=\"font-weight: 400;\">Odst\u00edny jednotliv\u00fdch od\u011bv\u016f na fotografi\u00edch se mohou li\u0161it od skute\u010dn\u00fdch &#8211; to je zp\u016fsobeno r\u016fznorodost\u00ed dostupn\u00fdch elektronick\u00fdch za\u0159\u00edzen\u00ed a jejich individu\u00e1ln\u00edm nastaven\u00edm.<\/p>\n","protected":false},"excerpt":{"rendered":"<p>NS Hled\u00e1te perfektn\u00ed p\u0159il\u00e9hav\u00e9 l\u00e9ka\u0159sk\u00e9 kalhoty, kter\u00e9 v\u00e1s budou prov\u00e1zet dlouhou pracovn\u00ed dobou? D\u00e1msk\u00e9 p\u0159il\u00e9hav\u00e9 zdravotn\u00ed kalhoty z kolekce Premium spln\u00ed sv\u016fj \u00fa\u010del! Pokud u zdravotnick\u00e9ho oble\u010den\u00ed hled\u00e1te pohodl\u00ed p\u0159i no\u0161en\u00ed a prvot\u0159\u00eddn\u00ed kvalitu materi\u00e1l\u016f, na\u0161e zdravotnick\u00e9 kalhoty Sage Premium v\u00e1s jist\u011b oslov\u00ed! D\u00e1msk\u00e9 zdravotnick\u00e9 kalhoty Sage Premium Adjacent jsou u\u0161ity z m\u011bkk\u00e9 a prody\u0161n\u00e9 [&hellip;]<\/p>\n","protected":false},"featured_media":389800,"comment_status":"open","ping_status":"closed","template":"","meta":{"_acf_changed":false,"inline_featured_image":false},"kolor":[1128],"rodzaj-ubrania":[1052],"ubranie":[1248],"product_brand":[],"product_cat":[1159,1029,1247],"product_tag":[1405],"class_list":{"0":"post-389799","1":"product","2":"type-product","3":"status-publish","4":"has-post-thumbnail","6":"kolor-zeleni-cs","7":"rodzaj-ubrania-zdravotnicke-kalhoty","8":"ubranie-premiove-damske-zdravotni-kalhoty","9":"product_cat-kolekce-premium","10":"product_cat-pro-ni","11":"product_cat-zdravotnicke-kalhoty-cs-2","12":"product_tag-damske-lekarske-kalhoty-s-rovnou-nohavici","14":"first","15":"instock","16":"taxable","17":"shipping-taxable","18":"purchasable","19":"product-type-variable"},"acf":[],"_links":{"self":[{"href":"https:\/\/medandbeauty.com\/cs\/wp-json\/wp\/v2\/product\/389799","targetHints":{"allow":["GET"]}}],"collection":[{"href":"https:\/\/medandbeauty.com\/cs\/wp-json\/wp\/v2\/product"}],"about":[{"href":"https:\/\/medandbeauty.com\/cs\/wp-json\/wp\/v2\/types\/product"}],"replies":[{"embeddable":true,"href":"https:\/\/medandbeauty.com\/cs\/wp-json\/wp\/v2\/comments?post=389799"}],"wp:featuredmedia":[{"embeddable":true,"href":"https:\/\/medandbeauty.com\/cs\/wp-json\/wp\/v2\/media\/389800"}],"wp:attachment":[{"href":"https:\/\/medandbeauty.com\/cs\/wp-json\/wp\/v2\/media?parent=389799"}],"wp:term":[{"taxonomy":"kolor","embeddable":true,"href":"https:\/\/medandbeauty.com\/cs\/wp-json\/wp\/v2\/kolor?post=389799"},{"taxonomy":"rodzaj-ubrania","embeddable":true,"href":"https:\/\/medandbeauty.com\/cs\/wp-json\/wp\/v2\/rodzaj-ubrania?post=389799"},{"taxonomy":"ubranie","embeddable":true,"href":"https:\/\/medandbeauty.com\/cs\/wp-json\/wp\/v2\/ubranie?post=389799"},{"taxonomy":"product_brand","embeddable":true,"href":"https:\/\/medandbeauty.com\/cs\/wp-json\/wp\/v2\/product_brand?post=389799"},{"taxonomy":"product_cat","embeddable":true,"href":"https:\/\/medandbeauty.com\/cs\/wp-json\/wp\/v2\/product_cat?post=389799"},{"taxonomy":"product_tag","embeddable":true,"href":"https:\/\/medandbeauty.com\/cs\/wp-json\/wp\/v2\/product_tag?post=389799"}],"curies":[{"name":"wp","href":"https:\/\/api.w.org\/{rel}","templated":true}]}}