{"id":390006,"date":"2024-01-06T20:46:29","date_gmt":"2024-01-06T20:46:29","guid":{"rendered":"https:\/\/medandbeauty.com\/product\/damske-lekarske-kalhoty-premium-prilnave-lahvove-zelene\/"},"modified":"2026-01-21T09:52:43","modified_gmt":"2026-01-21T08:52:43","slug":"damske-lekarske-kalhoty-premium-prilnave-lahvove-zelene","status":"publish","type":"product","link":"https:\/\/medandbeauty.com\/cs\/product\/damske-lekarske-kalhoty-premium-prilnave-lahvove-zelene\/","title":{"rendered":"D\u00e1msk\u00e9 l\u00e9ka\u0159sk\u00e9 kalhoty Premium p\u0159ilnav\u00e9 Lahvov\u011b zelen\u00e9"},"content":{"rendered":"<p>Pot\u0159ebujete pohodln\u00e9 l\u00e9ka\u0159sk\u00e9 kalhoty, kter\u00e9 v\u00e1m zajist\u00ed maxim\u00e1ln\u00ed pohodl\u00ed b\u011bhem dlouh\u00fdch hodin v pr\u00e1ci?<\/p>\n<p>Vyberte si zdravotnick\u00e9 zelen\u00e9<strong> p\u0159il\u00e9hav\u00e9 <\/strong> kalhoty z<a href=\"https:\/\/medandbeauty.com\/cs\/shop\/pro-ni\/kolekce-premium\/\" target=\"_blank\" rel=\"noopener\">kolekce Premium<\/a> &#8211; ur\u010dit\u011b budou fungovat perfektn\u011b!<\/p>\n<p>Pokud si p\u0159i v\u00fdb\u011bru zdravotnick\u00e9ho oble\u010den\u00ed cen\u00edte pohodl\u00ed p\u0159i no\u0161en\u00ed a prvot\u0159\u00eddn\u00ed kvality materi\u00e1l\u016f &#8211;<strong> d\u00e1msk\u00e9 zdravotnick\u00e9 kalhoty p\u0159il\u00e9hav\u00e9ho st\u0159ihu v pr\u00e9miov\u00e9 zelen\u00e9 barv\u011b<\/strong>jist\u011b spln\u00ed v\u0161echna va\u0161e o\u010dek\u00e1v\u00e1n\u00ed!<\/p>\n<p><strong>D\u00e1msk\u00e9 zdravotnick\u00e9 kalhoty Premium Cling v lahvov\u011b zelen\u00e9 barv\u011b <\/strong>jsou u\u0161ity z m\u011bkk\u00e9 a prody\u0161n\u00e9 tkaniny, tak\u017ee neomezuj\u00ed v pohybu a poskytuj\u00ed naprostou volnost. D\u00edky kombinaci 80 % vysoce kvalitn\u00ed bavlny se sm\u011bs\u00ed lycry a nylonu tkanina dokonale padne ka\u017ed\u00e9 postav\u011b a nav\u00edc je odoln\u00e1 a prody\u0161n\u00e1. <\/p>\n<p>Zdravotnick\u00e9 zelen\u00e9 kalhoty v tub\u011b maj\u00ed m\u00edrn\u011b zv\u00fd\u0161en\u00fd pas se \u0161irok\u00fdm elastick\u00fdm pasem, tak\u017ee p\u0159il\u00e9hav\u00e9 kalhoty neomezuj\u00ed a jsou velmi pohodln\u00e9 i p\u0159i dlouh\u00e9m no\u0161en\u00ed.<\/p>\n<p>Kr\u00e1sn\u00e1 lahvov\u011b zelen\u00e1 barva <strong>p\u0159il\u00e9hav\u00fdch zdravotnick\u00fdch kalhot<\/strong> se hod\u00ed k elegantn\u00edm i le\u017e\u00e9rn\u00edm outfit\u016fm a d\u00edky absenci kapes se budete c\u00edtit jako v t\u011bch nejpohodln\u011bj\u0161\u00edch leg\u00edn\u00e1ch!<\/p>\n<p><strong>Pr\u00e9miov\u00e9 zdravotnick\u00e9 p\u0159ilnav\u00e9 kalhoty v lahvov\u011b zelen\u00e9 barv\u011b <\/strong>maj\u00ed v pase \u0161\u0148\u016frku pro dokonal\u00e9 p\u0159izp\u016fsoben\u00ed.<\/p>\n<p>Vytvo\u0159te si sadu <strong>l\u00e9ka\u0159sk\u00fdch od\u011bv\u016f<\/strong> sn\u016f a zkombinujte<strong> l\u00e9ka\u0159sk\u00e9 kalhoty v lahvov\u011b zelen\u00e9 barv\u011b s p\u0159il\u00e9havou kombin\u00e9zou <\/strong>. <a href=\"https:\/\/medandbeauty.com\/en\/product\/womens-medical-short-sleeved-envelope-tunic-premium-bottle-green\/\" target=\"_blank\" rel=\"noopener\"><strong>l\u00e9ka\u0159skou tunikou<\/strong><\/a> ze stejn\u00e9ho materi\u00e1lu.<\/p>\n<p>Voln\u011b kombinujte odst\u00edny a vytv\u00e1\u0159ejte jedine\u010dn\u00e9 styly nebo zvolte jednobarevn\u00fd vzhled. Na\u0161e l\u00e9ka\u0159sk\u00e9 zelen\u00e9 kalhoty vynikaj\u00ed: <\/p>\n<ul>\n<li>nedostatek kapes,<\/li>\n<li>\u0161irok\u00fd, pohodln\u00fd elastick\u00fd p\u00e1s,<\/li>\n<li>\u0161t\u00edhl\u00fd st\u0159ih &#8211; z\u00fa\u017een\u00e9 nohy,<\/li>\n<li>pru\u017en\u00e1, elastick\u00e1 tkanina.<\/li>\n<\/ul>\n<p><strong>Dal\u0161\u00ed informace:<\/strong> Modelky na fotografi\u00edch maj\u00ed na sob\u011b d\u00e1msk\u00e9 kalhoty ve zdravotnick\u00e9 zeleni ve velikosti S a jsou vysok\u00e9 170-174 cm.<\/p>\n<p>Pokud si nev\u00edte rady s v\u00fdb\u011brem velikosti, pod\u00edvejte se na tabulku velikost\u00ed. Pokud m\u00e1te dal\u0161\u00ed pochybnosti &#8211; po\u0161lete n\u00e1m sv\u00e9 m\u00edry a my v\u00e1m je p\u0159izp\u016fsob\u00edme. <\/p>\n<p>Barvy od\u011bv\u016f v <a href=\"https:\/\/medandbeauty.com\/cs\/shop\/pro-ni\/kolekce-premium\/\" target=\"_blank\" rel=\"noopener\">kolekci Premium<\/a> neodpov\u00eddaj\u00ed barv\u00e1m od\u011bv\u016f v<a href=\"https:\/\/medandbeauty.com\/cs\/shop\/pro-ni\/zakladni-kolekce\/\" target=\"_blank\" rel=\"noopener\"> kolekci Basic<\/a> &#8211; jsou vyrobeny z jin\u00fdch materi\u00e1l\u016f. Odst\u00edny jednotliv\u00fdch od\u011bv\u016f na fotografi\u00edch se mohou li\u0161it od skute\u010dn\u00fdch &#8211; to je zp\u016fsobeno r\u016fznorodost\u00ed dostupn\u00fdch elektronick\u00fdch za\u0159\u00edzen\u00ed a jejich individu\u00e1ln\u00edm nastaven\u00edm.<\/p>\n<p>N\u00e1\u0161 <a href=\"https:\/\/medandbeauty.com\/cs\/\">obchod se zdravotnick\u00fdmi od\u011bvy doporu\u010duje<\/a> \u0161irokou \u0161k\u00e1lu produkt\u016f, nap\u0159\u00edklad <a href=\"https:\/\/medandbeauty.com\/cs\/shop\/pro-ni\/\" target=\"_new\" rel=\"noopener\">d\u00e1msk\u00e9 zdravotnick\u00e9 od\u011bvy.<\/a> V\u010detn\u011b pohodln\u00fdch a funk\u010dn\u00edch <a href=\"https:\/\/medandbeauty.com\/cs\/rodzaj-ubrania\/zdravotnicke-kalhoty\/\" target=\"_new\" rel=\"noopener\">l\u00e9ka\u0159sk\u00fdch kalhot.<\/a> Nab\u00edz\u00edme tak\u00e9 speci\u00e1ln\u011b navr\u017een\u00e9 <a href=\"https:\/\/medandbeauty.com\/cs\/shop\/pro-ni\/zakladni-kolekce\/zdravotnicke-kalhoty\/\" target=\"_new\" rel=\"noopener\">d\u00e1msk\u00e9 zdravotn\u00ed kalhoty, kter\u00e9 kombinuj\u00ed<\/a> pohodl\u00ed s eleganc\u00ed, a pro ty, kte\u0159\u00ed ocen\u00ed p\u0159\u00edrodn\u00ed materi\u00e1ly, jsme p\u0159ipravili d\u00e1msk\u00e9 zdravotn\u00ed <a href=\"https:\/\/medandbeauty.com\/cs\/shop\/pro-ni\/kolekce-premium\/zdravotnicke-kalhoty-cs-2\/\" target=\"_new\" rel=\"noopener\">bavln\u011bn\u00e9 kalhoty pro maxim\u00e1ln\u00ed pohodl\u00ed.<\/a><\/p>\n<p>Vyz\u00fdv\u00e1me v\u00e1s k objedn\u00e1vk\u00e1m.<\/p>\n","protected":false},"excerpt":{"rendered":"<p>Pot\u0159ebujete pohodln\u00e9 l\u00e9ka\u0159sk\u00e9 kalhoty, kter\u00e9 v\u00e1m zajist\u00ed maxim\u00e1ln\u00ed pohodl\u00ed b\u011bhem dlouh\u00fdch hodin v pr\u00e1ci? Vyberte si zdravotnick\u00e9 zelen\u00e9 p\u0159il\u00e9hav\u00e9 kalhoty zkolekce Premium &#8211; ur\u010dit\u011b budou fungovat perfektn\u011b! Pokud si p\u0159i v\u00fdb\u011bru zdravotnick\u00e9ho oble\u010den\u00ed cen\u00edte pohodl\u00ed p\u0159i no\u0161en\u00ed a prvot\u0159\u00eddn\u00ed kvality materi\u00e1l\u016f &#8211; d\u00e1msk\u00e9 zdravotnick\u00e9 kalhoty p\u0159il\u00e9hav\u00e9ho st\u0159ihu v pr\u00e9miov\u00e9 zelen\u00e9 barv\u011bjist\u011b spln\u00ed v\u0161echna va\u0161e o\u010dek\u00e1v\u00e1n\u00ed! [&hellip;]<\/p>\n","protected":false},"featured_media":390008,"comment_status":"open","ping_status":"closed","template":"","meta":{"_acf_changed":false,"inline_featured_image":false},"kolor":[1128],"rodzaj-ubrania":[1052],"ubranie":[1248],"product_brand":[],"product_cat":[1159,1029,1247],"product_tag":[1405],"class_list":{"0":"post-390006","1":"product","2":"type-product","3":"status-publish","4":"has-post-thumbnail","6":"kolor-zeleni-cs","7":"rodzaj-ubrania-zdravotnicke-kalhoty","8":"ubranie-premiove-damske-zdravotni-kalhoty","9":"product_cat-kolekce-premium","10":"product_cat-pro-ni","11":"product_cat-zdravotnicke-kalhoty-cs-2","12":"product_tag-damske-lekarske-kalhoty-s-rovnou-nohavici","14":"first","15":"instock","16":"taxable","17":"shipping-taxable","18":"purchasable","19":"product-type-variable"},"acf":[],"_links":{"self":[{"href":"https:\/\/medandbeauty.com\/cs\/wp-json\/wp\/v2\/product\/390006","targetHints":{"allow":["GET"]}}],"collection":[{"href":"https:\/\/medandbeauty.com\/cs\/wp-json\/wp\/v2\/product"}],"about":[{"href":"https:\/\/medandbeauty.com\/cs\/wp-json\/wp\/v2\/types\/product"}],"replies":[{"embeddable":true,"href":"https:\/\/medandbeauty.com\/cs\/wp-json\/wp\/v2\/comments?post=390006"}],"wp:featuredmedia":[{"embeddable":true,"href":"https:\/\/medandbeauty.com\/cs\/wp-json\/wp\/v2\/media\/390008"}],"wp:attachment":[{"href":"https:\/\/medandbeauty.com\/cs\/wp-json\/wp\/v2\/media?parent=390006"}],"wp:term":[{"taxonomy":"kolor","embeddable":true,"href":"https:\/\/medandbeauty.com\/cs\/wp-json\/wp\/v2\/kolor?post=390006"},{"taxonomy":"rodzaj-ubrania","embeddable":true,"href":"https:\/\/medandbeauty.com\/cs\/wp-json\/wp\/v2\/rodzaj-ubrania?post=390006"},{"taxonomy":"ubranie","embeddable":true,"href":"https:\/\/medandbeauty.com\/cs\/wp-json\/wp\/v2\/ubranie?post=390006"},{"taxonomy":"product_brand","embeddable":true,"href":"https:\/\/medandbeauty.com\/cs\/wp-json\/wp\/v2\/product_brand?post=390006"},{"taxonomy":"product_cat","embeddable":true,"href":"https:\/\/medandbeauty.com\/cs\/wp-json\/wp\/v2\/product_cat?post=390006"},{"taxonomy":"product_tag","embeddable":true,"href":"https:\/\/medandbeauty.com\/cs\/wp-json\/wp\/v2\/product_tag?post=390006"}],"curies":[{"name":"wp","href":"https:\/\/api.w.org\/{rel}","templated":true}]}}