{"id":395707,"date":"2024-01-09T20:35:09","date_gmt":"2024-01-09T20:35:09","guid":{"rendered":"https:\/\/medandbeauty.com\/product\/damske-lekarske-halenky-basic-cappuccino\/"},"modified":"2025-12-23T12:00:59","modified_gmt":"2025-12-23T11:00:59","slug":"damske-lekarske-halenky-basic-cappuccino","status":"publish","type":"product","link":"https:\/\/medandbeauty.com\/cs\/product\/damske-lekarske-halenky-basic-cappuccino\/","title":{"rendered":"D\u00e1msk\u00e9 l\u00e9ka\u0159sk\u00e9 halenky Basic CAPPUCCINO"},"content":{"rendered":"<p style=\"font-weight: 400;\">Objevte <strong><a href=\"https:\/\/medandbeauty.com\/cs\/shop\/pro-ni\/zakladni-kolekce\/\" target=\"_blank\" rel=\"noopener\">klasick\u00e9 peelingy Basic Med &amp; Beauty,<\/a><\/strong> kter\u00e9 si zamilovaly tis\u00edce na\u0161ich z\u00e1kazn\u00edk\u016f!<\/p>\n<p style=\"font-weight: 400;\">P\u0159i dlouh\u00fdch hodin\u00e1ch pr\u00e1ce pot\u0159ebujete<strong> zdravotn\u00ed od\u011bv, <\/strong>kter\u00fd v\u00e1m poskytne maxim\u00e1ln\u00ed pohodl\u00ed.<\/p>\n<p style=\"font-weight: 400;\"><strong>D\u00e1msk\u00e1 l\u00e9ka\u0159sk\u00e1 bl\u016fza Scrubs Basic<\/strong> <strong>v barv\u011b cappuccino <\/strong>byla vyrobena z materi\u00e1l\u016f nejvy\u0161\u0161\u00ed kvality. D\u00edky kombinaci lycry, polyesteru a visk\u00f3zy je l\u00e1tka velmi odoln\u00e1 a z\u00e1rove\u0148 neuv\u011b\u0159iteln\u011b m\u011bkk\u00e1, tak\u017ee se p\u0159izp\u016fsob\u00ed ka\u017ed\u00e9mu typu postavy, neomezuje v pohybu a, co\u017e je u <strong>zdravotnick\u00e9ho oble\u010den\u00ed<\/strong> nesm\u00edrn\u011b d\u016fle\u017eit\u00e9, je prody\u0161n\u00e1 a vzdu\u0161n\u00e1. <\/p>\n<p style=\"font-weight: 400;\"><strong>D\u00e1msk\u00e1 l\u00e9ka\u0159sk\u00e1 bl\u016fza Scrubs Basic cappuccino <\/strong>je dokonal\u00fdm z\u00e1kladem profesion\u00e1ln\u00edho, praktick\u00e9ho a nad\u010dasov\u00e9ho <strong>l\u00e9ka\u0159sk\u00e9ho<\/strong> \u0161atn\u00edku.<\/p>\n<p style=\"font-weight: 400;\">Je vybavena dv\u011bma prostorn\u00fdmi a spolehliv\u00fdmi kapsami pro ulo\u017een\u00ed nejnutn\u011bj\u0161\u00edch n\u00e1stroj\u016f a pracovn\u00edch pom\u016fcek.<\/p>\n<p style=\"font-weight: 400;\">Klasick\u00fd v\u00fdst\u0159ih do V opticky prodlu\u017euje postavu, z\u00fa\u017een\u00fd pas zd\u016fraz\u0148uje v\u0161echny \u017eensk\u00e9 p\u0159ednosti a d\u00e9lka ruk\u00e1v\u016f (sahaj\u00edc\u00ed t\u00e9m\u011b\u0159 k lokti) neomezuje rozsah pohybu a z\u00e1rove\u0148 chr\u00e1n\u00ed ramena.<\/p>\n<p style=\"font-weight: 400;\"><strong>D\u00e1msk\u00e9 pracovn\u00ed od\u011bvy Basic medical blouse v barv\u011b cappuccino<\/strong> m\u016f\u017eete kombinovat s <a href=\"https:\/\/medandbeauty.com\/sk\/product\/lekarske-nohavice-damske-joggery-scrubs-basic-cappuccino\/\" target=\"_blank\" rel=\"noopener\"><strong>l\u00e9ka\u0159sk\u00fdmi b\u011b\u017eeck\u00fdmi kalhotami <\/strong><\/a>nebo nad\u010dasov\u00fdmi <a href=\"https:\/\/medandbeauty.com\/sk\/product\/damske-lekarske-nohavice-proste-scrubs-basic-cappuccino\/\" target=\"_blank\" rel=\"noopener\"><strong>rovn\u00fdmi l\u00e9ka\u0159sk\u00fdmi kalhotami<\/strong> <\/a>ve stejn\u00e9 barv\u011b nebo si vyberte jin\u00fd odst\u00edn z mnoha dostupn\u00fdch v<a href=\"https:\/\/medandbeauty.com\/cs\/shop\/pro-ni\/zakladni-kolekce\/\" target=\"_blank\" rel=\"noopener\"> <strong>kolekci Med &amp; Beauty Basic<\/strong>.<\/a><\/p>\n<p style=\"font-weight: 400;\">Zajist\u011bte si profesion\u00e1ln\u00ed vzhled s maxim\u00e1ln\u00edm komfortem a pohodl\u00edm p\u0159i pr\u00e1ci se<strong> zdravotnick\u00fdmi \u0161\u00e1tky<\/strong>. <a href=\"https:\/\/medandbeauty.com\/cs\/shop\/pro-ni\/zakladni-kolekce\/\" target=\"_blank\" rel=\"noopener\"><strong>Med &amp; Beauty Basic<\/strong><\/a>.<\/p>\n<p>Nezapome\u0148te si prohl\u00e9dnout tak\u00e9 n\u00e1\u0161 h\u0159ejiv\u00fd fleece  <a href=\"https:\/\/medandbeauty.com\/cs\/shop\/pro-ni\/zakladni-kolekce\/lekarske-halenky-cs-2\/\" target=\"_blank\" rel=\"noopener\">l\u00e9ka\u0159sk\u00e9 halenky<\/a>  z certifikovan\u00e9ho prody\u0161n\u00e9ho materi\u00e1lu!<\/p>\n<ul>\n<li style=\"font-weight: 400;\">Dv\u011b velk\u00e9, praktick\u00e9 a prostorn\u00e9 kapsy<\/li>\n<li style=\"font-weight: 400;\"><span style=\"font-family: inherit;\">Tvarovan\u00fd pas<\/span><\/li>\n<li style=\"font-weight: 400;\"><span style=\"font-family: inherit;\">Klasick\u00fd v\u00fdst\u0159ih do V<\/span><\/li>\n<li style=\"font-weight: 400;\"><span style=\"font-family: inherit;\">Pohodln\u00fd, kr\u00e1tk\u00fd ruk\u00e1v<\/span><\/li>\n<\/ul>\n<p>&nbsp;<\/p>\n<p style=\"font-weight: 400;\"><strong>Dal\u0161\u00ed informace:<\/strong><br \/>\nModelky na fotografi\u00edch maj\u00ed na sob\u011b velikost S a jsou vysok\u00e9 170-174 cm.<\/p>\n<p style=\"font-weight: 400;\">Pokud si nev\u00edte rady s v\u00fdb\u011brem velikosti, pod\u00edvejte se na tabulku velikost\u00ed. Pokud m\u00e1te dal\u0161\u00ed pochybnosti &#8211; po\u0161lete n\u00e1m sv\u00e9 m\u00edry a my v\u00e1m je p\u0159izp\u016fsob\u00edme. <\/p>\n<p style=\"font-weight: 400;\">Barvy od\u011bv\u016f v <a href=\"https:\/\/medandbeauty.com\/cs\/shop\/pro-ni\/zakladni-kolekce\/\" target=\"_blank\" rel=\"noopener\">kolekci Basic<\/a> neodpov\u00eddaj\u00ed barv\u00e1m od\u011bv\u016f v <a href=\"https:\/\/medandbeauty.com\/cs\/shop\/pro-ni\/kolekce-premium\/\" target=\"_blank\" rel=\"noopener\">kolekci Premium<\/a> &#8211; jsou vyrobeny z jin\u00fdch materi\u00e1l\u016f.<\/p>\n<p style=\"font-weight: 400;\">Odst\u00edny jednotliv\u00fdch od\u011bv\u016f na fotografi\u00edch se mohou li\u0161it od skute\u010dn\u00fdch &#8211; to je zp\u016fsobeno r\u016fznorodost\u00ed dostupn\u00fdch elektronick\u00fdch za\u0159\u00edzen\u00ed a jejich individu\u00e1ln\u00edm nastaven\u00edm.<\/p>\n","protected":false},"excerpt":{"rendered":"<p>Objevte klasick\u00e9 peelingy Basic Med &amp; Beauty, kter\u00e9 si zamilovaly tis\u00edce na\u0161ich z\u00e1kazn\u00edk\u016f! P\u0159i dlouh\u00fdch hodin\u00e1ch pr\u00e1ce pot\u0159ebujete zdravotn\u00ed od\u011bv, kter\u00fd v\u00e1m poskytne maxim\u00e1ln\u00ed pohodl\u00ed. D\u00e1msk\u00e1 l\u00e9ka\u0159sk\u00e1 bl\u016fza Scrubs Basic v barv\u011b cappuccino byla vyrobena z materi\u00e1l\u016f nejvy\u0161\u0161\u00ed kvality. D\u00edky kombinaci lycry, polyesteru a visk\u00f3zy je l\u00e1tka velmi odoln\u00e1 a z\u00e1rove\u0148 neuv\u011b\u0159iteln\u011b m\u011bkk\u00e1, tak\u017ee se [&hellip;]<\/p>\n","protected":false},"featured_media":395723,"comment_status":"open","ping_status":"closed","template":"","meta":{"_acf_changed":false,"inline_featured_image":false},"kolor":[1028],"rodzaj-ubrania":[1087,1051],"ubranie":[1090],"product_brand":[],"product_cat":[1086,1029,1049,1048],"product_tag":[],"class_list":{"0":"post-395707","1":"product","2":"type-product","3":"status-publish","4":"has-post-thumbnail","6":"kolor-beiges-cs","7":"rodzaj-ubrania-lekarske-halenky","8":"rodzaj-ubrania-scrubs-cs","9":"ubranie-damske-lekarske-halenky-basic","10":"product_cat-lekarske-halenky","11":"product_cat-pro-ni","12":"product_cat-scrubs","13":"product_cat-zakladni-kolekce","15":"first","16":"instock","17":"taxable","18":"shipping-taxable","19":"purchasable","20":"product-type-variable","21":"has-default-attributes"},"acf":[],"_links":{"self":[{"href":"https:\/\/medandbeauty.com\/cs\/wp-json\/wp\/v2\/product\/395707","targetHints":{"allow":["GET"]}}],"collection":[{"href":"https:\/\/medandbeauty.com\/cs\/wp-json\/wp\/v2\/product"}],"about":[{"href":"https:\/\/medandbeauty.com\/cs\/wp-json\/wp\/v2\/types\/product"}],"replies":[{"embeddable":true,"href":"https:\/\/medandbeauty.com\/cs\/wp-json\/wp\/v2\/comments?post=395707"}],"wp:featuredmedia":[{"embeddable":true,"href":"https:\/\/medandbeauty.com\/cs\/wp-json\/wp\/v2\/media\/395723"}],"wp:attachment":[{"href":"https:\/\/medandbeauty.com\/cs\/wp-json\/wp\/v2\/media?parent=395707"}],"wp:term":[{"taxonomy":"kolor","embeddable":true,"href":"https:\/\/medandbeauty.com\/cs\/wp-json\/wp\/v2\/kolor?post=395707"},{"taxonomy":"rodzaj-ubrania","embeddable":true,"href":"https:\/\/medandbeauty.com\/cs\/wp-json\/wp\/v2\/rodzaj-ubrania?post=395707"},{"taxonomy":"ubranie","embeddable":true,"href":"https:\/\/medandbeauty.com\/cs\/wp-json\/wp\/v2\/ubranie?post=395707"},{"taxonomy":"product_brand","embeddable":true,"href":"https:\/\/medandbeauty.com\/cs\/wp-json\/wp\/v2\/product_brand?post=395707"},{"taxonomy":"product_cat","embeddable":true,"href":"https:\/\/medandbeauty.com\/cs\/wp-json\/wp\/v2\/product_cat?post=395707"},{"taxonomy":"product_tag","embeddable":true,"href":"https:\/\/medandbeauty.com\/cs\/wp-json\/wp\/v2\/product_tag?post=395707"}],"curies":[{"name":"wp","href":"https:\/\/api.w.org\/{rel}","templated":true}]}}