{"id":396055,"date":"2024-01-06T00:43:40","date_gmt":"2024-01-06T00:43:40","guid":{"rendered":"https:\/\/medandbeauty.com\/product\/damska-lekarska-tunika-s-kratkymi-rukavy-premium-chocolate\/"},"modified":"2025-12-23T11:38:17","modified_gmt":"2025-12-23T10:38:17","slug":"damska-lekarska-tunika-s-kratkymi-rukavy-premium-chocolate","status":"publish","type":"product","link":"https:\/\/medandbeauty.com\/cs\/product\/damska-lekarska-tunika-s-kratkymi-rukavy-premium-chocolate\/","title":{"rendered":"D\u00e1msk\u00e1 l\u00e9ka\u0159sk\u00e1 tunika s kr\u00e1tk\u00fdmi ruk\u00e1vy Premium CHOCOLATE"},"content":{"rendered":"<p><strong>Pr\u00e9miov\u00e1 l\u00e9ka\u0159sk\u00e1 tunika s kr\u00e1tk\u00fdm ruk\u00e1vem v \u010dokol\u00e1dov\u00e9 barv\u011b <\/strong>je ide\u00e1ln\u00ed volbou pro teplej\u0161\u00ed dny, ale nejen pro n\u011b! Klasick\u00fd st\u0159ih s p\u00e1skem v pase jist\u011b oslov\u00ed v\u0161echny \u017eeny pracuj\u00edc\u00ed ve zdravotnictv\u00ed a kosmetice, kter\u00e9 maj\u00ed r\u00e1dy eleganci a minimalismus. <\/p>\n<p style=\"font-weight: 400;\"><strong>Pr\u00e9miov\u00e1 \u010dokol\u00e1dov\u00e1 tunika s kr\u00e1tk\u00fdm ruk\u00e1vem<\/strong> byla vyrobena ze sm\u011bsi nejkvalitn\u011bj\u0161\u00ed bavlny, nylonu a lycry. D\u00edky takov\u00e9 kombinaci vl\u00e1ken v tkanin\u011b se <strong>ob\u00e1lkov\u00e9 tuniky s kr\u00e1tk\u00fdm ruk\u00e1vem od spole\u010dnosti Med&amp;Beauty<\/strong> dokonale p\u0159izp\u016fsob\u00ed \u017eensk\u00e9 postav\u011b a poskytuj\u00ed pln\u00e9 pohodl\u00ed b\u011bhem dlouh\u00fdch hodin str\u00e1ven\u00fdch v pr\u00e1ci. <\/p>\n<p style=\"font-weight: 400;\">V\u0161echny modely <strong>zdravotnick\u00fdch<\/strong> svrchn\u00edch <strong>od\u011bv\u016f<\/strong> od spole\u010dnosti <strong>Med &amp; Beauty<\/strong> jsou vybaveny praktick\u00fdmi a prostorn\u00fdmi kapsami, do kter\u00fdch m\u016f\u017eete ulo\u017eit v\u0161echny v\u011bci, kter\u00e9 chcete m\u00edt po ruce.<\/p>\n<p>Velk\u00fd p\u0159\u00ednos  <strong>\u010dokol\u00e1dov\u011b zelen\u00e1<span style=\"font-weight: 400;\"> <strong>pr\u00e9miov\u00e1 l\u00e9ka\u0159sk\u00e1 tunika s kr\u00e1tk\u00fdm ruk\u00e1vem <\/strong><\/span> <\/strong>je jeho zap\u00edn\u00e1n\u00ed ve v\u00fdst\u0159ihu. Abychom v\u00e1m poskytli maxim\u00e1ln\u00ed pohodl\u00ed, vybavili jsme ho skryt\u00fdm knofl\u00edkem a zap\u00edn\u00e1n\u00edm. <\/p>\n<p style=\"font-weight: 400;\">Srd\u00ed\u010dkov\u00fd v\u00fdst\u0159ih je nad\u010dasov\u00fd i modern\u00ed a d\u00e9lka tuniky byla zvolena tak, aby kr\u00e1sn\u011b sed\u011bla na ka\u017ed\u00e9m typu \u017eensk\u00e9 postavy.<\/p>\n<p style=\"font-weight: 400;\">Ve spole\u010dnosti <strong>Med &amp; Beauty<\/strong> se zam\u011b\u0159ujeme nejen na pohodl\u00ed p\u0159i no\u0161en\u00ed, ale tak\u00e9 na estetick\u00fd a profesion\u00e1ln\u00ed vzhled. <strong>\u010cokol\u00e1dov\u00e1 l\u00e9ka\u0159sk\u00e1 ob\u00e1lkov\u00e1 tunika s kr\u00e1tk\u00fdm ruk\u00e1vem z <a href=\"https:\/\/medandbeauty.com\/cs\/shop\/pro-ni\/kolekce-premium\/\" target=\"_blank\" rel=\"noopener\">kolekce Premium<\/a><\/strong> byla dopln\u011bna p\u00e1skem v pase, kter\u00fd dokonale zv\u00fdrazn\u00ed v\u0161echny p\u0159ednosti \u017eensk\u00e9 postavy. <\/p>\n<p style=\"font-weight: 400;\"><strong>Pr\u00e9miov\u00e1 l\u00e9ka\u0159sk\u00e1 tunika s kr\u00e1tk\u00fdmi ruk\u00e1vy v \u010dokol\u00e1dov\u00e9 barv\u011b <\/strong>vypad\u00e1 skv\u011ble s<a href=\"https:\/\/medandbeauty.com\/en\/product\/womens-medical-pants-clinging-premium-chocolate\/\" target=\"_blank\" rel=\"noopener\"> <strong>odpov\u00eddaj\u00edc\u00edmi l\u00e9ka\u0159sk\u00fdmi kalhotami<\/strong><\/a>kter\u00e9 jsou vyrobeny ze stejn\u00e9ho materi\u00e1lu.<\/p>\n<p style=\"font-weight: 400;\">Slad\u011bte <strong>l\u00e9ka\u0159sk\u00e9 kalhoty<\/strong> ve stejn\u00e9 barv\u011b nebo s jak\u00fdmkoli odst\u00ednem z mnoha dostupn\u00fdch v na\u0161\u00ed nab\u00eddce.<\/p>\n<ul>\n<li style=\"font-weight: 400;\">Dv\u011b prostorn\u00e9, velk\u00e9 kapsy<\/li>\n<li style=\"font-weight: 400;\"><span style=\"font-family: inherit;\">Z\u00fa\u017een\u00fd st\u0159ih v pase s p\u00e1skem  <\/span><\/li>\n<li style=\"font-weight: 400;\"><span style=\"font-family: inherit;\">Nap Nap ve v\u00fdst\u0159ihu pro maxim\u00e1ln\u00ed pohodl\u00ed<\/span><\/li>\n<li style=\"font-weight: 400;\"><span style=\"font-family: inherit;\">Kr\u00e1tk\u00fd ruk\u00e1v<\/span><\/li>\n<li style=\"font-weight: 400;\"><span style=\"font-family: inherit;\">Lze p\u0159izp\u016fsobit v\u00fd\u0161ivkou<\/span><\/li>\n<\/ul>\n<p>&nbsp;<\/p>\n<p style=\"font-weight: 400;\"><strong>Dal\u0161\u00ed informace:<\/strong><br \/>\nModelky na fotografi\u00edch maj\u00ed na sob\u011b velikost S a jsou vysok\u00e9 170-174 cm.<\/p>\n<p style=\"font-weight: 400;\">Pokud si nev\u00edte rady s v\u00fdb\u011brem velikosti, pod\u00edvejte se na tabulku velikost\u00ed. Pokud m\u00e1te dal\u0161\u00ed pochybnosti &#8211; po\u0161lete n\u00e1m sv\u00e9 m\u00edry a my v\u00e1m je p\u0159izp\u016fsob\u00edme. <\/p>\n<p style=\"font-weight: 400;\">Barvy od\u011bv\u016f v <a href=\"https:\/\/medandbeauty.com\/cs\/shop\/pro-ni\/kolekce-premium\/\" target=\"_blank\" rel=\"noopener\">kolekci Premium<\/a> neodpov\u00eddaj\u00ed barv\u00e1m od\u011bv\u016f v <a href=\"https:\/\/medandbeauty.com\/cs\/shop\/pro-ni\/zakladni-kolekce\/\" target=\"_blank\" rel=\"noopener\">kolekci Basic<\/a> &#8211; jsou vyrobeny z jin\u00fdch materi\u00e1l\u016f.<\/p>\n<p style=\"font-weight: 400;\">Odst\u00edny jednotliv\u00fdch od\u011bv\u016f na fotografi\u00edch se mohou li\u0161it od skute\u010dn\u00fdch &#8211; to je zp\u016fsobeno r\u016fznorodost\u00ed dostupn\u00fdch elektronick\u00fdch za\u0159\u00edzen\u00ed a jejich individu\u00e1ln\u00edm nastaven\u00edm.<\/p>\n","protected":false},"excerpt":{"rendered":"<p>Pr\u00e9miov\u00e1 l\u00e9ka\u0159sk\u00e1 tunika s kr\u00e1tk\u00fdm ruk\u00e1vem v \u010dokol\u00e1dov\u00e9 barv\u011b je ide\u00e1ln\u00ed volbou pro teplej\u0161\u00ed dny, ale nejen pro n\u011b! Klasick\u00fd st\u0159ih s p\u00e1skem v pase jist\u011b oslov\u00ed v\u0161echny \u017eeny pracuj\u00edc\u00ed ve zdravotnictv\u00ed a kosmetice, kter\u00e9 maj\u00ed r\u00e1dy eleganci a minimalismus. Pr\u00e9miov\u00e1 \u010dokol\u00e1dov\u00e1 tunika s kr\u00e1tk\u00fdm ruk\u00e1vem byla vyrobena ze sm\u011bsi nejkvalitn\u011bj\u0161\u00ed bavlny, nylonu a lycry. [&hellip;]<\/p>\n","protected":false},"featured_media":396068,"comment_status":"open","ping_status":"closed","template":"","meta":{"_acf_changed":false,"inline_featured_image":false},"kolor":[1203],"rodzaj-ubrania":[1238],"ubranie":[1239],"product_brand":[],"product_cat":[1159,1029,1237],"product_tag":[],"class_list":{"0":"post-396055","1":"product","2":"type-product","3":"status-publish","4":"has-post-thumbnail","6":"kolor-browns-cs","7":"rodzaj-ubrania-zdravotnicke-tuniky","8":"ubranie-premiova-damska-lekarska-obalkova-tunika-s-kratkym-rukavem","9":"product_cat-kolekce-premium","10":"product_cat-pro-ni","11":"product_cat-zdravotnicke-tuniky","13":"first","14":"instock","15":"taxable","16":"shipping-taxable","17":"purchasable","18":"product-type-variable"},"acf":[],"_links":{"self":[{"href":"https:\/\/medandbeauty.com\/cs\/wp-json\/wp\/v2\/product\/396055","targetHints":{"allow":["GET"]}}],"collection":[{"href":"https:\/\/medandbeauty.com\/cs\/wp-json\/wp\/v2\/product"}],"about":[{"href":"https:\/\/medandbeauty.com\/cs\/wp-json\/wp\/v2\/types\/product"}],"replies":[{"embeddable":true,"href":"https:\/\/medandbeauty.com\/cs\/wp-json\/wp\/v2\/comments?post=396055"}],"wp:featuredmedia":[{"embeddable":true,"href":"https:\/\/medandbeauty.com\/cs\/wp-json\/wp\/v2\/media\/396068"}],"wp:attachment":[{"href":"https:\/\/medandbeauty.com\/cs\/wp-json\/wp\/v2\/media?parent=396055"}],"wp:term":[{"taxonomy":"kolor","embeddable":true,"href":"https:\/\/medandbeauty.com\/cs\/wp-json\/wp\/v2\/kolor?post=396055"},{"taxonomy":"rodzaj-ubrania","embeddable":true,"href":"https:\/\/medandbeauty.com\/cs\/wp-json\/wp\/v2\/rodzaj-ubrania?post=396055"},{"taxonomy":"ubranie","embeddable":true,"href":"https:\/\/medandbeauty.com\/cs\/wp-json\/wp\/v2\/ubranie?post=396055"},{"taxonomy":"product_brand","embeddable":true,"href":"https:\/\/medandbeauty.com\/cs\/wp-json\/wp\/v2\/product_brand?post=396055"},{"taxonomy":"product_cat","embeddable":true,"href":"https:\/\/medandbeauty.com\/cs\/wp-json\/wp\/v2\/product_cat?post=396055"},{"taxonomy":"product_tag","embeddable":true,"href":"https:\/\/medandbeauty.com\/cs\/wp-json\/wp\/v2\/product_tag?post=396055"}],"curies":[{"name":"wp","href":"https:\/\/api.w.org\/{rel}","templated":true}]}}