{"id":396143,"date":"2024-01-06T00:03:57","date_gmt":"2024-01-06T00:03:57","guid":{"rendered":"https:\/\/medandbeauty.com\/product\/lekarske-saty-se-zipem-premium-black\/"},"modified":"2025-12-23T11:56:13","modified_gmt":"2025-12-23T10:56:13","slug":"lekarske-saty-se-zipem-premium-black","status":"publish","type":"product","link":"https:\/\/medandbeauty.com\/cs\/product\/lekarske-saty-se-zipem-premium-black\/","title":{"rendered":"L\u00e9ka\u0159sk\u00e9 \u0161aty se zipem Premium BLACK"},"content":{"rendered":"<p style=\"font-weight: 400;\">Mysl\u00edte si, \u017ee pr\u00e1ce ve <strong>zdravotnictv\u00ed<\/strong> nebo <strong>kosmetick\u00e9m <\/strong> <strong>pr\u016fmyslu<\/strong> je jen o b\u00edl\u00fdch, standardn\u00edch <strong>l\u00e9ka\u0159sk\u00fdch uniform\u00e1ch<\/strong>?<\/p>\n<p style=\"font-weight: 400;\">Ve spole\u010dnosti <strong>Med &amp; Beauty<\/strong> m\u011bn\u00edme tuto perspektivu d\u00edky na\u0161im <strong> <a href=\"https:\/\/medandbeauty.com\/cs\/shop\/pro-ni\/kolekce-premium\/\" target=\"_blank\" rel=\"noopener\">pr\u00e9miov\u00fdm<\/a> l\u00e9ka\u0159sk\u00fdm \u0161at\u016fm se zipem<\/strong>!<\/p>\n<p style=\"font-weight: 400;\">Profesion\u00e1ln\u00ed vzhled p\u0159i pr\u00e1ci je kl\u00ed\u010dem k budov\u00e1n\u00ed d\u016fv\u011bry u pacient\u016f a klient\u016f. <strong>Pohodln\u00fd l\u00e9ka\u0159sk\u00fd od\u011bv<\/strong> nav\u00edc zlep\u0161uje pohodu v\u0161ech, kte\u0159\u00ed ho nos\u00ed! <\/p>\n<p style=\"font-weight: 400;\"><strong>\u010cern\u00e9 l\u00e9ka\u0159sk\u00e9 \u0161aty na zip z<\/strong><a href=\"https:\/\/medandbeauty.com\/cs\/shop\/pro-ni\/kolekce-premium\/\" target=\"_blank\" rel=\"noopener\"> kolekce Premium jsou<\/a> vyrobeny z 80 % z vysoce kvalitn\u00ed bavlny v kombinaci s nylonem a lycrou. D\u00edky t\u00e9to kombinaci vl\u00e1ken je tkanina prody\u0161n\u00e1, m\u011bkk\u00e1 a kr\u00e1sn\u011b tvaruje postavu.<\/p>\n<p style=\"font-weight: 400;\">Zapome\u0148te na nepohodln\u00e9 zap\u00edn\u00e1n\u00ed <strong>zdravotnick\u00fdch od\u011bv\u016f<\/strong>! D\u00edky dlouh\u00e9mu zipu, kter\u00fd umo\u017e\u0148uje rychl\u00e9 obl\u00e9k\u00e1n\u00ed a svl\u00e9k\u00e1n\u00ed, je p\u0159evl\u00e9k\u00e1n\u00ed v pr\u00e1ci snadn\u00e9 a z\u00e1bavn\u00e9.<\/p>\n<p style=\"font-weight: 400;\">Postarali jsme se o praktick\u00e9 v\u011bci &#8211; na\u0161e <strong>\u010dern\u00e9 l\u00e9ka\u0159sk\u00e9 \u0161aty na zip<\/strong> maj\u00ed \u010dty\u0159i praktick\u00e9 kapsy: dv\u011b na hrudi a dv\u011b po stran\u00e1ch, kter\u00e9 jsou ide\u00e1ln\u00ed pro ulo\u017een\u00ed nezbytn\u00fdch v\u011bc\u00ed.<\/p>\n<p style=\"font-weight: 400;\">Sedmiosminov\u00e9 ruk\u00e1vy v buffov\u00e9 barv\u011b zakon\u010den\u00e9 man\u017eetou na knofl\u00edk zaru\u010duj\u00ed dokonal\u00e9 padnut\u00ed a zabra\u0148uj\u00ed vyhrnov\u00e1n\u00ed ruk\u00e1v\u016f.<\/p>\n<p style=\"font-weight: 400;\">Dodate\u010dn\u00e9 pro\u0161\u00edv\u00e1n\u00ed (vp\u0159edu i vzadu) dod\u00e1v\u00e1 <strong>\u010dern\u00fdm zdravotnick\u00fdm \u0161at\u016fm na zip<\/strong> elegantn\u00ed n\u00e1dech, kter\u00fd dokonale zv\u00fdrazn\u00ed jak\u00fdkoli typ \u017eensk\u00e9 siluety.<\/p>\n<ul>\n<li style=\"font-weight: 400;\">Celkem 4 praktick\u00e9 kapsy &#8211; dv\u011b p\u0159edn\u00ed na hrudi a dv\u011b bo\u010dn\u00ed.<\/li>\n<li style=\"font-weight: 400;\"><span style=\"font-family: inherit;\">Klasick\u00fd v\u00fdst\u0159ih do V<\/span><\/li>\n<li style=\"font-weight: 400;\"><span style=\"font-family: inherit;\">Elegantn\u00ed, ale le\u017e\u00e9rn\u00ed st\u0159ih<\/span><\/li>\n<li style=\"font-weight: 400;\"><span style=\"font-family: inherit;\">Vzhledem ke kaps\u00e1m na hrudi NEN\u00cd mo\u017en\u00e9 vy\u0161\u00edvat na l\u00e9ka\u0159sk\u00e9 \u0161aty se zipem.<\/span><\/li>\n<\/ul>\n<p>&nbsp;<\/p>\n<p style=\"font-weight: 400;\"><strong>Dal\u0161\u00ed informace:<\/strong><\/p>\n<p style=\"font-weight: 400;\">Modelky na fotografi\u00edch maj\u00ed na sob\u011b velikost S a jsou vysok\u00e9 170-174 cm.<\/p>\n<p style=\"font-weight: 400;\">Pokud si nev\u00edte rady s v\u00fdb\u011brem velikosti, pod\u00edvejte se na tabulku velikost\u00ed. Pokud m\u00e1te dal\u0161\u00ed pochybnosti &#8211; po\u0161lete n\u00e1m sv\u00e9 m\u00edry a my v\u00e1m je p\u0159izp\u016fsob\u00edme. <\/p>\n<p style=\"font-weight: 400;\">Barvy od\u011bv\u016f v <a href=\"https:\/\/medandbeauty.com\/cs\/shop\/pro-ni\/kolekce-premium\/\" target=\"_blank\" rel=\"noopener\">kolekci Premium<\/a> neodpov\u00eddaj\u00ed barv\u00e1m od\u011bv\u016f v<a href=\"https:\/\/medandbeauty.com\/cs\/shop\/pro-ni\/zakladni-kolekce\/\" target=\"_blank\" rel=\"noopener\"> kolekci Basic<\/a> &#8211; jsou vyrobeny z jin\u00fdch materi\u00e1l\u016f.<\/p>\n<p style=\"font-weight: 400;\">Odst\u00edny jednotliv\u00fdch od\u011bv\u016f na fotografi\u00edch se mohou li\u0161it od skute\u010dn\u00fdch &#8211; to je zp\u016fsobeno r\u016fznorodost\u00ed dostupn\u00fdch elektronick\u00fdch za\u0159\u00edzen\u00ed a jejich individu\u00e1ln\u00edm nastaven\u00edm.<\/p>\n","protected":false},"excerpt":{"rendered":"<p>Mysl\u00edte si, \u017ee pr\u00e1ce ve zdravotnictv\u00ed nebo kosmetick\u00e9m pr\u016fmyslu je jen o b\u00edl\u00fdch, standardn\u00edch l\u00e9ka\u0159sk\u00fdch uniform\u00e1ch? Ve spole\u010dnosti Med &amp; Beauty m\u011bn\u00edme tuto perspektivu d\u00edky na\u0161im pr\u00e9miov\u00fdm l\u00e9ka\u0159sk\u00fdm \u0161at\u016fm se zipem! Profesion\u00e1ln\u00ed vzhled p\u0159i pr\u00e1ci je kl\u00ed\u010dem k budov\u00e1n\u00ed d\u016fv\u011bry u pacient\u016f a klient\u016f. Pohodln\u00fd l\u00e9ka\u0159sk\u00fd od\u011bv nav\u00edc zlep\u0161uje pohodu v\u0161ech, kte\u0159\u00ed ho nos\u00ed! \u010cern\u00e9 [&hellip;]<\/p>\n","protected":false},"featured_media":396144,"comment_status":"open","ping_status":"closed","template":"","meta":{"_acf_changed":false,"inline_featured_image":false},"kolor":[1172],"rodzaj-ubrania":[1161],"ubranie":[1432],"product_brand":[],"product_cat":[1159,1029,1160],"product_tag":[],"class_list":{"0":"post-396143","1":"product","2":"type-product","3":"status-publish","4":"has-post-thumbnail","6":"kolor-czernie-cs","7":"rodzaj-ubrania-zdravotnicke-saty","8":"ubranie-premiove-lekarske-saty-se-zipem","9":"product_cat-kolekce-premium","10":"product_cat-pro-ni","11":"product_cat-zdravotnicke-saty","13":"first","14":"instock","15":"taxable","16":"shipping-taxable","17":"purchasable","18":"product-type-variable"},"acf":[],"_links":{"self":[{"href":"https:\/\/medandbeauty.com\/cs\/wp-json\/wp\/v2\/product\/396143","targetHints":{"allow":["GET"]}}],"collection":[{"href":"https:\/\/medandbeauty.com\/cs\/wp-json\/wp\/v2\/product"}],"about":[{"href":"https:\/\/medandbeauty.com\/cs\/wp-json\/wp\/v2\/types\/product"}],"replies":[{"embeddable":true,"href":"https:\/\/medandbeauty.com\/cs\/wp-json\/wp\/v2\/comments?post=396143"}],"wp:featuredmedia":[{"embeddable":true,"href":"https:\/\/medandbeauty.com\/cs\/wp-json\/wp\/v2\/media\/396144"}],"wp:attachment":[{"href":"https:\/\/medandbeauty.com\/cs\/wp-json\/wp\/v2\/media?parent=396143"}],"wp:term":[{"taxonomy":"kolor","embeddable":true,"href":"https:\/\/medandbeauty.com\/cs\/wp-json\/wp\/v2\/kolor?post=396143"},{"taxonomy":"rodzaj-ubrania","embeddable":true,"href":"https:\/\/medandbeauty.com\/cs\/wp-json\/wp\/v2\/rodzaj-ubrania?post=396143"},{"taxonomy":"ubranie","embeddable":true,"href":"https:\/\/medandbeauty.com\/cs\/wp-json\/wp\/v2\/ubranie?post=396143"},{"taxonomy":"product_brand","embeddable":true,"href":"https:\/\/medandbeauty.com\/cs\/wp-json\/wp\/v2\/product_brand?post=396143"},{"taxonomy":"product_cat","embeddable":true,"href":"https:\/\/medandbeauty.com\/cs\/wp-json\/wp\/v2\/product_cat?post=396143"},{"taxonomy":"product_tag","embeddable":true,"href":"https:\/\/medandbeauty.com\/cs\/wp-json\/wp\/v2\/product_tag?post=396143"}],"curies":[{"name":"wp","href":"https:\/\/api.w.org\/{rel}","templated":true}]}}