{"id":396164,"date":"2024-01-05T23:51:45","date_gmt":"2024-01-05T22:51:45","guid":{"rendered":"https:\/\/medandbeauty.com\/product\/lekarske-stupnovite-saty-premium-white\/"},"modified":"2026-04-28T15:23:37","modified_gmt":"2026-04-28T13:23:37","slug":"lekarske-stupnovite-saty-premium-white","status":"publish","type":"product","link":"https:\/\/medandbeauty.com\/cs\/product\/lekarske-stupnovite-saty-premium-white\/","title":{"rendered":"L\u00e9ka\u0159sk\u00e9 stup\u0148ovit\u00e9 \u0161aty Premium WHITE"},"content":{"rendered":"<p style=\"font-weight: 400;\"><strong>\u0160aty Premium Medical Dress v b\u00edl\u00e9 barv\u011b<\/strong> jsou nejklasi\u010dt\u011bj\u0161\u00ed ze v\u0161ech <strong>\u0161at\u016f <a href=\"https:\/\/medandbeauty.com\/cs\/shop\/pro-ni\/kolekce-premium\/\" target=\"_blank\" rel=\"noopener\">Med &amp; Beauty Premium<\/a> Medical Dress.<\/strong><\/p>\n<p style=\"font-weight: 400;\">Zapome\u0148te na nepohodln\u00e9 a neforemn\u00e9 <strong>l\u00e9ka\u0159sk\u00e9 uniformy<\/strong> &#8211; je \u010das na elegantn\u00ed l\u00e9ka\u0159sk\u00e9 \u0161aty, kter\u00e9 zv\u00fdrazn\u00ed \u017eenskou postavu a poskytnou maxim\u00e1ln\u00ed pohodl\u00ed.<\/p>\n<p style=\"font-weight: 400;\">V\u011bd\u011bli jste, \u017ee pacienti a klienti st\u00e1le v\u00edce dbaj\u00ed na to, jak jste p\u0159i sv\u00e9 pr\u00e1ci oble\u010deni?<\/p>\n<p style=\"font-weight: 400;\">\u00dahledn\u00fdm a elegantn\u00edm <strong>l\u00e9ka\u0159sk\u00fdm oble\u010den\u00edm<\/strong> nejen zlep\u0161\u00edte sv\u016fj dobr\u00fd pocit, ale tak\u00e9 zd\u016frazn\u00edte svou profesionalitu a z\u00edsk\u00e1te si tak v o\u010d\u00edch pacient\u016f a klient\u016f.<\/p>\n<p style=\"font-weight: 400;\"><strong>B\u00edl\u00e9 v\u00e1zan\u00e9 zdravotn\u00ed \u0161aty z kolekce Premium<\/strong> byly u\u0161ity z 80 % z vysoce kvalitn\u00ed bavlny v kombinaci s nylonem a lycrou. D\u00edky t\u00e9to kombinaci vl\u00e1ken v l\u00e1tce je l\u00e1tka m\u011bkk\u00e1 a prody\u0161n\u00e1 a &#8211; co\u017e je u <strong>l\u00e9ka\u0159sk\u00fdch \u0161at\u016f<\/strong> velmi d\u016fle\u017eit\u00e9 &#8211; nema\u010dk\u00e1 se! <\/p>\n<p style=\"font-weight: 400;\">Pas a modeluj\u00edc\u00ed z\u00e1\u0161evky dokonale tvaruj\u00ed postavu a zd\u016fraz\u0148uj\u00ed v\u0161echny jej\u00ed p\u0159ednosti, zat\u00edmco klasick\u00fd v\u00fdst\u0159ih s elegantn\u00edm l\u00edme\u010dkem podtrhuje nad\u010dasovost tohoto modelu.<\/p>\n<p style=\"font-weight: 400;\"><strong>Pr\u00e9miov\u00e9 b\u00edl\u00e9 v\u00e1zan\u00e9 l\u00e9ka\u0159sk\u00e9 \u0161aty<\/strong> sahaj\u00ed m\u00edrn\u011b pod kolena, tak\u017ee maj\u00ed ide\u00e1ln\u00ed d\u00e9lku pro maxim\u00e1ln\u00ed pohodl\u00ed p\u0159i pr\u00e1ci. Ruk\u00e1vy v d\u00e9lce 7\/8 chr\u00e1n\u00ed ramena a neomezuj\u00ed v pohybu. <\/p>\n<p style=\"font-weight: 400;\">Pokud si cen\u00edte pohodl\u00ed, minimalismu a profesion\u00e1ln\u00edho vzhledu v pr\u00e1ci, zvolte <strong>b\u00edl\u00e9 l\u00e9ka\u0159sk\u00e9 \u0161aty s v\u00e1z\u00e1n\u00edm Premium<\/strong>.<\/p>\n<ul>\n<li style=\"font-weight: 400;\">Origin\u00e1ln\u00ed v\u00fdst\u0159ih s elegantn\u00edm l\u00edmcem<\/li>\n<li style=\"font-weight: 400;\"><span style=\"font-family: inherit;\">Rovn\u00e9 ruk\u00e1vy 7\/8<\/span><\/li>\n<li style=\"font-weight: 400;\"><span style=\"font-family: inherit;\">Klasick\u00fd st\u0159ih ke kolen\u016fm<\/span><\/li>\n<li style=\"font-weight: 400;\"><span style=\"font-family: inherit;\">Pro\u0161\u00edv\u00e1n\u00ed zv\u00fdraz\u0148uj\u00edc\u00ed siluetu a p\u00e1sek v pase<\/span><\/li>\n<li style=\"font-weight: 400;\"><span style=\"font-family: inherit;\">Lze p\u0159izp\u016fsobit v\u00fd\u0161ivkou<\/span><\/li>\n<\/ul>\n<p>&nbsp;<\/p>\n<p style=\"font-weight: 400;\"><strong>Dal\u0161\u00ed informace:<\/strong><br \/>\nModelky na fotografi\u00edch maj\u00ed na sob\u011b velikost S a jsou vysok\u00e9 170-174 cm.<\/p>\n<p style=\"font-weight: 400;\">Pokud si nev\u00edte rady s v\u00fdb\u011brem velikosti, pod\u00edvejte se na tabulku velikost\u00ed. Pokud m\u00e1te dal\u0161\u00ed pochybnosti &#8211; po\u0161lete n\u00e1m sv\u00e9 m\u00edry a my v\u00e1m je p\u0159izp\u016fsob\u00edme. <\/p>\n<p style=\"font-weight: 400;\">Barvy od\u011bv\u016f v <a href=\"https:\/\/medandbeauty.com\/cs\/shop\/pro-ni\/kolekce-premium\/\" target=\"_blank\" rel=\"noopener\">kolekci Premium<\/a> neodpov\u00eddaj\u00ed barv\u00e1m od\u011bv\u016f v <a href=\"https:\/\/medandbeauty.com\/cs\/shop\/pro-ni\/zakladni-kolekce\/\" target=\"_blank\" rel=\"noopener\">kolekci Basic<\/a> &#8211; jsou vyrobeny z jin\u00fdch materi\u00e1l\u016f.<\/p>\n<p style=\"font-weight: 400;\">Odst\u00edny jednotliv\u00fdch od\u011bv\u016f na fotografi\u00edch se mohou li\u0161it od skute\u010dn\u00fdch &#8211; to je zp\u016fsobeno r\u016fznorodost\u00ed dostupn\u00fdch elektronick\u00fdch za\u0159\u00edzen\u00ed a jejich individu\u00e1ln\u00edm nastaven\u00edm.<\/p>\n","protected":false},"excerpt":{"rendered":"<p>\u0160aty Premium Medical Dress v b\u00edl\u00e9 barv\u011b jsou nejklasi\u010dt\u011bj\u0161\u00ed ze v\u0161ech \u0161at\u016f Med &amp; Beauty Premium Medical Dress. Zapome\u0148te na nepohodln\u00e9 a neforemn\u00e9 l\u00e9ka\u0159sk\u00e9 uniformy &#8211; je \u010das na elegantn\u00ed l\u00e9ka\u0159sk\u00e9 \u0161aty, kter\u00e9 zv\u00fdrazn\u00ed \u017eenskou postavu a poskytnou maxim\u00e1ln\u00ed pohodl\u00ed. V\u011bd\u011bli jste, \u017ee pacienti a klienti st\u00e1le v\u00edce dbaj\u00ed na to, jak jste p\u0159i sv\u00e9 [&hellip;]<\/p>\n","protected":false},"featured_media":396165,"comment_status":"open","ping_status":"closed","template":"","meta":{"_acf_changed":false,"inline_featured_image":false},"kolor":[1066],"rodzaj-ubrania":[1161],"ubranie":[1358],"product_brand":[],"product_cat":[1159,1029,1160],"product_tag":[],"class_list":{"0":"post-396164","1":"product","2":"type-product","3":"status-publish","4":"has-post-thumbnail","6":"kolor-bile","7":"rodzaj-ubrania-zdravotnicke-saty","8":"ubranie-premiove-vazane-lekarske-saty","9":"product_cat-kolekce-premium","10":"product_cat-pro-ni","11":"product_cat-zdravotnicke-saty","13":"first","14":"instock","15":"taxable","16":"shipping-taxable","17":"purchasable","18":"product-type-variable"},"acf":[],"_links":{"self":[{"href":"https:\/\/medandbeauty.com\/cs\/wp-json\/wp\/v2\/product\/396164","targetHints":{"allow":["GET"]}}],"collection":[{"href":"https:\/\/medandbeauty.com\/cs\/wp-json\/wp\/v2\/product"}],"about":[{"href":"https:\/\/medandbeauty.com\/cs\/wp-json\/wp\/v2\/types\/product"}],"replies":[{"embeddable":true,"href":"https:\/\/medandbeauty.com\/cs\/wp-json\/wp\/v2\/comments?post=396164"}],"wp:featuredmedia":[{"embeddable":true,"href":"https:\/\/medandbeauty.com\/cs\/wp-json\/wp\/v2\/media\/396165"}],"wp:attachment":[{"href":"https:\/\/medandbeauty.com\/cs\/wp-json\/wp\/v2\/media?parent=396164"}],"wp:term":[{"taxonomy":"kolor","embeddable":true,"href":"https:\/\/medandbeauty.com\/cs\/wp-json\/wp\/v2\/kolor?post=396164"},{"taxonomy":"rodzaj-ubrania","embeddable":true,"href":"https:\/\/medandbeauty.com\/cs\/wp-json\/wp\/v2\/rodzaj-ubrania?post=396164"},{"taxonomy":"ubranie","embeddable":true,"href":"https:\/\/medandbeauty.com\/cs\/wp-json\/wp\/v2\/ubranie?post=396164"},{"taxonomy":"product_brand","embeddable":true,"href":"https:\/\/medandbeauty.com\/cs\/wp-json\/wp\/v2\/product_brand?post=396164"},{"taxonomy":"product_cat","embeddable":true,"href":"https:\/\/medandbeauty.com\/cs\/wp-json\/wp\/v2\/product_cat?post=396164"},{"taxonomy":"product_tag","embeddable":true,"href":"https:\/\/medandbeauty.com\/cs\/wp-json\/wp\/v2\/product_tag?post=396164"}],"curies":[{"name":"wp","href":"https:\/\/api.w.org\/{rel}","templated":true}]}}