{"id":396289,"date":"2024-01-05T22:02:47","date_gmt":"2024-01-05T22:02:47","guid":{"rendered":"https:\/\/medandbeauty.com\/product\/damska-lekarska-bunda-exclusive-premium-white\/"},"modified":"2025-12-23T12:17:08","modified_gmt":"2025-12-23T11:17:08","slug":"damska-lekarska-bunda-exclusive-premium-white","status":"publish","type":"product","link":"https:\/\/medandbeauty.com\/cs\/product\/damska-lekarska-bunda-exclusive-premium-white\/","title":{"rendered":"D\u00e1msk\u00e1 l\u00e9ka\u0159sk\u00e1 bunda Exclusive Premium WHITE"},"content":{"rendered":"<p><strong>D\u00e1msk\u00e1 l\u00e9ka\u0159sk\u00e1 bunda Exclusive z <a href=\"https:\/\/medandbeauty.com\/cs\/shop\/pro-ni\/kolekce-premium\/\" target=\"_blank\" rel=\"noopener\">kolekce Med &amp; Beauty Premium<\/a><\/strong> je absolutn\u00edm bestsellerem, kter\u00fd si obl\u00edbily tis\u00edce na\u0161ich z\u00e1kaznic z l\u00e9ka\u0159sk\u00e9ho a kosmetick\u00e9ho pr\u016fmyslu.<\/p>\n<p style=\"font-weight: 400;\"><strong>B\u00edl\u00e1 l\u00e9ka\u0159sk\u00e1 bunda Exclusive Premium<\/strong> byla vyrobena ze sm\u011bsi nejkvalitn\u011bj\u0161\u00ed bavlny, nylonu a lycry. D\u00edky t\u00e9to kombinaci vl\u00e1ken v tkanin\u011b je <strong>zdravotnick\u00fd od\u011bv Med &amp; Beauty <\/strong>prody\u0161n\u00fd, dokonale padne ka\u017ed\u00e9mu typu \u017eensk\u00e9 postavy a zaji\u0161\u0165uje pln\u00e9 pohodl\u00ed b\u011bhem dlouh\u00fdch hodin v pr\u00e1ci. <\/p>\n<p style=\"font-weight: 400;\">V\u0161echny modely <strong>zdravotnick\u00fdch<\/strong> svrchn\u00edch <strong>od\u011bv\u016f<\/strong> od spole\u010dnosti <strong>Med &amp; Beauty<\/strong> jsou vybaveny praktick\u00fdmi a prostorn\u00fdmi kapsami, do kter\u00fdch m\u016f\u017eete ulo\u017eit v\u0161echny nezbytn\u00e9 dopl\u0148ky, kter\u00e9 chcete m\u00edt neust\u00e1le po ruce.<\/p>\n<p style=\"font-weight: 400;\">N\u00e1dhern\u011b tvarovan\u00fd l\u00edmec dod\u00e1v\u00e1<strong> b\u00edl\u00e9mu saku Exclusive<\/strong> mimo\u0159\u00e1dn\u011b elegantn\u00ed vzhled a d\u00edky \u0161irok\u00e9mu pasu se<strong> sako<\/strong> dokonale p\u0159izp\u016fsob\u00ed ka\u017ed\u00e9 postav\u011b.<\/p>\n<p style=\"font-weight: 400;\">Ve spole\u010dnosti <strong>Med &amp; Beauty<\/strong> se zam\u011b\u0159ujeme nejen na pohodl\u00ed p\u0159i no\u0161en\u00ed, ale tak\u00e9 na estetick\u00fd a profesion\u00e1ln\u00ed vzhled. D\u00e9lka <strong>b\u00edl\u00e9ho saka Exclusive Premium<\/strong> byla zvolena tak, aby dokonale padla ka\u017ed\u00e9 postav\u011b. <\/p>\n<p style=\"font-weight: 400;\"><strong>B\u00edl\u00e1 d\u00e1msk\u00e1 bunda Exclusive Premium<\/strong> se dob\u0159e kombinuje s <a href=\"https:\/\/medandbeauty.com\/produkt\/spodnie-medyczne-damskie-przylegajace-premium-biale\/\" target=\"_blank\" rel=\"noopener\"><strong>zdravotnick\u00fdmi kalhotami<\/strong><\/a>kter\u00e9 jsou vyrobeny ze stejn\u00e9ho materi\u00e1lu.<\/p>\n<p style=\"font-weight: 400;\">Slad\u011bte <strong>l\u00e9ka\u0159sk\u00e9 kalhoty<\/strong> se stejnou b\u00edlou barvou nebo s jak\u00fdmkoli odst\u00ednem z mnoha dostupn\u00fdch v na\u0161\u00ed nab\u00eddce.<\/p>\n<ul>\n<li style=\"font-weight: 400;\">D\u00e9lka ruk\u00e1vu dle v\u00fdb\u011bru &#8211; \u00be nebo dlouh\u00fd ruk\u00e1v<\/li>\n<li style=\"font-weight: 400;\"><span style=\"font-family: inherit;\">Tvarovan\u00e1 silueta d\u00edky \u0161irok\u00e9mu p\u00e1su v pase a jemn\u00fdm z\u00e1\u0161evk\u016fm.<\/span><\/li>\n<li style=\"font-weight: 400;\"><span style=\"font-family: inherit;\">Dv\u011b p\u0159edn\u00ed kapsy s klasick\u00fdmi klopami<\/span><\/li>\n<li style=\"font-weight: 400;\"><span style=\"font-family: inherit;\">Lze p\u0159izp\u016fsobit v\u00fd\u0161ivkou<\/span><\/li>\n<\/ul>\n<p>&nbsp;<\/p>\n<p style=\"font-weight: 400;\"><strong>Dal\u0161\u00ed informace:<\/strong><br \/>\nModelky na fotografi\u00edch maj\u00ed na sob\u011b velikost S a jsou vysok\u00e9 170-174 cm.<\/p>\n<p style=\"font-weight: 400;\">Pokud si nev\u00edte rady s v\u00fdb\u011brem velikosti, pod\u00edvejte se na tabulku velikost\u00ed. Pokud m\u00e1te dal\u0161\u00ed pochybnosti &#8211; po\u0161lete n\u00e1m sv\u00e9 m\u00edry a my v\u00e1m je p\u0159izp\u016fsob\u00edme. <\/p>\n<p style=\"font-weight: 400;\">Barvy od\u011bv\u016f v <a href=\"https:\/\/medandbeauty.com\/cs\/shop\/pro-ni\/kolekce-premium\/\" target=\"_blank\" rel=\"noopener\">kolekci Premium<\/a> neodpov\u00eddaj\u00ed barv\u00e1m od\u011bv\u016f v <a href=\"https:\/\/medandbeauty.com\/cs\/shop\/pro-ni\/zakladni-kolekce\/\" target=\"_blank\" rel=\"noopener\">kolekci Basic<\/a> &#8211; jsou vyrobeny z jin\u00fdch materi\u00e1l\u016f.<\/p>\n<p style=\"font-weight: 400;\">Odst\u00edny jednotliv\u00fdch od\u011bv\u016f na fotografi\u00edch se mohou li\u0161it od skute\u010dn\u00fdch &#8211; to je zp\u016fsobeno r\u016fznorodost\u00ed dostupn\u00fdch elektronick\u00fdch za\u0159\u00edzen\u00ed a jejich individu\u00e1ln\u00edm nastaven\u00edm.<\/p>\n","protected":false},"excerpt":{"rendered":"<p>D\u00e1msk\u00e1 l\u00e9ka\u0159sk\u00e1 bunda Exclusive z kolekce Med &amp; Beauty Premium je absolutn\u00edm bestsellerem, kter\u00fd si obl\u00edbily tis\u00edce na\u0161ich z\u00e1kaznic z l\u00e9ka\u0159sk\u00e9ho a kosmetick\u00e9ho pr\u016fmyslu. B\u00edl\u00e1 l\u00e9ka\u0159sk\u00e1 bunda Exclusive Premium byla vyrobena ze sm\u011bsi nejkvalitn\u011bj\u0161\u00ed bavlny, nylonu a lycry. D\u00edky t\u00e9to kombinaci vl\u00e1ken v tkanin\u011b je zdravotnick\u00fd od\u011bv Med &amp; Beauty prody\u0161n\u00fd, dokonale padne ka\u017ed\u00e9mu typu [&hellip;]<\/p>\n","protected":false},"featured_media":396323,"comment_status":"open","ping_status":"closed","template":"","meta":{"_acf_changed":false,"inline_featured_image":false},"kolor":[1066],"rodzaj-ubrania":[1446],"ubranie":[1447],"product_brand":[],"product_cat":[1159,1029,1445],"product_tag":[],"class_list":{"0":"post-396289","1":"product","2":"type-product","3":"status-publish","4":"has-post-thumbnail","6":"kolor-bile","7":"rodzaj-ubrania-zdravotnicke-bundy-cs","8":"ubranie-damska-lekarska-bunda-exclusive-premium-cs","9":"product_cat-kolekce-premium","10":"product_cat-pro-ni","11":"product_cat-zdravotnicke-bundy-cs","13":"first","14":"instock","15":"taxable","16":"shipping-taxable","17":"purchasable","18":"product-type-variable"},"acf":[],"_links":{"self":[{"href":"https:\/\/medandbeauty.com\/cs\/wp-json\/wp\/v2\/product\/396289","targetHints":{"allow":["GET"]}}],"collection":[{"href":"https:\/\/medandbeauty.com\/cs\/wp-json\/wp\/v2\/product"}],"about":[{"href":"https:\/\/medandbeauty.com\/cs\/wp-json\/wp\/v2\/types\/product"}],"replies":[{"embeddable":true,"href":"https:\/\/medandbeauty.com\/cs\/wp-json\/wp\/v2\/comments?post=396289"}],"wp:featuredmedia":[{"embeddable":true,"href":"https:\/\/medandbeauty.com\/cs\/wp-json\/wp\/v2\/media\/396323"}],"wp:attachment":[{"href":"https:\/\/medandbeauty.com\/cs\/wp-json\/wp\/v2\/media?parent=396289"}],"wp:term":[{"taxonomy":"kolor","embeddable":true,"href":"https:\/\/medandbeauty.com\/cs\/wp-json\/wp\/v2\/kolor?post=396289"},{"taxonomy":"rodzaj-ubrania","embeddable":true,"href":"https:\/\/medandbeauty.com\/cs\/wp-json\/wp\/v2\/rodzaj-ubrania?post=396289"},{"taxonomy":"ubranie","embeddable":true,"href":"https:\/\/medandbeauty.com\/cs\/wp-json\/wp\/v2\/ubranie?post=396289"},{"taxonomy":"product_brand","embeddable":true,"href":"https:\/\/medandbeauty.com\/cs\/wp-json\/wp\/v2\/product_brand?post=396289"},{"taxonomy":"product_cat","embeddable":true,"href":"https:\/\/medandbeauty.com\/cs\/wp-json\/wp\/v2\/product_cat?post=396289"},{"taxonomy":"product_tag","embeddable":true,"href":"https:\/\/medandbeauty.com\/cs\/wp-json\/wp\/v2\/product_tag?post=396289"}],"curies":[{"name":"wp","href":"https:\/\/api.w.org\/{rel}","templated":true}]}}