{"id":396390,"date":"2024-01-02T18:11:31","date_gmt":"2024-01-02T18:11:31","guid":{"rendered":"https:\/\/medandbeauty.com\/product\/damske-lekarske-kalhoty-jogger-premium-pale-beige\/"},"modified":"2025-12-23T12:06:27","modified_gmt":"2025-12-23T11:06:27","slug":"damske-lekarske-kalhoty-jogger-premium-pale-beige","status":"publish","type":"product","link":"https:\/\/medandbeauty.com\/cs\/product\/damske-lekarske-kalhoty-jogger-premium-pale-beige\/","title":{"rendered":"D\u00e1msk\u00e9 l\u00e9ka\u0159sk\u00e9 kalhoty jogger premium PALE BEige"},"content":{"rendered":"<p style=\"font-weight: 400;\">Hled\u00e1te dokonal\u00e9 <strong>zdravotn\u00ed b\u011b\u017eeck\u00e9 boty<\/strong>, kter\u00e9 nebudete cht\u00edt sundat?<\/p>\n<p style=\"font-weight: 400;\">Na p\u0159\u00e1n\u00ed na\u0161ich z\u00e1kaznic jsou nyn\u00ed na\u0161e nejprod\u00e1van\u011bj\u0161\u00ed <strong>scruby<\/strong> k dispozici tak\u00e9 v <a href=\"https:\/\/medandbeauty.com\/cs\/shop\/pro-ni\/kolekce-premium\/\" target=\"_blank\" rel=\"noopener\">pr\u00e9miov\u00e9 kolekci<\/a>!<\/p>\n<p style=\"font-weight: 400;\">Pokud si cen\u00edte vynikaj\u00edc\u00ed kvality materi\u00e1l\u016f a maxim\u00e1ln\u00edho pohodl\u00ed a m\u00e1te r\u00e1di sportovn\u00ed, ale z\u00e1rove\u0148 profesion\u00e1ln\u00ed styl, na\u0161e <strong>pr\u00e9miov\u00e9 l\u00e9ka\u0159sk\u00e9 tepl\u00e1ky<\/strong> ve sv\u011btle b\u00e9\u017eov\u00e9 barv\u011b nesm\u00ed chyb\u011bt ve va\u0161em \u0161atn\u00edku.<\/p>\n<p style=\"font-weight: 400;\"><strong>Sv\u011btle b\u00e9\u017eov\u00e9 <a href=\"https:\/\/medandbeauty.com\/cs\/shop\/pro-ni\/kolekce-premium\/\" target=\"_blank\" rel=\"noopener\">d\u00e1msk\u00e9 zdravotnick\u00e9 kalhoty Scrubs Premium<\/a> jsou vyrobeny<\/strong> z m\u011bkk\u00e9ho a na dotek velmi p\u0159\u00edjemn\u00e9ho materi\u00e1lu, tak\u017ee zaru\u010duj\u00ed pohodl\u00ed p\u0159i no\u0161en\u00ed p\u0159i zachov\u00e1n\u00ed pln\u00e9ho rozsahu pohybu. D\u00edky 80 % prvot\u0159\u00eddn\u00ed bavlny v kombinaci s lycrou a nylonem tkanina dokonale padne \u017eensk\u00e9 postav\u011b a je odoln\u00e1 a prody\u0161n\u00e1.<\/p>\n<p style=\"font-weight: 400;\">M\u00edrn\u011b zv\u00fd\u0161en\u00fd pas a \u0161irok\u00fd elastick\u00fd p\u00e1s zaru\u010duj\u00ed 100% pohodl\u00ed. Zdravotn\u00ed tepl\u00e1ky Med &amp; Beauty neomezuj\u00ed v pohybu ani p\u0159i dlouhodob\u00e9m no\u0161en\u00ed. <\/p>\n<p style=\"font-weight: 400;\">Sv\u011btle b\u00e9\u017eov\u00e9 <strong>l\u00e9ka\u0159sk\u00e9 tepl\u00e1ky<\/strong> se hod\u00ed ke ka\u017ed\u00e9mu vzhledu, a\u0165 u\u017e jednobarevn\u00e9mu nebo v\u00edcebarevn\u00e9mu, a d\u00edky \u0161esti prostorn\u00fdm a praktick\u00fdm kaps\u00e1m budete m\u00edt v\u0161echny pracovn\u00ed pot\u0159eby a n\u00e1\u0159ad\u00ed po ruce.<\/p>\n<p style=\"font-weight: 400;\"><strong>D\u00e1msk\u00e9 zdravotnick\u00e9 tepl\u00e1ky <a href=\"https:\/\/medandbeauty.com\/cs\/shop\/pro-ni\/kolekce-premium\/\" target=\"_blank\" rel=\"noopener\">Scrubs Premium<\/a><\/strong> jsme vybavili stahovac\u00edmi \u0161\u0148\u016frkami ve spodn\u00ed \u010d\u00e1sti nohavic, kter\u00e9 zabra\u0148uj\u00ed vyhrnov\u00e1n\u00ed kalhot b\u011bhem intenzivn\u00ed pracovn\u00ed doby.<\/p>\n<p style=\"font-weight: 400;\">Sestavte si vysn\u011bnou sadu <strong>l\u00e9ka\u0159sk\u00e9ho oble\u010den\u00ed<\/strong> tak, \u017ee slad\u00edte <strong>sv\u011btle b\u00e9\u017eov\u00e9 d\u00e1msk\u00e9 l\u00e9ka\u0159sk\u00e9 tepl\u00e1ky<\/strong> s <strong> <a href=\"https:\/\/medandbeauty.com\/cs\/product\/damska-lekarska-bluza-scrubs-premium-light-beige\/\" target=\"_blank\" rel=\"noopener\">l\u00e9ka\u0159skou halenkou<\/a><\/strong> ze stejn\u00e9ho materi\u00e1lu.<\/p>\n<p style=\"font-weight: 400;\">Voln\u011b kombinujte barvy a vytv\u00e1\u0159ejte jedine\u010dn\u00e9 vzhledy nebo zvolte klasick\u00fd a nad\u010dasov\u00fd jednobarevn\u00fd vzhled.<\/p>\n<ul>\n<li style=\"font-weight: 400;\">6 praktick\u00fdch a prostorn\u00fdch kapes &#8211; dv\u011b p\u0159edn\u00ed, dv\u011b zadn\u00ed a dv\u011b kapsy na zavazadla s dal\u0161\u00ed p\u0159ihr\u00e1dkou na tu\u017eky.<\/li>\n<li style=\"font-weight: 400;\"><span style=\"font-family: inherit;\">M\u00edrn\u011b vysok\u00fd n\u00e1rt s elastick\u00fdm pasem<\/span><\/li>\n<li style=\"font-weight: 400;\"><span style=\"font-family: inherit;\">\u017debrovan\u00e9 nohavice<\/span><\/li>\n<li style=\"font-weight: 400;\"><span style=\"font-family: inherit;\">M\u011bkk\u00e1 a pohodln\u00e1 tkanina na no\u0161en\u00ed<\/span><\/li>\n<\/ul>\n<p style=\"font-weight: 400;\"><strong>Dal\u0161\u00ed informace:<\/strong><br \/>\nModelky na fotografi\u00edch maj\u00ed na sob\u011b velikost S a jsou vysok\u00e9 170-174 cm.<\/p>\n<p style=\"font-weight: 400;\">Pokud si nev\u00edte rady s v\u00fdb\u011brem velikosti, pod\u00edvejte se na tabulku velikost\u00ed. Pokud m\u00e1te dal\u0161\u00ed pochybnosti &#8211; po\u0161lete n\u00e1m sv\u00e9 m\u00edry a my v\u00e1m je p\u0159izp\u016fsob\u00edme. <\/p>\n<p style=\"font-weight: 400;\">Barvy od\u011bv\u016f v <a href=\"https:\/\/medandbeauty.com\/cs\/shop\/pro-ni\/kolekce-premium\/\" target=\"_blank\" rel=\"noopener\">kolekci Premium<\/a> neodpov\u00eddaj\u00ed barv\u00e1m od\u011bv\u016f v <a href=\"https:\/\/medandbeauty.com\/cs\/shop\/pro-ni\/zakladni-kolekce\/\" target=\"_blank\" rel=\"noopener\">kolekci Basic<\/a> &#8211; jsou vyrobeny z jin\u00fdch materi\u00e1l\u016f.<\/p>\n<p style=\"font-weight: 400;\">Odst\u00edny jednotliv\u00fdch od\u011bv\u016f na fotografi\u00edch se mohou li\u0161it od skute\u010dn\u00fdch &#8211; to je zp\u016fsobeno r\u016fznorodost\u00ed dostupn\u00fdch elektronick\u00fdch za\u0159\u00edzen\u00ed a jejich individu\u00e1ln\u00edm nastaven\u00edm.<\/p>\n","protected":false},"excerpt":{"rendered":"<p>Hled\u00e1te dokonal\u00e9 zdravotn\u00ed b\u011b\u017eeck\u00e9 boty, kter\u00e9 nebudete cht\u00edt sundat? Na p\u0159\u00e1n\u00ed na\u0161ich z\u00e1kaznic jsou nyn\u00ed na\u0161e nejprod\u00e1van\u011bj\u0161\u00ed scruby k dispozici tak\u00e9 v pr\u00e9miov\u00e9 kolekci! Pokud si cen\u00edte vynikaj\u00edc\u00ed kvality materi\u00e1l\u016f a maxim\u00e1ln\u00edho pohodl\u00ed a m\u00e1te r\u00e1di sportovn\u00ed, ale z\u00e1rove\u0148 profesion\u00e1ln\u00ed styl, na\u0161e pr\u00e9miov\u00e9 l\u00e9ka\u0159sk\u00e9 tepl\u00e1ky ve sv\u011btle b\u00e9\u017eov\u00e9 barv\u011b nesm\u00ed chyb\u011bt ve va\u0161em \u0161atn\u00edku. Sv\u011btle [&hellip;]<\/p>\n","protected":false},"featured_media":396446,"comment_status":"open","ping_status":"closed","template":"","meta":{"_acf_changed":false,"inline_featured_image":false},"kolor":[1028],"rodzaj-ubrania":[1051,1052],"ubranie":[1449],"product_brand":[],"product_cat":[1159,1029,1373,1247],"product_tag":[],"class_list":{"0":"post-396390","1":"product","2":"type-product","3":"status-publish","4":"has-post-thumbnail","6":"kolor-beiges-cs","7":"rodzaj-ubrania-scrubs-cs","8":"rodzaj-ubrania-zdravotnicke-kalhoty","9":"ubranie-damske-lekarske-kalhoty-jogger-scrubs-premium","10":"product_cat-kolekce-premium","11":"product_cat-pro-ni","12":"product_cat-scrubs-cs-2","13":"product_cat-zdravotnicke-kalhoty-cs-2","15":"first","16":"instock","17":"taxable","18":"shipping-taxable","19":"purchasable","20":"product-type-variable"},"acf":[],"_links":{"self":[{"href":"https:\/\/medandbeauty.com\/cs\/wp-json\/wp\/v2\/product\/396390","targetHints":{"allow":["GET"]}}],"collection":[{"href":"https:\/\/medandbeauty.com\/cs\/wp-json\/wp\/v2\/product"}],"about":[{"href":"https:\/\/medandbeauty.com\/cs\/wp-json\/wp\/v2\/types\/product"}],"replies":[{"embeddable":true,"href":"https:\/\/medandbeauty.com\/cs\/wp-json\/wp\/v2\/comments?post=396390"}],"wp:featuredmedia":[{"embeddable":true,"href":"https:\/\/medandbeauty.com\/cs\/wp-json\/wp\/v2\/media\/396446"}],"wp:attachment":[{"href":"https:\/\/medandbeauty.com\/cs\/wp-json\/wp\/v2\/media?parent=396390"}],"wp:term":[{"taxonomy":"kolor","embeddable":true,"href":"https:\/\/medandbeauty.com\/cs\/wp-json\/wp\/v2\/kolor?post=396390"},{"taxonomy":"rodzaj-ubrania","embeddable":true,"href":"https:\/\/medandbeauty.com\/cs\/wp-json\/wp\/v2\/rodzaj-ubrania?post=396390"},{"taxonomy":"ubranie","embeddable":true,"href":"https:\/\/medandbeauty.com\/cs\/wp-json\/wp\/v2\/ubranie?post=396390"},{"taxonomy":"product_brand","embeddable":true,"href":"https:\/\/medandbeauty.com\/cs\/wp-json\/wp\/v2\/product_brand?post=396390"},{"taxonomy":"product_cat","embeddable":true,"href":"https:\/\/medandbeauty.com\/cs\/wp-json\/wp\/v2\/product_cat?post=396390"},{"taxonomy":"product_tag","embeddable":true,"href":"https:\/\/medandbeauty.com\/cs\/wp-json\/wp\/v2\/product_tag?post=396390"}],"curies":[{"name":"wp","href":"https:\/\/api.w.org\/{rel}","templated":true}]}}