{"id":396490,"date":"2024-01-02T17:28:07","date_gmt":"2024-01-02T17:28:07","guid":{"rendered":"https:\/\/medandbeauty.com\/product\/damske-lekarske-kalhoty-jogger-scrubs-premium-white\/"},"modified":"2025-12-23T12:05:36","modified_gmt":"2025-12-23T11:05:36","slug":"damske-lekarske-kalhoty-jogger-scrubs-premium-white","status":"publish","type":"product","link":"https:\/\/medandbeauty.com\/cs\/product\/damske-lekarske-kalhoty-jogger-scrubs-premium-white\/","title":{"rendered":"D\u00e1msk\u00e9 l\u00e9ka\u0159sk\u00e9 kalhoty jogger scrubs premium WHITE"},"content":{"rendered":"<p style=\"font-weight: 400;\">Seznamte se s <strong>l\u00e9ka\u0159sk\u00fdmi b\u011b\u017eci, kter\u00e9<\/strong> nebudete cht\u00edt sundat.<\/p>\n<p style=\"font-weight: 400;\">Na p\u0159\u00e1n\u00ed na\u0161ich z\u00e1kaznic jsou nyn\u00ed na\u0161e nejprod\u00e1van\u011bj\u0161\u00ed <strong>\u0161\u00e1tky<\/strong> k dispozici v pr\u00e9miov\u00e9 verzi!<\/p>\n<p style=\"font-weight: 400;\">Pokud si cen\u00edte maxim\u00e1ln\u00edho pohodl\u00ed a materi\u00e1l\u016f vynikaj\u00edc\u00ed kvality a m\u00e1te r\u00e1di sportovn\u00ed, ale z\u00e1rove\u0148 profesion\u00e1ln\u00ed styl, na\u0161e <strong>pr\u00e9miov\u00e9 l\u00e9ka\u0159sk\u00e9 tepl\u00e1ky<\/strong> jsou nezbytnou sou\u010d\u00e1st\u00ed va\u0161eho \u0161atn\u00edku.<\/p>\n<p style=\"font-weight: 400;\"><strong>B\u00edl\u00e9 d\u00e1msk\u00e9 zdravotnick\u00e9 kalhoty joggers z <a href=\"https:\/\/medandbeauty.com\/cs\/shop\/pro-ni\/kolekce-premium\/\" target=\"_blank\" rel=\"noopener\">kolekce Premium<\/a><\/strong> byly vyrobeny z p\u0159\u00edjemn\u00e9ho a na dotek m\u011bkk\u00e9ho materi\u00e1lu, tak\u017ee zaru\u010duj\u00ed plnou volnost pohybu a pohodl\u00ed p\u0159i no\u0161en\u00ed. D\u00edky kombinaci 80 % prvot\u0159\u00eddn\u00ed bavlny s lycrou a nylonem je tkanina dokonale padnouc\u00ed, prody\u0161n\u00e1 a odoln\u00e1.<\/p>\n<p style=\"font-weight: 400;\">M\u00edrn\u011b zv\u00fd\u0161en\u00fd \u0161irok\u00fd elastick\u00fd pas zaru\u010duje 100% pohodl\u00ed a neomezuje v pohybu ani p\u0159i del\u0161\u00edm no\u0161en\u00ed.<\/p>\n<p style=\"font-weight: 400;\">Klasick\u00e1 b\u00edl\u00e1 barva <strong>l\u00e9ka\u0159sk\u00fdch tepl\u00e1k\u016f<\/strong> se bude hodit ke ka\u017ed\u00e9mu oble\u010den\u00ed a d\u00edky \u0161esti praktick\u00fdm a prostorn\u00fdm kaps\u00e1m si budete moci vz\u00edt s sebou v\u0161echny nejnutn\u011bj\u0161\u00ed dopl\u0148ky a n\u00e1stroje.<\/p>\n<p style=\"font-weight: 400;\">Na\u0161e <strong>d\u00e1msk\u00e9 zdravotnick\u00e9 tepl\u00e1ky Scrubs Premium<\/strong> jsou vybaveny \u017eebrovan\u00fdmi nohavicemi, kter\u00e9 zabra\u0148uj\u00ed vyhrnov\u00e1n\u00ed nohavic b\u011bhem intenzivn\u00ed pracovn\u00ed doby.<\/p>\n<p style=\"font-weight: 400;\">Sestavte si vysn\u011bnou sadu <strong>l\u00e9ka\u0159sk\u00e9ho oble\u010den\u00ed<\/strong> tak, \u017ee slad\u00edte <strong>b\u00edl\u00e9 d\u00e1msk\u00e9 l\u00e9ka\u0159sk\u00e9 tepl\u00e1ky<\/strong> s <strong> <a href=\"https:\/\/medandbeauty.com\/produkt\/bluzka-medyczna-damska-scrubs-premium-biala\/\" target=\"_blank\" rel=\"noopener\">l\u00e9ka\u0159skou halenkou<\/a><\/strong> ze stejn\u00e9ho materi\u00e1lu.<\/p>\n<p style=\"font-weight: 400;\">Voln\u011b kombinujte barvy a vytv\u00e1\u0159ejte jedine\u010dn\u00e9 looky nebo se rozhodn\u011bte pro jednobarevn\u00fd a nad\u010dasov\u00fd vzhled.<\/p>\n<ul>\n<li style=\"font-weight: 400;\">6 praktick\u00fdch a prostorn\u00fdch kapes &#8211; dv\u011b p\u0159edn\u00ed, dv\u011b zadn\u00ed a dv\u011b kapsy na zavazadla s dal\u0161\u00ed p\u0159ihr\u00e1dkou na tu\u017eky.<\/li>\n<li style=\"font-weight: 400;\"><span style=\"font-family: inherit;\">M\u00edrn\u011b vysok\u00fd n\u00e1rt s elastick\u00fdm pasem<\/span><\/li>\n<li style=\"font-weight: 400;\"><span style=\"font-family: inherit;\">\u017debrovan\u00e9 nohavice<\/span><\/li>\n<li style=\"font-weight: 400;\"><span style=\"font-family: inherit;\">M\u011bkk\u00e1 a pohodln\u00e1 tkanina na no\u0161en\u00ed<\/span><\/li>\n<\/ul>\n<p style=\"font-weight: 400;\"><strong>Dal\u0161\u00ed informace:<\/strong><br \/>\nModelky na fotografi\u00edch maj\u00ed na sob\u011b velikost S a jsou vysok\u00e9 170-174 cm.<\/p>\n<p style=\"font-weight: 400;\">Pokud si nev\u00edte rady s v\u00fdb\u011brem velikosti, pod\u00edvejte se na tabulku velikost\u00ed. Pokud m\u00e1te dal\u0161\u00ed pochybnosti &#8211; po\u0161lete n\u00e1m sv\u00e9 m\u00edry a my v\u00e1m je p\u0159izp\u016fsob\u00edme. <\/p>\n<p style=\"font-weight: 400;\">Barvy od\u011bv\u016f v <a href=\"https:\/\/medandbeauty.com\/cs\/shop\/pro-ni\/kolekce-premium\/\" target=\"_blank\" rel=\"noopener\">kolekci Premium<\/a> neodpov\u00eddaj\u00ed barv\u00e1m od\u011bv\u016f v <a href=\"https:\/\/medandbeauty.com\/cs\/shop\/pro-ni\/zakladni-kolekce\/\" target=\"_blank\" rel=\"noopener\">kolekci Basic<\/a> &#8211; jsou vyrobeny z jin\u00fdch materi\u00e1l\u016f.<\/p>\n<p style=\"font-weight: 400;\">Odst\u00edny jednotliv\u00fdch od\u011bv\u016f na fotografi\u00edch se mohou li\u0161it od skute\u010dn\u00fdch &#8211; to je zp\u016fsobeno r\u016fznorodost\u00ed dostupn\u00fdch elektronick\u00fdch za\u0159\u00edzen\u00ed a jejich individu\u00e1ln\u00edm nastaven\u00edm.<\/p>\n","protected":false},"excerpt":{"rendered":"<p>Seznamte se s l\u00e9ka\u0159sk\u00fdmi b\u011b\u017eci, kter\u00e9 nebudete cht\u00edt sundat. Na p\u0159\u00e1n\u00ed na\u0161ich z\u00e1kaznic jsou nyn\u00ed na\u0161e nejprod\u00e1van\u011bj\u0161\u00ed \u0161\u00e1tky k dispozici v pr\u00e9miov\u00e9 verzi! Pokud si cen\u00edte maxim\u00e1ln\u00edho pohodl\u00ed a materi\u00e1l\u016f vynikaj\u00edc\u00ed kvality a m\u00e1te r\u00e1di sportovn\u00ed, ale z\u00e1rove\u0148 profesion\u00e1ln\u00ed styl, na\u0161e pr\u00e9miov\u00e9 l\u00e9ka\u0159sk\u00e9 tepl\u00e1ky jsou nezbytnou sou\u010d\u00e1st\u00ed va\u0161eho \u0161atn\u00edku. B\u00edl\u00e9 d\u00e1msk\u00e9 zdravotnick\u00e9 kalhoty joggers z [&hellip;]<\/p>\n","protected":false},"featured_media":396544,"comment_status":"open","ping_status":"closed","template":"","meta":{"_acf_changed":false,"inline_featured_image":false},"kolor":[1066],"rodzaj-ubrania":[1051,1052],"ubranie":[1449],"product_brand":[],"product_cat":[1159,1029,1373,1247],"product_tag":[],"class_list":{"0":"post-396490","1":"product","2":"type-product","3":"status-publish","4":"has-post-thumbnail","6":"kolor-bile","7":"rodzaj-ubrania-scrubs-cs","8":"rodzaj-ubrania-zdravotnicke-kalhoty","9":"ubranie-damske-lekarske-kalhoty-jogger-scrubs-premium","10":"product_cat-kolekce-premium","11":"product_cat-pro-ni","12":"product_cat-scrubs-cs-2","13":"product_cat-zdravotnicke-kalhoty-cs-2","15":"first","16":"instock","17":"taxable","18":"shipping-taxable","19":"purchasable","20":"product-type-variable"},"acf":[],"_links":{"self":[{"href":"https:\/\/medandbeauty.com\/cs\/wp-json\/wp\/v2\/product\/396490","targetHints":{"allow":["GET"]}}],"collection":[{"href":"https:\/\/medandbeauty.com\/cs\/wp-json\/wp\/v2\/product"}],"about":[{"href":"https:\/\/medandbeauty.com\/cs\/wp-json\/wp\/v2\/types\/product"}],"replies":[{"embeddable":true,"href":"https:\/\/medandbeauty.com\/cs\/wp-json\/wp\/v2\/comments?post=396490"}],"wp:featuredmedia":[{"embeddable":true,"href":"https:\/\/medandbeauty.com\/cs\/wp-json\/wp\/v2\/media\/396544"}],"wp:attachment":[{"href":"https:\/\/medandbeauty.com\/cs\/wp-json\/wp\/v2\/media?parent=396490"}],"wp:term":[{"taxonomy":"kolor","embeddable":true,"href":"https:\/\/medandbeauty.com\/cs\/wp-json\/wp\/v2\/kolor?post=396490"},{"taxonomy":"rodzaj-ubrania","embeddable":true,"href":"https:\/\/medandbeauty.com\/cs\/wp-json\/wp\/v2\/rodzaj-ubrania?post=396490"},{"taxonomy":"ubranie","embeddable":true,"href":"https:\/\/medandbeauty.com\/cs\/wp-json\/wp\/v2\/ubranie?post=396490"},{"taxonomy":"product_brand","embeddable":true,"href":"https:\/\/medandbeauty.com\/cs\/wp-json\/wp\/v2\/product_brand?post=396490"},{"taxonomy":"product_cat","embeddable":true,"href":"https:\/\/medandbeauty.com\/cs\/wp-json\/wp\/v2\/product_cat?post=396490"},{"taxonomy":"product_tag","embeddable":true,"href":"https:\/\/medandbeauty.com\/cs\/wp-json\/wp\/v2\/product_tag?post=396490"}],"curies":[{"name":"wp","href":"https:\/\/api.w.org\/{rel}","templated":true}]}}