{"id":396514,"date":"2024-01-02T16:19:31","date_gmt":"2024-01-02T16:19:31","guid":{"rendered":"https:\/\/medandbeauty.com\/product\/damska-lekarska-bluza-scrubs-premium-light-beige\/"},"modified":"2025-12-23T12:05:36","modified_gmt":"2025-12-23T11:05:36","slug":"damska-lekarska-bluza-scrubs-premium-light-beige","status":"publish","type":"product","link":"https:\/\/medandbeauty.com\/cs\/product\/damska-lekarska-bluza-scrubs-premium-light-beige\/","title":{"rendered":"D\u00e1msk\u00e1 l\u00e9ka\u0159sk\u00e1 bl\u016fza Scrubs Premium light beige"},"content":{"rendered":"<p style=\"font-weight: 400;\"><strong>Klasick\u00e9 k\u0159oviny<\/strong>, kter\u00e9 si obl\u00edbily tis\u00edce na\u0161ich z\u00e1kazn\u00edk\u016f, jsou nyn\u00ed k dispozici v pr\u00e9miov\u00e9 verzi!<\/p>\n<p style=\"font-weight: 400;\">Pokud tr\u00e1v\u00edte v pr\u00e1ci dlouh\u00e9 hodiny, pot\u0159ebujete<strong> zdravotn\u00ed od\u011bv, <\/strong>kter\u00fd v\u00e1m poskytne maxim\u00e1ln\u00ed pohodl\u00ed. <strong>Pr\u00e9miov\u00e1 d\u00e1msk\u00e1 l\u00e9ka\u0159sk\u00e1 bl\u016fza Scrubs<\/strong> ve<strong> sv\u011btle b\u00e9\u017eov\u00e9 <\/strong>barv\u011b byla u\u0161ita z 80 % z prvot\u0159\u00eddn\u00ed bavlny s jemn\u00fdm p\u0159\u00edm\u011bs\u00ed lycry a nylonu.<\/p>\n<p style=\"font-weight: 400;\">D\u00edky t\u00e9to kombinaci vl\u00e1ken v materi\u00e1lu je tkanina m\u011bkk\u00e1, odoln\u00e1, p\u0159izp\u016fsob\u00ed se jak\u00e9mukoli tvaru t\u011bla, neomezuje v pohybu a, co\u017e je u <strong>zdravotnick\u00fdch od\u011bv\u016f<\/strong> mimo\u0159\u00e1dn\u011b d\u016fle\u017eit\u00e9, je prody\u0161n\u00e1.<\/p>\n<p style=\"font-weight: 400;\"><strong>Sv\u011btle b\u00e9\u017eov\u00e1 d\u00e1msk\u00e1 zdravotnick\u00e1 bl\u016fza Scrubs Premium<\/strong> je ide\u00e1ln\u00edm z\u00e1kladem pro v\u0161estrann\u00fd a pohodln\u00fd \u0161atn\u00edk <strong>zdravotnick\u00e9ho oble\u010den\u00ed<\/strong>.<\/p>\n<p style=\"font-weight: 400;\">Je vybavena dv\u011bma praktick\u00fdmi a prostorn\u00fdmi kapsami, kter\u00e9 v\u00e1m umo\u017en\u00ed vz\u00edt si s sebou ve\u0161ker\u00e9 drobn\u00e9 p\u0159\u00edslu\u0161enstv\u00ed a n\u00e1\u0159ad\u00ed, kter\u00e9 p\u0159i pr\u00e1ci pot\u0159ebujete.<\/p>\n<p style=\"font-weight: 400;\">Klasick\u00fd v\u00fdst\u0159ih do V opticky prodlu\u017euje postavu, \u00fazk\u00fd st\u0159ih zd\u016fraz\u0148uje v\u0161echny p\u0159ednosti ka\u017ed\u00e9 \u017eensk\u00e9 postavy a d\u00e9lka ruk\u00e1v\u016f (sahaj\u00edc\u00ed t\u00e9m\u011b\u0159 k lokti) poskytuje ochranu ramen a z\u00e1rove\u0148 neomezuje v pohybu.<\/p>\n<p style=\"font-weight: 400;\">Kombinujte <strong>d\u00e1msk\u00e9 l\u00e9ka\u0159sk\u00e9 \u00fabory s pr\u00e9miovou halenkou ve sv\u011btle b\u00e9\u017eov\u00e9 barv\u011b<\/strong> s <a href=\"https:\/\/medandbeauty.com\/produkt\/spodnie-medyczne-damskie-joggery-scrubs-premium-jasny-bez\/\" target=\"_blank\" rel=\"noopener\"><strong>zdravotnick\u00fdmi b\u011b\u017eeck\u00fdmi kalhotami<\/strong><\/a>, <a href=\"https:\/\/medandbeauty.com\/produkt\/spodnie-medyczne-damskie-przylegajace-premium-jasny-bez\/\" target=\"_blank\" rel=\"noopener\"><strong>l\u00e9ka\u0159sk\u00fdmi kalhotami<\/strong><\/a> nebo klasick\u00fdmi <a href=\"https:\/\/medandbeauty.com\/produkt\/spodnie-medyczne-damskie-proste-scrubs-premium-jasny-bez\/\" target=\"_blank\" rel=\"noopener\"><strong>rovn\u00fdmi l\u00e9ka\u0159sk\u00fdmi kalhotami<\/strong><\/a> ve stejn\u00e9m odst\u00ednu nebo si vyberte jakoukoli jinou barvu z mnoha barev dostupn\u00fdch v kolekci. <a href=\"https:\/\/medandbeauty.com\/cs\/shop\/pro-ni\/kolekce-premium\/\" target=\"_blank\" rel=\"noopener\"><strong>Med &amp; Beauty Premium<\/strong><\/a>.<\/p>\n<p style=\"font-weight: 400;\">Dop\u0159ejte si maxim\u00e1ln\u00ed pohodl\u00ed a profesion\u00e1ln\u00ed vzhled p\u0159i pr\u00e1ci s<a href=\"https:\/\/medandbeauty.com\/cs\/shop\/pro-ni\/kolekce-premium\/\" target=\"_blank\" rel=\"noopener\"><strong> l\u00e9ka\u0159sk\u00e9 pl\u00e1\u0161t\u011b<\/strong> <strong>Med &amp; Beauty Premium<\/strong><\/a>.<\/p>\n<ul>\n<li style=\"font-weight: 400;\">Dv\u011b prostorn\u00e9 p\u0159edn\u00ed kapsy<\/li>\n<li style=\"font-weight: 400;\"><span style=\"font-family: inherit;\">M\u011bkk\u00e1 a prody\u0161n\u00e1 tkanina<\/span><\/li>\n<li style=\"font-weight: 400;\"><span style=\"font-family: inherit;\">\u00dazk\u00fd st\u0159ih, nad\u010dasov\u00fd st\u0159ih<\/span><\/li>\n<li style=\"font-weight: 400;\"><span style=\"font-family: inherit;\">Lze p\u0159izp\u016fsobit v\u00fd\u0161ivkou<\/span><\/li>\n<\/ul>\n<p style=\"font-weight: 400;\"><strong>Dal\u0161\u00ed informace:<\/strong><br \/>\nModelky na fotografi\u00edch maj\u00ed na sob\u011b velikost S a jsou vysok\u00e9 170-174 cm.<\/p>\n<p style=\"font-weight: 400;\">Pokud si nev\u00edte rady s v\u00fdb\u011brem velikosti, pod\u00edvejte se na tabulku velikost\u00ed. Pokud m\u00e1te dal\u0161\u00ed pochybnosti &#8211; po\u0161lete n\u00e1m sv\u00e9 m\u00edry a my v\u00e1m je p\u0159izp\u016fsob\u00edme. <\/p>\n<p style=\"font-weight: 400;\">Barvy od\u011bv\u016f v kolekci Premium neodpov\u00eddaj\u00ed barv\u00e1m od\u011bv\u016f v<a href=\"https:\/\/medandbeauty.com\/cs\/shop\/pro-ni\/zakladni-kolekce\/\" target=\"_blank\" rel=\"noopener\"> kolekci Basic<\/a> &#8211; jsou vyrobeny z jin\u00fdch materi\u00e1l\u016f.<\/p>\n<p style=\"font-weight: 400;\">Odst\u00edny jednotliv\u00fdch od\u011bv\u016f na fotografi\u00edch se mohou li\u0161it od skute\u010dn\u00fdch &#8211; to je zp\u016fsobeno r\u016fznorodost\u00ed dostupn\u00fdch elektronick\u00fdch za\u0159\u00edzen\u00ed a jejich individu\u00e1ln\u00edm nastaven\u00edm.<\/p>\n","protected":false},"excerpt":{"rendered":"<p>Klasick\u00e9 k\u0159oviny, kter\u00e9 si obl\u00edbily tis\u00edce na\u0161ich z\u00e1kazn\u00edk\u016f, jsou nyn\u00ed k dispozici v pr\u00e9miov\u00e9 verzi! Pokud tr\u00e1v\u00edte v pr\u00e1ci dlouh\u00e9 hodiny, pot\u0159ebujete zdravotn\u00ed od\u011bv, kter\u00fd v\u00e1m poskytne maxim\u00e1ln\u00ed pohodl\u00ed. Pr\u00e9miov\u00e1 d\u00e1msk\u00e1 l\u00e9ka\u0159sk\u00e1 bl\u016fza Scrubs ve sv\u011btle b\u00e9\u017eov\u00e9 barv\u011b byla u\u0161ita z 80 % z prvot\u0159\u00eddn\u00ed bavlny s jemn\u00fdm p\u0159\u00edm\u011bs\u00ed lycry a nylonu. D\u00edky t\u00e9to kombinaci [&hellip;]<\/p>\n","protected":false},"featured_media":396574,"comment_status":"open","ping_status":"closed","template":"","meta":{"_acf_changed":false,"inline_featured_image":false},"kolor":[1028],"rodzaj-ubrania":[1087,1051],"ubranie":[1451],"product_brand":[],"product_cat":[1159,1450,1029,1373],"product_tag":[],"class_list":{"0":"post-396514","1":"product","2":"type-product","3":"status-publish","4":"has-post-thumbnail","6":"kolor-beiges-cs","7":"rodzaj-ubrania-lekarske-halenky","8":"rodzaj-ubrania-scrubs-cs","9":"ubranie-damske-lekarske-bluzy-scrubs-premium","10":"product_cat-kolekce-premium","11":"product_cat-lekarske-halenky-cs-4","12":"product_cat-pro-ni","13":"product_cat-scrubs-cs-2","15":"first","16":"instock","17":"taxable","18":"shipping-taxable","19":"purchasable","20":"product-type-variable"},"acf":[],"_links":{"self":[{"href":"https:\/\/medandbeauty.com\/cs\/wp-json\/wp\/v2\/product\/396514","targetHints":{"allow":["GET"]}}],"collection":[{"href":"https:\/\/medandbeauty.com\/cs\/wp-json\/wp\/v2\/product"}],"about":[{"href":"https:\/\/medandbeauty.com\/cs\/wp-json\/wp\/v2\/types\/product"}],"replies":[{"embeddable":true,"href":"https:\/\/medandbeauty.com\/cs\/wp-json\/wp\/v2\/comments?post=396514"}],"wp:featuredmedia":[{"embeddable":true,"href":"https:\/\/medandbeauty.com\/cs\/wp-json\/wp\/v2\/media\/396574"}],"wp:attachment":[{"href":"https:\/\/medandbeauty.com\/cs\/wp-json\/wp\/v2\/media?parent=396514"}],"wp:term":[{"taxonomy":"kolor","embeddable":true,"href":"https:\/\/medandbeauty.com\/cs\/wp-json\/wp\/v2\/kolor?post=396514"},{"taxonomy":"rodzaj-ubrania","embeddable":true,"href":"https:\/\/medandbeauty.com\/cs\/wp-json\/wp\/v2\/rodzaj-ubrania?post=396514"},{"taxonomy":"ubranie","embeddable":true,"href":"https:\/\/medandbeauty.com\/cs\/wp-json\/wp\/v2\/ubranie?post=396514"},{"taxonomy":"product_brand","embeddable":true,"href":"https:\/\/medandbeauty.com\/cs\/wp-json\/wp\/v2\/product_brand?post=396514"},{"taxonomy":"product_cat","embeddable":true,"href":"https:\/\/medandbeauty.com\/cs\/wp-json\/wp\/v2\/product_cat?post=396514"},{"taxonomy":"product_tag","embeddable":true,"href":"https:\/\/medandbeauty.com\/cs\/wp-json\/wp\/v2\/product_tag?post=396514"}],"curies":[{"name":"wp","href":"https:\/\/api.w.org\/{rel}","templated":true}]}}