{"id":396522,"date":"2024-01-02T15:52:50","date_gmt":"2024-01-02T15:52:50","guid":{"rendered":"https:\/\/medandbeauty.com\/product\/damska-lekarska-bluza-scrubs-premium-black\/"},"modified":"2025-12-23T12:05:09","modified_gmt":"2025-12-23T11:05:09","slug":"damska-lekarska-bluza-scrubs-premium-black","status":"publish","type":"product","link":"https:\/\/medandbeauty.com\/cs\/product\/damska-lekarska-bluza-scrubs-premium-black\/","title":{"rendered":"D\u00e1msk\u00e1 l\u00e9ka\u0159sk\u00e1 bl\u016fza Scrubs Premium BLACK"},"content":{"rendered":"<p>&nbsp;<\/p>\n<h2>Zdravotnick\u00e1 mikina \u010dern\u00e1 &#8211; scrubs<\/h2>\n<p>Klasick\u00e9 <strong>\u0161krabo\u0161ky,<\/strong> <strong>kter\u00e9 si z\u00edsk\u00e1vaj\u00ed srdce na\u0161ich z\u00e1kaznic<\/strong>, jsou nyn\u00ed k dispozici v pr\u00e9miov\u00e9 verzi!<\/p>\n<p>Dlouh\u00e1 pracovn\u00ed doba vy\u017eaduje zdravotnick\u00e9 od\u011bvy, kter\u00e9 poskytuj\u00ed co nejv\u011bt\u0161\u00ed pohodl\u00ed. Pr\u00e9miov\u00e1 d\u00e1msk\u00e1 l\u00e9ka\u0159sk\u00e1 bl\u016fza Scrubs v \u010dern\u00e9 barv\u011b je vyrobena z 80 % z vysoce kvalitn\u00ed bavlny s jemn\u00fdm p\u0159\u00edm\u011bs\u00ed lycry a nylonu. <\/p>\n<p>D\u00edky t\u00e9to kombinaci vl\u00e1ken v tkanin\u011b je <strong>\u010dern\u00e1 l\u00e9ka\u0159sk\u00e1 mikina<\/strong> <strong>odoln\u00e1, m\u011bkk\u00e1, dokonale padnouc\u00ed,<\/strong> neomezuj\u00edc\u00ed a p\u0159edev\u0161\u00edm prody\u0161n\u00e1.<\/p>\n<p><strong>\u010cern\u00e1 d\u00e1msk\u00e1 l\u00e9ka\u0159sk\u00e1 bl\u016fza Scrubs Premium<\/strong> je vynikaj\u00edc\u00edm z\u00e1kladem pro pohodln\u00fd a v\u0161estrann\u00fd \u0161atn\u00edk l\u00e9ka\u0159sk\u00e9 uniformy.<\/p>\n<p>Dv\u011b prostorn\u00e9 a praktick\u00e9 kapsy na p\u0159edn\u00ed stran\u011b \u010dern\u00e9 l\u00e9ka\u0159sk\u00e9 mikiny v\u00e1m umo\u017en\u00ed m\u00edt p\u0159i pr\u00e1ci v\u0161echny nezbytnosti po ruce.<\/p>\n<p>Tradi\u010dn\u00ed v\u00e9\u010dkov\u00fd v\u00fdst\u0159ih d\u00e1msk\u00e9 \u010dern\u00e9 l\u00e9ka\u0159sk\u00e9 mikiny opticky prodlu\u017euje siluetu, vypasovan\u00fd st\u0159ih zd\u016fraz\u0148uje v\u0161echny p\u0159ednosti \u017eensk\u00e9 postavy a d\u00e9lka ruk\u00e1v\u016f (sahaj\u00edc\u00ed t\u00e9m\u011b\u0159 k lokti) poskytuje ochranu pa\u017e\u00ed a z\u00e1rove\u0148 neomezuje volnost pohybu.<\/p>\n<h2>\u010cern\u00e1 l\u00e9ka\u0159sk\u00e1 mikina &#8211; m\u00f3dn\u00ed a pohodln\u00e1<\/h2>\n<p>Zkombinujte \u010dernou d\u00e1mskou l\u00e9ka\u0159skou bl\u016fzu Premium s <a href=\"https:\/\/medandbeauty.com\/produkt\/spodnie-medyczne-damskie-joggery-scrubs-premium-czarne\/\" target=\"_blank\" rel=\"noopener\"><strong>l\u00e9ka\u0159sk\u00fdmi b\u011b\u017eeck\u00fdmi kalhotami<\/strong><\/a>, <a href=\"https:\/\/medandbeauty.com\/produkt\/spodnie-medyczne-damskie-przylegajace-premium-czarne\/\" target=\"_blank\" rel=\"noopener\"><strong>l\u00e9ka\u0159sk\u00fdmi kalhotami<\/strong> <\/a>nebo klasick\u00fdmi <a href=\"https:\/\/medandbeauty.com\/produkt\/spodnie-medyczne-damskie-proste-scrubs-premium-czarne\/\" target=\"_blank\" rel=\"noopener\"><strong>rovn\u00fdmi l\u00e9ka\u0159sk\u00fdmi kalhotami<\/strong> <\/a>ve stejn\u00e9 barv\u011b nebo si vyberte jin\u00fd odst\u00edn z mnoha dostupn\u00fdch v na\u0161\u00ed nab\u00eddce.<\/p>\n<p><strong>Dos\u00e1hn\u011bte naprost\u00e9ho pohodl\u00ed a profesion\u00e1ln\u00edho vzhledu na pracovi\u0161ti s l\u00e9ka\u0159sk\u00fdmi pl\u00e1\u0161ti z<\/strong> \u0159ady <a href=\"https:\/\/medandbeauty.com\/cs\/shop\/pro-ni\/kolekce-premium\/\" target=\"_blank\" rel=\"noopener\"><strong>Med &amp; Beauty Premium<\/strong><\/a>. D\u00e1msk\u00e1 l\u00e9ka\u0159sk\u00e1 mikina \u010dern\u00e9 barvy se vyzna\u010duje:<\/p>\n<ul>\n<li>dv\u011b prostorn\u00e9 p\u0159edn\u00ed kapsy,<\/li>\n<li>m\u011bkk\u00e1 a prody\u0161n\u00e1 tkanina,<\/li>\n<li>se \u0161t\u00edhl\u00fdm, nad\u010dasov\u00fdm st\u0159ihem,<\/li>\n<li>personalizovan\u00e9 v\u00fd\u0161ivkou.<\/li>\n<\/ul>\n<p><strong>Dal\u0161\u00ed informace:<\/strong> Modelky na fotografi\u00edch maj\u00ed na sob\u011b \u010dernou d\u00e1mskou l\u00e9ka\u0159skou mikinu velikosti S a jsou vysok\u00e9 170-174 cm.<\/p>\n<p>Pokud si nev\u00edte rady s v\u00fdb\u011brem velikosti, pod\u00edvejte se na tabulku velikost\u00ed. Pokud st\u00e1le v\u00e1h\u00e1te &#8211; po\u0161lete n\u00e1m sv\u00e9 m\u00edry a my v\u00e1m u\u0161ijeme \u010dernou l\u00e9ka\u0159skou mikinu p\u0159esn\u011b na m\u00edru. <\/p>\n<h2>Zdravotnick\u00e1 halenka \u010dern\u00e1 pro \u017eeny<\/h2>\n<p>Barvy od\u011bv\u016f v <a href=\"https:\/\/medandbeauty.com\/cs\/shop\/pro-ni\/kolekce-premium\/\" target=\"_blank\" rel=\"noopener\">kolekci Premium<\/a> neodpov\u00eddaj\u00ed barv\u00e1m od\u011bv\u016f v <a href=\"https:\/\/medandbeauty.com\/cs\/shop\/pro-ni\/zakladni-kolekce\/\" target=\"_blank\" rel=\"noopener\">kolekci Basic<\/a> &#8211; jsou vyrobeny z jin\u00fdch materi\u00e1l\u016f.<\/p>\n<p><a href=\"https:\/\/medandbeauty.com\/cs\/\">Obchod se zdravotnick\u00fdm oble\u010den\u00edm<\/a> Med&amp;Beauty doporu\u010duje:<\/p>\n<ul>\n<li><a href=\"https:\/\/medandbeauty.com\/cs\/shop\/pro-ni\/\" target=\"_new\" rel=\"noopener\">d\u00e1msk\u00e9 zdravotnick\u00e9 oble\u010den\u00ed<\/a>,<\/li>\n<li><a href=\"https:\/\/medandbeauty.com\/cs\/rodzaj-ubrania\/lekarske-halenky\/\" target=\"_new\" rel=\"noopener\">l\u00e9ka\u0159sk\u00e9 halenky<\/a>,<\/li>\n<li><a href=\"https:\/\/medandbeauty.com\/cs\/shop\/pro-ni\/zakladni-kolekce\/lekarske-halenky\/\" target=\"_new\" rel=\"noopener\">d\u00e1msk\u00e9 l\u00e9ka\u0159sk\u00e9 halenky<\/a>,<\/li>\n<li><a href=\"https:\/\/medandbeauty.com\/cs\/shop\/pro-ni\/kolekce-premium\/lekarske-halenky-cs-4\/\" target=\"_new\" rel=\"noopener\">d\u00e1msk\u00e9 l\u00e9ka\u0159sk\u00e9 bavln\u011bn\u00e9 halenky.<\/a><\/li>\n<\/ul>\n<p>Vyz\u00fdv\u00e1me v\u00e1s k objedn\u00e1vk\u00e1m.<\/p>\n<p>Odst\u00edny jednotliv\u00fdch od\u011bv\u016f na fotografi\u00edch se mohou li\u0161it od skute\u010dn\u00fdch &#8211; to je zp\u016fsobeno r\u016fznorodost\u00ed dostupn\u00fdch elektronick\u00fdch za\u0159\u00edzen\u00ed a jejich individu\u00e1ln\u00edm nastaven\u00edm.<\/p>\n","protected":false},"excerpt":{"rendered":"<p>&nbsp; Zdravotnick\u00e1 mikina \u010dern\u00e1 &#8211; scrubs Klasick\u00e9 \u0161krabo\u0161ky, kter\u00e9 si z\u00edsk\u00e1vaj\u00ed srdce na\u0161ich z\u00e1kaznic, jsou nyn\u00ed k dispozici v pr\u00e9miov\u00e9 verzi! Dlouh\u00e1 pracovn\u00ed doba vy\u017eaduje zdravotnick\u00e9 od\u011bvy, kter\u00e9 poskytuj\u00ed co nejv\u011bt\u0161\u00ed pohodl\u00ed. Pr\u00e9miov\u00e1 d\u00e1msk\u00e1 l\u00e9ka\u0159sk\u00e1 bl\u016fza Scrubs v \u010dern\u00e9 barv\u011b je vyrobena z 80 % z vysoce kvalitn\u00ed bavlny s jemn\u00fdm p\u0159\u00edm\u011bs\u00ed lycry a nylonu. [&hellip;]<\/p>\n","protected":false},"featured_media":396585,"comment_status":"open","ping_status":"closed","template":"","meta":{"_acf_changed":false,"inline_featured_image":false},"kolor":[1172],"rodzaj-ubrania":[1087,1051],"ubranie":[1451],"product_brand":[],"product_cat":[1159,1450,1029,1373],"product_tag":[],"class_list":{"0":"post-396522","1":"product","2":"type-product","3":"status-publish","4":"has-post-thumbnail","6":"kolor-czernie-cs","7":"rodzaj-ubrania-lekarske-halenky","8":"rodzaj-ubrania-scrubs-cs","9":"ubranie-damske-lekarske-bluzy-scrubs-premium","10":"product_cat-kolekce-premium","11":"product_cat-lekarske-halenky-cs-4","12":"product_cat-pro-ni","13":"product_cat-scrubs-cs-2","15":"first","16":"instock","17":"taxable","18":"shipping-taxable","19":"purchasable","20":"product-type-variable"},"acf":[],"_links":{"self":[{"href":"https:\/\/medandbeauty.com\/cs\/wp-json\/wp\/v2\/product\/396522","targetHints":{"allow":["GET"]}}],"collection":[{"href":"https:\/\/medandbeauty.com\/cs\/wp-json\/wp\/v2\/product"}],"about":[{"href":"https:\/\/medandbeauty.com\/cs\/wp-json\/wp\/v2\/types\/product"}],"replies":[{"embeddable":true,"href":"https:\/\/medandbeauty.com\/cs\/wp-json\/wp\/v2\/comments?post=396522"}],"wp:featuredmedia":[{"embeddable":true,"href":"https:\/\/medandbeauty.com\/cs\/wp-json\/wp\/v2\/media\/396585"}],"wp:attachment":[{"href":"https:\/\/medandbeauty.com\/cs\/wp-json\/wp\/v2\/media?parent=396522"}],"wp:term":[{"taxonomy":"kolor","embeddable":true,"href":"https:\/\/medandbeauty.com\/cs\/wp-json\/wp\/v2\/kolor?post=396522"},{"taxonomy":"rodzaj-ubrania","embeddable":true,"href":"https:\/\/medandbeauty.com\/cs\/wp-json\/wp\/v2\/rodzaj-ubrania?post=396522"},{"taxonomy":"ubranie","embeddable":true,"href":"https:\/\/medandbeauty.com\/cs\/wp-json\/wp\/v2\/ubranie?post=396522"},{"taxonomy":"product_brand","embeddable":true,"href":"https:\/\/medandbeauty.com\/cs\/wp-json\/wp\/v2\/product_brand?post=396522"},{"taxonomy":"product_cat","embeddable":true,"href":"https:\/\/medandbeauty.com\/cs\/wp-json\/wp\/v2\/product_cat?post=396522"},{"taxonomy":"product_tag","embeddable":true,"href":"https:\/\/medandbeauty.com\/cs\/wp-json\/wp\/v2\/product_tag?post=396522"}],"curies":[{"name":"wp","href":"https:\/\/api.w.org\/{rel}","templated":true}]}}