{"id":396649,"date":"2024-01-02T15:08:11","date_gmt":"2024-01-02T15:08:11","guid":{"rendered":"https:\/\/medandbeauty.com\/product\/klasicky-damsky-lekarsky-plast-premium-white\/"},"modified":"2025-12-23T12:03:49","modified_gmt":"2025-12-23T11:03:49","slug":"klasicky-damsky-lekarsky-plast-premium-white","status":"publish","type":"product","link":"https:\/\/medandbeauty.com\/cs\/product\/klasicky-damsky-lekarsky-plast-premium-white\/","title":{"rendered":"Klasick\u00fd d\u00e1msk\u00fd l\u00e9ka\u0159sk\u00fd pl\u00e1\u0161\u0165 Premium WHITE"},"content":{"rendered":"<p style=\"font-weight: 400;\">Pokud hled\u00e1te <strong>klasickou d\u00e1mskou l\u00e9ka\u0159skou z\u00e1st\u011bru<\/strong> pro speci\u00e1ln\u00ed \u00fakoly &#8211; jste na spr\u00e1vn\u00e9m m\u00edst\u011b!<\/p>\n<p style=\"font-weight: 400;\"><strong>Klasick\u00e1 d\u00e1msk\u00e1 l\u00e9ka\u0159sk\u00e1 z\u00e1st\u011bra<\/strong> z <a href=\"https:\/\/medandbeauty.com\/cs\/shop\/pro-ni\/kolekce-premium\/\" target=\"_blank\" rel=\"noopener\">kolekce Premium<\/a> je model, kter\u00fd si obl\u00edbily tis\u00edce na\u0161ich z\u00e1kazn\u00edk\u016f pracuj\u00edc\u00edch ve <strong>zdravotnictv\u00ed<\/strong> a <strong>kosmetick\u00e9m<\/strong> <strong>pr\u016fmyslu<\/strong>.<\/p>\n<p style=\"font-weight: 400;\"><strong>Zdravotnick\u00e1 z\u00e1st\u011bra<\/strong> byla u\u0161ita z nejkvalitn\u011bj\u0161\u00ed pr\u00e9miov\u00e9 bavlny se sm\u011bs\u00ed lyriky a nylonu. D\u00edky t\u00e9to kombinaci vl\u00e1ken v materi\u00e1lu je pr\u00e1ce v na\u0161\u00ed <strong>l\u00e9ka\u0159sk\u00e9 z\u00e1st\u011b\u0159e<\/strong> mimo\u0159\u00e1dn\u011b pohodln\u00e1. <\/p>\n<p style=\"font-weight: 400;\">Klasick\u00e1 <strong>l\u00e9ka\u0159sk\u00e1 z\u00e1st\u011bra Med &amp; Beauty<\/strong> umo\u017e\u0148uje d\u00edky elasticit\u011b materi\u00e1lu pln\u00fd rozsah pohybu, i kdy\u017e je zapnut\u00e1.<\/p>\n<p style=\"font-weight: 400;\"><strong>Klasick\u00e1 d\u00e1msk\u00e1 l\u00e9ka\u0159sk\u00e1 z\u00e1st\u011bra Premium<\/strong> se zap\u00edn\u00e1 na patentky (patentky), tak\u017ee se snadno zap\u00edn\u00e1 a rozep\u00edn\u00e1 v ka\u017ed\u00e9 situaci.<\/p>\n<p style=\"font-weight: 400;\">Dv\u011b velk\u00e9 prostorn\u00e9 kapsy pojmou v\u0161echny drobnosti, kter\u00e9 pot\u0159ebujete do pr\u00e1ce, a dlouh\u00e9 ruk\u00e1vy ochr\u00e1n\u00ed va\u0161e pa\u017ee a p\u0159edlokt\u00ed.<\/p>\n<p style=\"font-weight: 400;\">Jednoduch\u00fd tvar <strong>z\u00e1st\u011bry<\/strong> a l\u00edmec v podob\u011b decentn\u00edho stoj\u00e1\u010dku podtrhuj\u00ed klasiku tohoto modelu a d\u00edky nim bude ka\u017ed\u00e1 \u017eena v na\u0161\u00ed klasick\u00e9 <strong>l\u00e9ka\u0159sk\u00e9 z\u00e1st\u011b\u0159e<\/strong> vypadat velmi profesion\u00e1ln\u011b.<\/p>\n<p style=\"font-weight: 400;\"><strong>Klasick\u00fd d\u00e1msk\u00fd l\u00e9ka\u0159sk\u00fd pl\u00e1\u0161\u0165<\/strong> m\u016f\u017eete kombinovat <strong>s n\u011bkter\u00fdm<\/strong> z t\u011bchto model\u016f <a href=\"https:\/\/medandbeauty.com\/cs\/shop\/pro-ni\/zakladni-kolekce\/\" target=\"_blank\" rel=\"noopener\"><strong>.<\/strong><\/a> nebo <a href=\"https:\/\/medandbeauty.com\/cs\/shop\/pro-ni\/kolekce-premium\/?rodzaj-ubrania=sukienki-medyczne\" target=\"_blank\" rel=\"noopener\"><strong>l\u00e9ka\u0159sk\u00fdmi pl\u00e1\u0161ti<\/strong><\/a> z kolekce <a href=\"https:\/\/medandbeauty.com\/cs\/shop\/pro-ni\/kolekce-premium\/\" target=\"_blank\" rel=\"noopener\"><strong>Med &amp; Beauty Premium<\/strong><\/a> nebo <a href=\"https:\/\/medandbeauty.com\/cs\/shop\/pro-ni\/zakladni-kolekce\/\" target=\"_blank\" rel=\"noopener\"><strong>Basic<\/strong><\/a>. V na\u0161\u00ed nab\u00eddce najdete v\u00edce ne\u017e tucet barev, kter\u00e9 se z\u00e1st\u011brou dokonale lad\u00ed.<\/p>\n<ul>\n<li style=\"font-weight: 400;\">Dv\u011b velk\u00e9, prostorn\u00e9 a praktick\u00e9 kapsy<\/li>\n<li style=\"font-weight: 400;\"><span style=\"font-family: inherit;\">P\u0159ipev\u0148uje se pomoc\u00ed praktick\u00fdch lisovac\u00edch \u010dep\u016f<\/span><\/li>\n<li style=\"font-weight: 400;\"><span style=\"font-family: inherit;\">Klasick\u00fd st\u0159ih se stoj\u00e1\u010dkem<\/span><\/li>\n<li style=\"font-weight: 400;\"><span style=\"font-family: inherit;\">Lze p\u0159izp\u016fsobit v\u00fd\u0161ivkou<\/span><\/li>\n<\/ul>\n<p style=\"font-weight: 400;\"><strong>Dal\u0161\u00ed informace:<\/strong><br \/>\nModelky na fotografi\u00edch maj\u00ed na sob\u011b velikost S a jsou vysok\u00e9 170-174 cm.<\/p>\n<p style=\"font-weight: 400;\">Pokud si nev\u00edte rady s v\u00fdb\u011brem velikosti, pod\u00edvejte se na tabulku velikost\u00ed. Pokud m\u00e1te dal\u0161\u00ed pochybnosti &#8211; po\u0161lete n\u00e1m sv\u00e9 m\u00edry a my v\u00e1m je p\u0159izp\u016fsob\u00edme. <\/p>\n<p style=\"font-weight: 400;\">Barvy od\u011bv\u016f v kolekci Premium neodpov\u00eddaj\u00ed barv\u00e1m od\u011bv\u016f v <a href=\"https:\/\/medandbeauty.com\/cs\/shop\/pro-ni\/zakladni-kolekce\/\" target=\"_blank\" rel=\"noopener\">kolekci Basic<\/a> &#8211; jsou vyrobeny z jin\u00fdch materi\u00e1l\u016f.<\/p>\n<p style=\"font-weight: 400;\">Odst\u00edny jednotliv\u00fdch od\u011bv\u016f na fotografi\u00edch se mohou li\u0161it od skute\u010dn\u00fdch &#8211; to je zp\u016fsobeno r\u016fznorodost\u00ed dostupn\u00fdch elektronick\u00fdch za\u0159\u00edzen\u00ed a jejich individu\u00e1ln\u00edm nastaven\u00edm.<\/p>\n","protected":false},"excerpt":{"rendered":"<p>Pokud hled\u00e1te klasickou d\u00e1mskou l\u00e9ka\u0159skou z\u00e1st\u011bru pro speci\u00e1ln\u00ed \u00fakoly &#8211; jste na spr\u00e1vn\u00e9m m\u00edst\u011b! Klasick\u00e1 d\u00e1msk\u00e1 l\u00e9ka\u0159sk\u00e1 z\u00e1st\u011bra z kolekce Premium je model, kter\u00fd si obl\u00edbily tis\u00edce na\u0161ich z\u00e1kazn\u00edk\u016f pracuj\u00edc\u00edch ve zdravotnictv\u00ed a kosmetick\u00e9m pr\u016fmyslu. Zdravotnick\u00e1 z\u00e1st\u011bra byla u\u0161ita z nejkvalitn\u011bj\u0161\u00ed pr\u00e9miov\u00e9 bavlny se sm\u011bs\u00ed lyriky a nylonu. D\u00edky t\u00e9to kombinaci vl\u00e1ken v materi\u00e1lu je [&hellip;]<\/p>\n","protected":false},"featured_media":396665,"comment_status":"open","ping_status":"closed","template":"","meta":{"_acf_changed":false,"inline_featured_image":false},"kolor":[],"rodzaj-ubrania":[1318],"ubranie":[1455],"product_brand":[],"product_cat":[1224,1159,1029,1317],"product_tag":[],"class_list":{"0":"post-396649","1":"product","2":"type-product","3":"status-publish","4":"has-post-thumbnail","6":"rodzaj-ubrania-zdravotnicke-plaste","7":"ubranie-klasicky-damsky-lekarsky-plast-premium","8":"product_cat-bestsellery-cs","9":"product_cat-kolekce-premium","10":"product_cat-pro-ni","11":"product_cat-zdravotnicke-plaste","13":"first","14":"instock","15":"taxable","16":"shipping-taxable","17":"purchasable","18":"product-type-variable"},"acf":[],"_links":{"self":[{"href":"https:\/\/medandbeauty.com\/cs\/wp-json\/wp\/v2\/product\/396649","targetHints":{"allow":["GET"]}}],"collection":[{"href":"https:\/\/medandbeauty.com\/cs\/wp-json\/wp\/v2\/product"}],"about":[{"href":"https:\/\/medandbeauty.com\/cs\/wp-json\/wp\/v2\/types\/product"}],"replies":[{"embeddable":true,"href":"https:\/\/medandbeauty.com\/cs\/wp-json\/wp\/v2\/comments?post=396649"}],"wp:featuredmedia":[{"embeddable":true,"href":"https:\/\/medandbeauty.com\/cs\/wp-json\/wp\/v2\/media\/396665"}],"wp:attachment":[{"href":"https:\/\/medandbeauty.com\/cs\/wp-json\/wp\/v2\/media?parent=396649"}],"wp:term":[{"taxonomy":"kolor","embeddable":true,"href":"https:\/\/medandbeauty.com\/cs\/wp-json\/wp\/v2\/kolor?post=396649"},{"taxonomy":"rodzaj-ubrania","embeddable":true,"href":"https:\/\/medandbeauty.com\/cs\/wp-json\/wp\/v2\/rodzaj-ubrania?post=396649"},{"taxonomy":"ubranie","embeddable":true,"href":"https:\/\/medandbeauty.com\/cs\/wp-json\/wp\/v2\/ubranie?post=396649"},{"taxonomy":"product_brand","embeddable":true,"href":"https:\/\/medandbeauty.com\/cs\/wp-json\/wp\/v2\/product_brand?post=396649"},{"taxonomy":"product_cat","embeddable":true,"href":"https:\/\/medandbeauty.com\/cs\/wp-json\/wp\/v2\/product_cat?post=396649"},{"taxonomy":"product_tag","embeddable":true,"href":"https:\/\/medandbeauty.com\/cs\/wp-json\/wp\/v2\/product_tag?post=396649"}],"curies":[{"name":"wp","href":"https:\/\/api.w.org\/{rel}","templated":true}]}}