{"id":396662,"date":"2024-01-02T15:41:44","date_gmt":"2024-01-02T15:41:44","guid":{"rendered":"https:\/\/medandbeauty.com\/product\/damska-lekarska-bluza-scrubs-premium-white\/"},"modified":"2025-12-23T12:03:49","modified_gmt":"2025-12-23T11:03:49","slug":"damska-lekarska-bluza-scrubs-premium-white","status":"publish","type":"product","link":"https:\/\/medandbeauty.com\/cs\/product\/damska-lekarska-bluza-scrubs-premium-white\/","title":{"rendered":"D\u00e1msk\u00e1 l\u00e9ka\u0159sk\u00e1 bl\u016fza Scrubs Premium WHITE"},"content":{"rendered":"<h2>L\u00e9ka\u0159sk\u00e1 mikina b\u00edl\u00e1 Scrubs premium<\/h2>\n<p>Klasick\u00e9 k\u0159oviny, kter\u00e9 si obl\u00edbily tis\u00edce na\u0161ich z\u00e1kazn\u00edk\u016f, jsou nyn\u00ed k dispozici v pr\u00e9miov\u00e9 verzi!<\/p>\n<p>Dlouh\u00e1 a intenzivn\u00ed pracovn\u00ed doba vy\u017eaduje <strong>co nejpohodln\u011bj\u0161\u00ed l\u00e9ka\u0159sk\u00e9 oble\u010den\u00ed<\/strong>. <strong>B\u00edl\u00e1 d\u00e1msk\u00e1 l\u00e9ka\u0159sk\u00e1 bl\u016fza Scrubs Premium<\/strong> byla u\u0161ita z cel\u00fdch 80 % z bavlny s jemn\u00fdm p\u0159\u00edm\u011bs\u00ed lycry a nylonu.<\/p>\n<p>D\u00edky t\u00e9to kombinaci vl\u00e1ken v tkanin\u011b je b\u00edl\u00e1 l\u00e9ka\u0159sk\u00e1 mikina m\u011bkk\u00e1, odoln\u00e1, dokonale padnouc\u00ed, neomezuj\u00edc\u00ed a hlavn\u011b prody\u0161n\u00e1.<\/p>\n<p><strong>B\u00edl\u00e1 d\u00e1msk\u00e1 l\u00e9ka\u0159sk\u00e1 bl\u016fza Scrubs Premium<\/strong> je dokonal\u00fdm z\u00e1kladem pro nejpohodln\u011bj\u0161\u00ed a nejuniverz\u00e1ln\u011bj\u0161\u00ed l\u00e9ka\u0159sk\u00fd \u0161atn\u00edk.<\/p>\n<p>D\u00edky dv\u011bma prostorn\u00fdm a praktick\u00fdm p\u0159edn\u00edm kaps\u00e1m si budete moci vz\u00edt v\u0161echny v\u011bci, kter\u00e9 chcete m\u00edt neust\u00e1le po ruce.<\/p>\n<p>B\u00edl\u00e1 d\u00e1msk\u00e1 l\u00e9ka\u0159sk\u00e1 halenka m\u00e1 klasick\u00fd v\u00fdst\u0159ih do V, kter\u00fd opticky prodlu\u017euje postavu, p\u0159il\u00e9hav\u00fd st\u0159ih, kter\u00fd zv\u00fdraz\u0148uje \u017eenskou postavu, a ruk\u00e1vy t\u00e9m\u011b\u0159 po lokty, kter\u00e9 chr\u00e1n\u00ed ramena p\u0159i pr\u00e1ci a neomezuj\u00ed volnost pohybu.<\/p>\n<h2>B\u00edl\u00e1 l\u00e9ka\u0159sk\u00e1 mikina &#8211; pohodl\u00ed a kvalita<\/h2>\n<p>Shoduj\u00ed se s <strong>b\u00edl\u00fdmi d\u00e1msk\u00fdmi l\u00e9ka\u0159sk\u00fdmi k\u0159ovinami pr\u00e9miov\u00e9 halenky<\/strong> <a href=\"https:\/\/medandbeauty.com\/produkt\/spodnie-medyczne-damskie-joggery-scrubs-premium-biale\/\" target=\"_blank\" rel=\"noopener\"><strong>l\u00e9ka\u0159sk\u00e9 tepl\u00e1ky<\/strong><\/a>, <a href=\"https:\/\/medandbeauty.com\/produkt\/spodnie-medyczne-damskie-proste-scrubs-premium-biale\/\" target=\"_blank\" rel=\"noopener\"><strong>rovn\u00e9 l\u00e9ka\u0159sk\u00e9 kalhoty<\/strong><\/a> nebo <a href=\"https:\/\/medandbeauty.com\/produkt\/spodnie-medyczne-damskie-przylegajace-premium-biale\/\" target=\"_blank\" rel=\"noopener\"><strong>p\u0159il\u00e9hav\u00e9 l\u00e9ka\u0159sk\u00e9 kalhoty<\/strong><\/a> ve stejn\u00e9 barv\u011b nebo libovoln\u011b kombinovat odst\u00edny z na\u0161\u00ed nab\u00eddky.<\/p>\n<p>Zajist\u011bte si dokonal\u00e9 pohodl\u00ed a profesion\u00e1ln\u00ed vzhled p\u0159i pr\u00e1ci se zdravotnick\u00fdm oble\u010den\u00edm od spole\u010dnosti <a href=\"https:\/\/medandbeauty.com\/cs\/shop\/pro-ni\/kolekce-premium\/\" target=\"_blank\" rel=\"noopener\"><strong>Med &amp; Beauty Premium Collection<\/strong><\/a>. \u010c\u00edm na\u0161e b\u00edl\u00e1 l\u00e9ka\u0159sk\u00e1 mikina vynik\u00e1?<\/p>\n<ul>\n<li>dv\u011b prostorn\u00e9 p\u0159edn\u00ed kapsy,<\/li>\n<li>m\u011bkk\u00e1 a prody\u0161n\u00e1 tkanina,<\/li>\n<li>Nad\u010dasov\u00fd st\u0159ih s \u00fazk\u00fdm st\u0159ihem,<\/li>\n<li>je mo\u017en\u00e1 personalizace formou v\u00fd\u0161ivky.<\/li>\n<\/ul>\n<p><strong>Dal\u0161\u00ed informace:<\/strong> Modelky na fotografi\u00edch maj\u00ed na sob\u011b d\u00e1mskou l\u00e9ka\u0159skou b\u00edlou mikinu velikosti S a jsou vysok\u00e9 170-174 cm.<\/p>\n<p>Pokud si nev\u00edte rady s v\u00fdb\u011brem velikosti, pod\u00edvejte se na tabulku velikost\u00ed. Pokud m\u00e1te dal\u0161\u00ed pochybnosti &#8211; po\u0161lete n\u00e1m sv\u00e9 m\u00edry a my v\u00e1m je p\u0159izp\u016fsob\u00edme. <\/p>\n<p>Barvy od\u011bv\u016f v <a href=\"https:\/\/medandbeauty.com\/cs\/shop\/pro-ni\/kolekce-premium\/\" target=\"_blank\" rel=\"noopener\">kolekci Premium<\/a> neodpov\u00eddaj\u00ed barv\u00e1m od\u011bv\u016f v <a href=\"https:\/\/medandbeauty.com\/cs\/shop\/pro-ni\/zakladni-kolekce\/\" target=\"_blank\" rel=\"noopener\">kolekci Basic<\/a> &#8211; jsou vyrobeny z jin\u00fdch materi\u00e1l\u016f.<\/p>\n<p>Obchod se zdravotnick\u00fdm oble\u010den\u00edm nab\u00edz\u00ed:<\/p>\n<ul>\n<li><a href=\"https:\/\/medandbeauty.com\/cs\/shop\/pro-ni\/\" target=\"_new\" rel=\"noopener\">d\u00e1msk\u00e9 zdravotnick\u00e9 oble\u010den\u00ed<\/a>,<\/li>\n<li><a href=\"https:\/\/medandbeauty.com\/cs\/rodzaj-ubrania\/lekarske-halenky\/\" target=\"_new\" rel=\"noopener\">l\u00e9ka\u0159sk\u00e9 halenky<\/a>,<\/li>\n<li><a href=\"https:\/\/medandbeauty.com\/cs\/shop\/pro-ni\/zakladni-kolekce\/lekarske-halenky\/\" target=\"_new\" rel=\"noopener\">d\u00e1msk\u00e9 l\u00e9ka\u0159sk\u00e9 halenky<\/a>,<\/li>\n<li><a href=\"https:\/\/medandbeauty.com\/cs\/shop\/pro-ni\/kolekce-premium\/lekarske-halenky-cs-4\/\" target=\"_new\" rel=\"noopener\">d\u00e1msk\u00e9 l\u00e9ka\u0159sk\u00e9 bavln\u011bn\u00e9 halenky.<\/a><\/li>\n<\/ul>\n<p>Doporu\u010dujeme v\u00e1m, abyste si objednali d\u00e1mskou l\u00e9ka\u0159skou b\u00edlou mikinu a dal\u0161\u00ed l\u00e9ka\u0159sk\u00e9 oble\u010den\u00ed.<\/p>\n<p>Odst\u00edny jednotliv\u00fdch od\u011bv\u016f na fotografi\u00edch se mohou li\u0161it od skute\u010dn\u00fdch &#8211; to je zp\u016fsobeno r\u016fznorodost\u00ed dostupn\u00fdch elektronick\u00fdch za\u0159\u00edzen\u00ed a jejich individu\u00e1ln\u00edm nastaven\u00edm.<\/p>\n","protected":false},"excerpt":{"rendered":"<p>L\u00e9ka\u0159sk\u00e1 mikina b\u00edl\u00e1 Scrubs premium Klasick\u00e9 k\u0159oviny, kter\u00e9 si obl\u00edbily tis\u00edce na\u0161ich z\u00e1kazn\u00edk\u016f, jsou nyn\u00ed k dispozici v pr\u00e9miov\u00e9 verzi! Dlouh\u00e1 a intenzivn\u00ed pracovn\u00ed doba vy\u017eaduje co nejpohodln\u011bj\u0161\u00ed l\u00e9ka\u0159sk\u00e9 oble\u010den\u00ed. B\u00edl\u00e1 d\u00e1msk\u00e1 l\u00e9ka\u0159sk\u00e1 bl\u016fza Scrubs Premium byla u\u0161ita z cel\u00fdch 80 % z bavlny s jemn\u00fdm p\u0159\u00edm\u011bs\u00ed lycry a nylonu. D\u00edky t\u00e9to kombinaci vl\u00e1ken v [&hellip;]<\/p>\n","protected":false},"featured_media":396692,"comment_status":"open","ping_status":"closed","template":"","meta":{"_acf_changed":false,"inline_featured_image":false},"kolor":[1066],"rodzaj-ubrania":[1087,1051],"ubranie":[1451],"product_brand":[],"product_cat":[1159,1450,1029,1373],"product_tag":[],"class_list":{"0":"post-396662","1":"product","2":"type-product","3":"status-publish","4":"has-post-thumbnail","6":"kolor-bile","7":"rodzaj-ubrania-lekarske-halenky","8":"rodzaj-ubrania-scrubs-cs","9":"ubranie-damske-lekarske-bluzy-scrubs-premium","10":"product_cat-kolekce-premium","11":"product_cat-lekarske-halenky-cs-4","12":"product_cat-pro-ni","13":"product_cat-scrubs-cs-2","15":"first","16":"instock","17":"taxable","18":"shipping-taxable","19":"purchasable","20":"product-type-variable"},"acf":[],"_links":{"self":[{"href":"https:\/\/medandbeauty.com\/cs\/wp-json\/wp\/v2\/product\/396662","targetHints":{"allow":["GET"]}}],"collection":[{"href":"https:\/\/medandbeauty.com\/cs\/wp-json\/wp\/v2\/product"}],"about":[{"href":"https:\/\/medandbeauty.com\/cs\/wp-json\/wp\/v2\/types\/product"}],"replies":[{"embeddable":true,"href":"https:\/\/medandbeauty.com\/cs\/wp-json\/wp\/v2\/comments?post=396662"}],"wp:featuredmedia":[{"embeddable":true,"href":"https:\/\/medandbeauty.com\/cs\/wp-json\/wp\/v2\/media\/396692"}],"wp:attachment":[{"href":"https:\/\/medandbeauty.com\/cs\/wp-json\/wp\/v2\/media?parent=396662"}],"wp:term":[{"taxonomy":"kolor","embeddable":true,"href":"https:\/\/medandbeauty.com\/cs\/wp-json\/wp\/v2\/kolor?post=396662"},{"taxonomy":"rodzaj-ubrania","embeddable":true,"href":"https:\/\/medandbeauty.com\/cs\/wp-json\/wp\/v2\/rodzaj-ubrania?post=396662"},{"taxonomy":"ubranie","embeddable":true,"href":"https:\/\/medandbeauty.com\/cs\/wp-json\/wp\/v2\/ubranie?post=396662"},{"taxonomy":"product_brand","embeddable":true,"href":"https:\/\/medandbeauty.com\/cs\/wp-json\/wp\/v2\/product_brand?post=396662"},{"taxonomy":"product_cat","embeddable":true,"href":"https:\/\/medandbeauty.com\/cs\/wp-json\/wp\/v2\/product_cat?post=396662"},{"taxonomy":"product_tag","embeddable":true,"href":"https:\/\/medandbeauty.com\/cs\/wp-json\/wp\/v2\/product_tag?post=396662"}],"curies":[{"name":"wp","href":"https:\/\/api.w.org\/{rel}","templated":true}]}}