{"id":396743,"date":"2023-12-28T23:13:24","date_gmt":"2023-12-28T23:13:24","guid":{"rendered":"https:\/\/medandbeauty.com\/product\/damsky-lekarsky-plast-s-premiovym-vystrihem-bily\/"},"modified":"2025-12-23T12:03:25","modified_gmt":"2025-12-23T11:03:25","slug":"damsky-lekarsky-plast-s-premiovym-vystrihem-bily","status":"publish","type":"product","link":"https:\/\/medandbeauty.com\/cs\/product\/damsky-lekarsky-plast-s-premiovym-vystrihem-bily\/","title":{"rendered":"D\u00e1msk\u00fd l\u00e9ka\u0159sk\u00fd pl\u00e1\u0161\u0165 s pr\u00e9miov\u00fdm v\u00fdst\u0159ihem B\u00cdL\u00dd"},"content":{"rendered":"<p style=\"font-weight: 400;\"><strong>B\u00edl\u00e1 l\u00e9ka\u0159sk\u00e1 z\u00e1st\u011bra s pr\u00e9miov\u00fdm v\u00fdst\u0159ihem<\/strong> je ide\u00e1ln\u00edm modelem <strong>z\u00e1st\u011bry<\/strong> pro v\u0161echny \u017eeny pracuj\u00edc\u00ed ve zdravotnictv\u00ed a kosmetick\u00e9m pr\u016fmyslu, kter\u00e9 oce\u0148uj\u00ed minimalismus, jednoduchost a eleganci.<\/p>\n<p style=\"font-weight: 400;\"><strong>B\u00edl\u00e1 l\u00e9ka\u0159sk\u00e1 z\u00e1st\u011bra s v\u00fdst\u0159ihem z <a href=\"https:\/\/medandbeauty.com\/cs\/shop\/pro-ni\/kolekce-premium\/\" target=\"_blank\" rel=\"noopener\">kolekce Premium byla<\/a><\/strong> vyrobena ze sm\u011bsi nejkvalitn\u011bj\u0161\u00ed bavlny, nylonu a lycry. D\u00edky t\u00e9to kombinaci vl\u00e1ken v tkanin\u011b jsou <strong>uniformy Med&amp;Beauty prody\u0161n\u00e9<\/strong>, dokonale padnou ka\u017ed\u00e9mu typu postavy a zaji\u0161\u0165uj\u00ed pln\u00e9 pohodl\u00ed b\u011bhem dlouh\u00fdch hodin pr\u00e1ce.<\/p>\n<p style=\"font-weight: 400;\">V\u0161echny modely <strong>zdravotnick\u00fdch<\/strong> svrchn\u00edch <strong>od\u011bv\u016f<\/strong> od spole\u010dnosti <strong>Med &amp; Beauty<\/strong> jsou vybaveny praktick\u00fdmi a prostorn\u00fdmi kapsami, do kter\u00fdch m\u016f\u017eete ulo\u017eit v\u0161echny v\u011bci, kter\u00e9 chcete m\u00edt po ruce.<\/p>\n<p style=\"font-weight: 400;\">Velkou v\u00fdhodou <strong>b\u00edl\u00e9 l\u00e9ka\u0159sk\u00e9 z\u00e1st\u011bry s v\u00fdst\u0159ihem<\/strong> z kolekce Premium je jej\u00ed zap\u00edn\u00e1n\u00ed. Pohodln\u00e9 patentky umo\u017e\u0148uj\u00ed z\u00e1st\u011bru snadno a rychle zap\u00ednat a rozep\u00ednat. <\/p>\n<p style=\"font-weight: 400;\">Trap\u00e9zov\u00fd v\u00fdst\u0159ih je nad\u010dasov\u00fd i modern\u00ed a d\u00e9lka z\u00e1st\u011bry byla zvolena tak, aby kr\u00e1sn\u011b sed\u011bla na ka\u017ed\u00e9 postav\u011b.<\/p>\n<p style=\"font-weight: 400;\">Ve spole\u010dnosti <strong>Med &amp; Beauty<\/strong> se zam\u011b\u0159ujeme nejen na pohodl\u00ed p\u0159i no\u0161en\u00ed, ale tak\u00e9 na estetick\u00fd a profesion\u00e1ln\u00ed vzhled. <strong>B\u00edl\u00e1 l\u00e9ka\u0159sk\u00e1 z\u00e1st\u011bra s v\u00fdst\u0159ihem<\/strong> m\u00e1 p\u0159il\u00e9hav\u00fd st\u0159ih, kter\u00fd dokonale zd\u016frazn\u00ed v\u0161echny p\u0159ednosti \u017eensk\u00e9 postavy.<\/p>\n<p style=\"font-weight: 400;\"><strong>B\u00edl\u00e1 l\u00e9ka\u0159sk\u00e1 z\u00e1st\u011bra s v\u00fdst\u0159ihem<\/strong> vypad\u00e1 skv\u011ble s <a href=\"https:\/\/medandbeauty.com\/cs\/product\/damske-lekarske-kalhoty-premium-fit-bile\/\" target=\"_blank\" rel=\"noopener\"><strong>l\u00e9ka\u0159sk\u00e9 kalhoty<\/strong><\/a>ze stejn\u00e9ho materi\u00e1lu.<\/p>\n<p><span style=\"font-weight: 400;\">Slad\u011bte <strong>l\u00e9ka\u0159sk\u00e9 kalhoty<\/strong> se stejnou b\u00edlou barvou nebo s jak\u00fdmkoli odst\u00ednem z mnoha dostupn\u00fdch v na\u0161\u00ed nab\u00eddce.<strong><br \/>\n<\/strong><\/span><\/p>\n<ul>\n<li>Elegantn\u00ed lichob\u011b\u017en\u00edkov\u00fd v\u00fdst\u0159ih<\/li>\n<li>\n<p style=\"font-weight: 400;\">Pohodln\u00e9 zap\u00edn\u00e1n\u00ed na patentky<\/p>\n<\/li>\n<li>\n<p style=\"font-weight: 400;\">Klasick\u00fd \u00fazk\u00fd st\u0159ih pro lichotivou siluetu<\/p>\n<\/li>\n<li>\n<p style=\"font-weight: 400;\">Dv\u011b prostorn\u00e9 p\u0159edn\u00ed kapsy s n\u00e1\u0161ivkami<\/p>\n<\/li>\n<li>\n<p style=\"font-weight: 400;\"><span style=\"font-family: inherit;\">Lze p\u0159izp\u016fsobit v\u00fd\u0161ivkou<\/span><\/p>\n<\/li>\n<\/ul>\n<p>&nbsp;<\/p>\n<p style=\"font-weight: 400;\"><strong>Dal\u0161\u00ed informace:<\/strong><br \/>\nModelky na fotografi\u00edch maj\u00ed na sob\u011b velikost S a jsou vysok\u00e9 170-174 cm.<\/p>\n<p style=\"font-weight: 400;\">Pokud si nev\u00edte rady s v\u00fdb\u011brem velikosti, pod\u00edvejte se na tabulku velikost\u00ed. Pokud m\u00e1te dal\u0161\u00ed pochybnosti &#8211; po\u0161lete n\u00e1m sv\u00e9 m\u00edry a my v\u00e1m je p\u0159izp\u016fsob\u00edme. <\/p>\n<p style=\"font-weight: 400;\">Barvy od\u011bv\u016f v <a href=\"https:\/\/medandbeauty.com\/cs\/shop\/pro-ni\/kolekce-premium\/\" target=\"_blank\" rel=\"noopener\">kolekci Premium<\/a> neodpov\u00eddaj\u00ed barv\u00e1m od\u011bv\u016f v <a href=\"https:\/\/medandbeauty.com\/cs\/shop\/pro-ni\/zakladni-kolekce\/\" target=\"_blank\" rel=\"noopener\">kolekci Basic<\/a> &#8211; jsou vyrobeny z jin\u00fdch materi\u00e1l\u016f.<\/p>\n<p style=\"font-weight: 400;\">Odst\u00edny jednotliv\u00fdch od\u011bv\u016f na fotografi\u00edch se mohou li\u0161it od skute\u010dn\u00fdch &#8211; to je zp\u016fsobeno r\u016fznorodost\u00ed dostupn\u00fdch elektronick\u00fdch za\u0159\u00edzen\u00ed a jejich individu\u00e1ln\u00edm nastaven\u00edm.<\/p>\n<p>&nbsp;<\/p>\n","protected":false},"excerpt":{"rendered":"<p>B\u00edl\u00e1 l\u00e9ka\u0159sk\u00e1 z\u00e1st\u011bra s pr\u00e9miov\u00fdm v\u00fdst\u0159ihem je ide\u00e1ln\u00edm modelem z\u00e1st\u011bry pro v\u0161echny \u017eeny pracuj\u00edc\u00ed ve zdravotnictv\u00ed a kosmetick\u00e9m pr\u016fmyslu, kter\u00e9 oce\u0148uj\u00ed minimalismus, jednoduchost a eleganci. B\u00edl\u00e1 l\u00e9ka\u0159sk\u00e1 z\u00e1st\u011bra s v\u00fdst\u0159ihem z kolekce Premium byla vyrobena ze sm\u011bsi nejkvalitn\u011bj\u0161\u00ed bavlny, nylonu a lycry. D\u00edky t\u00e9to kombinaci vl\u00e1ken v tkanin\u011b jsou uniformy Med&amp;Beauty prody\u0161n\u00e9, dokonale padnou ka\u017ed\u00e9mu [&hellip;]<\/p>\n","protected":false},"featured_media":396744,"comment_status":"open","ping_status":"closed","template":"","meta":{"_acf_changed":false,"inline_featured_image":false},"kolor":[1066],"rodzaj-ubrania":[1318],"ubranie":[1454],"product_brand":[],"product_cat":[1159,1029,1317],"product_tag":[],"class_list":{"0":"post-396743","1":"product","2":"type-product","3":"status-publish","4":"has-post-thumbnail","6":"kolor-bile","7":"rodzaj-ubrania-zdravotnicke-plaste","8":"ubranie-premiovy-lekarsky-plast-pro-zeny-s-vystrihem","9":"product_cat-kolekce-premium","10":"product_cat-pro-ni","11":"product_cat-zdravotnicke-plaste","13":"first","14":"instock","15":"taxable","16":"shipping-taxable","17":"purchasable","18":"product-type-variable","19":"has-default-attributes"},"acf":[],"_links":{"self":[{"href":"https:\/\/medandbeauty.com\/cs\/wp-json\/wp\/v2\/product\/396743","targetHints":{"allow":["GET"]}}],"collection":[{"href":"https:\/\/medandbeauty.com\/cs\/wp-json\/wp\/v2\/product"}],"about":[{"href":"https:\/\/medandbeauty.com\/cs\/wp-json\/wp\/v2\/types\/product"}],"replies":[{"embeddable":true,"href":"https:\/\/medandbeauty.com\/cs\/wp-json\/wp\/v2\/comments?post=396743"}],"wp:featuredmedia":[{"embeddable":true,"href":"https:\/\/medandbeauty.com\/cs\/wp-json\/wp\/v2\/media\/396744"}],"wp:attachment":[{"href":"https:\/\/medandbeauty.com\/cs\/wp-json\/wp\/v2\/media?parent=396743"}],"wp:term":[{"taxonomy":"kolor","embeddable":true,"href":"https:\/\/medandbeauty.com\/cs\/wp-json\/wp\/v2\/kolor?post=396743"},{"taxonomy":"rodzaj-ubrania","embeddable":true,"href":"https:\/\/medandbeauty.com\/cs\/wp-json\/wp\/v2\/rodzaj-ubrania?post=396743"},{"taxonomy":"ubranie","embeddable":true,"href":"https:\/\/medandbeauty.com\/cs\/wp-json\/wp\/v2\/ubranie?post=396743"},{"taxonomy":"product_brand","embeddable":true,"href":"https:\/\/medandbeauty.com\/cs\/wp-json\/wp\/v2\/product_brand?post=396743"},{"taxonomy":"product_cat","embeddable":true,"href":"https:\/\/medandbeauty.com\/cs\/wp-json\/wp\/v2\/product_cat?post=396743"},{"taxonomy":"product_tag","embeddable":true,"href":"https:\/\/medandbeauty.com\/cs\/wp-json\/wp\/v2\/product_tag?post=396743"}],"curies":[{"name":"wp","href":"https:\/\/api.w.org\/{rel}","templated":true}]}}