{"id":396780,"date":"2024-01-05T19:28:52","date_gmt":"2024-01-05T19:28:52","guid":{"rendered":"https:\/\/medandbeauty.com\/product\/damske-lekarske-kalhoty-proste-scrubs-premium-white\/"},"modified":"2025-12-23T12:06:27","modified_gmt":"2025-12-23T11:06:27","slug":"damske-lekarske-kalhoty-proste-scrubs-premium-white","status":"publish","type":"product","link":"https:\/\/medandbeauty.com\/cs\/product\/damske-lekarske-kalhoty-proste-scrubs-premium-white\/","title":{"rendered":"D\u00e1msk\u00e9 l\u00e9ka\u0159sk\u00e9 kalhoty PROSTE scrubs premium WHITE"},"content":{"rendered":"<p style=\"font-weight: 400;\">Tento model budou zbo\u017e\u0148ovat v\u0161ichni milovn\u00edci klasick\u00e9ho a elegantn\u00edho stylu!<\/p>\n<p style=\"font-weight: 400;\">Chcete v pr\u00e1ci vypadat skv\u011ble a c\u00edtit se stejn\u011b dob\u0159e?<\/p>\n<p style=\"font-weight: 400;\">Na\u0161e <strong>b\u00edl\u00e9 rovn\u00e9 l\u00e9ka\u0159sk\u00e9 kalhoty z <a href=\"https:\/\/medandbeauty.com\/cs\/shop\/pro-ni\/kolekce-premium\/\" target=\"_blank\" rel=\"noopener\">kolekce Premium<\/a><\/strong> jsou ide\u00e1ln\u00ed volbou pro v\u0161echny \u017eeny, kter\u00e9 si cen\u00ed dokonal\u00e9ho vzhledu a pohodl\u00ed v pr\u00e1ci.<\/p>\n<p style=\"font-weight: 400;\"><strong>D\u00e1msk\u00e9 rovn\u00e9 kalhoty Scrubs Premium v b\u00edl\u00e9 bar<\/strong> v\u011b jsou vyrobeny z p\u0159\u00edjemn\u00e9 a na dotek m\u011bkk\u00e9 tkaniny, tak\u017ee zaru\u010duj\u00ed pln\u00fd rozsah pohybu a v\u00fdjime\u010dn\u00fd komfort p\u0159i no\u0161en\u00ed.<\/p>\n<p style=\"font-weight: 400;\">D\u00edky kombinaci 80 % prvot\u0159\u00eddn\u00ed bavlny s nylonem a lycrou tkanina dokonale padne ka\u017ed\u00e9 postav\u011b a je odoln\u00e1 a prody\u0161n\u00e1.<\/p>\n<p style=\"font-weight: 400;\">D\u00edky \u010dty\u0159em funk\u010dn\u00edm kaps\u00e1m (dv\u011bma p\u0159edn\u00edm a dv\u011bma zadn\u00edm) si s sebou budete moci vz\u00edt ve\u0161ker\u00e9 p\u0159\u00edslu\u0161enstv\u00ed, kter\u00e9 v pr\u00e1ci pot\u0159ebujete.<\/p>\n<p style=\"font-weight: 400;\">M\u00edrn\u011b z\u00fa\u017een\u00fd st\u0159ih zd\u016frazn\u00ed p\u0159ednosti ka\u017ed\u00e9 postavy, zat\u00edmco elastick\u00fd pas se p\u0159izp\u016fsob\u00ed t\u011blu a kalhoty jsou mimo\u0159\u00e1dn\u011b pohodln\u00e9.<\/p>\n<p style=\"font-weight: 400;\">Zv\u00fd\u0161en\u00fd pas <strong>pr\u00e9miov\u00fdch b\u00edl\u00fdch rovn\u00fdch zdravotnick\u00fdch kalhot<\/strong> kr\u00e1sn\u011b tvaruje postavu a zabra\u0148uje sklouz\u00e1v\u00e1n\u00ed kalhot dol\u016f.<\/p>\n<p style=\"font-weight: 400;\">Slu\u010duje se s <strong>b\u00edl\u00fdmi rovn\u00fdmi l\u00e9ka\u0159sk\u00fdmi kalhotami Scrubs Premium<\/strong> <a href=\"https:\/\/medandbeauty.com\/cs\/product\/damska-lekarska-bluza-scrubs-premium-white\/\" target=\"_blank\" rel=\"noopener\"><strong>l\u00e9ka\u0159sk\u00e1 bl\u016fza<\/strong><\/a> ve stejn\u00e9 barv\u011b nebo v jin\u00e9m odst\u00ednu z na\u0161\u00ed kolekce. <a href=\"https:\/\/medandbeauty.com\/cs\/shop\/pro-ni\/kolekce-premium\/\" target=\"_blank\" rel=\"noopener\"><strong>kolekce<\/strong><\/a> a vytvo\u0159te si jedine\u010dn\u00fd komplet!<\/p>\n<ul>\n<li style=\"font-weight: 400;\">Celkem 4 prostorn\u00e9 kapsy &#8211; dv\u011b p\u0159edn\u00ed a dv\u011b zadn\u00ed.<\/li>\n<li style=\"font-weight: 400;\"><span style=\"font-family: inherit;\">Rovn\u00e9, m\u00edrn\u011b z\u00fa\u017een\u00e9 nohy<\/span><\/li>\n<li style=\"font-weight: 400;\"><span style=\"font-family: inherit;\">Vysok\u00fd n\u00e1rt se \u0161irok\u00fdm elastick\u00fdm pasem<\/span><\/li>\n<li style=\"font-weight: 400;\"><span style=\"font-family: inherit;\">Elegantn\u00ed a jemn\u00e9 rozparky na nohavic\u00edch<\/span><\/li>\n<\/ul>\n<p>&nbsp;<\/p>\n<p style=\"font-weight: 400;\"><strong>Dal\u0161\u00ed informace:<\/strong><br \/>\nModelky na fotografi\u00edch maj\u00ed na sob\u011b velikost S a jsou vysok\u00e9 170-174 cm.<\/p>\n<p style=\"font-weight: 400;\">Pokud si nev\u00edte rady s v\u00fdb\u011brem velikosti, pod\u00edvejte se na tabulku velikost\u00ed. Pokud m\u00e1te dal\u0161\u00ed pochybnosti &#8211; po\u0161lete n\u00e1m sv\u00e9 m\u00edry a my v\u00e1m je p\u0159izp\u016fsob\u00edme. <\/p>\n<p style=\"font-weight: 400;\">Barvy od\u011bv\u016f v <a href=\"https:\/\/medandbeauty.com\/cs\/shop\/pro-ni\/kolekce-premium\/\" target=\"_blank\" rel=\"noopener\">kolekci Premium<\/a> neodpov\u00eddaj\u00ed barv\u00e1m od\u011bv\u016f v <a href=\"https:\/\/medandbeauty.com\/cs\/shop\/pro-ni\/zakladni-kolekce\/\" target=\"_blank\" rel=\"noopener\">kolekci Basic<\/a> &#8211; jsou vyrobeny z jin\u00fdch materi\u00e1l\u016f.<\/p>\n<p style=\"font-weight: 400;\">Odst\u00edny jednotliv\u00fdch od\u011bv\u016f na fotografi\u00edch se mohou li\u0161it od skute\u010dn\u00fdch &#8211; to je zp\u016fsobeno r\u016fznorodost\u00ed dostupn\u00fdch elektronick\u00fdch za\u0159\u00edzen\u00ed a jejich individu\u00e1ln\u00edm nastaven\u00edm.<\/p>\n","protected":false},"excerpt":{"rendered":"<p>Tento model budou zbo\u017e\u0148ovat v\u0161ichni milovn\u00edci klasick\u00e9ho a elegantn\u00edho stylu! Chcete v pr\u00e1ci vypadat skv\u011ble a c\u00edtit se stejn\u011b dob\u0159e? Na\u0161e b\u00edl\u00e9 rovn\u00e9 l\u00e9ka\u0159sk\u00e9 kalhoty z kolekce Premium jsou ide\u00e1ln\u00ed volbou pro v\u0161echny \u017eeny, kter\u00e9 si cen\u00ed dokonal\u00e9ho vzhledu a pohodl\u00ed v pr\u00e1ci. D\u00e1msk\u00e9 rovn\u00e9 kalhoty Scrubs Premium v b\u00edl\u00e9 bar v\u011b jsou vyrobeny z [&hellip;]<\/p>\n","protected":false},"featured_media":396781,"comment_status":"open","ping_status":"closed","template":"","meta":{"_acf_changed":false,"inline_featured_image":false},"kolor":[1066],"rodzaj-ubrania":[1051,1052],"ubranie":[1374],"product_brand":[],"product_cat":[1159,1029,1373,1247],"product_tag":[],"class_list":{"0":"post-396780","1":"product","2":"type-product","3":"status-publish","4":"has-post-thumbnail","6":"kolor-bile","7":"rodzaj-ubrania-scrubs-cs","8":"rodzaj-ubrania-zdravotnicke-kalhoty","9":"ubranie-damske-lekarske-rovne-kalhoty-scrubs-premium","10":"product_cat-kolekce-premium","11":"product_cat-pro-ni","12":"product_cat-scrubs-cs-2","13":"product_cat-zdravotnicke-kalhoty-cs-2","15":"first","16":"instock","17":"taxable","18":"shipping-taxable","19":"purchasable","20":"product-type-variable"},"acf":[],"_links":{"self":[{"href":"https:\/\/medandbeauty.com\/cs\/wp-json\/wp\/v2\/product\/396780","targetHints":{"allow":["GET"]}}],"collection":[{"href":"https:\/\/medandbeauty.com\/cs\/wp-json\/wp\/v2\/product"}],"about":[{"href":"https:\/\/medandbeauty.com\/cs\/wp-json\/wp\/v2\/types\/product"}],"replies":[{"embeddable":true,"href":"https:\/\/medandbeauty.com\/cs\/wp-json\/wp\/v2\/comments?post=396780"}],"wp:featuredmedia":[{"embeddable":true,"href":"https:\/\/medandbeauty.com\/cs\/wp-json\/wp\/v2\/media\/396781"}],"wp:attachment":[{"href":"https:\/\/medandbeauty.com\/cs\/wp-json\/wp\/v2\/media?parent=396780"}],"wp:term":[{"taxonomy":"kolor","embeddable":true,"href":"https:\/\/medandbeauty.com\/cs\/wp-json\/wp\/v2\/kolor?post=396780"},{"taxonomy":"rodzaj-ubrania","embeddable":true,"href":"https:\/\/medandbeauty.com\/cs\/wp-json\/wp\/v2\/rodzaj-ubrania?post=396780"},{"taxonomy":"ubranie","embeddable":true,"href":"https:\/\/medandbeauty.com\/cs\/wp-json\/wp\/v2\/ubranie?post=396780"},{"taxonomy":"product_brand","embeddable":true,"href":"https:\/\/medandbeauty.com\/cs\/wp-json\/wp\/v2\/product_brand?post=396780"},{"taxonomy":"product_cat","embeddable":true,"href":"https:\/\/medandbeauty.com\/cs\/wp-json\/wp\/v2\/product_cat?post=396780"},{"taxonomy":"product_tag","embeddable":true,"href":"https:\/\/medandbeauty.com\/cs\/wp-json\/wp\/v2\/product_tag?post=396780"}],"curies":[{"name":"wp","href":"https:\/\/api.w.org\/{rel}","templated":true}]}}