{"id":396816,"date":"2024-01-05T20:10:18","date_gmt":"2024-01-05T20:10:18","guid":{"rendered":"https:\/\/medandbeauty.com\/product\/damsky-lekarsky-plast-mini-premium-black\/"},"modified":"2026-03-14T20:41:10","modified_gmt":"2026-03-14T19:41:10","slug":"damsky-lekarsky-plast-mini-premium-black","status":"publish","type":"product","link":"https:\/\/medandbeauty.com\/cs\/product\/damsky-lekarsky-plast-mini-premium-black\/","title":{"rendered":"D\u00e1msk\u00fd l\u00e9ka\u0159sk\u00fd pl\u00e1\u0161\u0165 mini premium BLACK"},"content":{"rendered":"<p style=\"font-weight: 400;\"><strong>\u010cern\u00e1 l\u00e9ka\u0159sk\u00e1 mini z\u00e1st\u011bra z<a href=\"https:\/\/medandbeauty.com\/cs\/shop\/pro-ni\/kolekce-premium\/\" target=\"_blank\" rel=\"noopener\"> kolekce Premium<\/a><\/strong> je dokonal\u00fdm modelem l\u00e9ka\u0159sk\u00e9 uniformy pro v\u0161echny \u017eeny pracuj\u00edc\u00ed ve zdravotnictv\u00ed a kosmetick\u00e9m pr\u016fmyslu, kter\u00e9 ocen\u00ed minimalistick\u00e9, klasick\u00e9 st\u0159ihy.<\/p>\n<p style=\"font-weight: 400;\"><strong>\u010cern\u00e1 mini l\u00e9ka\u0159sk\u00e1 z\u00e1st\u011bra Premium<\/strong> je vyrobena ze sm\u011bsi nejkvalitn\u011bj\u0161\u00ed bavlny, nylonu a lycry. D\u00edky t\u00e9to kombinaci vl\u00e1ken v tkanin\u011b je <strong>zdravotnick\u00fd od\u011bv Med &amp; Beauty <\/strong>prody\u0161n\u00fd, dokonale padne ka\u017ed\u00e9mu typu \u017eensk\u00e9 postavy a zaji\u0161\u0165uje pln\u00e9 pohodl\u00ed b\u011bhem dlouh\u00fdch hodin pr\u00e1ce. <\/p>\n<p style=\"font-weight: 400;\">V\u0161echny modely <strong>zdravotnick\u00fdch<\/strong> svrchn\u00edch <strong>od\u011bv\u016f<\/strong> od spole\u010dnosti <strong>Med &amp; Beauty<\/strong> jsou vybaveny praktick\u00fdmi a prostorn\u00fdmi kapsami, do kter\u00fdch m\u016f\u017eete ulo\u017eit ve\u0161ker\u00e9 p\u0159\u00edslu\u0161enstv\u00ed, kter\u00e9 chcete m\u00edt po ruce.<\/p>\n<p style=\"font-weight: 400;\">Velkou p\u0159ednost\u00ed <strong>\u010dern\u00e9 l\u00e9ka\u0159sk\u00e9 mini z\u00e1st\u011bry<\/strong> z kolekce Premium jsou dlouh\u00e9 rovn\u00e9 ruk\u00e1vy, zaj\u00edmav\u00fd tvar stoj\u00e1\u010dku ve v\u00fdst\u0159ihu a d\u00e9lka, kter\u00e1 dokonale sed\u00ed na postav\u011b.<\/p>\n<p style=\"font-weight: 400;\">Ve spole\u010dnosti <strong>Med &amp; Beauty<\/strong> se zam\u011b\u0159ujeme nejen na pohodl\u00ed p\u0159i no\u0161en\u00ed, ale tak\u00e9 na estetick\u00fd a profesion\u00e1ln\u00ed vzhled. <strong>\u010cern\u00e1 mini l\u00e9ka\u0159sk\u00e1 z\u00e1st\u011bra Premium<\/strong> m\u00e1 p\u0159il\u00e9hav\u00fd st\u0159ih, kter\u00fd dokonale zd\u016frazn\u00ed v\u0161echny p\u0159ednosti \u017eensk\u00e9 postavy.<\/p>\n<p style=\"font-weight: 400;\"><strong>\u010cern\u00e1 mini l\u00e9ka\u0159sk\u00e1 z\u00e1st\u011bra Premium<\/strong> vypad\u00e1 skv\u011ble s <a href=\"https:\/\/medandbeauty.com\/cs\/product\/damske-zdravotni-kalhoty-prilehave-premium-black\/\" target=\"_blank\" rel=\"noopener\"><strong>l\u00e9ka\u0159sk\u00e9 kalhoty<\/strong><\/a>kter\u00e9 jsou vyrobeny ze stejn\u00e9ho materi\u00e1lu.<\/p>\n<p style=\"font-weight: 400;\">Slad\u011bte <strong>l\u00e9ka\u0159sk\u00e9 kalhoty<\/strong> se stejnou \u010dernou barvou nebo s jak\u00fdmkoli odst\u00ednem z mnoha dostupn\u00fdch v na\u0161\u00ed nab\u00eddce.<\/p>\n<ul>\n<li style=\"font-weight: 400;\">Origin\u00e1ln\u00ed stoj\u00edc\u00ed l\u00edmec<\/li>\n<li style=\"font-weight: 400;\"><span style=\"font-family: inherit;\">Kr\u00e1tk\u00fd, klasick\u00fd st\u0159ih<\/span><\/li>\n<li style=\"font-weight: 400;\"><span style=\"font-family: inherit;\">Dv\u011b prostorn\u00e9 kapsy<\/span><\/li>\n<li style=\"font-weight: 400;\"><span style=\"font-family: inherit;\">Dlouh\u00fd ruk\u00e1v<\/span><\/li>\n<li style=\"font-weight: 400;\"><span style=\"font-family: inherit;\">Lze p\u0159izp\u016fsobit v\u00fd\u0161ivkou<\/span><\/li>\n<\/ul>\n<p>&nbsp;<\/p>\n<p style=\"font-weight: 400;\"><strong>Dal\u0161\u00ed informace:<\/strong><br \/>\nModelky na fotografi\u00edch maj\u00ed na sob\u011b velikost S a jsou vysok\u00e9 170-174 cm.<\/p>\n<p style=\"font-weight: 400;\">Pokud si nev\u00edte rady s v\u00fdb\u011brem velikosti, pod\u00edvejte se na tabulku velikost\u00ed. Pokud m\u00e1te dal\u0161\u00ed pochybnosti &#8211; po\u0161lete n\u00e1m sv\u00e9 m\u00edry a my v\u00e1m je p\u0159izp\u016fsob\u00edme. <\/p>\n<p style=\"font-weight: 400;\">Barvy od\u011bv\u016f v <a href=\"https:\/\/medandbeauty.com\/cs\/shop\/pro-ni\/kolekce-premium\/\" target=\"_blank\" rel=\"noopener\">kolekci Premium<\/a> neodpov\u00eddaj\u00ed barv\u00e1m od\u011bv\u016f v <a href=\"https:\/\/medandbeauty.com\/cs\/shop\/pro-ni\/zakladni-kolekce\/\" target=\"_blank\" rel=\"noopener\">kolekci Basic<\/a> &#8211; jsou vyrobeny z jin\u00fdch materi\u00e1l\u016f.<\/p>\n<p style=\"font-weight: 400;\">Odst\u00edny jednotliv\u00fdch od\u011bv\u016f na fotografi\u00edch se mohou li\u0161it od skute\u010dn\u00fdch &#8211; to je zp\u016fsobeno r\u016fznorodost\u00ed dostupn\u00fdch elektronick\u00fdch za\u0159\u00edzen\u00ed a jejich individu\u00e1ln\u00edm nastaven\u00edm.<\/p>\n","protected":false},"excerpt":{"rendered":"<p>\u010cern\u00e1 l\u00e9ka\u0159sk\u00e1 mini z\u00e1st\u011bra z kolekce Premium je dokonal\u00fdm modelem l\u00e9ka\u0159sk\u00e9 uniformy pro v\u0161echny \u017eeny pracuj\u00edc\u00ed ve zdravotnictv\u00ed a kosmetick\u00e9m pr\u016fmyslu, kter\u00e9 ocen\u00ed minimalistick\u00e9, klasick\u00e9 st\u0159ihy. \u010cern\u00e1 mini l\u00e9ka\u0159sk\u00e1 z\u00e1st\u011bra Premium je vyrobena ze sm\u011bsi nejkvalitn\u011bj\u0161\u00ed bavlny, nylonu a lycry. D\u00edky t\u00e9to kombinaci vl\u00e1ken v tkanin\u011b je zdravotnick\u00fd od\u011bv Med &amp; Beauty prody\u0161n\u00fd, dokonale padne [&hellip;]<\/p>\n","protected":false},"featured_media":396817,"comment_status":"open","ping_status":"closed","template":"","meta":{"_acf_changed":false,"inline_featured_image":false},"kolor":[1172],"rodzaj-ubrania":[1318],"ubranie":[1393],"product_brand":[],"product_cat":[1159,1029,1317],"product_tag":[],"class_list":{"0":"post-396816","1":"product","2":"type-product","3":"status-publish","4":"has-post-thumbnail","6":"kolor-czernie-cs","7":"rodzaj-ubrania-zdravotnicke-plaste","8":"ubranie-damsky-lekarsky-plast-mini-premium-cs","9":"product_cat-kolekce-premium","10":"product_cat-pro-ni","11":"product_cat-zdravotnicke-plaste","13":"first","14":"instock","15":"taxable","16":"shipping-taxable","17":"purchasable","18":"product-type-variable"},"acf":[],"_links":{"self":[{"href":"https:\/\/medandbeauty.com\/cs\/wp-json\/wp\/v2\/product\/396816","targetHints":{"allow":["GET"]}}],"collection":[{"href":"https:\/\/medandbeauty.com\/cs\/wp-json\/wp\/v2\/product"}],"about":[{"href":"https:\/\/medandbeauty.com\/cs\/wp-json\/wp\/v2\/types\/product"}],"replies":[{"embeddable":true,"href":"https:\/\/medandbeauty.com\/cs\/wp-json\/wp\/v2\/comments?post=396816"}],"wp:featuredmedia":[{"embeddable":true,"href":"https:\/\/medandbeauty.com\/cs\/wp-json\/wp\/v2\/media\/396817"}],"wp:attachment":[{"href":"https:\/\/medandbeauty.com\/cs\/wp-json\/wp\/v2\/media?parent=396816"}],"wp:term":[{"taxonomy":"kolor","embeddable":true,"href":"https:\/\/medandbeauty.com\/cs\/wp-json\/wp\/v2\/kolor?post=396816"},{"taxonomy":"rodzaj-ubrania","embeddable":true,"href":"https:\/\/medandbeauty.com\/cs\/wp-json\/wp\/v2\/rodzaj-ubrania?post=396816"},{"taxonomy":"ubranie","embeddable":true,"href":"https:\/\/medandbeauty.com\/cs\/wp-json\/wp\/v2\/ubranie?post=396816"},{"taxonomy":"product_brand","embeddable":true,"href":"https:\/\/medandbeauty.com\/cs\/wp-json\/wp\/v2\/product_brand?post=396816"},{"taxonomy":"product_cat","embeddable":true,"href":"https:\/\/medandbeauty.com\/cs\/wp-json\/wp\/v2\/product_cat?post=396816"},{"taxonomy":"product_tag","embeddable":true,"href":"https:\/\/medandbeauty.com\/cs\/wp-json\/wp\/v2\/product_tag?post=396816"}],"curies":[{"name":"wp","href":"https:\/\/api.w.org\/{rel}","templated":true}]}}