{"id":431148,"date":"2025-05-26T12:01:15","date_gmt":"2025-05-26T10:01:15","guid":{"rendered":"https:\/\/medandbeauty.com\/product\/damske-zdravotni-kalhoty-flare-premium-pale-beige\/"},"modified":"2026-02-17T15:24:28","modified_gmt":"2026-02-17T14:24:28","slug":"damske-zdravotni-kalhoty-flare-premium-pale-beige","status":"publish","type":"product","link":"https:\/\/medandbeauty.com\/cs\/product\/damske-zdravotni-kalhoty-flare-premium-pale-beige\/","title":{"rendered":"D\u00e1msk\u00e9 zdravotn\u00ed kalhoty Flare Premium PALE BEige"},"content":{"rendered":"<p>Nyn\u00ed jsou k dispozici na\u0161e nejprod\u00e1van\u011bj\u0161\u00ed <strong>l\u00e9ka\u0159sk\u00e9 kalhoty v roz\u0161\u00ed\u0159en\u00e9m st\u0159ihu FLARE!<\/strong><\/p>\n<p><span style=\"color: #000000;\">Pokud chcete l\u00e9ka\u0159sk\u00e9 od\u011bvy z nejkvalitn\u011bj\u0161\u00edch materi\u00e1l\u016f pro maxim\u00e1ln\u00ed pohodl\u00ed &#8211; na\u0161e<strong> <\/strong>. <\/span><strong><span style=\"color: #000000;\">Zdravotnick\u00e9 kalhoty Flare Premium ve sv\u011btle b\u00e9\u017eov\u00e9 barv\u011b<\/span><\/strong><span style=\"color: #000000;\"> jsou nezbytnou sou\u010d\u00e1st\u00ed va\u0161eho \u0161atn\u00edku.<\/span><\/p>\n<p style=\"color: #000000;\"><strong>Sv\u011btle b\u00e9\u017eov\u00e9 d\u00e1msk\u00e9 l\u00e9ka\u0159sk\u00e9 kalhoty Flare scrubs Basic <\/strong>byly u\u0161ity<span style=\"color: #333333; font-family: inherit;\">  vyrobeno z 80 % z vysoce kvalitn\u00ed bavlny v kombinaci s nylonem a lycrou. D\u00edky t\u00e9to kombinaci vl\u00e1ken v tkanin\u011b je prody\u0161n\u00e1, m\u011bkk\u00e1, kr\u00e1sn\u011b sed\u00ed na postav\u011b a nema\u010dk\u00e1 se.<\/span><\/p>\n<p><span style=\"color: #000000;\">100% pohodl\u00ed zaru\u010duje jemn\u011b vysok\u00fd pas a \u0161irok\u00fd a pru\u017en\u00fd p\u00e1s.<\/span><strong style=\"color: #000000;\">. <\/strong> <\/p>\n<p><strong><span style=\"color: #000000;\">Zdravotnick\u00e9 kalhoty Flare Premium od spole\u010dnosti Med &amp; Beauty<\/span><\/strong><span style=\"color: #000000;\"> neomezuj\u00ed v pohybu ani p\u0159i del\u0161\u00edm no\u0161en\u00ed.<\/span><\/p>\n<p><span style=\"color: #000000;\">Sestavte si sadu sn\u016f <\/span><strong style=\"color: #000000;\">zdravotnick\u00e9ho oble\u010den\u00ed<\/strong><span style=\"color: #000000;\">slad\u011bn\u00edm s<\/span><strong><span style=\"color: #000000;\"> sv\u011btle b\u00e9\u017eov\u00e9 l\u00e9ka\u0159sk\u00e9 kalhoty Flare s l\u00e9ka\u0159skou tunikou ze stejn\u00e9ho materi\u00e1lu. <\/span><\/strong><span style=\"color: #000000;\">ze stejn\u00e9ho materi\u00e1lu.<\/span><\/p>\n<p style=\"color: #000000;\">Voln\u011b kombinujte barvy a vytv\u00e1\u0159ejte jedine\u010dn\u00e9 vzhledy nebo zvolte klasick\u00fd a nad\u010dasov\u00fd jednobarevn\u00fd vzhled.<\/p>\n<ul style=\"color: #000000;\">\n<li>Elastick\u00fd p\u00e1s<\/li>\n<li><span style=\"font-family: inherit;\">Roz\u0161\u00ed\u0159en\u00e9 nohy<\/span><\/li>\n<li><span style=\"font-family: inherit;\">Vysok\u00fd n\u00e1r\u016fst pro zv\u00fdrazn\u011bn\u00ed postavy<\/span><\/li>\n<\/ul>\n<p style=\"color: #000000;\"><strong>Dal\u0161\u00ed informace:<\/strong><br \/>\nModelky na fotografi\u00edch maj\u00ed na sob\u011b velikost S a jsou vysok\u00e9 170-174 cm.<\/p>\n<p style=\"color: #000000;\">Pokud si nev\u00edte rady s v\u00fdb\u011brem velikosti, pod\u00edvejte se na tabulku velikost\u00ed. Pokud m\u00e1te dal\u0161\u00ed pochybnosti &#8211; po\u0161lete n\u00e1m sv\u00e9 m\u00edry a my v\u00e1m je p\u0159izp\u016fsob\u00edme. <\/p>\n<p style=\"color: #000000;\">Barvy od\u011bv\u016f v<a href=\"https:\/\/medandbeauty.com\/cs\/shop\/pro-ni\/zakladni-kolekce\/\" target=\"_blank\" rel=\"noopener\"> kolekci Basic<\/a> neodpov\u00eddaj\u00ed barv\u00e1m od\u011bv\u016f v <a href=\"https:\/\/medandbeauty.com\/cs\/shop\/pro-ni\/kolekce-premium\/\" target=\"_blank\" rel=\"noopener\">kolekci Premium<\/a> &#8211; jsou vyrobeny z jin\u00fdch materi\u00e1l\u016f.<\/p>\n<p style=\"color: #000000;\">Odst\u00edny jednotliv\u00fdch od\u011bv\u016f na fotografi\u00edch se mohou li\u0161it od skute\u010dn\u00fdch &#8211; to je zp\u016fsobeno r\u016fznorodost\u00ed dostupn\u00fdch elektronick\u00fdch za\u0159\u00edzen\u00ed a jejich individu\u00e1ln\u00edm nastaven\u00edm.<\/p>\n","protected":false},"excerpt":{"rendered":"<p>Nyn\u00ed jsou k dispozici na\u0161e nejprod\u00e1van\u011bj\u0161\u00ed l\u00e9ka\u0159sk\u00e9 kalhoty v roz\u0161\u00ed\u0159en\u00e9m st\u0159ihu FLARE! Pokud chcete l\u00e9ka\u0159sk\u00e9 od\u011bvy z nejkvalitn\u011bj\u0161\u00edch materi\u00e1l\u016f pro maxim\u00e1ln\u00ed pohodl\u00ed &#8211; na\u0161e . Zdravotnick\u00e9 kalhoty Flare Premium ve sv\u011btle b\u00e9\u017eov\u00e9 barv\u011b jsou nezbytnou sou\u010d\u00e1st\u00ed va\u0161eho \u0161atn\u00edku. Sv\u011btle b\u00e9\u017eov\u00e9 d\u00e1msk\u00e9 l\u00e9ka\u0159sk\u00e9 kalhoty Flare scrubs Basic byly u\u0161ity vyrobeno z 80 % z vysoce kvalitn\u00ed [&hellip;]<\/p>\n","protected":false},"featured_media":429678,"comment_status":"open","ping_status":"closed","template":"","meta":{"_acf_changed":false,"inline_featured_image":false},"kolor":[1028],"rodzaj-ubrania":[1052],"ubranie":[1505],"product_brand":[],"product_cat":[1159,1029,1247],"product_tag":[],"class_list":{"0":"post-431148","1":"product","2":"type-product","3":"status-publish","4":"has-post-thumbnail","6":"kolor-beiges-cs","7":"rodzaj-ubrania-zdravotnicke-kalhoty","8":"ubranie-damske-zdravotni-kalhoty-flare-premium","9":"product_cat-kolekce-premium","10":"product_cat-pro-ni","11":"product_cat-zdravotnicke-kalhoty-cs-2","13":"first","14":"instock","15":"taxable","16":"shipping-taxable","17":"purchasable","18":"product-type-variable"},"acf":[],"_links":{"self":[{"href":"https:\/\/medandbeauty.com\/cs\/wp-json\/wp\/v2\/product\/431148","targetHints":{"allow":["GET"]}}],"collection":[{"href":"https:\/\/medandbeauty.com\/cs\/wp-json\/wp\/v2\/product"}],"about":[{"href":"https:\/\/medandbeauty.com\/cs\/wp-json\/wp\/v2\/types\/product"}],"replies":[{"embeddable":true,"href":"https:\/\/medandbeauty.com\/cs\/wp-json\/wp\/v2\/comments?post=431148"}],"wp:featuredmedia":[{"embeddable":true,"href":"https:\/\/medandbeauty.com\/cs\/wp-json\/wp\/v2\/media\/429678"}],"wp:attachment":[{"href":"https:\/\/medandbeauty.com\/cs\/wp-json\/wp\/v2\/media?parent=431148"}],"wp:term":[{"taxonomy":"kolor","embeddable":true,"href":"https:\/\/medandbeauty.com\/cs\/wp-json\/wp\/v2\/kolor?post=431148"},{"taxonomy":"rodzaj-ubrania","embeddable":true,"href":"https:\/\/medandbeauty.com\/cs\/wp-json\/wp\/v2\/rodzaj-ubrania?post=431148"},{"taxonomy":"ubranie","embeddable":true,"href":"https:\/\/medandbeauty.com\/cs\/wp-json\/wp\/v2\/ubranie?post=431148"},{"taxonomy":"product_brand","embeddable":true,"href":"https:\/\/medandbeauty.com\/cs\/wp-json\/wp\/v2\/product_brand?post=431148"},{"taxonomy":"product_cat","embeddable":true,"href":"https:\/\/medandbeauty.com\/cs\/wp-json\/wp\/v2\/product_cat?post=431148"},{"taxonomy":"product_tag","embeddable":true,"href":"https:\/\/medandbeauty.com\/cs\/wp-json\/wp\/v2\/product_tag?post=431148"}],"curies":[{"name":"wp","href":"https:\/\/api.w.org\/{rel}","templated":true}]}}