{"id":431362,"date":"2025-05-26T11:56:46","date_gmt":"2025-05-26T09:56:46","guid":{"rendered":"https:\/\/medandbeauty.com\/product\/damska-lekarska-tunika-s-kratkymi-rukavy-premium-rosalia\/"},"modified":"2025-12-23T11:19:15","modified_gmt":"2025-12-23T10:19:15","slug":"damska-lekarska-tunika-s-kratkymi-rukavy-premium-rosalia","status":"publish","type":"product","link":"https:\/\/medandbeauty.com\/cs\/product\/damska-lekarska-tunika-s-kratkymi-rukavy-premium-rosalia\/","title":{"rendered":"D\u00e1msk\u00e1 l\u00e9ka\u0159sk\u00e1 tunika s kr\u00e1tk\u00fdmi ruk\u00e1vy Premium Rosalia"},"content":{"rendered":"<p><strong>Pr\u00e9miov\u00e1 l\u00e9ka\u0159sk\u00e1 tunika s kr\u00e1tk\u00fdm ruk\u00e1vem v barv\u011b Rosalia <\/strong>je ide\u00e1ln\u00ed volbou pro teplej\u0161\u00ed dny, ale nejen pro n\u011b!<\/p>\n<p>Elegantn\u00ed st\u0159ih s p\u00e1skem v pase jist\u011b oslov\u00ed v\u0161echny \u017eeny pracuj\u00edc\u00ed ve zdravotnictv\u00ed a kosmetick\u00e9m pr\u016fmyslu, kter\u00e9 maj\u00ed r\u00e1dy klasiku a minimalismus.<\/p>\n<p><strong>Pr\u00e9miov\u00e1 l\u00e9ka\u0159sk\u00e1 tunika s kr\u00e1tk\u00fdmi ruk\u00e1vy Rosalia<\/strong> byla vyrobena ze sm\u011bsi nejkvalitn\u011bj\u0161\u00ed bavlny, nylonu a lycry.<\/p>\n<p>D\u00edky t\u00e9to kombinaci vl\u00e1ken v l\u00e1tce se <strong>ob\u00e1lkov\u00e9 overaly s kr\u00e1tk\u00fdm ruk\u00e1vem z <a href=\"https:\/\/medandbeauty.com\/cs\/shop\/pro-ni\/kolekce-premium\/\" target=\"_blank\" rel=\"noopener\">kolekce Med&amp;Beauty Premium<\/a><\/strong> dokonale p\u0159izp\u016fsob\u00ed \u017eensk\u00e9 postav\u011b a poskytuj\u00ed pln\u00e9 pohodl\u00ed b\u011bhem dlouh\u00fdch hodin pr\u00e1ce.<\/p>\n<p>V\u0161echny modely <strong>zdravotnick\u00fdch<\/strong> svrchn\u00edch <strong>od\u011bv\u016f<\/strong> od spole\u010dnosti <strong>Med &amp; Beauty<\/strong> jsou vybaveny prostorn\u00fdmi a praktick\u00fdmi kapsami, do kter\u00fdch m\u016f\u017eete ulo\u017eit v\u0161echny v\u011bci, kter\u00e9 chcete m\u00edt po ruce.<\/p>\n<p>Obrovskou v\u00fdhodou <strong>pr\u00e9miov\u00e9 l\u00e9ka\u0159sk\u00e9 tuniky s kr\u00e1tk\u00fdmi ruk\u00e1vy v barv\u011b Rosalia <\/strong>je jej\u00ed zap\u00edn\u00e1n\u00ed ve v\u00fdst\u0159ihu. Abychom v\u00e1m poskytli maxim\u00e1ln\u00ed pohodl\u00ed, vybavili jsme ho skryt\u00fdm knofl\u00edkem a zap\u00edn\u00e1n\u00edm. <\/p>\n<p>Srd\u00ed\u010dkov\u00fd v\u00fdst\u0159ih je nad\u010dasov\u00fd i modern\u00ed a d\u00e9lka tuniky byla zvolena tak, aby kr\u00e1sn\u011b sed\u011bla na ka\u017ed\u00e9m typu \u017eensk\u00e9 postavy.<\/p>\n<p>Ve spole\u010dnosti <strong>Med &amp; Beauty<\/strong> se zam\u011b\u0159ujeme nejen na pohodl\u00ed p\u0159i no\u0161en\u00ed, ale tak\u00e9 na estetick\u00fd a profesion\u00e1ln\u00ed vzhled.<strong> Pr\u00e9miov\u00e1 l\u00e9ka\u0159sk\u00e1 ob\u00e1lkov\u00e1 tunika s kr\u00e1tk\u00fdm ruk\u00e1vem Rosalia<\/strong> byla dopln\u011bna p\u00e1skem v pase, kter\u00fd dokonale zv\u00fdrazn\u00ed v\u0161echny p\u0159ednosti \u017eensk\u00e9 postavy. <\/p>\n<p><strong>Pr\u00e9miov\u00e1 l\u00e9ka\u0159sk\u00e1 ob\u00e1lkov\u00e1 tunika s kr\u00e1tk\u00fdmi ruk\u00e1vy Rosalia <\/strong>vypad\u00e1 skv\u011ble s <strong>p\u0159ilehl\u00fdmi l\u00e9ka\u0159sk\u00fdmi kalhotami,<\/strong> kter\u00e9 jsou vyrobeny ze stejn\u00e9ho materi\u00e1lu.<\/p>\n<p>Slad\u011bte <strong>l\u00e9ka\u0159sk\u00e9 kalhoty<\/strong> ve stejn\u00e9 barv\u011b nebo s jak\u00fdmkoli odst\u00ednem z mnoha dostupn\u00fdch v na\u0161\u00ed nab\u00eddce.<\/p>\n<ul>\n<li>Dv\u011b prostorn\u00e9, velk\u00e9 kapsy<\/li>\n<li><span style=\"font-family: inherit;\">Z\u00fa\u017een\u00fd st\u0159ih v pase s p\u00e1skem  <\/span><\/li>\n<li><span style=\"font-family: inherit;\">Nap Nap ve v\u00fdst\u0159ihu pro maxim\u00e1ln\u00ed pohodl\u00ed<\/span><\/li>\n<li><span style=\"font-family: inherit;\">Kr\u00e1tk\u00fd ruk\u00e1v<\/span><\/li>\n<li><span style=\"font-family: inherit;\">Lze p\u0159izp\u016fsobit v\u00fd\u0161ivkou<\/span><\/li>\n<\/ul>\n<p>&nbsp;<\/p>\n<p><strong>Dal\u0161\u00ed informace:<\/strong><br \/>\nModelky na fotografi\u00edch maj\u00ed na sob\u011b velikost S a jsou vysok\u00e9 170-174 cm.<\/p>\n<p>Pokud si nev\u00edte rady s v\u00fdb\u011brem velikosti, pod\u00edvejte se na tabulku velikost\u00ed. Pokud m\u00e1te dal\u0161\u00ed pochybnosti &#8211; po\u0161lete n\u00e1m sv\u00e9 m\u00edry a my v\u00e1m je p\u0159izp\u016fsob\u00edme. <\/p>\n<p>Barvy od\u011bv\u016f v <a href=\"https:\/\/medandbeauty.com\/cs\/shop\/pro-ni\/kolekce-premium\/\" target=\"_blank\" rel=\"noopener\">kolekci Premium<\/a> neodpov\u00eddaj\u00ed barv\u00e1m od\u011bv\u016f v <a href=\"https:\/\/medandbeauty.com\/cs\/shop\/pro-ni\/zakladni-kolekce\/\" target=\"_blank\" rel=\"noopener\">kolekci Basic<\/a> &#8211; jsou vyrobeny z jin\u00fdch materi\u00e1l\u016f.<\/p>\n<p>Odst\u00edny jednotliv\u00fdch od\u011bv\u016f na fotografi\u00edch se mohou li\u0161it od skute\u010dn\u00fdch &#8211; to je zp\u016fsobeno r\u016fznorodost\u00ed dostupn\u00fdch elektronick\u00fdch za\u0159\u00edzen\u00ed a jejich individu\u00e1ln\u00edm nastaven\u00edm.<\/p>\n","protected":false},"excerpt":{"rendered":"<p>Pr\u00e9miov\u00e1 l\u00e9ka\u0159sk\u00e1 tunika s kr\u00e1tk\u00fdm ruk\u00e1vem v barv\u011b Rosalia je ide\u00e1ln\u00ed volbou pro teplej\u0161\u00ed dny, ale nejen pro n\u011b! Elegantn\u00ed st\u0159ih s p\u00e1skem v pase jist\u011b oslov\u00ed v\u0161echny \u017eeny pracuj\u00edc\u00ed ve zdravotnictv\u00ed a kosmetick\u00e9m pr\u016fmyslu, kter\u00e9 maj\u00ed r\u00e1dy klasiku a minimalismus. Pr\u00e9miov\u00e1 l\u00e9ka\u0159sk\u00e1 tunika s kr\u00e1tk\u00fdmi ruk\u00e1vy Rosalia byla vyrobena ze sm\u011bsi nejkvalitn\u011bj\u0161\u00ed bavlny, nylonu [&hellip;]<\/p>\n","protected":false},"featured_media":428489,"comment_status":"open","ping_status":"closed","template":"","meta":{"_acf_changed":false,"inline_featured_image":false},"kolor":[1187],"rodzaj-ubrania":[1238],"ubranie":[1239],"product_brand":[],"product_cat":[1159,1029,1237],"product_tag":[],"class_list":{"0":"post-431362","1":"product","2":"type-product","3":"status-publish","4":"has-post-thumbnail","6":"kolor-fialky-cs","7":"rodzaj-ubrania-zdravotnicke-tuniky","8":"ubranie-premiova-damska-lekarska-obalkova-tunika-s-kratkym-rukavem","9":"product_cat-kolekce-premium","10":"product_cat-pro-ni","11":"product_cat-zdravotnicke-tuniky","13":"first","14":"instock","15":"taxable","16":"shipping-taxable","17":"purchasable","18":"product-type-variable"},"acf":[],"_links":{"self":[{"href":"https:\/\/medandbeauty.com\/cs\/wp-json\/wp\/v2\/product\/431362","targetHints":{"allow":["GET"]}}],"collection":[{"href":"https:\/\/medandbeauty.com\/cs\/wp-json\/wp\/v2\/product"}],"about":[{"href":"https:\/\/medandbeauty.com\/cs\/wp-json\/wp\/v2\/types\/product"}],"replies":[{"embeddable":true,"href":"https:\/\/medandbeauty.com\/cs\/wp-json\/wp\/v2\/comments?post=431362"}],"wp:featuredmedia":[{"embeddable":true,"href":"https:\/\/medandbeauty.com\/cs\/wp-json\/wp\/v2\/media\/428489"}],"wp:attachment":[{"href":"https:\/\/medandbeauty.com\/cs\/wp-json\/wp\/v2\/media?parent=431362"}],"wp:term":[{"taxonomy":"kolor","embeddable":true,"href":"https:\/\/medandbeauty.com\/cs\/wp-json\/wp\/v2\/kolor?post=431362"},{"taxonomy":"rodzaj-ubrania","embeddable":true,"href":"https:\/\/medandbeauty.com\/cs\/wp-json\/wp\/v2\/rodzaj-ubrania?post=431362"},{"taxonomy":"ubranie","embeddable":true,"href":"https:\/\/medandbeauty.com\/cs\/wp-json\/wp\/v2\/ubranie?post=431362"},{"taxonomy":"product_brand","embeddable":true,"href":"https:\/\/medandbeauty.com\/cs\/wp-json\/wp\/v2\/product_brand?post=431362"},{"taxonomy":"product_cat","embeddable":true,"href":"https:\/\/medandbeauty.com\/cs\/wp-json\/wp\/v2\/product_cat?post=431362"},{"taxonomy":"product_tag","embeddable":true,"href":"https:\/\/medandbeauty.com\/cs\/wp-json\/wp\/v2\/product_tag?post=431362"}],"curies":[{"name":"wp","href":"https:\/\/api.w.org\/{rel}","templated":true}]}}