{"id":431513,"date":"2025-07-28T15:54:18","date_gmt":"2025-07-28T13:54:18","guid":{"rendered":"https:\/\/medandbeauty.com\/?post_type=product&#038;p=431513"},"modified":"2025-11-18T11:37:55","modified_gmt":"2025-11-18T10:37:55","slug":"zdravotni-zabky-soolite-lila","status":"publish","type":"product","link":"https:\/\/medandbeauty.com\/cs\/product\/zdravotni-zabky-soolite-lila\/","title":{"rendered":"Zdravotn\u00ed \u017eabky SooLite LILA"},"content":{"rendered":"<div class=\"p-rich_text_section\">\n<div class=\"p-rich_text_section\">Seznamte se s na\u0161\u00ed inovativn\u00ed novinkou: <strong>zdravotn\u00edmi \u017eabkami SooLite!- pohodl\u00ed, kvalita<\/strong>a modern\u00ed design.<\/div>\n<div class=\"p-rich_text_section\"><strong>Zdravotn\u00ed \u017eabky SooLite! v sob\u011b spojuj\u00ed<\/strong> funk\u010dnost, pohodl\u00ed a estetiku.<\/div>\n<div class=\"p-rich_text_section\">Jsou vyrobeny z lehk\u00e9 a pru\u017en\u00e9 p\u011bny EVA, poskytuj\u00ed v\u00fdjime\u010dn\u00e9 pohodl\u00ed a jejich ergonomick\u00fd design podporuje p\u0159irozen\u00e9 nastaven\u00ed chodidla.<\/div>\n<div><\/div>\n<div>Zaru\u010den\u011b to budou va\u0161e obl\u00edben\u00e9 \u017eabky do pr\u00e1ce!<\/div>\n<div>Ultralehk\u00e9, neuv\u011b\u0159iteln\u011b pohodln\u00e9, v n\u00e1dhern\u00fdch barv\u00e1ch, kter\u00e9 se hod\u00ed k va\u0161im obl\u00edben\u00fdm \u0161at\u016fm!<\/div>\n<div><\/div>\n<div class=\"p-rich_text_section\"><strong>Kl\u00ed\u010dov\u00e9 vlastnosti zdravotn\u00edch \u017eabek SooLite!<\/strong><\/div>\n<ul class=\"p-rich_text_list p-rich_text_list__bullet p-rich_text_list--nested\" data-stringify-type=\"unordered-list\" data-list-tree=\"true\" data-indent=\"0\" data-border=\"0\">\n<li data-stringify-indent=\"0\" data-stringify-border=\"0\">Lehk\u00e1 a odoln\u00e1 konstrukce &#8211; zdravotn\u00ed \u017eabky SooLite! vyrobeny z vysoce kvalitn\u00ed p\u011bny EVA, odoln\u00e9 proti po\u0161kozen\u00ed a snadno se \u010dist\u00ed.<\/li>\n<li data-stringify-indent=\"0\" data-stringify-border=\"0\">Nastaviteln\u00e9 p\u00e1sky &#8211; p\u00e1sky s p\u0159ezkami a decentn\u00edm logem M&amp;B umo\u017e\u0148uj\u00ed p\u0159izp\u016fsoben\u00ed tvaru nohy a v\u00fd\u0161ce n\u00e1rtu.<\/li>\n<li data-stringify-indent=\"0\" data-stringify-border=\"0\">Pokro\u010dil\u00e9 odpru\u017een\u00ed &#8211; zv\u00fd\u0161en\u00e1 podr\u00e1\u017eka \u00fa\u010dinn\u011b tlum\u00ed n\u00e1razy a zvy\u0161uje pohodl\u00ed p\u0159i ch\u016fzi.<\/li>\n<li data-stringify-indent=\"0\" data-stringify-border=\"0\">Ergonomick\u00e1 st\u00e9lka &#8211; Anatomicky tvarovan\u00e1 st\u00e9lka podporuje chodidlo a minimalizuje \u00fanavu i p\u0159i dlouhodob\u00e9m pou\u017e\u00edv\u00e1n\u00ed.<\/li>\n<li data-stringify-indent=\"0\" data-stringify-border=\"0\">Polsk\u00e1 v\u00fdroba &#8211; Zdravotn\u00ed \u017eabky SooLite! jsou vyr\u00e1b\u011bny v Polsku, co\u017e je z\u00e1rukou vysok\u00e9 kvality zpracov\u00e1n\u00ed a d\u016frazu na detail.<\/li>\n<li data-stringify-indent=\"0\" data-stringify-border=\"0\">Modern\u00ed design &#8211; Logo M&amp;B na popruz\u00edch a na zadn\u00ed klop\u011b dod\u00e1v\u00e1 modelu jedine\u010dn\u00fd, profesion\u00e1ln\u00ed vzhled.<\/li>\n<\/ul>\n<div class=\"p-rich_text_section\">D\u00edky kombinaci pohodl\u00ed, odolnosti a stylov\u00e9ho designu jsou zdravotn\u00ed \u017eabky SooLite! ide\u00e1ln\u00ed volbou pro ka\u017edodenn\u00ed no\u0161en\u00ed i n\u00e1ro\u010dn\u00e9 pracovn\u00ed prost\u0159ed\u00ed.<b data-stringify-type=\"bold\"><\/b><\/div>\n<div><\/div>\n<div>Barvy na fotografi\u00edch se mohou m\u00edrn\u011b li\u0161it od skute\u010dn\u00fdch barev. Je to zp\u016fsobeno r\u016fznorodost\u00ed dostupn\u00fdch elektronick\u00fdch za\u0159\u00edzen\u00ed a jejich individu\u00e1ln\u00edm nastaven\u00edm. <\/div>\n<\/div>\n","protected":false},"excerpt":{"rendered":"<p>Seznamte se s na\u0161\u00ed inovativn\u00ed novinkou: zdravotn\u00edmi \u017eabkami SooLite!- pohodl\u00ed, kvalitaa modern\u00ed design. Zdravotn\u00ed \u017eabky SooLite! v sob\u011b spojuj\u00ed funk\u010dnost, pohodl\u00ed a estetiku. Jsou vyrobeny z lehk\u00e9 a pru\u017en\u00e9 p\u011bny EVA, poskytuj\u00ed v\u00fdjime\u010dn\u00e9 pohodl\u00ed a jejich ergonomick\u00fd design podporuje p\u0159irozen\u00e9 nastaven\u00ed chodidla. Zaru\u010den\u011b to budou va\u0161e obl\u00edben\u00e9 \u017eabky do pr\u00e1ce! Ultralehk\u00e9, neuv\u011b\u0159iteln\u011b pohodln\u00e9, v n\u00e1dhern\u00fdch [&hellip;]<\/p>\n","protected":false},"featured_media":499383,"comment_status":"open","ping_status":"closed","template":"","meta":{"_acf_changed":false,"inline_featured_image":false},"kolor":[1187],"rodzaj-ubrania":[],"ubranie":[1528],"product_brand":[],"product_cat":[2076,1029],"product_tag":[],"class_list":{"0":"post-431513","1":"product","2":"type-product","3":"status-publish","4":"has-post-thumbnail","6":"kolor-fialky-cs","7":"ubranie-zdravotni-zabky-soolite","8":"product_cat-obuv-cs","9":"product_cat-pro-ni","11":"first","12":"outofstock","13":"taxable","14":"shipping-taxable","15":"purchasable","16":"product-type-variable"},"acf":[],"_links":{"self":[{"href":"https:\/\/medandbeauty.com\/cs\/wp-json\/wp\/v2\/product\/431513","targetHints":{"allow":["GET"]}}],"collection":[{"href":"https:\/\/medandbeauty.com\/cs\/wp-json\/wp\/v2\/product"}],"about":[{"href":"https:\/\/medandbeauty.com\/cs\/wp-json\/wp\/v2\/types\/product"}],"replies":[{"embeddable":true,"href":"https:\/\/medandbeauty.com\/cs\/wp-json\/wp\/v2\/comments?post=431513"}],"wp:featuredmedia":[{"embeddable":true,"href":"https:\/\/medandbeauty.com\/cs\/wp-json\/wp\/v2\/media\/499383"}],"wp:attachment":[{"href":"https:\/\/medandbeauty.com\/cs\/wp-json\/wp\/v2\/media?parent=431513"}],"wp:term":[{"taxonomy":"kolor","embeddable":true,"href":"https:\/\/medandbeauty.com\/cs\/wp-json\/wp\/v2\/kolor?post=431513"},{"taxonomy":"rodzaj-ubrania","embeddable":true,"href":"https:\/\/medandbeauty.com\/cs\/wp-json\/wp\/v2\/rodzaj-ubrania?post=431513"},{"taxonomy":"ubranie","embeddable":true,"href":"https:\/\/medandbeauty.com\/cs\/wp-json\/wp\/v2\/ubranie?post=431513"},{"taxonomy":"product_brand","embeddable":true,"href":"https:\/\/medandbeauty.com\/cs\/wp-json\/wp\/v2\/product_brand?post=431513"},{"taxonomy":"product_cat","embeddable":true,"href":"https:\/\/medandbeauty.com\/cs\/wp-json\/wp\/v2\/product_cat?post=431513"},{"taxonomy":"product_tag","embeddable":true,"href":"https:\/\/medandbeauty.com\/cs\/wp-json\/wp\/v2\/product_tag?post=431513"}],"curies":[{"name":"wp","href":"https:\/\/api.w.org\/{rel}","templated":true}]}}