{"id":433003,"date":"2025-06-18T13:25:41","date_gmt":"2025-06-18T11:25:41","guid":{"rendered":"https:\/\/medandbeauty.com\/?post_type=product&#038;p=433003"},"modified":"2026-03-31T08:14:22","modified_gmt":"2026-03-31T06:14:22","slug":"lekarske-obalkove-saty-s-kratkym-rukavem-basic-lawendowa","status":"publish","type":"product","link":"https:\/\/medandbeauty.com\/cs\/product\/lekarske-obalkove-saty-s-kratkym-rukavem-basic-lawendowa\/","title":{"rendered":"L\u00e9ka\u0159sk\u00e9 ob\u00e1lkov\u00e9 \u0161aty s kr\u00e1tk\u00fdm ruk\u00e1vem Basic LAWENDOWA"},"content":{"rendered":"<p>D\u00edky na\u0161im nejprod\u00e1van\u011bj\u0161\u00edm <strong>ob\u00e1lkov\u00fdm \u0161at\u016fm<\/strong> m\u011bn\u00edme image l\u00e9ka\u0159sk\u00e9ho a kosmetick\u00e9ho pr\u016fmyslu!<\/p>\n<p>Zapome\u0148te na klasick\u00e9 <strong>l\u00e9ka\u0159sk\u00e9 uniformy<\/strong> &#8211; je \u010das na elegantn\u00ed a velmi pohodln\u00e9 <strong>l\u00e9ka\u0159sk\u00e9 ob\u00e1lkov\u00e9 \u0161aty s kr\u00e1tk\u00fdm ruk\u00e1vem<\/strong>.<\/p>\n<p>V\u011bd\u011bli jste, \u017ee pacienti a klienti st\u00e1le v\u00edce dbaj\u00ed na to, jak jste p\u0159i sv\u00e9 pr\u00e1ci oble\u010deni?<\/p>\n<p>Pokud budete nosit \u00fahledn\u00e9 <strong>l\u00e9ka\u0159sk\u00e9 \u0161aty<\/strong>, kter\u00e9 zd\u016frazn\u00ed va\u0161i profesionalitu, nejen\u017ee zlep\u0161\u00edte svou pohodu, ale tak\u00e9 z\u00edsk\u00e1te v o\u010d\u00edch pacient\u016f a klient\u016f.<\/p>\n<p><strong>Levandulov\u00e9 l\u00e9ka\u0159sk\u00e9 \u0161aty s kr\u00e1tk\u00fdmi ruk\u00e1vy<\/strong> z kolekce Basic byly u\u0161ity z polyesteru, visk\u00f3zy a lycry. D\u00edky t\u00e9to kombinaci vl\u00e1ken v tkanin\u011b jsou prody\u0161n\u00e9, m\u011bkk\u00e9, kr\u00e1sn\u011b sed\u00ed na postav\u011b a nema\u010dkaj\u00ed se. <\/p>\n<p>Ve v\u00fdst\u0159ihu <strong>l\u00e9ka\u0159sk\u00fdch \u0161at\u016f s kr\u00e1tk\u00fdmi ruk\u00e1vy<\/strong> jsme um\u00edstili skryt\u00e9 zap\u00edn\u00e1n\u00ed, kter\u00e9 zaji\u0161\u0165uje v\u00fdst\u0159ih a zaru\u010duje \u00faplnou volnost pohybu i b\u011bhem n\u00e1ro\u010dn\u00e9 pracovn\u00ed doby.<\/p>\n<p>Jsme si dob\u0159e v\u011bdomi toho, \u017ee je d\u016fle\u017eit\u00e9 m\u00edt drobn\u00e9 pracovn\u00ed pot\u0159eby po ruce, a proto jsou<strong> levandulov\u00e9 l\u00e9ka\u0159sk\u00e9 ob\u00e1lkov\u00e9 \u0161aty s kr\u00e1tk\u00fdm ruk\u00e1vem<\/strong> vybaveny dv\u011bma prostorn\u00fdmi a praktick\u00fdmi kapsami.<\/p>\n<p>D\u00edky elegantn\u00edm z\u00e1\u0161evk\u016fm na prsou a p\u00e1sku v pase<strong> levandulov\u00e9 ob\u00e1lkov\u00e9 zdravotn\u00ed \u0161aty s kr\u00e1tk\u00fdmi ruk\u00e1vy<\/strong> dokonale padnou ka\u017ed\u00e9mu typu \u017eensk\u00e9 postavy.<\/p>\n<ul>\n<li>Dv\u011b velk\u00e9 prostorn\u00e9 kapsy<\/li>\n<li><span style=\"font-family: inherit;\">P\u00e1sek pro dokonal\u00e9 p\u0159izp\u016fsoben\u00ed ka\u017ed\u00e9 siluet\u011b<\/span><\/li>\n<li><span style=\"font-family: inherit;\">D\u00e9lka p\u0159ed kolenem<\/span><\/li>\n<li><span style=\"font-family: inherit;\">Praktick\u00fd knofl\u00edk u v\u00fdst\u0159ihu pro naprost\u00e9 pohodl\u00ed<\/span><\/li>\n<li><span style=\"font-family: inherit;\">Lze p\u0159izp\u016fsobit v\u00fd\u0161ivkou<\/span><\/li>\n<\/ul>\n<p><strong>Dal\u0161\u00ed informace:<\/strong><br \/>\nModelka na fotografii m\u00e1 na sob\u011b velikost S a je vysok\u00e1 170 cm.<\/p>\n<p>Pokud si nev\u00edte rady s v\u00fdb\u011brem velikosti, pod\u00edvejte se na tabulku velikost\u00ed. Pokud m\u00e1te dal\u0161\u00ed pochybnosti &#8211; po\u0161lete n\u00e1m sv\u00e9 m\u00edry a my v\u00e1m je p\u0159izp\u016fsob\u00edme. <\/p>\n<p>Barvy od\u011bv\u016f v <a href=\"https:\/\/medandbeauty.com\/cs\/shop\/pro-ni\/zakladni-kolekce\/\" target=\"_blank\" rel=\"noopener\">kolekci Basic<\/a> neodpov\u00eddaj\u00ed barv\u00e1m od\u011bv\u016f v <a href=\"https:\/\/medandbeauty.com\/cs\/shop\/pro-ni\/kolekce-premium\/\" target=\"_blank\" rel=\"noopener\">kolekci Premium<\/a> &#8211; jsou vyrobeny z jin\u00fdch materi\u00e1l\u016f.<\/p>\n<p>Odst\u00edny jednotliv\u00fdch od\u011bv\u016f na fotografi\u00edch se mohou li\u0161it od skute\u010dn\u00fdch &#8211; to je zp\u016fsobeno r\u016fznorodost\u00ed dostupn\u00fdch elektronick\u00fdch za\u0159\u00edzen\u00ed a jejich individu\u00e1ln\u00edm nastaven\u00edm.<\/p>\n","protected":false},"excerpt":{"rendered":"<p>D\u00edky na\u0161im nejprod\u00e1van\u011bj\u0161\u00edm ob\u00e1lkov\u00fdm \u0161at\u016fm m\u011bn\u00edme image l\u00e9ka\u0159sk\u00e9ho a kosmetick\u00e9ho pr\u016fmyslu! Zapome\u0148te na klasick\u00e9 l\u00e9ka\u0159sk\u00e9 uniformy &#8211; je \u010das na elegantn\u00ed a velmi pohodln\u00e9 l\u00e9ka\u0159sk\u00e9 ob\u00e1lkov\u00e9 \u0161aty s kr\u00e1tk\u00fdm ruk\u00e1vem. V\u011bd\u011bli jste, \u017ee pacienti a klienti st\u00e1le v\u00edce dbaj\u00ed na to, jak jste p\u0159i sv\u00e9 pr\u00e1ci oble\u010deni? Pokud budete nosit \u00fahledn\u00e9 l\u00e9ka\u0159sk\u00e9 \u0161aty, kter\u00e9 zd\u016frazn\u00ed [&hellip;]<\/p>\n","protected":false},"featured_media":373436,"comment_status":"open","ping_status":"closed","template":"","meta":{"_acf_changed":false,"inline_featured_image":false},"kolor":[1039],"rodzaj-ubrania":[1161],"ubranie":[1216],"product_brand":[],"product_cat":[1029,1048,1215],"product_tag":[],"class_list":{"0":"post-433003","1":"product","2":"type-product","3":"status-publish","4":"has-post-thumbnail","6":"kolor-ruze","7":"rodzaj-ubrania-zdravotnicke-saty","8":"ubranie-lekarske-obalkove-saty-s-kratkymi-rukavy-basic","9":"product_cat-pro-ni","10":"product_cat-zakladni-kolekce","11":"product_cat-zdravotnicke-saty-cs","13":"first","14":"instock","15":"taxable","16":"shipping-taxable","17":"purchasable","18":"product-type-variable"},"acf":[],"_links":{"self":[{"href":"https:\/\/medandbeauty.com\/cs\/wp-json\/wp\/v2\/product\/433003","targetHints":{"allow":["GET"]}}],"collection":[{"href":"https:\/\/medandbeauty.com\/cs\/wp-json\/wp\/v2\/product"}],"about":[{"href":"https:\/\/medandbeauty.com\/cs\/wp-json\/wp\/v2\/types\/product"}],"replies":[{"embeddable":true,"href":"https:\/\/medandbeauty.com\/cs\/wp-json\/wp\/v2\/comments?post=433003"}],"wp:featuredmedia":[{"embeddable":true,"href":"https:\/\/medandbeauty.com\/cs\/wp-json\/wp\/v2\/media\/373436"}],"wp:attachment":[{"href":"https:\/\/medandbeauty.com\/cs\/wp-json\/wp\/v2\/media?parent=433003"}],"wp:term":[{"taxonomy":"kolor","embeddable":true,"href":"https:\/\/medandbeauty.com\/cs\/wp-json\/wp\/v2\/kolor?post=433003"},{"taxonomy":"rodzaj-ubrania","embeddable":true,"href":"https:\/\/medandbeauty.com\/cs\/wp-json\/wp\/v2\/rodzaj-ubrania?post=433003"},{"taxonomy":"ubranie","embeddable":true,"href":"https:\/\/medandbeauty.com\/cs\/wp-json\/wp\/v2\/ubranie?post=433003"},{"taxonomy":"product_brand","embeddable":true,"href":"https:\/\/medandbeauty.com\/cs\/wp-json\/wp\/v2\/product_brand?post=433003"},{"taxonomy":"product_cat","embeddable":true,"href":"https:\/\/medandbeauty.com\/cs\/wp-json\/wp\/v2\/product_cat?post=433003"},{"taxonomy":"product_tag","embeddable":true,"href":"https:\/\/medandbeauty.com\/cs\/wp-json\/wp\/v2\/product_tag?post=433003"}],"curies":[{"name":"wp","href":"https:\/\/api.w.org\/{rel}","templated":true}]}}