{"id":433545,"date":"2025-04-10T16:42:27","date_gmt":"2025-04-10T14:42:27","guid":{"rendered":"https:\/\/medandbeauty.com\/product\/damska-lekarska-halenka-polo-scrubs-basic-chocolate\/"},"modified":"2025-12-23T11:28:42","modified_gmt":"2025-12-23T10:28:42","slug":"damska-lekarska-halenka-polo-scrubs-basic-chocolate","status":"publish","type":"product","link":"https:\/\/medandbeauty.com\/cs\/product\/damska-lekarska-halenka-polo-scrubs-basic-chocolate\/","title":{"rendered":"D\u00e1msk\u00e1 l\u00e9ka\u0159sk\u00e1 halenka Polo scrubs Basic CHOCOLATE"},"content":{"rendered":"<p>Kdy\u017e tr\u00e1v\u00edte v pr\u00e1ci dlouh\u00e9 a intenzivn\u00ed hodiny, pot\u0159ebujete zdravotn\u00ed od\u011bv, kter\u00fd v\u00e1m poskytne maxim\u00e1ln\u00ed pohodl\u00ed.<\/p>\n<p><strong>D\u00e1msk\u00e1 l\u00e9ka\u0159sk\u00e1 poloko\u0161ile Basic Chocolate <\/strong>byla vyrobena z nejkvalitn\u011bj\u0161\u00ed tkaniny.<\/p>\n<p>D\u00edky kombinaci polyesteru, visk\u00f3zy a lycry je materi\u00e1l velmi odoln\u00fd, m\u011bkk\u00fd, p\u0159\u00edjemn\u00fd na dotek, p\u0159izp\u016fsob\u00ed se jak\u00e9mukoli typu \u017eensk\u00e9 postavy, neomezuje v pohybu a, co\u017e je u <strong>zdravotnick\u00fdch od\u011bv\u016f<\/strong> nesm\u00edrn\u011b d\u016fle\u017eit\u00e9, je tak\u00e9 prody\u0161n\u00fd a prody\u0161n\u00fd.<\/p>\n<p><strong>D\u00e1msk\u00e1 l\u00e9ka\u0159sk\u00e1 poloko\u0161ile Scrubs Basic Chocolate<span style=\"font-weight: 400;\"> <\/span><\/strong>je ide\u00e1ln\u00edm z\u00e1kladem pro spolehliv\u00fd a nad\u010dasov\u00fd \u0161atn\u00edk l\u00e9ka\u0159sk\u00e9ho oble\u010den\u00ed.<\/p>\n<p>Je vybavena jednou klasickou n\u00e1prsn\u00ed kapsou, kter\u00e1 je ide\u00e1ln\u00ed pro p\u0159ipevn\u011bn\u00ed pr\u016fkazu toto\u017enosti a no\u0161en\u00ed drobn\u00fdch p\u0159edm\u011bt\u016f, jako je pero nebo karta.<\/p>\n<p>Klasick\u00fd polo v\u00fdst\u0159ih s l\u00edme\u010dkem podtrhuje nad\u010dasovost tohoto modelu, z\u00fa\u017een\u00fd pas zd\u016fraz\u0148uje p\u0159ednosti siluety a d\u00e9lka ruk\u00e1v\u016f (sahaj\u00edc\u00ed t\u00e9m\u011b\u0159 k lokti) poskytuje ochranu ramen a z\u00e1rove\u0148 neomezuje v pohybu.<\/p>\n<p>\u00dachyty na l\u00edmci umo\u017e\u0148uj\u00ed l\u00edmec rozepnout pro v\u011bt\u0161\u00ed volnost nebo zapnout u krku.<\/p>\n<p><strong>D\u00e1msk\u00e9 l\u00e9ka\u0159sk\u00e9 poloko\u0161ile Basic v barv\u011b Chocolate<\/strong> m\u016f\u017eete kombinovat s<strong>l\u00e9ka\u0159sk\u00fdmi <\/strong> <strong>kalhotami joggers <\/strong><strong>, \u0161irok\u00fdmi l\u00e9ka\u0159sk\u00fdmi kalhotami, l\u00e9ka\u0159sk\u00fdmi kalhotami Flare <\/strong>nebo klasick\u00fdmi <strong>rovn\u00fdmi l\u00e9ka\u0159sk\u00fdmi kalhotami<\/strong> ve stejn\u00e9 barv\u011b nebo si vybrat jin\u00fd odst\u00edn z mnoha dostupn\u00fdch v kolekci. <a href=\"https:\/\/medandbeauty.com\/cs\/shop\/pro-ni\/zakladni-kolekce\/\" target=\"_blank\" rel=\"noopener\"><strong>Med &amp; Beauty Basic<\/strong><\/a>.<\/p>\n<p>Zajist\u011bte si maxim\u00e1ln\u00ed pohodl\u00ed a profesion\u00e1ln\u00ed vzhled p\u0159i pr\u00e1ci<strong> se zdravotnick\u00fdmi n\u00e1vleky<\/strong>. <a href=\"https:\/\/medandbeauty.com\/cs\/shop\/pro-ni\/zakladni-kolekce\/\" target=\"_blank\" rel=\"noopener\"><strong>Med &amp; Beauty Basic<\/strong><\/a>.<\/p>\n<ul>\n<li>N\u00e1prsn\u00ed kapsa<\/li>\n<li><span style=\"font-family: inherit;\">Tvarovan\u00fd pas<\/span><\/li>\n<li><span style=\"font-family: inherit;\">Klasick\u00fd polo l\u00edmec<\/span><\/li>\n<li><span style=\"font-family: inherit;\">Pohodln\u00fd, kr\u00e1tk\u00fd ruk\u00e1v<\/span><\/li>\n<\/ul>\n<p>&nbsp;<\/p>\n<p><strong>Dal\u0161\u00ed informace:<\/strong><br \/>\nModelky na fotografi\u00edch maj\u00ed na sob\u011b velikost S a jsou vysok\u00e9 170-174 cm.<\/p>\n<p>Pokud si nev\u00edte rady s v\u00fdb\u011brem velikosti, pod\u00edvejte se na tabulku velikost\u00ed. Pokud m\u00e1te dal\u0161\u00ed pochybnosti &#8211; po\u0161lete n\u00e1m sv\u00e9 m\u00edry a my v\u00e1m je p\u0159izp\u016fsob\u00edme. <\/p>\n<p>Barvy od\u011bv\u016f v kolekci Basic neodpov\u00eddaj\u00ed barv\u00e1m od\u011bv\u016f v<a href=\"https:\/\/medandbeauty.com\/cs\/shop\/pro-ni\/kolekce-premium\/\" target=\"_blank\" rel=\"noopener\"> kolekci Premium<\/a> &#8211; jsou vyrobeny z jin\u00fdch materi\u00e1l\u016f.<\/p>\n<p>Odst\u00edny jednotliv\u00fdch od\u011bv\u016f na fotografi\u00edch se mohou li\u0161it od skute\u010dn\u00fdch &#8211; to je zp\u016fsobeno r\u016fznorodost\u00ed dostupn\u00fdch elektronick\u00fdch za\u0159\u00edzen\u00ed a jejich individu\u00e1ln\u00edm nastaven\u00edm.<\/p>\n","protected":false},"excerpt":{"rendered":"<p>Kdy\u017e tr\u00e1v\u00edte v pr\u00e1ci dlouh\u00e9 a intenzivn\u00ed hodiny, pot\u0159ebujete zdravotn\u00ed od\u011bv, kter\u00fd v\u00e1m poskytne maxim\u00e1ln\u00ed pohodl\u00ed. D\u00e1msk\u00e1 l\u00e9ka\u0159sk\u00e1 poloko\u0161ile Basic Chocolate byla vyrobena z nejkvalitn\u011bj\u0161\u00ed tkaniny. D\u00edky kombinaci polyesteru, visk\u00f3zy a lycry je materi\u00e1l velmi odoln\u00fd, m\u011bkk\u00fd, p\u0159\u00edjemn\u00fd na dotek, p\u0159izp\u016fsob\u00ed se jak\u00e9mukoli typu \u017eensk\u00e9 postavy, neomezuje v pohybu a, co\u017e je u zdravotnick\u00fdch od\u011bv\u016f [&hellip;]<\/p>\n","protected":false},"featured_media":427113,"comment_status":"open","ping_status":"closed","template":"","meta":{"_acf_changed":false,"inline_featured_image":false},"kolor":[1203],"rodzaj-ubrania":[1087,1051],"ubranie":[1552],"product_brand":[],"product_cat":[1086,1029,1049,1048],"product_tag":[],"class_list":{"0":"post-433545","1":"product","2":"type-product","3":"status-publish","4":"has-post-thumbnail","6":"kolor-browns-cs","7":"rodzaj-ubrania-lekarske-halenky","8":"rodzaj-ubrania-scrubs-cs","9":"ubranie-damska-lekarska-bluza-scrubs-basic-polo","10":"product_cat-lekarske-halenky","11":"product_cat-pro-ni","12":"product_cat-scrubs","13":"product_cat-zakladni-kolekce","15":"first","16":"instock","17":"taxable","18":"shipping-taxable","19":"purchasable","20":"product-type-variable"},"acf":[],"_links":{"self":[{"href":"https:\/\/medandbeauty.com\/cs\/wp-json\/wp\/v2\/product\/433545","targetHints":{"allow":["GET"]}}],"collection":[{"href":"https:\/\/medandbeauty.com\/cs\/wp-json\/wp\/v2\/product"}],"about":[{"href":"https:\/\/medandbeauty.com\/cs\/wp-json\/wp\/v2\/types\/product"}],"replies":[{"embeddable":true,"href":"https:\/\/medandbeauty.com\/cs\/wp-json\/wp\/v2\/comments?post=433545"}],"wp:featuredmedia":[{"embeddable":true,"href":"https:\/\/medandbeauty.com\/cs\/wp-json\/wp\/v2\/media\/427113"}],"wp:attachment":[{"href":"https:\/\/medandbeauty.com\/cs\/wp-json\/wp\/v2\/media?parent=433545"}],"wp:term":[{"taxonomy":"kolor","embeddable":true,"href":"https:\/\/medandbeauty.com\/cs\/wp-json\/wp\/v2\/kolor?post=433545"},{"taxonomy":"rodzaj-ubrania","embeddable":true,"href":"https:\/\/medandbeauty.com\/cs\/wp-json\/wp\/v2\/rodzaj-ubrania?post=433545"},{"taxonomy":"ubranie","embeddable":true,"href":"https:\/\/medandbeauty.com\/cs\/wp-json\/wp\/v2\/ubranie?post=433545"},{"taxonomy":"product_brand","embeddable":true,"href":"https:\/\/medandbeauty.com\/cs\/wp-json\/wp\/v2\/product_brand?post=433545"},{"taxonomy":"product_cat","embeddable":true,"href":"https:\/\/medandbeauty.com\/cs\/wp-json\/wp\/v2\/product_cat?post=433545"},{"taxonomy":"product_tag","embeddable":true,"href":"https:\/\/medandbeauty.com\/cs\/wp-json\/wp\/v2\/product_tag?post=433545"}],"curies":[{"name":"wp","href":"https:\/\/api.w.org\/{rel}","templated":true}]}}